{"id":220,"date":"2025-04-25T10:55:21","date_gmt":"2025-04-25T08:55:21","guid":{"rendered":"https:\/\/webs.uab.cat\/thal-ia\/news\/"},"modified":"2025-09-30T11:01:37","modified_gmt":"2025-09-30T09:01:37","slug":"news","status":"publish","type":"page","link":"https:\/\/webs.uab.cat\/thal-ia\/en\/news\/","title":{"rendered":"Activities"},"content":{"rendered":"\n<div class=\"wp-block-columns is-layout-flex wp-container-core-columns-is-layout-9d6595d7 wp-block-columns-is-layout-flex\">\n<div class=\"wp-block-column is-layout-flow wp-block-column-is-layout-flow\" style=\"flex-basis:100%\">\n<div class=\"wp-block-group is-layout-flex wp-block-group-is-layout-flex\"><div class=\"wp-block-image\">\n<figure class=\"aligncenter size-large is-resized\"><img loading=\"lazy\" decoding=\"async\" width=\"724\" height=\"1024\" src=\"https:\/\/webs.uab.cat\/thal-ia\/wp-content\/uploads\/sites\/652\/2025\/07\/Jornada-Fotografia-espectral_4-724x1024.png\" alt=\"\" class=\"wp-image-285\" style=\"aspect-ratio:0.75;object-fit:contain;width:300px;height:auto\" srcset=\"https:\/\/webs.uab.cat\/thal-ia\/wp-content\/uploads\/sites\/652\/2025\/07\/Jornada-Fotografia-espectral_4-724x1024.png 724w, https:\/\/webs.uab.cat\/thal-ia\/wp-content\/uploads\/sites\/652\/2025\/07\/Jornada-Fotografia-espectral_4-212x300.png 212w, https:\/\/webs.uab.cat\/thal-ia\/wp-content\/uploads\/sites\/652\/2025\/07\/Jornada-Fotografia-espectral_4-768x1086.png 768w, https:\/\/webs.uab.cat\/thal-ia\/wp-content\/uploads\/sites\/652\/2025\/07\/Jornada-Fotografia-espectral_4-1086x1536.png 1086w, https:\/\/webs.uab.cat\/thal-ia\/wp-content\/uploads\/sites\/652\/2025\/07\/Jornada-Fotografia-espectral_4-1448x2048.png 1448w, https:\/\/webs.uab.cat\/thal-ia\/wp-content\/uploads\/sites\/652\/2025\/07\/Jornada-Fotografia-espectral_4-1200x1698.png 1200w, https:\/\/webs.uab.cat\/thal-ia\/wp-content\/uploads\/sites\/652\/2025\/07\/Jornada-Fotografia-espectral_4.png 1587w\" sizes=\"auto, (max-width: 724px) 100vw, 724px\" \/><\/figure>\n<\/div>\n\n\n<figure class=\"wp-block-image size-large is-resized\"><img loading=\"lazy\" decoding=\"async\" width=\"768\" height=\"1024\" src=\"https:\/\/webs.uab.cat\/thal-ia\/wp-content\/uploads\/sites\/652\/2025\/07\/Institut-del-teatre-768x1024.jpeg\" alt=\"\" class=\"wp-image-288\" style=\"width:300px\" srcset=\"https:\/\/webs.uab.cat\/thal-ia\/wp-content\/uploads\/sites\/652\/2025\/07\/Institut-del-teatre-768x1024.jpeg 768w, https:\/\/webs.uab.cat\/thal-ia\/wp-content\/uploads\/sites\/652\/2025\/07\/Institut-del-teatre-225x300.jpeg 225w, https:\/\/webs.uab.cat\/thal-ia\/wp-content\/uploads\/sites\/652\/2025\/07\/Institut-del-teatre-1152x1536.jpeg 1152w, https:\/\/webs.uab.cat\/thal-ia\/wp-content\/uploads\/sites\/652\/2025\/07\/Institut-del-teatre.jpeg 1200w\" sizes=\"auto, (max-width: 768px) 100vw, 768px\" \/><\/figure>\n<\/div>\n\n\n\n<p class=\"has-text-align-center\">Symposium <strong><em>Fotografia espectral i patrimoni teatral<\/em> <\/strong>in collaboration with the Institut del Teatre, held on June 16, 2025 in Barcelona<\/p>\n<\/div>\n<\/div>\n\n\n\n<div class=\"wp-block-group\"><div class=\"wp-block-group__inner-container is-layout-constrained wp-block-group-is-layout-constrained\">\n<div class=\"wp-block-group is-layout-flex wp-block-group-is-layout-flex\"><div class=\"wp-block-image\">\n<figure class=\"aligncenter size-large is-resized\"><img loading=\"lazy\" decoding=\"async\" width=\"724\" height=\"1024\" src=\"https:\/\/webs.uab.cat\/thal-ia\/wp-content\/uploads\/sites\/652\/2025\/09\/Encuentro-de-investigadores-Early-Modern_page-0001-724x1024.jpg\" alt=\"\" class=\"wp-image-470\" style=\"aspect-ratio:0.75;object-fit:contain;width:300px;height:auto\" srcset=\"https:\/\/webs.uab.cat\/thal-ia\/wp-content\/uploads\/sites\/652\/2025\/09\/Encuentro-de-investigadores-Early-Modern_page-0001-724x1024.jpg 724w, https:\/\/webs.uab.cat\/thal-ia\/wp-content\/uploads\/sites\/652\/2025\/09\/Encuentro-de-investigadores-Early-Modern_page-0001-212x300.jpg 212w, https:\/\/webs.uab.cat\/thal-ia\/wp-content\/uploads\/sites\/652\/2025\/09\/Encuentro-de-investigadores-Early-Modern_page-0001-768x1086.jpg 768w, https:\/\/webs.uab.cat\/thal-ia\/wp-content\/uploads\/sites\/652\/2025\/09\/Encuentro-de-investigadores-Early-Modern_page-0001-1086x1536.jpg 1086w, https:\/\/webs.uab.cat\/thal-ia\/wp-content\/uploads\/sites\/652\/2025\/09\/Encuentro-de-investigadores-Early-Modern_page-0001-1448x2048.jpg 1448w, https:\/\/webs.uab.cat\/thal-ia\/wp-content\/uploads\/sites\/652\/2025\/09\/Encuentro-de-investigadores-Early-Modern_page-0001-1200x1697.jpg 1200w, https:\/\/webs.uab.cat\/thal-ia\/wp-content\/uploads\/sites\/652\/2025\/09\/Encuentro-de-investigadores-Early-Modern_page-0001-1980x2800.jpg 1980w, https:\/\/webs.uab.cat\/thal-ia\/wp-content\/uploads\/sites\/652\/2025\/09\/Encuentro-de-investigadores-Early-Modern_page-0001-scaled.jpg 1811w\" sizes=\"auto, (max-width: 724px) 100vw, 724px\" \/><\/figure>\n<\/div>\n\n\n<figure class=\"wp-block-image size-large is-resized\"><img loading=\"lazy\" decoding=\"async\" width=\"1024\" height=\"768\" src=\"https:\/\/webs.uab.cat\/thal-ia\/wp-content\/uploads\/sites\/652\/2025\/09\/Encuentro-investigadores-1024x768.jpeg\" alt=\"\" class=\"wp-image-467\" style=\"object-fit:cover;width:300px;height:300px\" srcset=\"https:\/\/webs.uab.cat\/thal-ia\/wp-content\/uploads\/sites\/652\/2025\/09\/Encuentro-investigadores-1024x768.jpeg 1024w, https:\/\/webs.uab.cat\/thal-ia\/wp-content\/uploads\/sites\/652\/2025\/09\/Encuentro-investigadores-300x225.jpeg 300w, https:\/\/webs.uab.cat\/thal-ia\/wp-content\/uploads\/sites\/652\/2025\/09\/Encuentro-investigadores-768x576.jpeg 768w, https:\/\/webs.uab.cat\/thal-ia\/wp-content\/uploads\/sites\/652\/2025\/09\/Encuentro-investigadores-1536x1152.jpeg 1536w, https:\/\/webs.uab.cat\/thal-ia\/wp-content\/uploads\/sites\/652\/2025\/09\/Encuentro-investigadores-1200x900.jpeg 1200w, https:\/\/webs.uab.cat\/thal-ia\/wp-content\/uploads\/sites\/652\/2025\/09\/Encuentro-investigadores.jpeg 1600w\" sizes=\"auto, (max-width: 1024px) 100vw, 1024px\" \/><\/figure>\n<\/div>\n\n\n\n<p class=\"has-text-align-center\"><em><strong>Encuentro de Investigaci\u00f3n Prolope, Thal-IA &amp; Badems<\/strong><\/em>, held on June 2, 2025 at the Universitat Aut\u00f2noma de Barcelona.<\/p>\n<\/div><\/div>\n\n\n\n<figure class=\"wp-block-image size-large\"><img loading=\"lazy\" decoding=\"async\" width=\"1024\" height=\"720\" src=\"https:\/\/webs.uab.cat\/thal-ia\/wp-content\/uploads\/sites\/652\/2025\/04\/programa_parte1-1-1024x720.png\" alt=\"\" class=\"wp-image-27\" srcset=\"https:\/\/webs.uab.cat\/thal-ia\/wp-content\/uploads\/sites\/652\/2025\/04\/programa_parte1-1-1024x720.png 1024w, https:\/\/webs.uab.cat\/thal-ia\/wp-content\/uploads\/sites\/652\/2025\/04\/programa_parte1-1-300x211.png 300w, https:\/\/webs.uab.cat\/thal-ia\/wp-content\/uploads\/sites\/652\/2025\/04\/programa_parte1-1-768x540.png 768w, https:\/\/webs.uab.cat\/thal-ia\/wp-content\/uploads\/sites\/652\/2025\/04\/programa_parte1-1-1200x844.png 1200w, https:\/\/webs.uab.cat\/thal-ia\/wp-content\/uploads\/sites\/652\/2025\/04\/programa_parte1-1.png 1338w\" sizes=\"auto, (max-width: 1024px) 100vw, 1024px\" \/><\/figure>\n\n\n\n<p class=\"has-text-align-center\"><strong>International Symposium <em>El proceso de composici\u00f3n de los aut\u00f3grafos teatrales del Siglo de Oro<\/em><\/strong>, Universitat Aut\u00f3noma de Barcelona, from May 8 to 9, 2025<\/p>\n\n\n<div class=\"wp-block-image\">\n<figure class=\"aligncenter size-large is-resized\"><img loading=\"lazy\" decoding=\"async\" width=\"1024\" height=\"771\" src=\"https:\/\/webs.uab.cat\/thal-ia\/wp-content\/uploads\/sites\/652\/2025\/07\/Italia-1024x771.jpeg\" alt=\"\" class=\"wp-image-291\" style=\"width:400px\" srcset=\"https:\/\/webs.uab.cat\/thal-ia\/wp-content\/uploads\/sites\/652\/2025\/07\/Italia-1024x771.jpeg 1024w, https:\/\/webs.uab.cat\/thal-ia\/wp-content\/uploads\/sites\/652\/2025\/07\/Italia-300x226.jpeg 300w, https:\/\/webs.uab.cat\/thal-ia\/wp-content\/uploads\/sites\/652\/2025\/07\/Italia-768x578.jpeg 768w, https:\/\/webs.uab.cat\/thal-ia\/wp-content\/uploads\/sites\/652\/2025\/07\/Italia-1536x1156.jpeg 1536w, https:\/\/webs.uab.cat\/thal-ia\/wp-content\/uploads\/sites\/652\/2025\/07\/Italia-1200x903.jpeg 1200w, https:\/\/webs.uab.cat\/thal-ia\/wp-content\/uploads\/sites\/652\/2025\/07\/Italia.jpeg 1600w\" sizes=\"auto, (max-width: 1024px) 100vw, 1024px\" \/><\/figure>\n<\/div>\n\n\n<p class=\"has-text-align-center\">Spectral photography experiment applied to the collections of the <strong>Laurentian Library in Florence<\/strong><\/p>\n\n\n<div class=\"wp-block-image is-style-default\">\n<figure class=\"aligncenter size-large is-resized\"><img loading=\"lazy\" decoding=\"async\" width=\"1024\" height=\"768\" src=\"https:\/\/webs.uab.cat\/thal-ia\/wp-content\/uploads\/sites\/652\/2025\/07\/Italia_2-1024x768.jpeg\" alt=\"\" class=\"wp-image-294\" style=\"width:400px\" srcset=\"https:\/\/webs.uab.cat\/thal-ia\/wp-content\/uploads\/sites\/652\/2025\/07\/Italia_2-1024x768.jpeg 1024w, https:\/\/webs.uab.cat\/thal-ia\/wp-content\/uploads\/sites\/652\/2025\/07\/Italia_2-300x225.jpeg 300w, https:\/\/webs.uab.cat\/thal-ia\/wp-content\/uploads\/sites\/652\/2025\/07\/Italia_2-768x576.jpeg 768w, https:\/\/webs.uab.cat\/thal-ia\/wp-content\/uploads\/sites\/652\/2025\/07\/Italia_2-1536x1152.jpeg 1536w, https:\/\/webs.uab.cat\/thal-ia\/wp-content\/uploads\/sites\/652\/2025\/07\/Italia_2-1200x900.jpeg 1200w, https:\/\/webs.uab.cat\/thal-ia\/wp-content\/uploads\/sites\/652\/2025\/07\/Italia_2.jpeg 1600w\" sizes=\"auto, (max-width: 1024px) 100vw, 1024px\" \/><\/figure>\n<\/div>\n\n\n<p class=\"has-text-align-center\">Visit to the Palatine Library in <strong>Parma<\/strong>, the Estense Library in <strong>Modena<\/strong>, the University Library in <strong>Bologna<\/strong> and the National Library in <strong>Florence <\/strong>by the project&#8217;s research team. <\/p>\n","protected":false},"excerpt":{"rendered":"<p>Symposium Fotografia espectral i patrimoni teatral in collaboration with the Institut del Teatre, held on June 16, 2025 in Barcelona Encuentro de Investigaci\u00f3n Prolope, Thal-IA &amp; Badems, held on June 2, 2025 at the Universitat Aut\u00f2noma de Barcelona. International Symposium El proceso de composici\u00f3n de los aut\u00f3grafos teatrales del Siglo de Oro, Universitat Aut\u00f3noma de [&hellip;]<\/p>\n","protected":false},"author":3053,"featured_media":0,"parent":0,"menu_order":4,"comment_status":"closed","ping_status":"closed","template":"","meta":{"footnotes":""},"class_list":["post-220","page","type-page","status-publish","hentry"],"_links":{"self":[{"href":"https:\/\/webs.uab.cat\/thal-ia\/en\/wp-json\/wp\/v2\/pages\/220","targetHints":{"allow":["GET"]}}],"collection":[{"href":"https:\/\/webs.uab.cat\/thal-ia\/en\/wp-json\/wp\/v2\/pages"}],"about":[{"href":"https:\/\/webs.uab.cat\/thal-ia\/en\/wp-json\/wp\/v2\/types\/page"}],"author":[{"embeddable":true,"href":"https:\/\/webs.uab.cat\/thal-ia\/en\/wp-json\/wp\/v2\/users\/3053"}],"replies":[{"embeddable":true,"href":"https:\/\/webs.uab.cat\/thal-ia\/en\/wp-json\/wp\/v2\/comments?post=220"}],"version-history":[{"count":3,"href":"https:\/\/webs.uab.cat\/thal-ia\/en\/wp-json\/wp\/v2\/pages\/220\/revisions"}],"predecessor-version":[{"id":481,"href":"https:\/\/webs.uab.cat\/thal-ia\/en\/wp-json\/wp\/v2\/pages\/220\/revisions\/481"}],"wp:attachment":[{"href":"https:\/\/webs.uab.cat\/thal-ia\/en\/wp-json\/wp\/v2\/media?parent=220"}],"curies":[{"name":"wp","href":"https:\/\/api.w.org\/{rel}","templated":true}]}}