{"id":14,"date":"2025-04-25T10:09:30","date_gmt":"2025-04-25T08:09:30","guid":{"rendered":"https:\/\/webs.uab.cat\/thal-ia\/?page_id=14"},"modified":"2025-09-10T17:35:00","modified_gmt":"2025-09-10T15:35:00","slug":"thal-ia-patrimonio-teatral-aureo-inteligencia-artificial-y-fotografia-espectral","status":"publish","type":"page","link":"https:\/\/webs.uab.cat\/thal-ia\/","title":{"rendered":"Presentaci\u00f3n"},"content":{"rendered":"<div class=\"wp-block-image\">\n<figure class=\"aligncenter size-large is-resized\"><img loading=\"lazy\" decoding=\"async\" width=\"1024\" height=\"316\" src=\"https:\/\/webs.uab.cat\/thal-ia\/wp-content\/uploads\/sites\/652\/2025\/04\/Logo-2-1-1024x316.png\" alt=\"\" class=\"wp-image-16\" style=\"width:340px;height:auto\" srcset=\"https:\/\/webs.uab.cat\/thal-ia\/wp-content\/uploads\/sites\/652\/2025\/04\/Logo-2-1-1024x316.png 1024w, https:\/\/webs.uab.cat\/thal-ia\/wp-content\/uploads\/sites\/652\/2025\/04\/Logo-2-1-300x93.png 300w, https:\/\/webs.uab.cat\/thal-ia\/wp-content\/uploads\/sites\/652\/2025\/04\/Logo-2-1-768x237.png 768w, https:\/\/webs.uab.cat\/thal-ia\/wp-content\/uploads\/sites\/652\/2025\/04\/Logo-2-1-1536x474.png 1536w, https:\/\/webs.uab.cat\/thal-ia\/wp-content\/uploads\/sites\/652\/2025\/04\/Logo-2-1-2048x632.png 2048w, https:\/\/webs.uab.cat\/thal-ia\/wp-content\/uploads\/sites\/652\/2025\/04\/Logo-2-1-1200x370.png 1200w, https:\/\/webs.uab.cat\/thal-ia\/wp-content\/uploads\/sites\/652\/2025\/04\/Logo-2-1-1980x611.png 1980w\" sizes=\"auto, (max-width: 1024px) 100vw, 1024px\" \/><\/figure>\n<\/div>\n\n\n<p>El principal objetivo de <em>Thal-IA<\/em> (CNS2023-145014) es reconsiderar la concepci\u00f3n tradicional sobre la creaci\u00f3n del texto dram\u00e1tico del Siglo de Oro espa\u00f1ol y proponer un nuevo modelo basado en evidencias textuales. <\/p>\n\n\n\n<blockquote class=\"wp-block-quote is-layout-flow wp-block-quote-is-layout-flow\">\n<p class=\"has-normal-font-size\"><strong>La hip\u00f3tesis de partida consiste en plantear la posibilidad, nunca explorada hasta ahora, de poder establecer una colaboraci\u00f3n entre dramaturgos y otros agentes del sistema teatral. <\/strong><\/p>\n<\/blockquote>\n\n\n\n<p>Si esto fuera as\u00ed, el proceso de producci\u00f3n de una obra no se reducir\u00eda \u00fanicamente a la voluntad del autor, sino que ser\u00eda producto de la colaboraci\u00f3n entre varias personas, que trabajar\u00edan junto al autor, debatiendo y modificando el contenido para obtener la obra final. Para poder comprobar esta hip\u00f3tesis resulta esencial trabajar con un corpus de textos autorizados y fiables: los manuscritos aut\u00f3grafos. <\/p>\n\n\n\n<blockquote class=\"wp-block-quote is-layout-flow wp-block-quote-is-layout-flow\">\n<p class=\"has-normal-font-size\"><strong>Objetivos del proyecto:<\/strong><\/p>\n<\/blockquote>\n\n\n\n<ol class=\"wp-block-list\">\n<li><em>Crear un corpus fiable y amplio de manuscritos aut\u00f3grafos de teatro \u00e1ureo<\/em><\/li>\n\n\n\n<li><em>Analizar filol\u00f3gicamente los manuscritos<\/em><\/li>\n\n\n\n<li><em>Aplicar el an\u00e1lisis mediante fotograf\u00eda espectral a los manuscritos<\/em><\/li>\n\n\n\n<li><em>Estudiar y sistematizar los resultados para validar o refutar las hip\u00f3tesis iniciales<\/em><\/li>\n<\/ol>\n\n\n\n<dl class=\"pir\">\n<dt><\/dt>\n<\/dl>\n\n\n\n<p><\/p>\n\n\n\n<p><\/p>\n","protected":false},"excerpt":{"rendered":"<p>El principal objetivo de Thal-IA (CNS2023-145014) es reconsiderar la concepci\u00f3n tradicional sobre la creaci\u00f3n del texto dram\u00e1tico del Siglo de Oro espa\u00f1ol y proponer un nuevo modelo basado en evidencias textuales. La hip\u00f3tesis de partida consiste en plantear la posibilidad, nunca explorada hasta ahora, de poder establecer una colaboraci\u00f3n entre dramaturgos y otros agentes del [&hellip;]<\/p>\n","protected":false},"author":3053,"featured_media":0,"parent":0,"menu_order":1,"comment_status":"closed","ping_status":"closed","template":"","meta":{"footnotes":""},"class_list":["post-14","page","type-page","status-publish","hentry"],"_links":{"self":[{"href":"https:\/\/webs.uab.cat\/thal-ia\/wp-json\/wp\/v2\/pages\/14","targetHints":{"allow":["GET"]}}],"collection":[{"href":"https:\/\/webs.uab.cat\/thal-ia\/wp-json\/wp\/v2\/pages"}],"about":[{"href":"https:\/\/webs.uab.cat\/thal-ia\/wp-json\/wp\/v2\/types\/page"}],"author":[{"embeddable":true,"href":"https:\/\/webs.uab.cat\/thal-ia\/wp-json\/wp\/v2\/users\/3053"}],"replies":[{"embeddable":true,"href":"https:\/\/webs.uab.cat\/thal-ia\/wp-json\/wp\/v2\/comments?post=14"}],"version-history":[{"count":24,"href":"https:\/\/webs.uab.cat\/thal-ia\/wp-json\/wp\/v2\/pages\/14\/revisions"}],"predecessor-version":[{"id":452,"href":"https:\/\/webs.uab.cat\/thal-ia\/wp-json\/wp\/v2\/pages\/14\/revisions\/452"}],"wp:attachment":[{"href":"https:\/\/webs.uab.cat\/thal-ia\/wp-json\/wp\/v2\/media?parent=14"}],"curies":[{"name":"wp","href":"https:\/\/api.w.org\/{rel}","templated":true}]}}