{"id":1486,"date":"2025-02-14T14:04:31","date_gmt":"2025-02-14T12:04:31","guid":{"rendered":"https:\/\/webs.uab.cat\/tocarlahistoria\/?page_id=1486"},"modified":"2025-02-25T18:24:16","modified_gmt":"2025-02-25T16:24:16","slug":"exercicis-2","status":"publish","type":"page","link":"https:\/\/webs.uab.cat\/tocarlahistoria\/exercicis-2\/","title":{"rendered":"Exercicis"},"content":{"rendered":"<div class=\"wp-block-image is-style-rounded\">\n<figure class=\"alignleft size-full is-resized\"><img loading=\"lazy\" decoding=\"async\" width=\"354\" height=\"300\" src=\"https:\/\/webs.uab.cat\/tocarlahistoria\/wp-content\/uploads\/sites\/585\/2025\/02\/TOP-BIBLIAfosc.png\" alt=\"Unitat de la B\u00edblia\" class=\"wp-image-1771\" style=\"aspect-ratio:16\/9;object-fit:cover;width:100px\" srcset=\"https:\/\/webs.uab.cat\/tocarlahistoria\/wp-content\/uploads\/sites\/585\/2025\/02\/TOP-BIBLIAfosc.png 354w, https:\/\/webs.uab.cat\/tocarlahistoria\/wp-content\/uploads\/sites\/585\/2025\/02\/TOP-BIBLIAfosc-300x254.png 300w\" sizes=\"auto, (max-width: 354px) 100vw, 354px\" \/><\/figure>\n<\/div>\n\n\n<p>En aquesta p\u00e0gina us proposem alguns exercicis complementaris relacionats amb diversos aspectes de les c\u00e0psules informatives d\u2019aquesta unitat.<\/p>\n\n\n\n<hr class=\"wp-block-separator has-alpha-channel-opacity\" \/>\n\n\n\n<div class=\"wp-block-media-text is-stacked-on-mobile\" style=\"grid-template-columns:35% auto\"><figure class=\"wp-block-media-text__media\"><img loading=\"lazy\" decoding=\"async\" width=\"341\" height=\"571\" src=\"https:\/\/webs.uab.cat\/tocarlahistoria\/wp-content\/uploads\/sites\/585\/2025\/02\/biografies-2.png\" alt=\"\" class=\"wp-image-1488 size-full\" srcset=\"https:\/\/webs.uab.cat\/tocarlahistoria\/wp-content\/uploads\/sites\/585\/2025\/02\/biografies-2.png 341w, https:\/\/webs.uab.cat\/tocarlahistoria\/wp-content\/uploads\/sites\/585\/2025\/02\/biografies-2-179x300.png 179w\" sizes=\"auto, (max-width: 341px) 100vw, 341px\" \/><\/figure><div class=\"wp-block-media-text__content\">\n<p class=\"has-text-align-center has-gris-londres-background-color has-background\"><strong>EXERCICI 1<\/strong><\/p>\n\n\n\n<p>Elaboraci\u00f3 de microbiografies.<\/p>\n\n\n\n<div data-wp-interactive=\"core\/file\" class=\"wp-block-file\"><object data-wp-bind--hidden=\"!state.hasPdfPreview\" hidden class=\"wp-block-file__embed\" data=\"https:\/\/webs.uab.cat\/tocarlahistoria\/wp-content\/uploads\/sites\/585\/2025\/02\/EXERCICI-1-Biblia.pdf\" type=\"application\/pdf\" style=\"width:100%;height:200px\" aria-label=\"Incrustaci\u00f3 del fitxer EXERCICI 1 B\u00edblia.\"><\/object><a id=\"wp-block-file--media-74d13408-06bb-4e78-9112-88a7bfa57002\" href=\"https:\/\/webs.uab.cat\/tocarlahistoria\/wp-content\/uploads\/sites\/585\/2025\/02\/EXERCICI-1-Biblia.pdf\">EXERCICI 1 B\u00edblia<\/a><a href=\"https:\/\/webs.uab.cat\/tocarlahistoria\/wp-content\/uploads\/sites\/585\/2025\/02\/EXERCICI-1-Biblia.pdf\" class=\"wp-block-file__button wp-element-button\" download aria-describedby=\"wp-block-file--media-74d13408-06bb-4e78-9112-88a7bfa57002\">Baixa<\/a><\/div>\n<\/div><\/div>\n\n\n\n<div class=\"wp-block-media-text is-stacked-on-mobile\" style=\"grid-template-columns:39% auto\"><figure class=\"wp-block-media-text__media\"><img loading=\"lazy\" decoding=\"async\" width=\"354\" height=\"538\" src=\"https:\/\/webs.uab.cat\/tocarlahistoria\/wp-content\/uploads\/sites\/585\/2025\/02\/Fig-3-Portada-de-la-Biblia-Regia-vol-I.png\" alt=\"\" class=\"wp-image-1387 size-full\" srcset=\"https:\/\/webs.uab.cat\/tocarlahistoria\/wp-content\/uploads\/sites\/585\/2025\/02\/Fig-3-Portada-de-la-Biblia-Regia-vol-I.png 354w, https:\/\/webs.uab.cat\/tocarlahistoria\/wp-content\/uploads\/sites\/585\/2025\/02\/Fig-3-Portada-de-la-Biblia-Regia-vol-I-197x300.png 197w\" sizes=\"auto, (max-width: 354px) 100vw, 354px\" \/><\/figure><div class=\"wp-block-media-text__content\">\n<p class=\"has-text-align-center has-gris-londres-background-color has-background\"><strong>EXERCICI 2<\/strong><\/p>\n\n\n\n<p>Preguntes relatives a les B\u00edblies poliglotes i les traduccions b\u00edbliques.<\/p>\n\n\n\n<div data-wp-interactive=\"core\/file\" class=\"wp-block-file\"><object data-wp-bind--hidden=\"!state.hasPdfPreview\" hidden class=\"wp-block-file__embed\" data=\"https:\/\/webs.uab.cat\/tocarlahistoria\/wp-content\/uploads\/sites\/585\/2025\/02\/EXERCICI-2-Biblia.pdf\" type=\"application\/pdf\" style=\"width:100%;height:200px\" aria-label=\"Incrustaci\u00f3 del fitxer EXERCICI 2 B\u00edblia.\"><\/object><a id=\"wp-block-file--media-b13b327b-3a69-4b25-8565-65223c25590b\" href=\"https:\/\/webs.uab.cat\/tocarlahistoria\/wp-content\/uploads\/sites\/585\/2025\/02\/EXERCICI-2-Biblia.pdf\">EXERCICI 2 B\u00edblia<\/a><a href=\"https:\/\/webs.uab.cat\/tocarlahistoria\/wp-content\/uploads\/sites\/585\/2025\/02\/EXERCICI-2-Biblia.pdf\" class=\"wp-block-file__button wp-element-button\" download aria-describedby=\"wp-block-file--media-b13b327b-3a69-4b25-8565-65223c25590b\">Baixa<\/a><\/div>\n<\/div><\/div>\n\n\n\n<div class=\"wp-block-media-text is-stacked-on-mobile\" style=\"grid-template-columns:38% auto\"><figure class=\"wp-block-media-text__media\"><img loading=\"lazy\" decoding=\"async\" width=\"387\" height=\"600\" src=\"https:\/\/webs.uab.cat\/tocarlahistoria\/wp-content\/uploads\/sites\/585\/2025\/02\/Domenico_Ghirlandaio_-_St_Jerome_in_his_study.jpg\" alt=\"\" class=\"wp-image-1504 size-full\" srcset=\"https:\/\/webs.uab.cat\/tocarlahistoria\/wp-content\/uploads\/sites\/585\/2025\/02\/Domenico_Ghirlandaio_-_St_Jerome_in_his_study.jpg 387w, https:\/\/webs.uab.cat\/tocarlahistoria\/wp-content\/uploads\/sites\/585\/2025\/02\/Domenico_Ghirlandaio_-_St_Jerome_in_his_study-194x300.jpg 194w\" sizes=\"auto, (max-width: 387px) 100vw, 387px\" \/><\/figure><div class=\"wp-block-media-text__content\">\n<p class=\"has-text-align-center has-gris-londres-background-color has-background\"><strong>EXERCICI 3<\/strong><\/p>\n\n\n\n<p>Comentari sobre el quadre &#8220;Sant Jeroni al seu estudi&#8221; de Domenico Ghirlandaio.<\/p>\n\n\n\n<div data-wp-interactive=\"core\/file\" class=\"wp-block-file\"><object data-wp-bind--hidden=\"!state.hasPdfPreview\" hidden class=\"wp-block-file__embed\" data=\"https:\/\/webs.uab.cat\/tocarlahistoria\/wp-content\/uploads\/sites\/585\/2025\/02\/EXERCICI-3-Biblia.pdf\" type=\"application\/pdf\" style=\"width:100%;height:200px\" aria-label=\"Incrustaci\u00f3 del fitxer EXERCICI 3 B\u00edblia.\"><\/object><a id=\"wp-block-file--media-3d2f5621-4e41-4378-898c-cc4a5b351322\" href=\"https:\/\/webs.uab.cat\/tocarlahistoria\/wp-content\/uploads\/sites\/585\/2025\/02\/EXERCICI-3-Biblia.pdf\">EXERCICI 3 B\u00edblia<\/a><a href=\"https:\/\/webs.uab.cat\/tocarlahistoria\/wp-content\/uploads\/sites\/585\/2025\/02\/EXERCICI-3-Biblia.pdf\" class=\"wp-block-file__button wp-element-button\" download aria-describedby=\"wp-block-file--media-3d2f5621-4e41-4378-898c-cc4a5b351322\">Baixa<\/a><\/div>\n<\/div><\/div>\n\n\n\n<div class=\"wp-block-media-text is-stacked-on-mobile\" style=\"grid-template-columns:41% auto\"><figure class=\"wp-block-media-text__media\"><img loading=\"lazy\" decoding=\"async\" width=\"707\" height=\"1024\" src=\"https:\/\/webs.uab.cat\/tocarlahistoria\/wp-content\/uploads\/sites\/585\/2025\/02\/Frontispiece_of_the_Sixtine_Vulgate_3_retall-707x1024.jpg\" alt=\"\" class=\"wp-image-1507 size-full\" srcset=\"https:\/\/webs.uab.cat\/tocarlahistoria\/wp-content\/uploads\/sites\/585\/2025\/02\/Frontispiece_of_the_Sixtine_Vulgate_3_retall-707x1024.jpg 707w, https:\/\/webs.uab.cat\/tocarlahistoria\/wp-content\/uploads\/sites\/585\/2025\/02\/Frontispiece_of_the_Sixtine_Vulgate_3_retall-207x300.jpg 207w, https:\/\/webs.uab.cat\/tocarlahistoria\/wp-content\/uploads\/sites\/585\/2025\/02\/Frontispiece_of_the_Sixtine_Vulgate_3_retall-768x1113.jpg 768w, https:\/\/webs.uab.cat\/tocarlahistoria\/wp-content\/uploads\/sites\/585\/2025\/02\/Frontispiece_of_the_Sixtine_Vulgate_3_retall-1060x1536.jpg 1060w, https:\/\/webs.uab.cat\/tocarlahistoria\/wp-content\/uploads\/sites\/585\/2025\/02\/Frontispiece_of_the_Sixtine_Vulgate_3_retall-1414x2048.jpg 1414w, https:\/\/webs.uab.cat\/tocarlahistoria\/wp-content\/uploads\/sites\/585\/2025\/02\/Frontispiece_of_the_Sixtine_Vulgate_3_retall-1200x1738.jpg 1200w, https:\/\/webs.uab.cat\/tocarlahistoria\/wp-content\/uploads\/sites\/585\/2025\/02\/Frontispiece_of_the_Sixtine_Vulgate_3_retall.jpg 1703w\" sizes=\"auto, (max-width: 707px) 100vw, 707px\" \/><\/figure><div class=\"wp-block-media-text__content\">\n<p class=\"has-text-align-center has-gris-londres-background-color has-background\"><strong>EXERCICI 4<\/strong><\/p>\n\n\n\n<p>Comentari de textos sobre els problemes de la B\u00edblia R\u00e8gia amb la Inquisici\u00f3.<\/p>\n\n\n\n<div data-wp-interactive=\"core\/file\" class=\"wp-block-file\"><object data-wp-bind--hidden=\"!state.hasPdfPreview\" hidden class=\"wp-block-file__embed\" data=\"https:\/\/webs.uab.cat\/tocarlahistoria\/wp-content\/uploads\/sites\/585\/2025\/02\/Exercici-4-Biblia.pdf\" type=\"application\/pdf\" style=\"width:100%;height:200px\" aria-label=\"Incrustaci\u00f3 del fitxer Exercici 4 B\u00edblia.\"><\/object><a id=\"wp-block-file--media-739a0128-70c7-4e02-a506-ad27c8cbca9f\" href=\"https:\/\/webs.uab.cat\/tocarlahistoria\/wp-content\/uploads\/sites\/585\/2025\/02\/Exercici-4-Biblia.pdf\">Exercici 4 B\u00edblia<\/a><a href=\"https:\/\/webs.uab.cat\/tocarlahistoria\/wp-content\/uploads\/sites\/585\/2025\/02\/Exercici-4-Biblia.pdf\" class=\"wp-block-file__button wp-element-button\" download aria-describedby=\"wp-block-file--media-739a0128-70c7-4e02-a506-ad27c8cbca9f\">Baixa<\/a><\/div>\n<\/div><\/div>\n","protected":false},"excerpt":{"rendered":"<p>En aquesta p\u00e0gina us proposem alguns exercicis complementaris relacionats amb diversos aspectes de les c\u00e0psules informatives d\u2019aquesta unitat.<\/p>\n","protected":false},"author":1605,"featured_media":0,"parent":0,"menu_order":0,"comment_status":"closed","ping_status":"closed","template":"","meta":{"footnotes":""},"class_list":["post-1486","page","type-page","status-publish","hentry"],"yoast_head":"<!-- This site is optimized with the Yoast SEO plugin v26.8 - https:\/\/yoast.com\/product\/yoast-seo-wordpress\/ -->\n<title>Exercicis - TOCAR LA HIST\u00d2RIA<\/title>\n<meta name=\"robots\" content=\"index, follow, max-snippet:-1, max-image-preview:large, max-video-preview:-1\" \/>\n<link rel=\"canonical\" href=\"https:\/\/webs.uab.cat\/tocarlahistoria\/exercicis-2\/\" \/>\n<meta property=\"og:locale\" content=\"ca_ES\" \/>\n<meta property=\"og:type\" content=\"article\" \/>\n<meta property=\"og:title\" content=\"Exercicis - TOCAR LA HIST\u00d2RIA\" \/>\n<meta property=\"og:description\" content=\"En aquesta p\u00e0gina us proposem alguns exercicis complementaris relacionats amb diversos aspectes de les c\u00e0psules informatives d\u2019aquesta unitat.\" \/>\n<meta property=\"og:url\" content=\"https:\/\/webs.uab.cat\/tocarlahistoria\/exercicis-2\/\" \/>\n<meta property=\"og:site_name\" content=\"TOCAR LA HIST\u00d2RIA\" \/>\n<meta property=\"article:modified_time\" content=\"2025-02-25T16:24:16+00:00\" \/>\n<meta property=\"og:image\" content=\"https:\/\/webs.uab.cat\/tocarlahistoria\/wp-content\/uploads\/sites\/585\/2025\/02\/TOP-BIBLIAfosc.png\" \/>\n<meta name=\"twitter:card\" content=\"summary_large_image\" \/>\n<script type=\"application\/ld+json\" class=\"yoast-schema-graph\">{\"@context\":\"https:\/\/schema.org\",\"@graph\":[{\"@type\":\"WebPage\",\"@id\":\"https:\/\/webs.uab.cat\/tocarlahistoria\/exercicis-2\/\",\"url\":\"https:\/\/webs.uab.cat\/tocarlahistoria\/exercicis-2\/\",\"name\":\"Exercicis - TOCAR LA HIST\u00d2RIA\",\"isPartOf\":{\"@id\":\"https:\/\/webs.uab.cat\/tocarlahistoria\/#website\"},\"primaryImageOfPage\":{\"@id\":\"https:\/\/webs.uab.cat\/tocarlahistoria\/exercicis-2\/#primaryimage\"},\"image\":{\"@id\":\"https:\/\/webs.uab.cat\/tocarlahistoria\/exercicis-2\/#primaryimage\"},\"thumbnailUrl\":\"https:\/\/webs.uab.cat\/tocarlahistoria\/wp-content\/uploads\/sites\/585\/2025\/02\/TOP-BIBLIAfosc.png\",\"datePublished\":\"2025-02-14T12:04:31+00:00\",\"dateModified\":\"2025-02-25T16:24:16+00:00\",\"breadcrumb\":{\"@id\":\"https:\/\/webs.uab.cat\/tocarlahistoria\/exercicis-2\/#breadcrumb\"},\"inLanguage\":\"ca\",\"potentialAction\":[{\"@type\":\"ReadAction\",\"target\":[\"https:\/\/webs.uab.cat\/tocarlahistoria\/exercicis-2\/\"]}]},{\"@type\":\"ImageObject\",\"inLanguage\":\"ca\",\"@id\":\"https:\/\/webs.uab.cat\/tocarlahistoria\/exercicis-2\/#primaryimage\",\"url\":\"https:\/\/webs.uab.cat\/tocarlahistoria\/wp-content\/uploads\/sites\/585\/2025\/02\/TOP-BIBLIAfosc.png\",\"contentUrl\":\"https:\/\/webs.uab.cat\/tocarlahistoria\/wp-content\/uploads\/sites\/585\/2025\/02\/TOP-BIBLIAfosc.png\",\"width\":354,\"height\":300,\"caption\":\"Unitat de la B\u00edblia\"},{\"@type\":\"BreadcrumbList\",\"@id\":\"https:\/\/webs.uab.cat\/tocarlahistoria\/exercicis-2\/#breadcrumb\",\"itemListElement\":[{\"@type\":\"ListItem\",\"position\":1,\"name\":\"Inici\",\"item\":\"https:\/\/webs.uab.cat\/tocarlahistoria\/\"},{\"@type\":\"ListItem\",\"position\":2,\"name\":\"Exercicis\"}]},{\"@type\":\"WebSite\",\"@id\":\"https:\/\/webs.uab.cat\/tocarlahistoria\/#website\",\"url\":\"https:\/\/webs.uab.cat\/tocarlahistoria\/\",\"name\":\"TOCAR LA HIST\u00d2RIA\",\"description\":\"\",\"potentialAction\":[{\"@type\":\"SearchAction\",\"target\":{\"@type\":\"EntryPoint\",\"urlTemplate\":\"https:\/\/webs.uab.cat\/tocarlahistoria\/?s={search_term_string}\"},\"query-input\":{\"@type\":\"PropertyValueSpecification\",\"valueRequired\":true,\"valueName\":\"search_term_string\"}}],\"inLanguage\":\"ca\"}]}<\/script>\n<!-- \/ Yoast SEO plugin. -->","yoast_head_json":{"title":"Exercicis - TOCAR LA HIST\u00d2RIA","robots":{"index":"index","follow":"follow","max-snippet":"max-snippet:-1","max-image-preview":"max-image-preview:large","max-video-preview":"max-video-preview:-1"},"canonical":"https:\/\/webs.uab.cat\/tocarlahistoria\/exercicis-2\/","og_locale":"ca_ES","og_type":"article","og_title":"Exercicis - TOCAR LA HIST\u00d2RIA","og_description":"En aquesta p\u00e0gina us proposem alguns exercicis complementaris relacionats amb diversos aspectes de les c\u00e0psules informatives d\u2019aquesta unitat.","og_url":"https:\/\/webs.uab.cat\/tocarlahistoria\/exercicis-2\/","og_site_name":"TOCAR LA HIST\u00d2RIA","article_modified_time":"2025-02-25T16:24:16+00:00","og_image":[{"url":"https:\/\/webs.uab.cat\/tocarlahistoria\/wp-content\/uploads\/sites\/585\/2025\/02\/TOP-BIBLIAfosc.png","type":"","width":"","height":""}],"twitter_card":"summary_large_image","schema":{"@context":"https:\/\/schema.org","@graph":[{"@type":"WebPage","@id":"https:\/\/webs.uab.cat\/tocarlahistoria\/exercicis-2\/","url":"https:\/\/webs.uab.cat\/tocarlahistoria\/exercicis-2\/","name":"Exercicis - TOCAR LA HIST\u00d2RIA","isPartOf":{"@id":"https:\/\/webs.uab.cat\/tocarlahistoria\/#website"},"primaryImageOfPage":{"@id":"https:\/\/webs.uab.cat\/tocarlahistoria\/exercicis-2\/#primaryimage"},"image":{"@id":"https:\/\/webs.uab.cat\/tocarlahistoria\/exercicis-2\/#primaryimage"},"thumbnailUrl":"https:\/\/webs.uab.cat\/tocarlahistoria\/wp-content\/uploads\/sites\/585\/2025\/02\/TOP-BIBLIAfosc.png","datePublished":"2025-02-14T12:04:31+00:00","dateModified":"2025-02-25T16:24:16+00:00","breadcrumb":{"@id":"https:\/\/webs.uab.cat\/tocarlahistoria\/exercicis-2\/#breadcrumb"},"inLanguage":"ca","potentialAction":[{"@type":"ReadAction","target":["https:\/\/webs.uab.cat\/tocarlahistoria\/exercicis-2\/"]}]},{"@type":"ImageObject","inLanguage":"ca","@id":"https:\/\/webs.uab.cat\/tocarlahistoria\/exercicis-2\/#primaryimage","url":"https:\/\/webs.uab.cat\/tocarlahistoria\/wp-content\/uploads\/sites\/585\/2025\/02\/TOP-BIBLIAfosc.png","contentUrl":"https:\/\/webs.uab.cat\/tocarlahistoria\/wp-content\/uploads\/sites\/585\/2025\/02\/TOP-BIBLIAfosc.png","width":354,"height":300,"caption":"Unitat de la B\u00edblia"},{"@type":"BreadcrumbList","@id":"https:\/\/webs.uab.cat\/tocarlahistoria\/exercicis-2\/#breadcrumb","itemListElement":[{"@type":"ListItem","position":1,"name":"Inici","item":"https:\/\/webs.uab.cat\/tocarlahistoria\/"},{"@type":"ListItem","position":2,"name":"Exercicis"}]},{"@type":"WebSite","@id":"https:\/\/webs.uab.cat\/tocarlahistoria\/#website","url":"https:\/\/webs.uab.cat\/tocarlahistoria\/","name":"TOCAR LA HIST\u00d2RIA","description":"","potentialAction":[{"@type":"SearchAction","target":{"@type":"EntryPoint","urlTemplate":"https:\/\/webs.uab.cat\/tocarlahistoria\/?s={search_term_string}"},"query-input":{"@type":"PropertyValueSpecification","valueRequired":true,"valueName":"search_term_string"}}],"inLanguage":"ca"}]}},"_links":{"self":[{"href":"https:\/\/webs.uab.cat\/tocarlahistoria\/wp-json\/wp\/v2\/pages\/1486","targetHints":{"allow":["GET"]}}],"collection":[{"href":"https:\/\/webs.uab.cat\/tocarlahistoria\/wp-json\/wp\/v2\/pages"}],"about":[{"href":"https:\/\/webs.uab.cat\/tocarlahistoria\/wp-json\/wp\/v2\/types\/page"}],"author":[{"embeddable":true,"href":"https:\/\/webs.uab.cat\/tocarlahistoria\/wp-json\/wp\/v2\/users\/1605"}],"replies":[{"embeddable":true,"href":"https:\/\/webs.uab.cat\/tocarlahistoria\/wp-json\/wp\/v2\/comments?post=1486"}],"version-history":[{"count":9,"href":"https:\/\/webs.uab.cat\/tocarlahistoria\/wp-json\/wp\/v2\/pages\/1486\/revisions"}],"predecessor-version":[{"id":1808,"href":"https:\/\/webs.uab.cat\/tocarlahistoria\/wp-json\/wp\/v2\/pages\/1486\/revisions\/1808"}],"wp:attachment":[{"href":"https:\/\/webs.uab.cat\/tocarlahistoria\/wp-json\/wp\/v2\/media?parent=1486"}],"curies":[{"name":"wp","href":"https:\/\/api.w.org\/{rel}","templated":true}]}}