{"id":852,"date":"2024-12-11T13:16:50","date_gmt":"2024-12-11T11:16:50","guid":{"rendered":"https:\/\/webs.uab.cat\/tocarlahistoria\/?page_id=852"},"modified":"2024-12-11T13:16:50","modified_gmt":"2024-12-11T11:16:50","slug":"document-1-fulls-de-noticies","status":"publish","type":"page","link":"https:\/\/webs.uab.cat\/tocarlahistoria\/document-1-fulls-de-noticies\/","title":{"rendered":"Document 1: Fulls de not\u00edcies"},"content":{"rendered":"<div class=\"wp-block-image is-style-rounded\">\n<figure class=\"alignleft size-full is-resized\"><img loading=\"lazy\" decoding=\"async\" width=\"354\" height=\"300\" src=\"https:\/\/webs.uab.cat\/tocarlahistoria\/wp-content\/uploads\/sites\/585\/2024\/12\/top-impremta.png\" alt=\"\" class=\"wp-image-1066\" style=\"aspect-ratio:16\/9;object-fit:cover;width:100px\" srcset=\"https:\/\/webs.uab.cat\/tocarlahistoria\/wp-content\/uploads\/sites\/585\/2024\/12\/top-impremta.png 354w, https:\/\/webs.uab.cat\/tocarlahistoria\/wp-content\/uploads\/sites\/585\/2024\/12\/top-impremta-300x254.png 300w\" sizes=\"auto, (max-width: 354px) 100vw, 354px\" \/><\/figure>\n<\/div>\n\n\n<p class=\"has-gris-londres-background-color has-background\"><em>C\u00f2pia de les noves de It\u00e0lia per lletres de G\u00e8nova de 9 de juny 1557<\/em>. Barcelona, 1557. [Col\u00b7lecci\u00f3 de la Biblioteca de Catalunya]<\/p>\n\n\n\n<p>L\u2019exemplar m\u00e9s antic que es conserva d\u2019un full de not\u00edcies publicat a Barcelona en catal\u00e0 \u00e9s el que porta per t\u00edtol <em>C\u00f2pia de les noves de It\u00e0lia per letres de G\u00e8nova<\/em>, datat el 9 de juny de 1557. Es tracta d\u2019un full de quatre p\u00e0gines en format de quart que narra alguns dels episodis de les anomenades \u201cguerres d\u2019It\u00e0lia\u201d, que es van desenvolupar al llarg dels segles XV i XVI i en les quals s\u2019hi van veure involucrades la major part de les pot\u00e8ncies europees, per\u00f2 especialment les monarquies d\u2019Espanya i Fran\u00e7a, amb l\u2019objectiu de controlar el nord de la pen\u00ednsula it\u00e0lica. La not\u00edcia fa refer\u00e8ncia, en concret, a la batalla de Sant Quint\u00ed, que va tenir lloc l\u2019agost de 1557.<\/p>\n\n\n<div class=\"wp-block-image\">\n<figure class=\"aligncenter size-full is-resized\"><a href=\"https:\/\/webs.uab.cat\/tocarlahistoria\/wp-content\/uploads\/sites\/585\/2024\/11\/Imatge1.jpg\" target=\"_blank\" rel=\"noreferrer noopener\"><img loading=\"lazy\" decoding=\"async\" width=\"461\" height=\"665\" src=\"https:\/\/webs.uab.cat\/tocarlahistoria\/wp-content\/uploads\/sites\/585\/2024\/11\/Imatge1.jpg\" alt=\"Full de not\u00edcies\" class=\"wp-image-853\" style=\"width:394px;height:auto\" srcset=\"https:\/\/webs.uab.cat\/tocarlahistoria\/wp-content\/uploads\/sites\/585\/2024\/11\/Imatge1.jpg 461w, https:\/\/webs.uab.cat\/tocarlahistoria\/wp-content\/uploads\/sites\/585\/2024\/11\/Imatge1-208x300.jpg 208w\" sizes=\"auto, (max-width: 461px) 100vw, 461px\" \/><\/a><\/figure>\n<\/div>","protected":false},"excerpt":{"rendered":"<p>C\u00f2pia de les noves de It\u00e0lia per lletres de G\u00e8nova de 9 de juny 1557. Barcelona, 1557. [Col\u00b7lecci\u00f3 de la Biblioteca de Catalunya] L\u2019exemplar m\u00e9s antic que es conserva d\u2019un full de not\u00edcies publicat a Barcelona en catal\u00e0 \u00e9s el que porta per t\u00edtol C\u00f2pia de les noves de It\u00e0lia per letres de G\u00e8nova, datat [&hellip;]<\/p>\n","protected":false},"author":1605,"featured_media":0,"parent":0,"menu_order":0,"comment_status":"closed","ping_status":"closed","template":"","meta":{"footnotes":""},"class_list":["post-852","page","type-page","status-publish","hentry"],"yoast_head":"<!-- This site is optimized with the Yoast SEO plugin v26.8 - https:\/\/yoast.com\/product\/yoast-seo-wordpress\/ -->\n<title>Document 1: Fulls de not\u00edcies - TOCAR LA HIST\u00d2RIA<\/title>\n<meta name=\"robots\" content=\"index, follow, max-snippet:-1, max-image-preview:large, max-video-preview:-1\" \/>\n<link rel=\"canonical\" href=\"https:\/\/webs.uab.cat\/tocarlahistoria\/document-1-fulls-de-noticies\/\" \/>\n<meta property=\"og:locale\" content=\"ca_ES\" \/>\n<meta property=\"og:type\" content=\"article\" \/>\n<meta property=\"og:title\" content=\"Document 1: Fulls de not\u00edcies - TOCAR LA HIST\u00d2RIA\" \/>\n<meta property=\"og:description\" content=\"C\u00f2pia de les noves de It\u00e0lia per lletres de G\u00e8nova de 9 de juny 1557. Barcelona, 1557. [Col\u00b7lecci\u00f3 de la Biblioteca de Catalunya] L\u2019exemplar m\u00e9s antic que es conserva d\u2019un full de not\u00edcies publicat a Barcelona en catal\u00e0 \u00e9s el que porta per t\u00edtol C\u00f2pia de les noves de It\u00e0lia per letres de G\u00e8nova, datat [&hellip;]\" \/>\n<meta property=\"og:url\" content=\"https:\/\/webs.uab.cat\/tocarlahistoria\/document-1-fulls-de-noticies\/\" \/>\n<meta property=\"og:site_name\" content=\"TOCAR LA HIST\u00d2RIA\" \/>\n<meta property=\"og:image\" content=\"https:\/\/webs.uab.cat\/tocarlahistoria\/wp-content\/uploads\/sites\/585\/2024\/12\/top-impremta.png\" \/>\n<meta name=\"twitter:card\" content=\"summary_large_image\" \/>\n<meta name=\"twitter:label1\" content=\"Temps estimat de lectura\" \/>\n\t<meta name=\"twitter:data1\" content=\"1 minut\" \/>\n<script type=\"application\/ld+json\" class=\"yoast-schema-graph\">{\"@context\":\"https:\/\/schema.org\",\"@graph\":[{\"@type\":\"WebPage\",\"@id\":\"https:\/\/webs.uab.cat\/tocarlahistoria\/document-1-fulls-de-noticies\/\",\"url\":\"https:\/\/webs.uab.cat\/tocarlahistoria\/document-1-fulls-de-noticies\/\",\"name\":\"Document 1: Fulls de not\u00edcies - TOCAR LA HIST\u00d2RIA\",\"isPartOf\":{\"@id\":\"https:\/\/webs.uab.cat\/tocarlahistoria\/#website\"},\"primaryImageOfPage\":{\"@id\":\"https:\/\/webs.uab.cat\/tocarlahistoria\/document-1-fulls-de-noticies\/#primaryimage\"},\"image\":{\"@id\":\"https:\/\/webs.uab.cat\/tocarlahistoria\/document-1-fulls-de-noticies\/#primaryimage\"},\"thumbnailUrl\":\"https:\/\/webs.uab.cat\/tocarlahistoria\/wp-content\/uploads\/sites\/585\/2024\/12\/top-impremta.png\",\"datePublished\":\"2024-12-11T11:16:50+00:00\",\"breadcrumb\":{\"@id\":\"https:\/\/webs.uab.cat\/tocarlahistoria\/document-1-fulls-de-noticies\/#breadcrumb\"},\"inLanguage\":\"ca\",\"potentialAction\":[{\"@type\":\"ReadAction\",\"target\":[\"https:\/\/webs.uab.cat\/tocarlahistoria\/document-1-fulls-de-noticies\/\"]}]},{\"@type\":\"ImageObject\",\"inLanguage\":\"ca\",\"@id\":\"https:\/\/webs.uab.cat\/tocarlahistoria\/document-1-fulls-de-noticies\/#primaryimage\",\"url\":\"https:\/\/webs.uab.cat\/tocarlahistoria\/wp-content\/uploads\/sites\/585\/2024\/12\/top-impremta.png\",\"contentUrl\":\"https:\/\/webs.uab.cat\/tocarlahistoria\/wp-content\/uploads\/sites\/585\/2024\/12\/top-impremta.png\",\"width\":354,\"height\":300,\"caption\":\"Unitat de la impremta\"},{\"@type\":\"BreadcrumbList\",\"@id\":\"https:\/\/webs.uab.cat\/tocarlahistoria\/document-1-fulls-de-noticies\/#breadcrumb\",\"itemListElement\":[{\"@type\":\"ListItem\",\"position\":1,\"name\":\"Inici\",\"item\":\"https:\/\/webs.uab.cat\/tocarlahistoria\/\"},{\"@type\":\"ListItem\",\"position\":2,\"name\":\"Document 1: Fulls de not\u00edcies\"}]},{\"@type\":\"WebSite\",\"@id\":\"https:\/\/webs.uab.cat\/tocarlahistoria\/#website\",\"url\":\"https:\/\/webs.uab.cat\/tocarlahistoria\/\",\"name\":\"TOCAR LA HIST\u00d2RIA\",\"description\":\"\",\"potentialAction\":[{\"@type\":\"SearchAction\",\"target\":{\"@type\":\"EntryPoint\",\"urlTemplate\":\"https:\/\/webs.uab.cat\/tocarlahistoria\/?s={search_term_string}\"},\"query-input\":{\"@type\":\"PropertyValueSpecification\",\"valueRequired\":true,\"valueName\":\"search_term_string\"}}],\"inLanguage\":\"ca\"}]}<\/script>\n<!-- \/ Yoast SEO plugin. -->","yoast_head_json":{"title":"Document 1: Fulls de not\u00edcies - TOCAR LA HIST\u00d2RIA","robots":{"index":"index","follow":"follow","max-snippet":"max-snippet:-1","max-image-preview":"max-image-preview:large","max-video-preview":"max-video-preview:-1"},"canonical":"https:\/\/webs.uab.cat\/tocarlahistoria\/document-1-fulls-de-noticies\/","og_locale":"ca_ES","og_type":"article","og_title":"Document 1: Fulls de not\u00edcies - TOCAR LA HIST\u00d2RIA","og_description":"C\u00f2pia de les noves de It\u00e0lia per lletres de G\u00e8nova de 9 de juny 1557. Barcelona, 1557. [Col\u00b7lecci\u00f3 de la Biblioteca de Catalunya] L\u2019exemplar m\u00e9s antic que es conserva d\u2019un full de not\u00edcies publicat a Barcelona en catal\u00e0 \u00e9s el que porta per t\u00edtol C\u00f2pia de les noves de It\u00e0lia per letres de G\u00e8nova, datat [&hellip;]","og_url":"https:\/\/webs.uab.cat\/tocarlahistoria\/document-1-fulls-de-noticies\/","og_site_name":"TOCAR LA HIST\u00d2RIA","og_image":[{"url":"https:\/\/webs.uab.cat\/tocarlahistoria\/wp-content\/uploads\/sites\/585\/2024\/12\/top-impremta.png","type":"","width":"","height":""}],"twitter_card":"summary_large_image","twitter_misc":{"Temps estimat de lectura":"1 minut"},"schema":{"@context":"https:\/\/schema.org","@graph":[{"@type":"WebPage","@id":"https:\/\/webs.uab.cat\/tocarlahistoria\/document-1-fulls-de-noticies\/","url":"https:\/\/webs.uab.cat\/tocarlahistoria\/document-1-fulls-de-noticies\/","name":"Document 1: Fulls de not\u00edcies - TOCAR LA HIST\u00d2RIA","isPartOf":{"@id":"https:\/\/webs.uab.cat\/tocarlahistoria\/#website"},"primaryImageOfPage":{"@id":"https:\/\/webs.uab.cat\/tocarlahistoria\/document-1-fulls-de-noticies\/#primaryimage"},"image":{"@id":"https:\/\/webs.uab.cat\/tocarlahistoria\/document-1-fulls-de-noticies\/#primaryimage"},"thumbnailUrl":"https:\/\/webs.uab.cat\/tocarlahistoria\/wp-content\/uploads\/sites\/585\/2024\/12\/top-impremta.png","datePublished":"2024-12-11T11:16:50+00:00","breadcrumb":{"@id":"https:\/\/webs.uab.cat\/tocarlahistoria\/document-1-fulls-de-noticies\/#breadcrumb"},"inLanguage":"ca","potentialAction":[{"@type":"ReadAction","target":["https:\/\/webs.uab.cat\/tocarlahistoria\/document-1-fulls-de-noticies\/"]}]},{"@type":"ImageObject","inLanguage":"ca","@id":"https:\/\/webs.uab.cat\/tocarlahistoria\/document-1-fulls-de-noticies\/#primaryimage","url":"https:\/\/webs.uab.cat\/tocarlahistoria\/wp-content\/uploads\/sites\/585\/2024\/12\/top-impremta.png","contentUrl":"https:\/\/webs.uab.cat\/tocarlahistoria\/wp-content\/uploads\/sites\/585\/2024\/12\/top-impremta.png","width":354,"height":300,"caption":"Unitat de la impremta"},{"@type":"BreadcrumbList","@id":"https:\/\/webs.uab.cat\/tocarlahistoria\/document-1-fulls-de-noticies\/#breadcrumb","itemListElement":[{"@type":"ListItem","position":1,"name":"Inici","item":"https:\/\/webs.uab.cat\/tocarlahistoria\/"},{"@type":"ListItem","position":2,"name":"Document 1: Fulls de not\u00edcies"}]},{"@type":"WebSite","@id":"https:\/\/webs.uab.cat\/tocarlahistoria\/#website","url":"https:\/\/webs.uab.cat\/tocarlahistoria\/","name":"TOCAR LA HIST\u00d2RIA","description":"","potentialAction":[{"@type":"SearchAction","target":{"@type":"EntryPoint","urlTemplate":"https:\/\/webs.uab.cat\/tocarlahistoria\/?s={search_term_string}"},"query-input":{"@type":"PropertyValueSpecification","valueRequired":true,"valueName":"search_term_string"}}],"inLanguage":"ca"}]}},"_links":{"self":[{"href":"https:\/\/webs.uab.cat\/tocarlahistoria\/wp-json\/wp\/v2\/pages\/852","targetHints":{"allow":["GET"]}}],"collection":[{"href":"https:\/\/webs.uab.cat\/tocarlahistoria\/wp-json\/wp\/v2\/pages"}],"about":[{"href":"https:\/\/webs.uab.cat\/tocarlahistoria\/wp-json\/wp\/v2\/types\/page"}],"author":[{"embeddable":true,"href":"https:\/\/webs.uab.cat\/tocarlahistoria\/wp-json\/wp\/v2\/users\/1605"}],"replies":[{"embeddable":true,"href":"https:\/\/webs.uab.cat\/tocarlahistoria\/wp-json\/wp\/v2\/comments?post=852"}],"version-history":[{"count":4,"href":"https:\/\/webs.uab.cat\/tocarlahistoria\/wp-json\/wp\/v2\/pages\/852\/revisions"}],"predecessor-version":[{"id":1143,"href":"https:\/\/webs.uab.cat\/tocarlahistoria\/wp-json\/wp\/v2\/pages\/852\/revisions\/1143"}],"wp:attachment":[{"href":"https:\/\/webs.uab.cat\/tocarlahistoria\/wp-json\/wp\/v2\/media?parent=852"}],"curies":[{"name":"wp","href":"https:\/\/api.w.org\/{rel}","templated":true}]}}