{"id":89,"date":"2019-02-19T12:37:53","date_gmt":"2019-02-19T10:37:53","guid":{"rendered":"https:\/\/webs.uab.cat\/topik\/inici\/"},"modified":"2026-01-06T11:50:56","modified_gmt":"2026-01-06T09:50:56","slug":"inici","status":"publish","type":"page","link":"https:\/\/webs.uab.cat\/topik\/","title":{"rendered":"EXAMEN TOPIK BARCELONA"},"content":{"rendered":"\n<p>Examen Oficial de Lengua Coreana (<strong>TOPIK<\/strong>, <strong>Test of Proficiency in Korean<\/strong>)<\/p>\n\n\n\n<p class=\"has-text-align-center has-groc-caputxina-transparent-background-color has-background has-normal-font-size\"><strong>Fechas de ex\u00e1menes TOPIK 2026<\/strong><\/p>\n\n\n\n<p>Los ex\u00e1menes TOPIK se ofertan dos veces en 2026. Presta especial atenci\u00f3n a los periodos de inscripci\u00f3n y aseg\u00farate de registrarte con tiempo.<\/p>\n\n\n\n<ul class=\"wp-block-list\">\n<li class=\"has-normal-font-size\"><strong>11 de abril \u2013 105<\/strong>\u00aa convocatoria<\/li>\n\n\n\n<li class=\"has-normal-font-size\"><strong>17 de octubre &#8211; 108<\/strong>\u00aa convocatoria<\/li>\n<\/ul>\n\n\n\n<p class=\"has-text-align-center has-groc-caputxina-transparent-background-color has-background has-normal-font-size\"><a href=\"https:\/\/webs.uab.cat\/topik\/inscripcion\/\"><strong>Inscripci\u00f3n para la 105\u00aa edici\u00f3n<\/strong>: <strong> del 7 al 21 de enero de 2026<\/strong><\/a><strong> <\/strong><\/p>\n\n\n\n<p class=\"has-text-align-center has-groc-caputxina-transparent-background-color has-background has-normal-font-size\"><strong>Inscripci\u00f3n para la 108\u00aa edici\u00f3n<\/strong>: <strong> del 13 al 23 de julio de 2026 <\/strong><\/p>\n\n\n\n<p><strong>I. Qu\u00e9 son los examenes TOPIK?<\/strong><\/p>\n\n\n\n<p>Los certificados\/diplomas de coreano TOPIK son t\u00edtulos oficiales acreditativos del grado de competencia y dominio del idioma coreano, que otorga el Instituto Nacional de lengua coreana (<strong>National Institute for International Education<\/strong>) del Ministerio de Educaci\u00f3n de Corea.<\/p>\n\n\n\n<p><strong><a href=\"https:\/\/www.topik.go.kr\/TWMAIN\/TWMAIN0010.do\">TOPIK Center, National Institute for International Education (NIIE), Ministry of Education<\/a><\/strong><\/p>\n\n\n\n<p>Los ex\u00e1menes TOPIK est\u00e1n dise\u00f1ados siguiendo las directrices del Instituto Nacional de Lengua coreana (NIIE) y los certificados TOPIK cubren todos los Niveles de competencia ling\u00fc\u00edstica (niveles con el <em>MCER)<\/em>:<\/p>\n\n\n\n<figure class=\"wp-block-image size-full\"><img loading=\"lazy\" decoding=\"async\" width=\"708\" height=\"406\" src=\"https:\/\/webs.uab.cat\/topik\/wp-content\/uploads\/sites\/408\/2024\/07\/TOPIK-Niveles-1-1.jpg\" alt=\"\" class=\"wp-image-406\" srcset=\"https:\/\/webs.uab.cat\/topik\/wp-content\/uploads\/sites\/408\/2024\/07\/TOPIK-Niveles-1-1.jpg 708w, https:\/\/webs.uab.cat\/topik\/wp-content\/uploads\/sites\/408\/2024\/07\/TOPIK-Niveles-1-1-300x172.jpg 300w\" sizes=\"auto, (max-width: 708px) 100vw, 708px\" \/><\/figure>\n\n\n\n<p><strong>II. Reconocimiento de los certificados TOPIK<\/strong><\/p>\n\n\n\n<p>Los certificados TOPIK son una <strong>garant\u00eda oficial<\/strong> en la evaluaci\u00f3n y certificaci\u00f3n de la competencia ling\u00fc\u00edsticas entre instituciones y autoridades educativas p\u00fablicas y entidades privadas.<\/p>\n\n\n\n<p><strong>III. A qui\u00e9n se dirigen los TOPIK<\/strong><\/p>\n\n\n\n<p>Los ex\u00e1menes TOPIK est\u00e1n dirigidos a p\u00fablico de todas las edades.<\/p>\n\n\n\n<p class=\"has-small-font-size\">(El examen TOPIK se realiza&nbsp; en la <a href=\"https:\/\/www.uab.cat\/traducciointerpretacio\/\" data-type=\"URL\" data-id=\"https:\/\/www.uab.cat\/traducciointerpretacio\/\" target=\"_blank\" rel=\"noreferrer noopener\"><u>Facultad de Traducci\u00f3n e Interpretaci\u00f3n (FTI) de la Universitat Aut\u00f2noma de Barcelona, UAB<\/u>. )<\/a><\/p>\n\n\n\n<p><strong>IV. El precio del examen TOPIK<\/strong><\/p>\n\n\n\n<p>El precio de inscripci\u00f3n para el examen TOPIK en Barcelona es 50 \u20ac. <\/p>\n\n\n\n<p class=\"has-text-align-center\">(No se aceptan solicitudes de inscripci\u00f3n fuera del plazo. Para inscribir, consultar INSCRIPCI\u00d3N. )<\/p>\n\n\n\n<p><strong>V. PUBLICACI\u00d3N del resultado de examen<\/strong><\/p>\n\n\n\n<p class=\"has-text-align-left has-small-font-size\">Se puede consultar el resultado de examen: <\/p>\n\n\n\n<p class=\"has-text-align-left has-small-font-size\"><mark style=\"background-color:var(--color-marca-primari-fons)\" class=\"has-inline-color\">&#8211;<u><strong>a partir del 29 de mayo(para la 105\u00aa convocatoria )<\/strong>  <\/u><\/mark><\/p>\n\n\n\n<p class=\"has-text-align-left has-small-font-size\">&#8211;<mark style=\"background-color:var(--color-marca-primari-fons)\" class=\"has-inline-color\"><u><strong>a partir del 10 de diciembre (para la 108\u00aa convocatoria) <\/strong><\/u><\/mark><\/p>\n\n\n\n<p class=\"has-text-align-left has-small-font-size\">Para consultar su resultado a trav\u00e9s de la web oficial <a href=\"https:\/\/www.topik.go.kr\">www.topik.go.kr<\/a> ,<\/p>\n\n\n\n<p class=\"has-text-align-left has-small-font-size\"><a href=\"https:\/\/www.topik.go.kr\/TWMYPG\/TWMYPG0060-001.do\">https:\/\/www.topik.go.kr\/TWMYPG\/TWMYPG0060-001.do<\/a><\/p>\n\n\n\n<p class=\"has-text-align-left has-small-font-size\">(<strong> introducir el <strong>numero de<\/strong> la convocatoria, tu numero de registro de 13 d\u00edgitos de la tarjeta y la fecha de nacimiento<\/strong>)<\/p>\n\n\n\n<p class=\"has-text-align-left has-small-font-size\">Los que han superado la prueba con \u00e9xito podr\u00e1n descargar e imprimir el certificado de forma gratuita desde la p\u00e1gina de TOPIK, <strong>durante 2 a\u00f1os<\/strong>. (Despu\u00e9s de dos a\u00f1os, ya no se puede descargar el certificado, por lo que os recomendamos descargar y guardar el certificado\/diploma.)<\/p>\n\n\n\n<p>&nbsp;&nbsp; \u203b<u><strong> No enviamos el certificado ni por correo postal o fax,  ni por correo electr\u00f3nico<\/strong> para evitar cualquieras falsificaciones y alteraciones.<\/u><\/p>\n\n\n\n<p><\/p>\n","protected":false},"excerpt":{"rendered":"<p>Examen Oficial de Lengua Coreana (TOPIK, Test of Proficiency in Korean) Fechas de ex\u00e1menes TOPIK 2026 Los ex\u00e1menes TOPIK se ofertan dos veces en 2026. Presta especial atenci\u00f3n a los periodos de inscripci\u00f3n y aseg\u00farate de registrarte con tiempo. Inscripci\u00f3n para la 105\u00aa edici\u00f3n: del 7 al 21 de enero de 2026 Inscripci\u00f3n para la [&hellip;]<\/p>\n","protected":false},"author":20,"featured_media":0,"parent":0,"menu_order":0,"comment_status":"closed","ping_status":"closed","template":"","meta":{"footnotes":""},"class_list":["post-89","page","type-page","status-publish","hentry"],"yoast_head":"<!-- This site is optimized with the Yoast SEO plugin v26.8 - https:\/\/yoast.com\/product\/yoast-seo-wordpress\/ -->\n<title>EXAMEN TOPIK BARCELONA - TOPIK - Examen oficial de lengua coreana<\/title>\n<meta name=\"robots\" content=\"index, follow, max-snippet:-1, max-image-preview:large, max-video-preview:-1\" \/>\n<link rel=\"canonical\" href=\"https:\/\/webs.uab.cat\/topik\/\" \/>\n<meta property=\"og:locale\" content=\"es_ES\" \/>\n<meta property=\"og:type\" content=\"article\" \/>\n<meta property=\"og:title\" content=\"EXAMEN TOPIK BARCELONA - TOPIK - Examen oficial de lengua coreana\" \/>\n<meta property=\"og:description\" content=\"Examen Oficial de Lengua Coreana (TOPIK, Test of Proficiency in Korean) Fechas de ex\u00e1menes TOPIK 2026 Los ex\u00e1menes TOPIK se ofertan dos veces en 2026. Presta especial atenci\u00f3n a los periodos de inscripci\u00f3n y aseg\u00farate de registrarte con tiempo. Inscripci\u00f3n para la 105\u00aa edici\u00f3n: del 7 al 21 de enero de 2026 Inscripci\u00f3n para la [&hellip;]\" \/>\n<meta property=\"og:url\" content=\"https:\/\/webs.uab.cat\/topik\/\" \/>\n<meta property=\"og:site_name\" content=\"TOPIK - Examen oficial de lengua coreana\" \/>\n<meta property=\"article:modified_time\" content=\"2026-01-06T09:50:56+00:00\" \/>\n<meta property=\"og:image\" content=\"https:\/\/webs.uab.cat\/topik\/wp-content\/uploads\/sites\/408\/2024\/07\/TOPIK-Niveles-1-1.jpg\" \/>\n\t<meta property=\"og:image:width\" content=\"708\" \/>\n\t<meta property=\"og:image:height\" content=\"406\" \/>\n\t<meta property=\"og:image:type\" content=\"image\/jpeg\" \/>\n<meta name=\"twitter:card\" content=\"summary_large_image\" \/>\n<meta name=\"twitter:label1\" content=\"Tiempo de lectura\" \/>\n\t<meta name=\"twitter:data1\" content=\"3 minutos\" \/>\n<script type=\"application\/ld+json\" class=\"yoast-schema-graph\">{\"@context\":\"https:\/\/schema.org\",\"@graph\":[{\"@type\":\"WebPage\",\"@id\":\"https:\/\/webs.uab.cat\/topik\/\",\"url\":\"https:\/\/webs.uab.cat\/topik\/\",\"name\":\"EXAMEN TOPIK BARCELONA - TOPIK - Examen oficial de lengua coreana\",\"isPartOf\":{\"@id\":\"https:\/\/webs.uab.cat\/topik\/#website\"},\"primaryImageOfPage\":{\"@id\":\"https:\/\/webs.uab.cat\/topik\/#primaryimage\"},\"image\":{\"@id\":\"https:\/\/webs.uab.cat\/topik\/#primaryimage\"},\"thumbnailUrl\":\"https:\/\/webs.uab.cat\/topik\/wp-content\/uploads\/sites\/408\/2024\/07\/TOPIK-Niveles-1-1.jpg\",\"datePublished\":\"2019-02-19T10:37:53+00:00\",\"dateModified\":\"2026-01-06T09:50:56+00:00\",\"breadcrumb\":{\"@id\":\"https:\/\/webs.uab.cat\/topik\/#breadcrumb\"},\"inLanguage\":\"es\",\"potentialAction\":[{\"@type\":\"ReadAction\",\"target\":[\"https:\/\/webs.uab.cat\/topik\/\"]}]},{\"@type\":\"ImageObject\",\"inLanguage\":\"es\",\"@id\":\"https:\/\/webs.uab.cat\/topik\/#primaryimage\",\"url\":\"https:\/\/webs.uab.cat\/topik\/wp-content\/uploads\/sites\/408\/2024\/07\/TOPIK-Niveles-1-1.jpg\",\"contentUrl\":\"https:\/\/webs.uab.cat\/topik\/wp-content\/uploads\/sites\/408\/2024\/07\/TOPIK-Niveles-1-1.jpg\",\"width\":708,\"height\":406},{\"@type\":\"BreadcrumbList\",\"@id\":\"https:\/\/webs.uab.cat\/topik\/#breadcrumb\",\"itemListElement\":[{\"@type\":\"ListItem\",\"position\":1,\"name\":\"Portada\",\"item\":\"https:\/\/webs.uab.cat\/topik\/\"},{\"@type\":\"ListItem\",\"position\":2,\"name\":\"EXAMEN TOPIK BARCELONA\"}]},{\"@type\":\"WebSite\",\"@id\":\"https:\/\/webs.uab.cat\/topik\/#website\",\"url\":\"https:\/\/webs.uab.cat\/topik\/\",\"name\":\"TOPIK - Examen oficial de lengua coreana\",\"description\":\"Test of Proficiency in Korean\",\"potentialAction\":[{\"@type\":\"SearchAction\",\"target\":{\"@type\":\"EntryPoint\",\"urlTemplate\":\"https:\/\/webs.uab.cat\/topik\/?s={search_term_string}\"},\"query-input\":{\"@type\":\"PropertyValueSpecification\",\"valueRequired\":true,\"valueName\":\"search_term_string\"}}],\"inLanguage\":\"es\"}]}<\/script>\n<!-- \/ Yoast SEO plugin. -->","yoast_head_json":{"title":"EXAMEN TOPIK BARCELONA - TOPIK - Examen oficial de lengua coreana","robots":{"index":"index","follow":"follow","max-snippet":"max-snippet:-1","max-image-preview":"max-image-preview:large","max-video-preview":"max-video-preview:-1"},"canonical":"https:\/\/webs.uab.cat\/topik\/","og_locale":"es_ES","og_type":"article","og_title":"EXAMEN TOPIK BARCELONA - TOPIK - Examen oficial de lengua coreana","og_description":"Examen Oficial de Lengua Coreana (TOPIK, Test of Proficiency in Korean) Fechas de ex\u00e1menes TOPIK 2026 Los ex\u00e1menes TOPIK se ofertan dos veces en 2026. Presta especial atenci\u00f3n a los periodos de inscripci\u00f3n y aseg\u00farate de registrarte con tiempo. Inscripci\u00f3n para la 105\u00aa edici\u00f3n: del 7 al 21 de enero de 2026 Inscripci\u00f3n para la [&hellip;]","og_url":"https:\/\/webs.uab.cat\/topik\/","og_site_name":"TOPIK - Examen oficial de lengua coreana","article_modified_time":"2026-01-06T09:50:56+00:00","og_image":[{"width":708,"height":406,"url":"https:\/\/webs.uab.cat\/topik\/wp-content\/uploads\/sites\/408\/2024\/07\/TOPIK-Niveles-1-1.jpg","type":"image\/jpeg"}],"twitter_card":"summary_large_image","twitter_misc":{"Tiempo de lectura":"3 minutos"},"schema":{"@context":"https:\/\/schema.org","@graph":[{"@type":"WebPage","@id":"https:\/\/webs.uab.cat\/topik\/","url":"https:\/\/webs.uab.cat\/topik\/","name":"EXAMEN TOPIK BARCELONA - TOPIK - Examen oficial de lengua coreana","isPartOf":{"@id":"https:\/\/webs.uab.cat\/topik\/#website"},"primaryImageOfPage":{"@id":"https:\/\/webs.uab.cat\/topik\/#primaryimage"},"image":{"@id":"https:\/\/webs.uab.cat\/topik\/#primaryimage"},"thumbnailUrl":"https:\/\/webs.uab.cat\/topik\/wp-content\/uploads\/sites\/408\/2024\/07\/TOPIK-Niveles-1-1.jpg","datePublished":"2019-02-19T10:37:53+00:00","dateModified":"2026-01-06T09:50:56+00:00","breadcrumb":{"@id":"https:\/\/webs.uab.cat\/topik\/#breadcrumb"},"inLanguage":"es","potentialAction":[{"@type":"ReadAction","target":["https:\/\/webs.uab.cat\/topik\/"]}]},{"@type":"ImageObject","inLanguage":"es","@id":"https:\/\/webs.uab.cat\/topik\/#primaryimage","url":"https:\/\/webs.uab.cat\/topik\/wp-content\/uploads\/sites\/408\/2024\/07\/TOPIK-Niveles-1-1.jpg","contentUrl":"https:\/\/webs.uab.cat\/topik\/wp-content\/uploads\/sites\/408\/2024\/07\/TOPIK-Niveles-1-1.jpg","width":708,"height":406},{"@type":"BreadcrumbList","@id":"https:\/\/webs.uab.cat\/topik\/#breadcrumb","itemListElement":[{"@type":"ListItem","position":1,"name":"Portada","item":"https:\/\/webs.uab.cat\/topik\/"},{"@type":"ListItem","position":2,"name":"EXAMEN TOPIK BARCELONA"}]},{"@type":"WebSite","@id":"https:\/\/webs.uab.cat\/topik\/#website","url":"https:\/\/webs.uab.cat\/topik\/","name":"TOPIK - Examen oficial de lengua coreana","description":"Test of Proficiency in Korean","potentialAction":[{"@type":"SearchAction","target":{"@type":"EntryPoint","urlTemplate":"https:\/\/webs.uab.cat\/topik\/?s={search_term_string}"},"query-input":{"@type":"PropertyValueSpecification","valueRequired":true,"valueName":"search_term_string"}}],"inLanguage":"es"}]}},"_links":{"self":[{"href":"https:\/\/webs.uab.cat\/topik\/wp-json\/wp\/v2\/pages\/89","targetHints":{"allow":["GET"]}}],"collection":[{"href":"https:\/\/webs.uab.cat\/topik\/wp-json\/wp\/v2\/pages"}],"about":[{"href":"https:\/\/webs.uab.cat\/topik\/wp-json\/wp\/v2\/types\/page"}],"author":[{"embeddable":true,"href":"https:\/\/webs.uab.cat\/topik\/wp-json\/wp\/v2\/users\/20"}],"replies":[{"embeddable":true,"href":"https:\/\/webs.uab.cat\/topik\/wp-json\/wp\/v2\/comments?post=89"}],"version-history":[{"count":64,"href":"https:\/\/webs.uab.cat\/topik\/wp-json\/wp\/v2\/pages\/89\/revisions"}],"predecessor-version":[{"id":538,"href":"https:\/\/webs.uab.cat\/topik\/wp-json\/wp\/v2\/pages\/89\/revisions\/538"}],"wp:attachment":[{"href":"https:\/\/webs.uab.cat\/topik\/wp-json\/wp\/v2\/media?parent=89"}],"curies":[{"name":"wp","href":"https:\/\/api.w.org\/{rel}","templated":true}]}}