{"id":98,"date":"2019-02-19T12:40:22","date_gmt":"2019-02-19T10:40:22","guid":{"rendered":"https:\/\/webs.uab.cat\/topik\/inscripcion\/"},"modified":"2026-01-26T21:17:32","modified_gmt":"2026-01-26T19:17:32","slug":"inscripcion","status":"publish","type":"page","link":"https:\/\/webs.uab.cat\/topik\/inscripcion\/","title":{"rendered":"Inscripci\u00f3n"},"content":{"rendered":"\n<ol class=\"wp-block-list has-small-font-size\">\n<li><u><strong>PLAZO DE INSCRIPCI\u00d3N<\/strong><\/u> (<strong>TOPIK 105\u00aa<\/strong>&#8211; Barcelona)\n<ul class=\"wp-block-list\">\n<li class=\"has-normal-font-size\" style=\"font-style:italic;font-weight:600\"><mark style=\"background-color:var(--color-marca-primari-fons)\" class=\"has-inline-color\">Del 7 al 21 de enero de 2026 <\/mark><\/li>\n<\/ul>\n<\/li>\n<\/ol>\n\n\n\n<p><strong><span style=\"background-color: #ffff00\">-Matricula ON LINE <\/span><\/strong>:<\/p>\n\n\n\n<p><strong>TOPIK I <\/strong> (cerrada)                             <strong>TOPIK II <\/strong>(cerrada)<\/p>\n\n\n\n<p>**Para la inscripci\u00f3n en el Examen Oficial de Lengua Coreana (TOPIK), se requiere adjuntar los siguientes documentos \u00abobligatorios\u00bb:<\/p>\n\n\n\n<p>&#8211;<strong><span style=\"background-color: #ffff00\">-Una&nbsp;fotograf\u00eda de carnet<\/span><\/strong><mark style=\"background-color:var(--color-marca-terciari-fons)\" class=\"has-inline-color\"><strong> reciente en color  <\/strong>(de tama\u00f1o <strong>3cm x 4cm<\/strong>) :<\/mark><mark style=\"color:var(--color-negre)\" class=\"has-inline-color\"> <\/mark> en <strong>JPG<\/strong>. <em><strong><mark style=\"color:var(--color-marca-primari)\" class=\"has-inline-color\">No se acepta la foto en PDF o  que no respeta normativas<\/mark> <\/strong>(leer la gu\u00eda abajo).<\/em><\/p>\n\n\n\n<p><strong><span style=\"background-color: #ffff00\">-La copia o el escaneado del&nbsp;comprobante de pago<\/span>&nbsp;<\/strong>de la tasa emitido por el banco (formatos admitidos: PDF, JPG, PNG&nbsp;&nbsp; <strong>con menos de 1 MB<\/strong>&nbsp;).<\/p>\n\n\n\n<p><strong>2. TASAS DE INSCRIPCI\u00d3N<u><span style=\"font-size: 16px\"><\/span><\/u><\/strong><\/p>\n\n\n\n<p>Las tasas de inscripci\u00f3n son:<b>&nbsp;&nbsp;<\/b><span style=\"font-size: 18px\"><strong style=\"font-weight: bold\"><span style=\"font-size: 18px\">TOPIK <\/span><\/strong><span style=\"font-size: 18px\"><strong style=\"font-weight: bold\">I<\/strong><\/span><\/span><strong> <\/strong><strong>(<\/strong><span style=\"font-size: 18px\"><strong>50 euros), TOPIK II (50 euros)<\/strong><\/span><\/p>\n\n\n\n<p class=\"has-small-font-size\">**Por favor, <span style=\"color: #ff0000\"><strong>NO realizar un pago conjunto para varios candidatos<\/strong>.<\/span> (Realizarlo de forma individual para cada examinando\/a). Hay que hacer el pago para cada nivel de prueba. <mark style=\"background-color:var(--color-marca-terciari-fons)\" class=\"has-inline-color\">NO se aceptan Transferencias Internacionales fuera de UE por problemas de comisi\u00f3n. ( <strong>Tipo de gastos: <\/strong>ordenante \u00abOUR\u00bb).<\/mark><\/p>\n\n\n\n<p class=\"has-small-font-size\"><strong>3. <span style=\"font-size: 16px\"><u>M\u00c9TODO DE PAGO DE TASAS<\/u><\/span><\/strong><\/p>\n\n\n\n<p><mark style=\"background-color:var(--color-marca-terciari-fons)\" class=\"has-inline-color\">\u00a1\u00a1<span style=\"font-size: 14px\"><u><strong>Muy importante!! En el concepto, hay que marcar \u201cTOPIK I\/II con tu nombre <\/strong><\/u><strong>\u00ab!!<\/strong><\/span><\/mark> ( <em><span style=\"color: #008000\"><strong>Ejemplo:&nbsp; Topik 1&nbsp; Mar\u00eda L\u00f3pez)<\/strong><\/span>&nbsp;<\/em><\/p>\n\n\n\n<p>El pago de la tasa se realizar\u00e1 mediante ingreso bancario en <strong>una de las cuentas siguientes<\/strong>:<\/p>\n\n\n<p>A) <span style=\"font-family: 'Malgun Gothic',sans-serif\"><strong>BBVA<\/strong><\/span><\/p>\n<ul>\n<li><span style=\"font-family: 'Malgun Gothic',sans-serif\">-Titular: FTI, UAB<\/span><\/li>\n<li><span lang=\"CA\" style=\"font-family: 'Malgun Gothic',sans-serif\">-IBAN: <strong>ES48 0182 6035 4202 0161 0323<\/strong><\/span><\/li>\n<li><span style=\"font-family: 'Malgun Gothic',sans-serif\">-CONCEPTO: <strong>TOPIK (1 o 2), Nombre y apellido<\/strong><\/span><\/li>\n<li><span style=\"font-family: 'Malgun Gothic',sans-serif\">-SWIFT: <strong>BBVAESMM<\/strong><\/span><\/li>\n<\/ul>\n<p><!-- \/wp:post-content --><!-- wp:paragraph --><\/p>\n<p><!-- \/wp:paragraph --><!-- wp:paragraph --><\/p>\n<p><!-- \/wp:paragraph --><\/p>\n<p><!-- wp:paragraph --><\/p>\n<p><!-- \/wp:paragraph --><\/p>\n<p><!-- wp:paragraph --><\/p>\n<p><strong><em><mark class=\"has-inline-color\" style=\"color: var(--color-marca-primari)\">No ser\u00e1 posible retornar la cantidad abonada bajo ning\u00fan concepto (salvo que se presente un certificado m\u00e9dico <mark class=\"has-inline-color\">hasta una semana despu\u00e9s del cierre de la convocatoria<\/mark>). Una vez que la inscripci\u00f3n ha quedado registrada en\u00a0 la Oficina Central en Corea, ya no se puede solicitar la devoluci\u00f3n.<\/mark><\/em><\/strong><\/p>\n<p><!-- \/wp:paragraph --><\/p>\n<p><!-- wp:paragraph --><\/p>\n<p><!-- \/wp:paragraph --><\/p>\n<p><!-- wp:paragraph {\"fontSize\":\"normal\"} --><\/p>\n<p class=\"has-normal-font-size\"><strong>4. GUIA DE INSCRIPCI\u00d3N<\/strong><\/p>\n<p><!-- \/wp:paragraph --><\/p>\n<p><!-- wp:paragraph --><\/p>\n<p>Los examinandos deben rellenar todos los campos solicitados del formulario ON LINE. <strong><u>Recomendaciones para la inscripci\u00f3n:<\/u><\/strong><\/p>\n<p><!-- \/wp:paragraph --><\/p>\n<p><!-- wp:list {\"textColor\":\"negre eben\"} --><\/p>\n<ul class=\"has-negre-eben-color has-text-color\">\n<li style=\"list-style-type: none\">\n<ul class=\"has-negre-eben-color has-text-color\"><!-- wp:list-item -->\n<li>La copia de DNI, NIE o Pasaporte que se utilizar\u00e1 para identificarse el d\u00eda del examen. \u00a0Recordar que ser\u00e1 imprescindible presentar este mismo documento para acceder a la sala de examen.<\/li>\n<\/ul>\n<\/li>\n<\/ul>\n<p><!-- \/wp:list-item --><\/p>\n<p><!-- wp:list-item --><\/p>\n<ul>\n<li style=\"list-style-type: none\">\n<ul class=\"has-negre-eben-color has-text-color\">\n<li>\u00a0Tu Nombre y Apellidos &#8211; escribe tu nombre y apellidos tal y como aparecen en el DNI o pasaporte <strong><mark class=\"has-inline-color\" style=\"color: var(--color-marca-primari)\">\u00abSIN ACENTO, NI TILDES, NI \u00d1 o \u00c7\u00bb<\/mark>. <\/strong><em>No escribir en may\u00fascula (solo con may\u00fascula inicial<strong><mark class=\"has-inline-color\">. ej. Maria Begona Lopez )<\/mark><\/strong><\/em><\/li>\n<li><span style=\"color: #ff0000\"><strong><mark class=\"has-inline-color\"><span style=\"color: #ff0000\">La fecha de nacimiento:<\/span> _a\u00f1o_mes_d\u00eda\u00a0 (\u00a1Ojo, el orden! <\/mark><\/strong><mark class=\"has-inline-color\"><span style=\"color: #ff0000\">Ejemplo: 20240630, para el 30 de junio de 2024<\/span>)<\/mark><\/span><\/li>\n<\/ul>\n<\/li>\n<\/ul>\n<ul>\n<li style=\"list-style-type: none\">\n<ul class=\"has-negre-eben-color has-text-color\">\n<li>\u00a0El correo electr\u00f3nico: el correo electr\u00f3nico es <u>la\u00a0principal v\u00eda de comunicaci\u00f3n<\/u> con los organizadores hasta el d\u00eda del examen. Recibir\u00e1 la tarjeta de inscripci\u00f3n con el numero de registro ( \u00abregister number\u00bb), que ser\u00e1 necesario para consultar el resultado del examen.<\/li>\n<\/ul>\n<\/li>\n<\/ul>\n<p><!-- \/wp:list-item --><\/p>\n<p><!-- wp:list-item --><\/p>\n<p><!-- \/wp:list-item --><\/p>\n<p><!-- wp:list-item --><\/p>\n<ul class=\"has-negre-eben-color has-text-color\">\n<li style=\"list-style-type: none\">\n<ul class=\"has-negre-eben-color has-text-color\">\n<li>\u00a0 \u00a0 \u00a0 Una fotograf\u00eda reciente <strong><mark class=\"has-inline-color\">de tipo carnet<\/mark><\/strong><span style=\"color: #ff0000\">\u00a0<strong>en color <\/strong><\/span><strong>realizada durante los \u00faltimos tres meses<\/strong>, <strong><mark class=\"has-inline-color\" style=\"background-color: var(--color-marca-terciari)\">de 3x4cm con el FONDO BLANCO <\/mark><\/strong>(<strong><mark class=\"has-inline-color\" style=\"background-color: var(--color-marca-terciari-fons)\">formato JPG, de tama\u00f1o menos de 1 MB<\/mark><\/strong>).<br \/><span style=\"color: #ff0000\"><strong>&#8211; <\/strong><strong>\uc774\ubbf8\uc9c0<\/strong> <strong>\ud30c\uc77c\uba85\uc740<\/strong> <strong>\uc9c0\uc6d0\uc790<\/strong> <strong>\uc774\ub984<\/strong> <strong>\uae30\uc7ac<\/strong><\/span><br \/><span style=\"color: #ff0000\"><strong>&#8211; <\/strong><strong>\uc774\ubbf8\uc9c0<\/strong> <strong>\ud30c\uc77c<\/strong> <strong>\ud06c\uae30<\/strong><strong> : 200KB (<\/strong><strong>\uac00\ub85c<\/strong><strong> 3cm <\/strong><strong>\u00d7<\/strong> <strong>\uc138\ub85c<\/strong><strong> 4cm, 354*472<\/strong><strong>pixeles<\/strong><strong>)<\/strong><\/span><\/li>\n<li><strong>\uc0ac\uc9c4\uc740<\/strong> <strong>\uc131\uc801\uc99d\uba85\uc11c\uc5d0<\/strong> <strong>\uc778\uc1c4\ub418\ubbc0\ub85c<\/strong> <strong>\ubc18\ub4dc\uc2dc<\/strong> <strong>\uc5ec\uad8c\uc6a9<\/strong> <strong>\uc0ac\uc9c4<\/strong><strong>(<\/strong><strong>\uc815\uba74<\/strong><strong>) <\/strong><strong>\uc0ac\uc6a9<\/strong><strong>\u00a0\u00a0\u00a0\u00a0\u00a0\u00a0 <\/strong><\/li>\n<\/ul>\n<\/li>\n<\/ul>\n<p><!-- \/wp:list-item --><\/p>\n<p><!-- wp:list-item --><\/p>\n<ul class=\"has-negre-eben-color has-text-color\">\n<li style=\"list-style-type: none\">\n<ul class=\"has-negre-eben-color has-text-color\">\n<li>\u00a0 \u00a0 \u00a0 El comprobante de pago de tasa &#8211; deben indicar claramente en el concepto de transferencia <u><strong>el nivel de su examen (Topik 1 o Topik 2)<\/strong><\/u> y su nombre en el concepto de transferencia, de la forma siguiente:\u00a0 ( <span style=\"color: #008000\"><strong>Ejemplo:\u00a0 Topik 1\u00a0 Mar\u00eda L\u00f3pez)<\/strong><\/span>\u00a0 \u00a0 \u00a0 \u00a0 \u00a0<\/li>\n<\/ul>\n<\/li>\n<\/ul>\n<p><!-- \/wp:list-item --><\/p>\n<p><!-- \/wp:list --><\/p>\n<p><!-- wp:paragraph --><\/p>\n<p>Tras haber finalizado el plazo de inscripci\u00f3n, enviamos <strong>por e-mail la confirmaci\u00f3n de registro<\/strong> a todos 2 semanas despu\u00e9s del plazo de inscripci\u00f3n. (Si no recibes la confirmaci\u00f3n, p\u00f3ngase en contacto con los organizadores:\u00a0 <strong>topik.uab@gmail.com<\/strong>)<\/p>\n<p><!-- \/wp:paragraph --><\/p>\n<p><!-- wp:paragraph --><\/p>\n<p>En caso de que quieran presentar en dos niveles al mismo tiempo (topik I y II), <u>hay que presentar el formulario \u00ab<strong>separadamente<\/strong>\u00ab, uno por cada nivel.<\/u><\/p>\n<p><!-- \/wp:paragraph --><\/p>\n<p><!-- wp:paragraph {\"fontSize\":\"normal\"} --><\/p>\n<p><!-- \/wp:paragraph --><\/p>\n<p><!-- wp:paragraph {\"fontSize\":\"normal\"} --><\/p>\n<p class=\"has-normal-font-size\"><u><span style=\"font-size: 16px\"><strong>5. Fecha y hora del examen<\/strong><\/span><\/u><\/p>\n<p><!-- \/wp:paragraph --><\/p>\n<p><!-- wp:paragraph {\"gradient\":\"light-green-cyan-to-vivid-green-cyan\"} --><\/p>\n<p class=\"has-light-green-cyan-to-vivid-green-cyan-gradient-background has-background\"><strong>El 105\u00aa edici\u00f3n <\/strong>de TOPIK se realizar\u00e1 en<strong> la Facultad de Traducci\u00f3n e Interpretaci\u00f3n (FTI) de la UAB el s\u00e1bado 11 de abril de 2026<span style=\"font-size: 14px\">.<\/span><\/strong><\/p>\n<p><!-- \/wp:paragraph --><\/p>\n<p><!-- wp:paragraph --><\/p>\n<p>Los examinandos recibir\u00e1n por correo electr\u00f3nico <strong>la tarjeta de inscripci\u00f3n y el <mark class=\"has-inline-color\" style=\"background-color: var(--color-blanc);color: var(--color-negre)\">n<\/mark><\/strong><mark class=\"has-inline-color\" style=\"color: var(--color-negre)\"><strong>umero de registro<\/strong> (\u201cregistration N\u00ba) <strong>dos o tres semanas antes del examen.<\/strong><\/mark><\/p>\n<p><!-- \/wp:paragraph --><\/p>\n<p><!-- wp:paragraph --><\/p>\n<p><strong>6. <u>Indicaciones para el examen<\/u><\/strong><\/p>\n<p><!-- \/wp:paragraph --><\/p>\n<p><!-- wp:list --><\/p>\n<ul><!-- wp:list-item -->\n<li>Debes <strong><u>imprimir y traer la tarjeta de inscripci\u00f3n<\/u><\/strong> y presentarla junto a tu DNI\/NIE\/Pasaporte el mismo d\u00eda del examen. Sin la tarjeta de inscripci\u00f3n, no se podr\u00e1 entrar en la sala de examen.<\/li>\n<li>Pod\u00e9is descargar directamente la tarjeta accediendo al web de Topik : acceda al sitio web de Topik (www.topik.go.kr) &gt; en el medio de la pantalla, haga clic en\u00a0 \ube44\ud68c\uc6d0\uc6a9 (no registrados) &gt; [\uc218\ud5d8\ud45c \ucd9c\ub825 Imprimir tarjeta] &gt; introducir \u00a0el n\u00famero de convocatoria, el n\u00famero de registro y la fecha de nacimiento y \uac80\uc0c9(buscar). \u00a0&gt; Haga clic en \ucd9c\ub825(imprimir).<\/li>\n<\/ul>\n<p><!-- \/wp:list-item --><\/p>\n<p><!-- wp:list-item --><\/p>\n<ul>\n<li>Es necesario conservar dicha tarjeta para poder consultar posteriormente el\u00a0<strong>resultado del examen en la web (<\/strong>https:\/\/www.topik.go.kr) \u00a0y obtener el certificado en el caso de superar la prueba.<\/li>\n<\/ul>\n<p><!-- \/wp:list-item --><\/p>\n<p><!-- wp:list-item --><\/p>\n<ul>\n<li>La entrada a la sala de examen comenzar\u00e1 a las 9:00h.<\/li>\n<\/ul>\n<p><!-- \/wp:list-item --><\/p>\n<p><!-- wp:list-item --><\/p>\n<ul>\n<li>Inf\u00f3rmate de<a href=\"https:\/\/www.uab.cat\/accessibilitat-transports\/\" target=\"_blank\" rel=\"noreferrer noopener\"><strong> <u>c\u00f3mo llegar a la FTI<\/u><\/strong>\u00a0<\/a>y de las normas b\u00e1sicas para realizar el examen (recogemos el m\u00f3vil antes de empezar el examen y una vez acabado lo devolvemos.)<\/li>\n<\/ul>\n<p><!-- \/wp:list-item --><\/p>\n<p><!-- \/wp:list --><\/p>\n<p><!-- wp:paragraph --><\/p>\n<p><u><strong>Horario del examen<\/strong><\/u><\/p>\n<p><!-- \/wp:paragraph --><\/p>\n<p><!-- wp:paragraph --><\/p>\n<p>La entrada en la aula de examen: 9:00h hasta las 9:10h. (se cierra <strong>30 minutos antes del comienzo del examen)<\/strong><\/p>\n<p><!-- \/wp:paragraph --><\/p>\n<p><!-- wp:paragraph --><\/p>\n<p><strong>TOPIK I: comprensi\u00f3n auditiva y comprensi\u00f3n lectora \u00a09:40h-11:20h (100 min.) |<\/strong><\/p>\n<p><!-- \/wp:paragraph --><\/p>\n<p><!-- wp:paragraph --><\/p>\n<p><strong>TOPIK II: comprensi\u00f3n auditiva y producci\u00f3n escrita\u00a0 12:50h &#8211; 14:40h (110 min.) | comprensi\u00f3n lectora\u00a0 15:10h &#8211; 16:20h\u00a0 (70 min.) <\/strong><\/p>\n<p><!-- \/wp:paragraph --><\/p>\n<p><!-- wp:paragraph --><\/p>\n<p><strong><u>Preparativos para personas con necesidades especiales<\/u><\/strong><\/p>\n<p><!-- \/wp:paragraph --><\/p>\n<p><!-- wp:paragraph --><\/p>\n<p>Para las personas con discapacidades o necesidades especiales que requieren preparativos especiales\u00a0(silla, luz, mesa, etc), por favor contacten con los organizadores locales, solicit\u00e1ndolos a\u00a0 <strong>topik.uab@gmail.com<\/strong> hasta tres semanas antes del examen.<\/p>\n<p><!-- \/wp:paragraph --><\/p>\n<p><!-- wp:paragraph --><\/p>\n<p><span style=\"font-size: 16px\"><strong>7. Notificaci\u00f3n del resultado de examen.<\/strong><\/span><\/p>\n<p><!-- \/wp:paragraph --><\/p>\n<p><!-- wp:paragraph {\"style\":{\"typography\":{\"fontStyle\":\"normal\",\"fontWeight\":\"400\"}},\"gradient\":\"light-green-cyan-to-vivid-green-cyan\",\"fontSize\":\"small\"} --><\/p>\n<p class=\"has-light-green-cyan-to-vivid-green-cyan-gradient-background has-background has-small-font-size\" style=\"font-style: normal;font-weight: 400\">Los examinados podr\u00e1n <strong>consultar el resultado de su examen a trav\u00e9s de la web oficial <\/strong><a href=\"https:\/\/www.topik.go.kr\">www.topik.go.kr<\/a>\u00a0 <strong>aproximadamente dos meses depu\u00e9s del examen.<\/strong><\/p>\n<p><!-- \/wp:paragraph --><\/p>\n<p><!-- wp:paragraph --><\/p>\n<p>Para consultar su resultado, el <strong>examinando deber\u00e1 introducir su numero de registro (en la tarjeta de inscripci\u00f3n <\/strong>&#8211; 13 d\u00edgitos de \u00ab<mark class=\"has-inline-color\" style=\"color: var(--color-negre)\">registration N\u00ba<\/mark>\u00ab) y su fecha de nacimiento que le permitir\u00e1 acceder a la zona privada de cada candidato en la web <a href=\"https:\/\/www.topik.go.kr\">www.topik.go.kr<\/a><strong>\u00a0.<\/strong><\/p>\n<p><!-- \/wp:paragraph --><\/p>\n<p><!-- wp:paragraph --><\/p>\n<p><a href=\"https:\/\/www.topik.go.kr\/TWMYPG\/TWMYPG0060-001.do\">https:\/\/www.topik.go.kr\/TWMYPG\/TWMYPG0060-001.do<\/a><\/p>\n<p><!-- \/wp:paragraph --><\/p>\n<p><!-- wp:paragraph --><\/p>\n<p>(Los que han superado la prueba con \u00e9xito podr\u00e1n descargar e imprimir el certificado de forma gratuita desde la p\u00e1gina de TOPIK, <strong>durante 2 a\u00f1os<\/strong>. <span style=\"color: #339966\"><em><span style=\"color: #000000\">Transcurrido el plazo de 2 a\u00f1os, ya no se puede descargar el certificado y por eso, os recomendamos de descargar el vuestro y conservarlo<\/span><\/em><\/span>.\u00a0 )<\/p>\n<p><!-- \/wp:paragraph --><\/p>\n<p><!-- wp:paragraph --><\/p>\n<p><span style=\"background-color: #ffff00\"><strong>\u203b No enviamos el certificado por correo postal, fax o correo electr\u00f3nico para evitar falsificaciones y alteraciones.<\/strong><\/span><\/p>\n<p><!-- \/wp:paragraph --><\/p>\n<p><!-- wp:paragraph --><\/p>\n<p>Los examinados que no pueden descargar su certificado, por favor contacta con el responsable de la organizaci\u00f3n local:\u00a0\u00a0<a href=\"mailto:topik.uab@gmail.com\" target=\"_blank\" rel=\"noreferrer noopener\">topik.uab@gmail.com<\/a><\/p>\n<p><!-- \/wp:paragraph --><\/p>\n<p><!-- wp:paragraph --><\/p>\n<p>Ni el NIIE, ni la sede local responder\u00e1n a preguntas que versen sobre el resultado particular de un examen.<\/p>\n<p><!-- \/wp:paragraph --><\/p>\n<p><!-- wp:paragraph --><\/p>\n<p>Las modificaciones de tus datos (por ejemplo, nombre con errores tipogr\u00e1ficos, fecha de nacimiento, etc.) ser\u00e1n corregidos por el NIIE si se informa de ellos <strong><u>dos semanas antes del d\u00eda del examen<\/u>.<\/strong> Para ello, el examinando tendr\u00e1n que estar atento a la hora de hacer la inscripci\u00f3n (on-line). Los organizadores no ser\u00e1n responsables de ning\u00fan error derivado del descuido de los examinandos.<\/p>\n<p><!-- \/wp:paragraph --><\/p>\n<p><!-- wp:heading --><\/p>\n<h2 class=\"wp-block-heading\"><u><span style=\"font-size: 14px\">Confidencialidad de los contenidos de la inscripci\u00f3n y de los resultados obtenidos<\/span><\/u><\/h2>\n<p><!-- \/wp:heading --><\/p>\n<p><!-- wp:paragraph --><\/p>\n<p>Los datos de resultado del examen y los contenidos de la solicitud pueden ser utilizados por el NIIE y las instituciones locales que organizan el examen con fines estad\u00edsticos y de an\u00e1lisis. Los examinandos no podr\u00e1n ser identificados individualmente a trav\u00e9s de esos datos o an\u00e1lisis.<\/p>\n<p><!-- \/wp:paragraph --><\/p>","protected":false},"excerpt":{"rendered":"<p>-Matricula ON LINE : TOPIK I (cerrada) TOPIK II (cerrada) **Para la inscripci\u00f3n en el Examen Oficial de Lengua Coreana (TOPIK), se requiere adjuntar los siguientes documentos \u00abobligatorios\u00bb: &#8211;-Una&nbsp;fotograf\u00eda de carnet reciente en color (de tama\u00f1o 3cm x 4cm) : en JPG. No se acepta la foto en PDF o que no respeta normativas (leer [&hellip;]<\/p>\n","protected":false},"author":20,"featured_media":0,"parent":0,"menu_order":0,"comment_status":"closed","ping_status":"closed","template":"","meta":{"footnotes":""},"class_list":["post-98","page","type-page","status-publish","hentry"],"yoast_head":"<!-- This site is optimized with the Yoast SEO plugin v26.8 - https:\/\/yoast.com\/product\/yoast-seo-wordpress\/ -->\n<title>Inscripci\u00f3n - TOPIK - Examen oficial de lengua coreana<\/title>\n<meta name=\"description\" content=\"Examen TOPIK Barcelona\" \/>\n<meta name=\"robots\" content=\"index, follow, max-snippet:-1, max-image-preview:large, max-video-preview:-1\" \/>\n<link rel=\"canonical\" href=\"https:\/\/webs.uab.cat\/topik\/inscripcion\/\" \/>\n<meta property=\"og:locale\" content=\"es_ES\" \/>\n<meta property=\"og:type\" content=\"article\" \/>\n<meta property=\"og:title\" content=\"Inscripci\u00f3n - TOPIK - Examen oficial de lengua coreana\" \/>\n<meta property=\"og:description\" content=\"Examen TOPIK Barcelona\" \/>\n<meta property=\"og:url\" content=\"https:\/\/webs.uab.cat\/topik\/inscripcion\/\" \/>\n<meta property=\"og:site_name\" content=\"TOPIK - Examen oficial de lengua coreana\" \/>\n<meta property=\"article:modified_time\" content=\"2026-01-26T19:17:32+00:00\" \/>\n<meta name=\"twitter:card\" content=\"summary_large_image\" \/>\n<meta name=\"twitter:label1\" content=\"Tiempo de lectura\" \/>\n\t<meta name=\"twitter:data1\" content=\"6 minutos\" \/>\n<script type=\"application\/ld+json\" class=\"yoast-schema-graph\">{\"@context\":\"https:\/\/schema.org\",\"@graph\":[{\"@type\":\"WebPage\",\"@id\":\"https:\/\/webs.uab.cat\/topik\/inscripcion\/\",\"url\":\"https:\/\/webs.uab.cat\/topik\/inscripcion\/\",\"name\":\"Inscripci\u00f3n - TOPIK - Examen oficial de lengua coreana\",\"isPartOf\":{\"@id\":\"https:\/\/webs.uab.cat\/topik\/#website\"},\"datePublished\":\"2019-02-19T10:40:22+00:00\",\"dateModified\":\"2026-01-26T19:17:32+00:00\",\"description\":\"Examen TOPIK Barcelona\",\"breadcrumb\":{\"@id\":\"https:\/\/webs.uab.cat\/topik\/inscripcion\/#breadcrumb\"},\"inLanguage\":\"es\",\"potentialAction\":[{\"@type\":\"ReadAction\",\"target\":[\"https:\/\/webs.uab.cat\/topik\/inscripcion\/\"]}]},{\"@type\":\"BreadcrumbList\",\"@id\":\"https:\/\/webs.uab.cat\/topik\/inscripcion\/#breadcrumb\",\"itemListElement\":[{\"@type\":\"ListItem\",\"position\":1,\"name\":\"Portada\",\"item\":\"https:\/\/webs.uab.cat\/topik\/\"},{\"@type\":\"ListItem\",\"position\":2,\"name\":\"Inscripci\u00f3n\"}]},{\"@type\":\"WebSite\",\"@id\":\"https:\/\/webs.uab.cat\/topik\/#website\",\"url\":\"https:\/\/webs.uab.cat\/topik\/\",\"name\":\"TOPIK - Examen oficial de lengua coreana\",\"description\":\"Test of Proficiency in Korean\",\"potentialAction\":[{\"@type\":\"SearchAction\",\"target\":{\"@type\":\"EntryPoint\",\"urlTemplate\":\"https:\/\/webs.uab.cat\/topik\/?s={search_term_string}\"},\"query-input\":{\"@type\":\"PropertyValueSpecification\",\"valueRequired\":true,\"valueName\":\"search_term_string\"}}],\"inLanguage\":\"es\"}]}<\/script>\n<!-- \/ Yoast SEO plugin. -->","yoast_head_json":{"title":"Inscripci\u00f3n - TOPIK - Examen oficial de lengua coreana","description":"Examen TOPIK Barcelona","robots":{"index":"index","follow":"follow","max-snippet":"max-snippet:-1","max-image-preview":"max-image-preview:large","max-video-preview":"max-video-preview:-1"},"canonical":"https:\/\/webs.uab.cat\/topik\/inscripcion\/","og_locale":"es_ES","og_type":"article","og_title":"Inscripci\u00f3n - TOPIK - Examen oficial de lengua coreana","og_description":"Examen TOPIK Barcelona","og_url":"https:\/\/webs.uab.cat\/topik\/inscripcion\/","og_site_name":"TOPIK - Examen oficial de lengua coreana","article_modified_time":"2026-01-26T19:17:32+00:00","twitter_card":"summary_large_image","twitter_misc":{"Tiempo de lectura":"6 minutos"},"schema":{"@context":"https:\/\/schema.org","@graph":[{"@type":"WebPage","@id":"https:\/\/webs.uab.cat\/topik\/inscripcion\/","url":"https:\/\/webs.uab.cat\/topik\/inscripcion\/","name":"Inscripci\u00f3n - TOPIK - Examen oficial de lengua coreana","isPartOf":{"@id":"https:\/\/webs.uab.cat\/topik\/#website"},"datePublished":"2019-02-19T10:40:22+00:00","dateModified":"2026-01-26T19:17:32+00:00","description":"Examen TOPIK Barcelona","breadcrumb":{"@id":"https:\/\/webs.uab.cat\/topik\/inscripcion\/#breadcrumb"},"inLanguage":"es","potentialAction":[{"@type":"ReadAction","target":["https:\/\/webs.uab.cat\/topik\/inscripcion\/"]}]},{"@type":"BreadcrumbList","@id":"https:\/\/webs.uab.cat\/topik\/inscripcion\/#breadcrumb","itemListElement":[{"@type":"ListItem","position":1,"name":"Portada","item":"https:\/\/webs.uab.cat\/topik\/"},{"@type":"ListItem","position":2,"name":"Inscripci\u00f3n"}]},{"@type":"WebSite","@id":"https:\/\/webs.uab.cat\/topik\/#website","url":"https:\/\/webs.uab.cat\/topik\/","name":"TOPIK - Examen oficial de lengua coreana","description":"Test of Proficiency in Korean","potentialAction":[{"@type":"SearchAction","target":{"@type":"EntryPoint","urlTemplate":"https:\/\/webs.uab.cat\/topik\/?s={search_term_string}"},"query-input":{"@type":"PropertyValueSpecification","valueRequired":true,"valueName":"search_term_string"}}],"inLanguage":"es"}]}},"_links":{"self":[{"href":"https:\/\/webs.uab.cat\/topik\/wp-json\/wp\/v2\/pages\/98","targetHints":{"allow":["GET"]}}],"collection":[{"href":"https:\/\/webs.uab.cat\/topik\/wp-json\/wp\/v2\/pages"}],"about":[{"href":"https:\/\/webs.uab.cat\/topik\/wp-json\/wp\/v2\/types\/page"}],"author":[{"embeddable":true,"href":"https:\/\/webs.uab.cat\/topik\/wp-json\/wp\/v2\/users\/20"}],"replies":[{"embeddable":true,"href":"https:\/\/webs.uab.cat\/topik\/wp-json\/wp\/v2\/comments?post=98"}],"version-history":[{"count":98,"href":"https:\/\/webs.uab.cat\/topik\/wp-json\/wp\/v2\/pages\/98\/revisions"}],"predecessor-version":[{"id":568,"href":"https:\/\/webs.uab.cat\/topik\/wp-json\/wp\/v2\/pages\/98\/revisions\/568"}],"wp:attachment":[{"href":"https:\/\/webs.uab.cat\/topik\/wp-json\/wp\/v2\/media?parent=98"}],"curies":[{"name":"wp","href":"https:\/\/api.w.org\/{rel}","templated":true}]}}