{"id":2,"date":"2023-10-30T14:02:35","date_gmt":"2023-10-30T12:02:35","guid":{"rendered":"https:\/\/webs.uab.cat\/touch\/?page_id=2"},"modified":"2025-06-23T16:14:29","modified_gmt":"2025-06-23T14:14:29","slug":"home","status":"publish","type":"page","link":"https:\/\/webs.uab.cat\/touch\/","title":{"rendered":"About"},"content":{"rendered":"\n<div class=\"wp-block-media-text alignwide has-media-on-the-right is-stacked-on-mobile is-vertically-aligned-center has-blanc-coco-background-color has-background\" style=\"grid-template-columns:auto 40%\"><div class=\"wp-block-media-text__content\">\n<div class=\"wp-block-group\" style=\"padding-top:2em;padding-right:2em;padding-bottom:2em;padding-left:2em\"><div class=\"wp-block-group__inner-container is-layout-flow wp-block-group-is-layout-flow\">\n<p class=\"has-negre-eben-color has-text-color has-link-color wp-elements-fc45bde5a939da1b3e4235ae70ef435b\" style=\"font-size:36px;line-height:1.2\"><strong><strong>TOUCH is a new excellent doctoral programme led by the Universitat Aut\u00f2noma de Barcelona (UAB) to train tomorrow&#8217;s mental health researchers<\/strong><\/strong>.<\/p>\n<\/div><\/div>\n<\/div><figure class=\"wp-block-media-text__media\"><a href=\"https:\/\/webs.uab.cat\/touch\/call\/\"><img loading=\"lazy\" decoding=\"async\" width=\"880\" height=\"600\" src=\"https:\/\/webs.uab.cat\/touch\/wp-content\/uploads\/sites\/508\/2024\/07\/Touch.png\" alt=\"\" class=\"wp-image-637 size-full\" srcset=\"https:\/\/webs.uab.cat\/touch\/wp-content\/uploads\/sites\/508\/2024\/07\/Touch.png 880w, https:\/\/webs.uab.cat\/touch\/wp-content\/uploads\/sites\/508\/2024\/07\/Touch-300x205.png 300w, https:\/\/webs.uab.cat\/touch\/wp-content\/uploads\/sites\/508\/2024\/07\/Touch-768x524.png 768w\" sizes=\"auto, (max-width: 880px) 100vw, 880px\" \/><\/a><\/figure><\/div>\n\n\n\n<div class=\"wp-block-cover alignfull has-negre-eben-color has-text-color has-link-color wp-elements-fab9a17351270062a1bb79663ffa9572\"><span aria-hidden=\"true\" class=\"wp-block-cover__background has-background-dim-0 has-background-dim\"><\/span><img loading=\"lazy\" decoding=\"async\" width=\"4000\" height=\"1458\" class=\"wp-block-cover__image-background wp-image-188\" alt=\"\" src=\"https:\/\/webs.uab.cat\/touch\/wp-content\/uploads\/sites\/508\/2024\/02\/TOUCH_selection_workflow_bck.png\" data-object-fit=\"cover\" srcset=\"https:\/\/webs.uab.cat\/touch\/wp-content\/uploads\/sites\/508\/2024\/02\/TOUCH_selection_workflow_bck.png 4000w, https:\/\/webs.uab.cat\/touch\/wp-content\/uploads\/sites\/508\/2024\/02\/TOUCH_selection_workflow_bck-300x109.png 300w, https:\/\/webs.uab.cat\/touch\/wp-content\/uploads\/sites\/508\/2024\/02\/TOUCH_selection_workflow_bck-1024x373.png 1024w, https:\/\/webs.uab.cat\/touch\/wp-content\/uploads\/sites\/508\/2024\/02\/TOUCH_selection_workflow_bck-768x280.png 768w, https:\/\/webs.uab.cat\/touch\/wp-content\/uploads\/sites\/508\/2024\/02\/TOUCH_selection_workflow_bck-1536x560.png 1536w, https:\/\/webs.uab.cat\/touch\/wp-content\/uploads\/sites\/508\/2024\/02\/TOUCH_selection_workflow_bck-2048x746.png 2048w, https:\/\/webs.uab.cat\/touch\/wp-content\/uploads\/sites\/508\/2024\/02\/TOUCH_selection_workflow_bck-1200x437.png 1200w, https:\/\/webs.uab.cat\/touch\/wp-content\/uploads\/sites\/508\/2024\/02\/TOUCH_selection_workflow_bck-1980x722.png 1980w\" sizes=\"auto, (max-width: 4000px) 100vw, 4000px\" \/><div class=\"wp-block-cover__inner-container is-layout-constrained wp-block-cover-is-layout-constrained\">\n<h1 class=\"wp-block-heading has-text-align-center has-groc-caputxina-color has-text-color has-link-color has-larger-font-size wp-elements-f42827f9deae00b1a459f440ef15d17d\" id=\"the-goal\" style=\"font-style:normal;font-weight:700\">The goals<\/h1>\n\n\n\n<p class=\"has-text-align-center has-normal-font-size\">Recruitment and training of 24 doctoral candidates under four major thematic areas in <strong>mental health &amp; wellbeing<\/strong> research:<\/p>\n\n\n\n<div class=\"wp-block-columns is-layout-flex wp-container-core-columns-is-layout-9d6595d7 wp-block-columns-is-layout-flex\">\n<div class=\"wp-block-column is-layout-flow wp-block-column-is-layout-flow\" style=\"flex-basis:10px\"><\/div>\n\n\n\n<div class=\"wp-block-column is-layout-flow wp-block-column-is-layout-flow\">\n<ol class=\"wp-block-list\">\n<li class=\"has-normal-font-size\">Fostering mental health and wellbeing across <strong>lifespan<\/strong>.<\/li>\n\n\n\n<li class=\"has-normal-font-size\">Transdisciplinary approach to mental health &amp; wellbeing<strong> determinants<\/strong>.<\/li>\n\n\n\n<li class=\"has-normal-font-size\">Multilevel strategies for <strong>assessment and intervention <\/strong>in mental health &amp; wellbeing: from genomics to personomics<\/li>\n\n\n\n<li class=\"has-normal-font-size\"><strong>Governance<\/strong> in mental health systems: participation, education, and community.<\/li>\n<\/ol>\n<\/div>\n<\/div>\n\n\n\n<p class=\"has-text-align-center has-normal-font-size\">Fulfilling all the principles of <strong>Open Science<\/strong>.<\/p>\n\n\n\n<p class=\"has-text-align-center has-normal-font-size\">Maintaining the <strong>highest research quality standards<\/strong>.<\/p>\n<\/div><\/div>\n\n\n\n<div class=\"wp-block-media-text alignwide is-stacked-on-mobile is-vertically-aligned-center has-blanc-coco-background-color has-background\" style=\"grid-template-columns:38% auto\"><figure class=\"wp-block-media-text__media\"><img loading=\"lazy\" decoding=\"async\" width=\"1024\" height=\"676\" src=\"https:\/\/webs.uab.cat\/touch\/wp-content\/uploads\/sites\/508\/2024\/03\/People-02-02-1024x676.jpg\" alt=\"\" class=\"wp-image-580 size-full\" srcset=\"https:\/\/webs.uab.cat\/touch\/wp-content\/uploads\/sites\/508\/2024\/03\/People-02-02-1024x676.jpg 1024w, https:\/\/webs.uab.cat\/touch\/wp-content\/uploads\/sites\/508\/2024\/03\/People-02-02-300x198.jpg 300w, https:\/\/webs.uab.cat\/touch\/wp-content\/uploads\/sites\/508\/2024\/03\/People-02-02-768x507.jpg 768w, https:\/\/webs.uab.cat\/touch\/wp-content\/uploads\/sites\/508\/2024\/03\/People-02-02-1536x1014.jpg 1536w, https:\/\/webs.uab.cat\/touch\/wp-content\/uploads\/sites\/508\/2024\/03\/People-02-02-2048x1352.jpg 2048w, https:\/\/webs.uab.cat\/touch\/wp-content\/uploads\/sites\/508\/2024\/03\/People-02-02-1200x792.jpg 1200w, https:\/\/webs.uab.cat\/touch\/wp-content\/uploads\/sites\/508\/2024\/03\/People-02-02-1980x1307.jpg 1980w\" sizes=\"auto, (max-width: 1024px) 100vw, 1024px\" \/><\/figure><div class=\"wp-block-media-text__content\">\n<div class=\"wp-block-group\" style=\"padding-top:2em;padding-right:2em;padding-bottom:2em;padding-left:2em\"><div class=\"wp-block-group__inner-container is-layout-flow wp-block-group-is-layout-flow\">\n<h1 class=\"wp-block-heading has-groc-caputxina-color has-text-color has-link-color has-larger-font-size wp-elements-f4ec9ae642786e5e70dc359c58c91fb2\" id=\"Joining-forces-in-mental-health-research\" style=\"font-style:normal;font-weight:700\">Joining forces in mental health research<\/h1>\n\n\n\n<p class=\"has-normal-font-size\">TOUCH is a stepping stone towards the implementation of a long-term collaboration agreement in the framework of the <a href=\"mailto:https:\/\/www.uab.cat\/web\/research\/itineraries\/innovation-and-knowledge-transfer\/cores-uab\/core-in-mental-health\/research-network-in-mental-health-1345698259611.html\">Research Network in Mental Health<\/a>, one of the Communities Oriented to Strategic Challenges (CORE, by its acronym in Catalan) promoted by the Autonomous University of Barcelona (UAB). The project will act as a key tool to articulate the necessary capacities from the UAB sphere to carry out successful research projects in complex and strategic areas through a collaborative, multidisciplinary and innovative approach.<\/p>\n<\/div><\/div>\n<\/div><\/div>\n\n\n\n<h1 class=\"wp-block-heading alignwide has-groc-caputxina-color has-text-color has-link-color has-larger-font-size wp-elements-f8c4fb5d88ff0a7052ba13cb1dc650ba\" id=\"What-does-TOUCH-offer\">What does TOUCH offer?<\/h1>\n\n\n\n<div class=\"wp-block-columns alignwide is-layout-flex wp-container-core-columns-is-layout-9d6595d7 wp-block-columns-is-layout-flex\">\n<div class=\"wp-block-column is-layout-flow wp-block-column-is-layout-flow\">\n<ul class=\"wp-block-list\">\n<li class=\"has-normal-font-size\"><strong>Over 60 opportunities<\/strong> to undertake research projects with <strong>renowned supervisors<\/strong>.<\/li>\n\n\n\n<li class=\"has-normal-font-size\"><strong>3-year full-time contract <\/strong>(37,5 hours \/ week) and a gross salary of 2.375 \u20ac\/month (the salary will be the same for the 3 years).<\/li>\n\n\n\n<li class=\"has-normal-font-size\">The <strong>international and intersectoral aspects<\/strong> of the programme will be enhanced through collaboration with several associated partner organisations, including universities, private companies, social enterprises &amp; associations, research centres, clusters, foundations &amp; mental health associations.<\/li>\n<\/ul>\n<\/div>\n\n\n\n<div class=\"wp-block-column is-layout-flow wp-block-column-is-layout-flow\">\n<ul class=\"wp-block-list\">\n<li class=\"has-normal-font-size\">The availability of <strong>world-class research infrastructures<\/strong>.<\/li>\n\n\n\n<li class=\"has-normal-font-size\">An excellent training programme, including:\n<ul class=\"wp-block-list\">\n<li>Practical hands-on schools.<\/li>\n\n\n\n<li>Training in research diversity and scientific and communication skills, and a personal development retreat, among other activities to bring a holistic approach to the training through a combination of research-oriented and challenging soft skills.<\/li>\n\n\n\n<li>International and\/or intersectoral secondments at partner laboratories and premises.<\/li>\n<\/ul>\n<\/li>\n<\/ul>\n<\/div>\n<\/div>\n\n\n\n<div class=\"wp-block-cover alignfull has-negre-eben-color has-text-color has-link-color wp-elements-16741b698033f4dd58c64c77e0912cda\"><span aria-hidden=\"true\" class=\"wp-block-cover__background has-background-dim-0 has-background-dim\"><\/span><img loading=\"lazy\" decoding=\"async\" width=\"4000\" height=\"1458\" class=\"wp-block-cover__image-background wp-image-188\" alt=\"\" src=\"https:\/\/webs.uab.cat\/touch\/wp-content\/uploads\/sites\/508\/2024\/02\/TOUCH_selection_workflow_bck.png\" data-object-fit=\"cover\" srcset=\"https:\/\/webs.uab.cat\/touch\/wp-content\/uploads\/sites\/508\/2024\/02\/TOUCH_selection_workflow_bck.png 4000w, https:\/\/webs.uab.cat\/touch\/wp-content\/uploads\/sites\/508\/2024\/02\/TOUCH_selection_workflow_bck-300x109.png 300w, https:\/\/webs.uab.cat\/touch\/wp-content\/uploads\/sites\/508\/2024\/02\/TOUCH_selection_workflow_bck-1024x373.png 1024w, https:\/\/webs.uab.cat\/touch\/wp-content\/uploads\/sites\/508\/2024\/02\/TOUCH_selection_workflow_bck-768x280.png 768w, https:\/\/webs.uab.cat\/touch\/wp-content\/uploads\/sites\/508\/2024\/02\/TOUCH_selection_workflow_bck-1536x560.png 1536w, https:\/\/webs.uab.cat\/touch\/wp-content\/uploads\/sites\/508\/2024\/02\/TOUCH_selection_workflow_bck-2048x746.png 2048w, https:\/\/webs.uab.cat\/touch\/wp-content\/uploads\/sites\/508\/2024\/02\/TOUCH_selection_workflow_bck-1200x437.png 1200w, https:\/\/webs.uab.cat\/touch\/wp-content\/uploads\/sites\/508\/2024\/02\/TOUCH_selection_workflow_bck-1980x722.png 1980w\" sizes=\"auto, (max-width: 4000px) 100vw, 4000px\" \/><div class=\"wp-block-cover__inner-container is-layout-constrained wp-block-cover-is-layout-constrained\">\n<h1 class=\"wp-block-heading alignwide has-text-align-center has-groc-caputxina-color has-text-color has-link-color has-larger-font-size wp-elements-79cf1683a6081364c7539e85452c454d\" id=\"Where-can-you-do-your-doctoral-studies\">Where can you do your doctoral studies?<\/h1>\n\n\n\n<p class=\"has-text-align-center has-normal-font-size\">The TOUCH doctoral programme involves the Universitat Aut\u00f2noma de Barcelona and 7 reference organisations as implementing partners hosting doctoral students (research centres, research foundations and research organisations linked to prestigious hospitals in the region):<\/p>\n\n\n\n<figure class=\"wp-block-gallery has-nested-images columns-4 is-cropped wp-block-gallery-1 is-layout-flex wp-block-gallery-is-layout-flex\">\n<figure class=\"wp-block-image size-full is-style-rounded\"><a href=\"https:\/\/webs.uab.cat\/touch\/partner-organizations#coordinator\"><img loading=\"lazy\" decoding=\"async\" width=\"800\" height=\"800\" data-id=\"45\" src=\"https:\/\/webs.uab.cat\/touch\/wp-content\/uploads\/sites\/508\/2024\/02\/01_UAB.png\" alt=\"\" class=\"wp-image-45\" srcset=\"https:\/\/webs.uab.cat\/touch\/wp-content\/uploads\/sites\/508\/2024\/02\/01_UAB.png 800w, https:\/\/webs.uab.cat\/touch\/wp-content\/uploads\/sites\/508\/2024\/02\/01_UAB-300x300.png 300w, https:\/\/webs.uab.cat\/touch\/wp-content\/uploads\/sites\/508\/2024\/02\/01_UAB-150x150.png 150w, https:\/\/webs.uab.cat\/touch\/wp-content\/uploads\/sites\/508\/2024\/02\/01_UAB-768x768.png 768w\" sizes=\"auto, (max-width: 800px) 100vw, 800px\" \/><\/a><figcaption class=\"wp-element-caption\"><strong>UAB<\/strong><br>Univestiat Aut\u00f2noma de Barcelona<\/figcaption><\/figure>\n\n\n\n<figure class=\"wp-block-image size-full is-style-rounded\"><a href=\"https:\/\/webs.uab.cat\/touch\/partner-organizations#implementing-partners\"><img loading=\"lazy\" decoding=\"async\" width=\"800\" height=\"800\" data-id=\"46\" src=\"https:\/\/webs.uab.cat\/touch\/wp-content\/uploads\/sites\/508\/2024\/02\/02_CED.png\" alt=\"\" class=\"wp-image-46\" srcset=\"https:\/\/webs.uab.cat\/touch\/wp-content\/uploads\/sites\/508\/2024\/02\/02_CED.png 800w, https:\/\/webs.uab.cat\/touch\/wp-content\/uploads\/sites\/508\/2024\/02\/02_CED-300x300.png 300w, https:\/\/webs.uab.cat\/touch\/wp-content\/uploads\/sites\/508\/2024\/02\/02_CED-150x150.png 150w, https:\/\/webs.uab.cat\/touch\/wp-content\/uploads\/sites\/508\/2024\/02\/02_CED-768x768.png 768w\" sizes=\"auto, (max-width: 800px) 100vw, 800px\" \/><\/a><figcaption class=\"wp-element-caption\"><strong> CED<\/strong><br>Centre d\u2019Estudis Demogr\u00e0fics<\/figcaption><\/figure>\n\n\n\n<figure class=\"wp-block-image size-full is-style-rounded\"><a href=\"https:\/\/webs.uab.cat\/touch\/partner-organizations\/#implementing-partners\"><img loading=\"lazy\" decoding=\"async\" width=\"800\" height=\"800\" data-id=\"50\" src=\"https:\/\/webs.uab.cat\/touch\/wp-content\/uploads\/sites\/508\/2024\/02\/03_CRM.png\" alt=\"\" class=\"wp-image-50\" srcset=\"https:\/\/webs.uab.cat\/touch\/wp-content\/uploads\/sites\/508\/2024\/02\/03_CRM.png 800w, https:\/\/webs.uab.cat\/touch\/wp-content\/uploads\/sites\/508\/2024\/02\/03_CRM-300x300.png 300w, https:\/\/webs.uab.cat\/touch\/wp-content\/uploads\/sites\/508\/2024\/02\/03_CRM-150x150.png 150w, https:\/\/webs.uab.cat\/touch\/wp-content\/uploads\/sites\/508\/2024\/02\/03_CRM-768x768.png 768w\" sizes=\"auto, (max-width: 800px) 100vw, 800px\" \/><\/a><figcaption class=\"wp-element-caption\"><strong>CRM<\/strong><br>Centre de Recerca Matem\u00e0tica<\/figcaption><\/figure>\n\n\n\n<figure class=\"wp-block-image size-full is-style-rounded\"><a href=\"https:\/\/webs.uab.cat\/touch\/partner-organizations\/#implementing-partners\"><img loading=\"lazy\" decoding=\"async\" width=\"800\" height=\"800\" data-id=\"47\" src=\"https:\/\/webs.uab.cat\/touch\/wp-content\/uploads\/sites\/508\/2024\/02\/04_CVC.png\" alt=\"\" class=\"wp-image-47\" srcset=\"https:\/\/webs.uab.cat\/touch\/wp-content\/uploads\/sites\/508\/2024\/02\/04_CVC.png 800w, https:\/\/webs.uab.cat\/touch\/wp-content\/uploads\/sites\/508\/2024\/02\/04_CVC-300x300.png 300w, https:\/\/webs.uab.cat\/touch\/wp-content\/uploads\/sites\/508\/2024\/02\/04_CVC-150x150.png 150w, https:\/\/webs.uab.cat\/touch\/wp-content\/uploads\/sites\/508\/2024\/02\/04_CVC-768x768.png 768w\" sizes=\"auto, (max-width: 800px) 100vw, 800px\" \/><\/a><figcaption class=\"wp-element-caption\"><strong>CVC<\/strong><br>Centre de Visi\u00f3 per Computador<\/figcaption><\/figure>\n\n\n\n<figure class=\"wp-block-image size-full is-style-rounded\"><a href=\"https:\/\/webs.uab.cat\/touch\/partner-organizations\/#implementing-partners\"><img loading=\"lazy\" decoding=\"async\" width=\"800\" height=\"800\" data-id=\"52\" src=\"https:\/\/webs.uab.cat\/touch\/wp-content\/uploads\/sites\/508\/2024\/02\/05_FSiE.png\" alt=\"\" class=\"wp-image-52\" srcset=\"https:\/\/webs.uab.cat\/touch\/wp-content\/uploads\/sites\/508\/2024\/02\/05_FSiE.png 800w, https:\/\/webs.uab.cat\/touch\/wp-content\/uploads\/sites\/508\/2024\/02\/05_FSiE-300x300.png 300w, https:\/\/webs.uab.cat\/touch\/wp-content\/uploads\/sites\/508\/2024\/02\/05_FSiE-150x150.png 150w, https:\/\/webs.uab.cat\/touch\/wp-content\/uploads\/sites\/508\/2024\/02\/05_FSiE-768x768.png 768w\" sizes=\"auto, (max-width: 800px) 100vw, 800px\" \/><\/a><figcaption class=\"wp-element-caption\"><strong>FSIE<\/strong><br>Fundaci\u00f3 Salut i Envelliment<\/figcaption><\/figure>\n\n\n\n<figure class=\"wp-block-image size-full is-style-rounded\"><a href=\"https:\/\/webs.uab.cat\/touch\/partner-organizations\/#implementing-partners\"><img loading=\"lazy\" decoding=\"async\" width=\"800\" height=\"800\" data-id=\"51\" src=\"https:\/\/webs.uab.cat\/touch\/wp-content\/uploads\/sites\/508\/2024\/02\/06_I3PT.png\" alt=\"\" class=\"wp-image-51\" srcset=\"https:\/\/webs.uab.cat\/touch\/wp-content\/uploads\/sites\/508\/2024\/02\/06_I3PT.png 800w, https:\/\/webs.uab.cat\/touch\/wp-content\/uploads\/sites\/508\/2024\/02\/06_I3PT-300x300.png 300w, https:\/\/webs.uab.cat\/touch\/wp-content\/uploads\/sites\/508\/2024\/02\/06_I3PT-150x150.png 150w, https:\/\/webs.uab.cat\/touch\/wp-content\/uploads\/sites\/508\/2024\/02\/06_I3PT-768x768.png 768w\" sizes=\"auto, (max-width: 800px) 100vw, 800px\" \/><\/a><figcaption class=\"wp-element-caption\"><strong>I3PT<\/strong><br>Institut d\u2019Investigaci\u00f3 i Innovaci\u00f3 Parc Taul\u00ed <\/figcaption><\/figure>\n\n\n\n<figure class=\"wp-block-image size-full is-style-rounded\"><a href=\"https:\/\/webs.uab.cat\/touch\/partner-organizations\/#implementing-partners\"><img loading=\"lazy\" decoding=\"async\" width=\"800\" height=\"800\" data-id=\"49\" src=\"https:\/\/webs.uab.cat\/touch\/wp-content\/uploads\/sites\/508\/2024\/02\/07_IRSantPau.png\" alt=\"\" class=\"wp-image-49\" srcset=\"https:\/\/webs.uab.cat\/touch\/wp-content\/uploads\/sites\/508\/2024\/02\/07_IRSantPau.png 800w, https:\/\/webs.uab.cat\/touch\/wp-content\/uploads\/sites\/508\/2024\/02\/07_IRSantPau-300x300.png 300w, https:\/\/webs.uab.cat\/touch\/wp-content\/uploads\/sites\/508\/2024\/02\/07_IRSantPau-150x150.png 150w, https:\/\/webs.uab.cat\/touch\/wp-content\/uploads\/sites\/508\/2024\/02\/07_IRSantPau-768x768.png 768w\" sizes=\"auto, (max-width: 800px) 100vw, 800px\" \/><\/a><figcaption class=\"wp-element-caption\"><strong>IR Sant Pau<br><\/strong>Institut de Recerca Sant Pau <\/figcaption><\/figure>\n\n\n\n<figure class=\"wp-block-image size-full is-style-rounded\"><a href=\"https:\/\/webs.uab.cat\/touch\/partner-organizations\/#implementing-partners\"><img loading=\"lazy\" decoding=\"async\" width=\"800\" height=\"800\" data-id=\"48\" src=\"https:\/\/webs.uab.cat\/touch\/wp-content\/uploads\/sites\/508\/2024\/02\/08_VHIR.png\" alt=\"\" class=\"wp-image-48\" srcset=\"https:\/\/webs.uab.cat\/touch\/wp-content\/uploads\/sites\/508\/2024\/02\/08_VHIR.png 800w, https:\/\/webs.uab.cat\/touch\/wp-content\/uploads\/sites\/508\/2024\/02\/08_VHIR-300x300.png 300w, https:\/\/webs.uab.cat\/touch\/wp-content\/uploads\/sites\/508\/2024\/02\/08_VHIR-150x150.png 150w, https:\/\/webs.uab.cat\/touch\/wp-content\/uploads\/sites\/508\/2024\/02\/08_VHIR-768x768.png 768w\" sizes=\"auto, (max-width: 800px) 100vw, 800px\" \/><\/a><figcaption class=\"wp-element-caption\"><strong>VHIR<\/strong><br>Vall d\u2019Hebron Institut de Recerca <\/figcaption><\/figure>\n<\/figure>\n<\/div><\/div>\n\n\n\n<h1 class=\"wp-block-heading alignwide has-groc-caputxina-color has-text-color has-link-color has-larger-font-size wp-elements-a1b47c654ebb1ca3f42b32fe235047a1\" id=\"Training\">Training<\/h1>\n\n\n\n<details class=\"wp-block-mamaduka-toggles alignwide wp-block-toggles\"><summary>Initial workshop<\/summary><div class=\"wp-block-toggles__content\">\n<p>Two workshops will be organized gathering doctoral fellows recruited under each Open Call. The workshops will last 4 days and will include <strong>scientific lectures <\/strong>given by high profile experts of the field, and <strong>training in transferable skills<\/strong>.<\/p>\n<\/div><\/details>\n\n\n\n<details class=\"wp-block-mamaduka-toggles alignwide wp-block-toggles\"><summary>Hands-on schools<\/summary><div class=\"wp-block-toggles__content\">\n<p>Training doctoral candidates on <strong>theoretical &amp; practical aspects <\/strong>on specific topics relevant for the field of mental health. 4 hands-on-schools of 3 days will be organised, each of them will be focused on one of the four thematic areas of the programme. Doctoral candidates will have to participate in 2 of the 4 trainings offered.<\/p>\n<\/div><\/details>\n\n\n\n<details class=\"wp-block-mamaduka-toggles alignwide wp-block-toggles\"><summary>Workshop on research diversity<\/summary><div class=\"wp-block-toggles__content\">\n<p>This half-a-day workshop is aimed at introducing doctoral fellows about the value of <strong>diversity<\/strong>, the challenges and outline the tools to make diversity work in research proposals and projects.<\/p>\n<\/div><\/details>\n\n\n\n<details class=\"wp-block-mamaduka-toggles alignwide wp-block-toggles\"><summary>TOUCH programme on scientific and communication skills<\/summary><div class=\"wp-block-toggles__content\">\n<p>This programme aims at training doctoral fellows, with innovative techniques and proven didactic concepts, in a range of key topics, including lectures and practical tools on <strong>oral &amp; poster presentations, scientific publishing &amp; how to read a paper, outreach &amp; online science communication<\/strong>, and <strong>career development<\/strong>.<\/p>\n<\/div><\/details>\n\n\n\n<details class=\"wp-block-mamaduka-toggles alignwide wp-block-toggles\"><summary>TOUCH retreat for personal development<\/summary><div class=\"wp-block-toggles__content\">\n<p>3 days retreat away from research for <strong>personal development &amp; team building<\/strong> activities to promote networking in a relaxed environment.<\/p>\n<\/div><\/details>\n\n\n\n<details class=\"wp-block-mamaduka-toggles alignwide wp-block-toggles\"><summary>Secondments<\/summary><div class=\"wp-block-toggles__content\">\n<p>Exchange visits are planned for all recruited fellows throughout the project at partner laboratories and premises for intersectoral and interdisciplinary transfer of knowledge. <strong>Secondments will last 3-6 months <\/strong>with a minimum of one secondment\/doctoral fellow.<\/p>\n<\/div><\/details>\n\n\n\n<div class=\"wp-block-cover alignfull\" style=\"min-height:219px;aspect-ratio:unset;\"><span aria-hidden=\"true\" class=\"wp-block-cover__background has-background-dim-0 has-background-dim\"><\/span><img loading=\"lazy\" decoding=\"async\" width=\"4000\" height=\"1458\" class=\"wp-block-cover__image-background wp-image-188\" alt=\"\" src=\"https:\/\/webs.uab.cat\/touch\/wp-content\/uploads\/sites\/508\/2024\/02\/TOUCH_selection_workflow_bck.png\" data-object-fit=\"cover\" srcset=\"https:\/\/webs.uab.cat\/touch\/wp-content\/uploads\/sites\/508\/2024\/02\/TOUCH_selection_workflow_bck.png 4000w, https:\/\/webs.uab.cat\/touch\/wp-content\/uploads\/sites\/508\/2024\/02\/TOUCH_selection_workflow_bck-300x109.png 300w, https:\/\/webs.uab.cat\/touch\/wp-content\/uploads\/sites\/508\/2024\/02\/TOUCH_selection_workflow_bck-1024x373.png 1024w, https:\/\/webs.uab.cat\/touch\/wp-content\/uploads\/sites\/508\/2024\/02\/TOUCH_selection_workflow_bck-768x280.png 768w, https:\/\/webs.uab.cat\/touch\/wp-content\/uploads\/sites\/508\/2024\/02\/TOUCH_selection_workflow_bck-1536x560.png 1536w, https:\/\/webs.uab.cat\/touch\/wp-content\/uploads\/sites\/508\/2024\/02\/TOUCH_selection_workflow_bck-2048x746.png 2048w, https:\/\/webs.uab.cat\/touch\/wp-content\/uploads\/sites\/508\/2024\/02\/TOUCH_selection_workflow_bck-1200x437.png 1200w, https:\/\/webs.uab.cat\/touch\/wp-content\/uploads\/sites\/508\/2024\/02\/TOUCH_selection_workflow_bck-1980x722.png 1980w\" sizes=\"auto, (max-width: 4000px) 100vw, 4000px\" \/><div class=\"wp-block-cover__inner-container is-layout-constrained wp-block-cover-is-layout-constrained\">\n<h1 class=\"wp-block-heading has-text-align-center has-negre-eben-color has-text-color has-link-color has-large-font-size wp-elements-9d77afdfbe61e3a74bf6e3a35871868c\">Any questions?<\/h1>\n\n\n\n<p class=\"has-text-align-center has-negre-eben-color has-text-color has-link-color wp-elements-4177b1b84a87b36c16c9cdfd2ba7fcce\">Watch the video of the TOUCH Info Day.<\/p>\n\n\n\n<figure class=\"wp-block-embed is-type-video is-provider-youtube wp-block-embed-youtube wp-embed-aspect-16-9 wp-has-aspect-ratio\"><div class=\"wp-block-embed__wrapper\">\n<iframe loading=\"lazy\" title=\"TOUCH Info Day\" width=\"580\" height=\"326\" src=\"https:\/\/www.youtube.com\/embed\/ML3BsIB16Do?feature=oembed\" frameborder=\"0\" allow=\"accelerometer; autoplay; clipboard-write; encrypted-media; gyroscope; picture-in-picture; web-share\" referrerpolicy=\"strict-origin-when-cross-origin\" allowfullscreen><\/iframe>\n<\/div><\/figure>\n<\/div><\/div>\n","protected":false},"excerpt":{"rendered":"<p>What does TOUCH offer? Training<\/p>\n","protected":false},"author":2549,"featured_media":0,"parent":0,"menu_order":0,"comment_status":"closed","ping_status":"closed","template":"","meta":{"footnotes":""},"class_list":["post-2","page","type-page","status-publish","hentry"],"_links":{"self":[{"href":"https:\/\/webs.uab.cat\/touch\/wp-json\/wp\/v2\/pages\/2","targetHints":{"allow":["GET"]}}],"collection":[{"href":"https:\/\/webs.uab.cat\/touch\/wp-json\/wp\/v2\/pages"}],"about":[{"href":"https:\/\/webs.uab.cat\/touch\/wp-json\/wp\/v2\/types\/page"}],"author":[{"embeddable":true,"href":"https:\/\/webs.uab.cat\/touch\/wp-json\/wp\/v2\/users\/2549"}],"replies":[{"embeddable":true,"href":"https:\/\/webs.uab.cat\/touch\/wp-json\/wp\/v2\/comments?post=2"}],"version-history":[{"count":58,"href":"https:\/\/webs.uab.cat\/touch\/wp-json\/wp\/v2\/pages\/2\/revisions"}],"predecessor-version":[{"id":814,"href":"https:\/\/webs.uab.cat\/touch\/wp-json\/wp\/v2\/pages\/2\/revisions\/814"}],"wp:attachment":[{"href":"https:\/\/webs.uab.cat\/touch\/wp-json\/wp\/v2\/media?parent=2"}],"curies":[{"name":"wp","href":"https:\/\/api.w.org\/{rel}","templated":true}]}}