{"id":129,"date":"2017-03-01T10:28:33","date_gmt":"2017-03-01T08:28:33","guid":{"rendered":"https:\/\/webs.uab.cat\/tradumatica\/contact\/"},"modified":"2017-03-01T10:28:33","modified_gmt":"2017-03-01T08:28:33","slug":"contact","status":"publish","type":"page","link":"https:\/\/webs.uab.cat\/tradumatica\/en\/contact\/","title":{"rendered":"Contact"},"content":{"rendered":"<p>Please, contact us if:<\/p>\n<p>&nbsp;&nbsp;&nbsp;&nbsp;&nbsp;&nbsp; \u2022&nbsp;You have a research group and you want to establish contact with us.<br \/>\n&nbsp;&nbsp;&nbsp;&nbsp;&nbsp;&nbsp; \u2022&nbsp;You want to do research in the field of translation and new technologies with us.<br \/>\n&nbsp;&nbsp;&nbsp;&nbsp;&nbsp;&nbsp; \u2022&nbsp;You are writing an academic paper and you mention any of our publications.<br \/>\n&nbsp;&nbsp;&nbsp;&nbsp;&nbsp;&nbsp; \u2022&nbsp;You are a company and you need advice on new technologies applied to translation.<br \/>\n&nbsp;&nbsp;&nbsp;&nbsp;&nbsp;&nbsp; \u2022&nbsp;You have any question about the group&#8217;s activities.<\/p>\n<p>We will help you gladly!<\/p>\n<p>&nbsp;<\/p>\n<p><strong>Dra. Olga Torres Hostench<\/strong><br \/>\n<a href=\"mailto:Olga.torres.hostench@uab.cat\" target=\"_blank\" rel=\"noopener\">Olga.torres.hostench@uab.cat<\/a><\/p>\n<p>Department of Translation and Interpretation &amp; East Asian Studies&nbsp;<br \/>\n(Departament de Traducci\u00f3 i d&#8217;Interpretaci\u00f3 i d&#8217;Estudis de l&#8217;\u00c0sia Oriental)<\/p>\n<p>Edificio K &#8211; Facultad de Traducci\u00f3n e Interpretaci\u00f3n<br \/>\nUniversitat Aut\u00f2noma de Barcelona<br \/>\n08193 Bellaterra, Barcelona<\/p>\n<p>Office: K\/1014<br \/>\nTel.: +34 93 581 33 76<\/p>\n<p>&nbsp;<\/p>\n","protected":false},"excerpt":{"rendered":"<p>Please, contact us if: &nbsp;&nbsp;&nbsp;&nbsp;&nbsp;&nbsp; \u2022&nbsp;You have a research group and you want to establish contact with us. &nbsp;&nbsp;&nbsp;&nbsp;&nbsp;&nbsp; \u2022&nbsp;You want to do research in the field of translation and new technologies with us. &nbsp;&nbsp;&nbsp;&nbsp;&nbsp;&nbsp; \u2022&nbsp;You are writing an academic paper and you mention any of our publications. &nbsp;&nbsp;&nbsp;&nbsp;&nbsp;&nbsp; \u2022&nbsp;You are a company and you [&hellip;]<\/p>\n","protected":false},"author":20,"featured_media":0,"parent":0,"menu_order":0,"comment_status":"closed","ping_status":"closed","template":"","meta":{"footnotes":""},"class_list":["post-129","page","type-page","status-publish","hentry"],"_links":{"self":[{"href":"https:\/\/webs.uab.cat\/tradumatica\/en\/wp-json\/wp\/v2\/pages\/129","targetHints":{"allow":["GET"]}}],"collection":[{"href":"https:\/\/webs.uab.cat\/tradumatica\/en\/wp-json\/wp\/v2\/pages"}],"about":[{"href":"https:\/\/webs.uab.cat\/tradumatica\/en\/wp-json\/wp\/v2\/types\/page"}],"author":[{"embeddable":true,"href":"https:\/\/webs.uab.cat\/tradumatica\/en\/wp-json\/wp\/v2\/users\/20"}],"replies":[{"embeddable":true,"href":"https:\/\/webs.uab.cat\/tradumatica\/en\/wp-json\/wp\/v2\/comments?post=129"}],"version-history":[{"count":0,"href":"https:\/\/webs.uab.cat\/tradumatica\/en\/wp-json\/wp\/v2\/pages\/129\/revisions"}],"wp:attachment":[{"href":"https:\/\/webs.uab.cat\/tradumatica\/en\/wp-json\/wp\/v2\/media?parent=129"}],"curies":[{"name":"wp","href":"https:\/\/api.w.org\/{rel}","templated":true}]}}