{"id":128,"date":"2017-03-01T10:25:29","date_gmt":"2017-03-01T08:25:29","guid":{"rendered":"https:\/\/webs.uab.cat\/tradumatica\/contacto\/"},"modified":"2017-03-01T10:25:29","modified_gmt":"2017-03-01T08:25:29","slug":"contacto","status":"publish","type":"page","link":"https:\/\/webs.uab.cat\/tradumatica\/es\/contacto\/","title":{"rendered":"Contacto"},"content":{"rendered":"<p>Poneos en contacto con nosotros si:<\/p>\n<p>&nbsp;&nbsp;&nbsp;&nbsp;&nbsp;&nbsp;\u2022 Ten\u00e9is un grup de investigaci\u00f3n y quer\u00e9is establecer v\u00edas de colaboraci\u00f3n con nosotros.<br \/>\n&nbsp;&nbsp;&nbsp;&nbsp;&nbsp;&nbsp;\u2022 Quer\u00e9is investigar en el campo de la traducci\u00f3n y las nuevas tecnolog\u00edas con nosotros.<br \/>\n&nbsp;&nbsp;&nbsp;&nbsp;&nbsp;&nbsp;\u2022 Est\u00e1is redactando un art\u00edculo acad\u00e9mico y citar\u00e9is publicaciones de nuestro grupo.<br \/>\n&nbsp;&nbsp;&nbsp;&nbsp;&nbsp;&nbsp;\u2022 Sois una empresa y necesit\u00e1is asesor\u00eda sobre las nuevas tecnolog\u00edas aplicadas a la traducci\u00f3n.<br \/>\n&nbsp;&nbsp;&nbsp;&nbsp;&nbsp;&nbsp;\u2022 Ten\u00e9is una consulta sobre las actividades del grupo.<\/p>\n<p>\u00a1Os ayudaremos con mucho gusto!<\/p>\n<p>&nbsp;<\/p>\n<p><strong>Dra. Olga Torres Hostench<\/strong><br \/>\n<a href=\"mailto:Olga.torres.hostench@uab.cat\" target=\"_blank\" rel=\"noopener\">Olga.torres.hostench@uab.cat<\/a><\/p>\n<p>Departamento de Traducci\u00f3n e Interpretaci\u00f3n y de Estudios de Asia Oriental<\/p>\n<p>Edificio K &#8211; Facultad de Traducci\u00f3n e Interpretaci\u00f3n<br \/>\nUniversitat Aut\u00f2noma de Barcelona<br \/>\n08193 Bellaterra, Barcelona<\/p>\n<p>Despacho: K\/1014<br \/>\nTel.: +34 93 581 33 76<\/p>\n<p>&nbsp;<\/p>\n","protected":false},"excerpt":{"rendered":"<p>Poneos en contacto con nosotros si: &nbsp;&nbsp;&nbsp;&nbsp;&nbsp;&nbsp;\u2022 Ten\u00e9is un grup de investigaci\u00f3n y quer\u00e9is establecer v\u00edas de colaboraci\u00f3n con nosotros. &nbsp;&nbsp;&nbsp;&nbsp;&nbsp;&nbsp;\u2022 Quer\u00e9is investigar en el campo de la traducci\u00f3n y las nuevas tecnolog\u00edas con nosotros. &nbsp;&nbsp;&nbsp;&nbsp;&nbsp;&nbsp;\u2022 Est\u00e1is redactando un art\u00edculo acad\u00e9mico y citar\u00e9is publicaciones de nuestro grupo. &nbsp;&nbsp;&nbsp;&nbsp;&nbsp;&nbsp;\u2022 Sois una empresa y necesit\u00e1is asesor\u00eda sobre [&hellip;]<\/p>\n","protected":false},"author":20,"featured_media":0,"parent":0,"menu_order":0,"comment_status":"closed","ping_status":"closed","template":"","meta":{"footnotes":""},"class_list":["post-128","page","type-page","status-publish","hentry"],"_links":{"self":[{"href":"https:\/\/webs.uab.cat\/tradumatica\/es\/wp-json\/wp\/v2\/pages\/128","targetHints":{"allow":["GET"]}}],"collection":[{"href":"https:\/\/webs.uab.cat\/tradumatica\/es\/wp-json\/wp\/v2\/pages"}],"about":[{"href":"https:\/\/webs.uab.cat\/tradumatica\/es\/wp-json\/wp\/v2\/types\/page"}],"author":[{"embeddable":true,"href":"https:\/\/webs.uab.cat\/tradumatica\/es\/wp-json\/wp\/v2\/users\/20"}],"replies":[{"embeddable":true,"href":"https:\/\/webs.uab.cat\/tradumatica\/es\/wp-json\/wp\/v2\/comments?post=128"}],"version-history":[{"count":0,"href":"https:\/\/webs.uab.cat\/tradumatica\/es\/wp-json\/wp\/v2\/pages\/128\/revisions"}],"wp:attachment":[{"href":"https:\/\/webs.uab.cat\/tradumatica\/es\/wp-json\/wp\/v2\/media?parent=128"}],"curies":[{"name":"wp","href":"https:\/\/api.w.org\/{rel}","templated":true}]}}