{"id":105,"date":"2010-09-23T13:44:51","date_gmt":"2010-09-23T11:44:51","guid":{"rendered":"https:\/\/webs.uab.cat\/tradumatica\/advisory-partners-alphabetical-order\/"},"modified":"2022-10-06T09:41:52","modified_gmt":"2022-10-06T07:41:52","slug":"advisory-partners-alphabetical-order","status":"publish","type":"page","link":"https:\/\/webs.uab.cat\/tradumatica\/advisory-partners-alphabetical-order\/","title":{"rendered":"Advisory Partners (In alphabetical order)"},"content":{"rendered":"\n<div class=\"wp-block-media-text is-stacked-on-mobile\" style=\"grid-template-columns:15% auto\"><figure class=\"wp-block-media-text__media\"><img decoding=\"async\" src=\"http:\/\/grupsderecerca.uab.cat\/tradumatica\/sites\/grupsderecerca.uab.cat.tradumatica\/files\/images\/ACT_logo.gif\" alt=\"ACT - Association of Translation Companies\"\/><\/figure><div class=\"wp-block-media-text__content\">\n<p class=\"has-normal-font-size\"><a rel=\"noreferrer noopener\" href=\"http:\/\/www.act.es\/\" target=\"_blank\">Associaci\u00f3 d&#8217;Empreses de Traducci\u00f3<\/a><\/p>\n<\/div><\/div>\n\n\n\n<div class=\"wp-block-media-text is-stacked-on-mobile\" style=\"grid-template-columns:15% auto\"><figure class=\"wp-block-media-text__media\"><img decoding=\"async\" src=\"http:\/\/grupsderecerca.uab.cat\/tradumatica\/sites\/grupsderecerca.uab.cat.tradumatica\/files\/images\/logo_ampersand_ca.png\" alt=\"ampersand - Translation and language services company \"\/><\/figure><div class=\"wp-block-media-text__content\">\n<p class=\"has-normal-font-size\"><a rel=\"noreferrer noopener\" href=\"http:\/\/www.ampersand.cat\/ca\" target=\"_blank\">Empresa de traducci\u00f3 i serveis ling\u00fc\u00edstics<\/a><\/p>\n<\/div><\/div>\n\n\n\n<div class=\"wp-block-media-text is-stacked-on-mobile\" style=\"grid-template-columns:30% auto\"><figure class=\"wp-block-media-text__media\"><img decoding=\"async\" src=\"http:\/\/grupsderecerca.uab.cat\/tradumatica\/sites\/grupsderecerca.uab.cat.tradumatica\/files\/images\/asetrad.gif\" alt=\"Asetrad - Spanish Association of Translators, Copyeditors and Interpreters\"\/><\/figure><div class=\"wp-block-media-text__content\">\n<p class=\"has-normal-font-size\"><a rel=\"noreferrer noopener\" href=\"http:\/\/www.asetrad.org\/\" target=\"_blank\">Associaci\u00f3 Espanyola de Traductors, Correctors i Int\u00e8rprets<\/a><\/p>\n<\/div><\/div>\n\n\n\n<div class=\"wp-block-media-text is-stacked-on-mobile\" style=\"grid-template-columns:20% auto\"><figure class=\"wp-block-media-text__media\"><img decoding=\"async\" src=\"http:\/\/grupsderecerca.uab.cat\/tradumatica\/sites\/grupsderecerca.uab.cat.tradumatica\/files\/images\/GENTT.jpg\" alt=\"GENTT - Textual Genres for Translation Research Group \"\/><\/figure><div class=\"wp-block-media-text__content\">\n<p class=\"has-normal-font-size\"><a rel=\"noreferrer noopener\" href=\"http:\/\/www.gentt.uji.es\/?q=ca\" target=\"_blank\">G\u00e8neres Textuals per a la Traducci\u00f3<\/a><br>Universitat Jaume I (Castell\u00f3)<\/p>\n<\/div><\/div>\n\n\n\n<div class=\"wp-block-media-text is-stacked-on-mobile\" style=\"grid-template-columns:30% auto\"><figure class=\"wp-block-media-text__media\"><img decoding=\"async\" src=\"http:\/\/grupsderecerca.uab.cat\/tradumatica\/sites\/grupsderecerca.uab.cat.tradumatica\/files\/images\/gizer-logo.gif\" alt=\"Gizer - Technology development company \"\/><\/figure><div class=\"wp-block-media-text__content\">\n<p class=\"has-normal-font-size\"><a rel=\"noreferrer noopener\" href=\"http:\/\/www.gizer.net\/\" target=\"_blank\">Empresa de desenvolupament de tecnologia<\/a><\/p>\n<\/div><\/div>\n\n\n\n<div class=\"wp-block-media-text is-stacked-on-mobile\" style=\"grid-template-columns:20% auto\"><figure class=\"wp-block-media-text__media\"><img decoding=\"async\" src=\"http:\/\/grupsderecerca.uab.cat\/tradumatica\/sites\/grupsderecerca.uab.cat.tradumatica\/files\/images\/hermes.jpg\" alt=\"Hermes - Translation and language services company\"\/><\/figure><div class=\"wp-block-media-text__content\">\n<p class=\"has-normal-font-size\"><a rel=\"noreferrer noopener\" href=\"http:\/\/www.hermestrans.com\/es\/index.html\" target=\"_blank\">Empresa de traducci\u00f3 i serveis ling\u00fc\u00edstics<\/a><\/p>\n<\/div><\/div>\n\n\n\n<div class=\"wp-block-media-text is-stacked-on-mobile\" style=\"grid-template-columns:15% auto\"><figure class=\"wp-block-media-text__media\"><img decoding=\"async\" src=\"http:\/\/grupsderecerca.uab.cat\/tradumatica\/sites\/grupsderecerca.uab.cat.tradumatica\/files\/images\/IDT-idt2.gif\" alt=\"IDT - Institute of Law and Technology \"\/><\/figure><div class=\"wp-block-media-text__content\">\n<p class=\"has-normal-font-size\"><a rel=\"noreferrer noopener\" href=\"http:\/\/idt.uab.es\/\" target=\"_blank\">Institute of Law and Technology<\/a><br>Universitat Aut\u00f2noma de Barcelona<\/p>\n<\/div><\/div>\n\n\n\n<div class=\"wp-block-media-text is-stacked-on-mobile\" style=\"grid-template-columns:20% auto\"><figure class=\"wp-block-media-text__media\"><img decoding=\"async\" src=\"http:\/\/grupsderecerca.uab.cat\/tradumatica\/sites\/grupsderecerca.uab.cat.tradumatica\/files\/images\/logoscrip.jpg\" alt=\"Logoscript - Software translation and localisation company \"\/><\/figure><div class=\"wp-block-media-text__content\">\n<p class=\"has-normal-font-size\"><a rel=\"noreferrer noopener\" href=\"http:\/\/www.logoscript.com\/ca\/index.php\" target=\"_blank\">Empresa de traducci\u00f3 i localitzaci\u00f3 de programari<\/a><\/p>\n<\/div><\/div>\n\n\n\n<div class=\"wp-block-media-text is-stacked-on-mobile\" style=\"grid-template-columns:30% auto\"><figure class=\"wp-block-media-text__media\"><img decoding=\"async\" src=\"http:\/\/grupsderecerca.uab.cat\/tradumatica\/sites\/grupsderecerca.uab.cat.tradumatica\/files\/images\/mss.jpg\" alt=\"mss translations\"\/><\/figure><div class=\"wp-block-media-text__content\">\n<p class=\"has-normal-font-size\"><a rel=\"noreferrer noopener\" href=\"http:\/\/www.mss.cat\/\" target=\"_blank\">Empresa de localitzaci\u00f3 i negocis-e<\/a><\/p>\n<\/div><\/div>\n\n\n\n<div class=\"wp-block-media-text is-stacked-on-mobile\" style=\"grid-template-columns:25% auto\"><figure class=\"wp-block-media-text__media\"><img decoding=\"async\" src=\"http:\/\/grupsderecerca.uab.cat\/tradumatica\/sites\/grupsderecerca.uab.cat.tradumatica\/files\/images\/logo-sdl-yctl-branding_tcm16-30905.gif\" alt=\"SDL Spain - Multinational software localisation company \"\/><\/figure><div class=\"wp-block-media-text__content\">\n<p class=\"has-normal-font-size\"><a rel=\"noreferrer noopener\" href=\"http:\/\/www.sdl.com\/es\/\" target=\"_blank\">SDL Spain<br>Empresa multinacional de localitzaci\u00f3 de programari<\/a><\/p>\n<\/div><\/div>\n","protected":false},"excerpt":{"rendered":"<p>Associaci\u00f3 d&#8217;Empreses de Traducci\u00f3 Empresa de traducci\u00f3 i serveis ling\u00fc\u00edstics Associaci\u00f3 Espanyola de Traductors, Correctors i Int\u00e8rprets G\u00e8neres Textuals per a la Traducci\u00f3Universitat Jaume I (Castell\u00f3) Empresa de desenvolupament de tecnologia Empresa de traducci\u00f3 i serveis ling\u00fc\u00edstics Institute of Law and TechnologyUniversitat Aut\u00f2noma de Barcelona Empresa de traducci\u00f3 i localitzaci\u00f3 de programari Empresa de localitzaci\u00f3 [&hellip;]<\/p>\n","protected":false},"author":20,"featured_media":0,"parent":0,"menu_order":0,"comment_status":"closed","ping_status":"closed","template":"","meta":{"footnotes":""},"class_list":["post-105","page","type-page","status-publish","hentry"],"_links":{"self":[{"href":"https:\/\/webs.uab.cat\/tradumatica\/wp-json\/wp\/v2\/pages\/105","targetHints":{"allow":["GET"]}}],"collection":[{"href":"https:\/\/webs.uab.cat\/tradumatica\/wp-json\/wp\/v2\/pages"}],"about":[{"href":"https:\/\/webs.uab.cat\/tradumatica\/wp-json\/wp\/v2\/types\/page"}],"author":[{"embeddable":true,"href":"https:\/\/webs.uab.cat\/tradumatica\/wp-json\/wp\/v2\/users\/20"}],"replies":[{"embeddable":true,"href":"https:\/\/webs.uab.cat\/tradumatica\/wp-json\/wp\/v2\/comments?post=105"}],"version-history":[{"count":1,"href":"https:\/\/webs.uab.cat\/tradumatica\/wp-json\/wp\/v2\/pages\/105\/revisions"}],"predecessor-version":[{"id":243,"href":"https:\/\/webs.uab.cat\/tradumatica\/wp-json\/wp\/v2\/pages\/105\/revisions\/243"}],"wp:attachment":[{"href":"https:\/\/webs.uab.cat\/tradumatica\/wp-json\/wp\/v2\/media?parent=105"}],"curies":[{"name":"wp","href":"https:\/\/api.w.org\/{rel}","templated":true}]}}