{"id":127,"date":"2017-03-01T10:24:48","date_gmt":"2017-03-01T08:24:48","guid":{"rendered":"https:\/\/webs.uab.cat\/tradumatica\/contacte\/"},"modified":"2017-03-01T10:24:48","modified_gmt":"2017-03-01T08:24:48","slug":"contacte","status":"publish","type":"page","link":"https:\/\/webs.uab.cat\/tradumatica\/contacte\/","title":{"rendered":"Contacte"},"content":{"rendered":"<p>Poseu-vos en contacte amb nosaltres si:<\/p>\n<p>&nbsp;&nbsp;&nbsp;&nbsp;&nbsp;&nbsp;\u2022 Teniu d&#8217;un grup de recerca que vol establir vies de col\u00b7laboraci\u00f3 amb nosaltres.<br \/>\n&nbsp;&nbsp;&nbsp;&nbsp;&nbsp;&nbsp;\u2022 Voleu fer recerca sobre traducci\u00f3 i noves tecnologies amb nosaltres.<br \/>\n&nbsp;&nbsp;&nbsp;&nbsp;&nbsp;&nbsp;\u2022 Esteu fent un article acad\u00e8mic i citareu publicacions del nostre grup.<br \/>\n&nbsp;&nbsp;&nbsp;&nbsp;&nbsp;&nbsp;\u2022 Sou d&#8217;una empresa i necessiteu assessoria sobre les noves tecnologies aplicades a la traducci\u00f3.<br \/>\n&nbsp;&nbsp;&nbsp;&nbsp;&nbsp;&nbsp;\u2022 Teniu qualsevol consulta sobre les activitats del grup.<\/p>\n<p>Us ajudarem amb molt de gust!<\/p>\n<p>&nbsp;<\/p>\n<p><strong>Dra. Olga Torres Hostench<\/strong><br \/>\n<a href=\"mailto:Olga.torres.hostench@uab.cat\" target=\"_blank\" rel=\"noopener\">Olga.torres.hostench@uab.cat<\/a><\/p>\n<p>Departament de Traducci\u00f3 i d&#8217;Interpretaci\u00f3 i d&#8217;Estudis de l&#8217;\u00c0sia Oriental<\/p>\n<p>Edificio K &#8211; Facultad de Traducci\u00f3n e Interpretaci\u00f3n<br \/>\nUniversitat Aut\u00f2noma de Barcelona<br \/>\n08193 Bellaterra, Barcelona<\/p>\n<p>Despatx: K\/1014<br \/>\nTel.: +34 93 581 33 76<\/p>\n<p>&nbsp;<\/p>\n","protected":false},"excerpt":{"rendered":"<p>Poseu-vos en contacte amb nosaltres si: &nbsp;&nbsp;&nbsp;&nbsp;&nbsp;&nbsp;\u2022 Teniu d&#8217;un grup de recerca que vol establir vies de col\u00b7laboraci\u00f3 amb nosaltres. &nbsp;&nbsp;&nbsp;&nbsp;&nbsp;&nbsp;\u2022 Voleu fer recerca sobre traducci\u00f3 i noves tecnologies amb nosaltres. &nbsp;&nbsp;&nbsp;&nbsp;&nbsp;&nbsp;\u2022 Esteu fent un article acad\u00e8mic i citareu publicacions del nostre grup. &nbsp;&nbsp;&nbsp;&nbsp;&nbsp;&nbsp;\u2022 Sou d&#8217;una empresa i necessiteu assessoria sobre les noves tecnologies aplicades [&hellip;]<\/p>\n","protected":false},"author":20,"featured_media":0,"parent":0,"menu_order":0,"comment_status":"closed","ping_status":"closed","template":"","meta":{"footnotes":""},"class_list":["post-127","page","type-page","status-publish","hentry"],"_links":{"self":[{"href":"https:\/\/webs.uab.cat\/tradumatica\/wp-json\/wp\/v2\/pages\/127","targetHints":{"allow":["GET"]}}],"collection":[{"href":"https:\/\/webs.uab.cat\/tradumatica\/wp-json\/wp\/v2\/pages"}],"about":[{"href":"https:\/\/webs.uab.cat\/tradumatica\/wp-json\/wp\/v2\/types\/page"}],"author":[{"embeddable":true,"href":"https:\/\/webs.uab.cat\/tradumatica\/wp-json\/wp\/v2\/users\/20"}],"replies":[{"embeddable":true,"href":"https:\/\/webs.uab.cat\/tradumatica\/wp-json\/wp\/v2\/comments?post=127"}],"version-history":[{"count":0,"href":"https:\/\/webs.uab.cat\/tradumatica\/wp-json\/wp\/v2\/pages\/127\/revisions"}],"wp:attachment":[{"href":"https:\/\/webs.uab.cat\/tradumatica\/wp-json\/wp\/v2\/media?parent=127"}],"curies":[{"name":"wp","href":"https:\/\/api.w.org\/{rel}","templated":true}]}}