{"id":131,"date":"2017-03-01T10:52:19","date_gmt":"2017-03-01T08:52:19","guid":{"rendered":"https:\/\/webs.uab.cat\/tradumatica\/projectes\/"},"modified":"2022-09-29T16:33:56","modified_gmt":"2022-09-29T14:33:56","slug":"projectes","status":"publish","type":"page","link":"https:\/\/webs.uab.cat\/tradumatica\/projectes\/","title":{"rendered":"Projectes"},"content":{"rendered":"\n<h3 class=\"wp-block-heading\"><a href=\"https:\/\/webs.uab.cat\/tradumatica\/law10n-research\/\" data-type=\"page\" data-id=\"103\">LAW10n Research<\/a><\/h3>\n\n\n\n<h3 class=\"wp-block-heading\"><a href=\"https:\/\/webs.uab.cat\/tradumatica\/trace-traduccion-asistida-calidad-y-evaluacion\/\" data-type=\"page\" data-id=\"96\">TRACE (TRaducci\u00f3n Asistida, Calidad y Evaluaci\u00f3n)<\/a><\/h3>\n\n\n\n<h3 class=\"wp-block-heading\"><a href=\"https:\/\/sites.google.com\/a\/tradumatica.net\/postit_cat\/\">POST-IT: La formaci\u00f3 de posteditors<\/a><\/h3>\n\n\n\n<h3 class=\"wp-block-heading\"><a href=\"https:\/\/sites.google.com\/a\/tradumatica.net\/projecta\/home\" target=\"_blank\" rel=\"noopener\">ProjecTA<\/a><\/h3>\n\n\n\n<h3 class=\"wp-block-heading\"><a href=\"https:\/\/ec.europa.eu\/programmes\/erasmus-plus\/projects\/eplus-project-details\/#project\/2019-1-ES01-KA203-064245\" target=\"_blank\" rel=\"noopener\">MultiTraiNMT<\/a><\/h3>\n","protected":false},"excerpt":{"rendered":"<p>LAW10n Research TRACE (TRaducci\u00f3n Asistida, Calidad y Evaluaci\u00f3n) POST-IT: La formaci\u00f3 de posteditors ProjecTA MultiTraiNMT<\/p>\n","protected":false},"author":20,"featured_media":0,"parent":0,"menu_order":0,"comment_status":"closed","ping_status":"closed","template":"","meta":{"footnotes":""},"class_list":["post-131","page","type-page","status-publish","hentry"],"_links":{"self":[{"href":"https:\/\/webs.uab.cat\/tradumatica\/wp-json\/wp\/v2\/pages\/131","targetHints":{"allow":["GET"]}}],"collection":[{"href":"https:\/\/webs.uab.cat\/tradumatica\/wp-json\/wp\/v2\/pages"}],"about":[{"href":"https:\/\/webs.uab.cat\/tradumatica\/wp-json\/wp\/v2\/types\/page"}],"author":[{"embeddable":true,"href":"https:\/\/webs.uab.cat\/tradumatica\/wp-json\/wp\/v2\/users\/20"}],"replies":[{"embeddable":true,"href":"https:\/\/webs.uab.cat\/tradumatica\/wp-json\/wp\/v2\/comments?post=131"}],"version-history":[{"count":1,"href":"https:\/\/webs.uab.cat\/tradumatica\/wp-json\/wp\/v2\/pages\/131\/revisions"}],"predecessor-version":[{"id":205,"href":"https:\/\/webs.uab.cat\/tradumatica\/wp-json\/wp\/v2\/pages\/131\/revisions\/205"}],"wp:attachment":[{"href":"https:\/\/webs.uab.cat\/tradumatica\/wp-json\/wp\/v2\/media?parent=131"}],"curies":[{"name":"wp","href":"https:\/\/api.w.org\/{rel}","templated":true}]}}