{"id":97,"date":"2018-12-10T16:34:31","date_gmt":"2018-12-10T14:34:31","guid":{"rendered":"https:\/\/webs.uab.cat\/tradumaticasummerschool\/registration-fee-0\/"},"modified":"2022-10-06T09:01:34","modified_gmt":"2022-10-06T07:01:34","slug":"registration-fee-0","status":"publish","type":"page","link":"https:\/\/webs.uab.cat\/tradumaticasummerschool\/registration-fee-0\/","title":{"rendered":"Registration Fee"},"content":{"rendered":"\n<p>Price*<\/p>\n\n\n\n<p><s><strong>Super Early Bird: 500\u20ac until 1\/3\/2021<\/strong><\/s><\/p>\n\n\n\n<p><s><strong>Early Bird: 600\u20ac until 1\/4\/2021<\/strong><\/s><\/p>\n\n\n\n<p><strong>Full Price: 700\u20ac until 7\/6\/2021<\/strong><\/p>\n\n\n\n<p>All payments shall be transferred to the following account. Please write <strong>&#8220;Tradumatica Summer School 2021 &#8211; Name and Surname<\/strong>&#8221; [where &#8220;Name and Surname&#8221; accounts for your own details] in reason of transfer section. Fill out the <a href=\"https:\/\/webs.uab.cat\/tradumaticasummerschool\/registration-form\/\" data-type=\"page\" data-id=\"85\">registration form<\/a> and then make the payment.<\/p>\n\n\n\n<p>\u2022 Account Title: Universitat Aut\u00f2noma de Barcelona<\/p>\n\n\n\n<p>\u2022 Account Address: P\u00e7a. Antoni Maura, 6. Planta Baixa. 08003, Barcelona<\/p>\n\n\n\n<p>\u2022 IBAN: ES48 0182 6035 4202 0161 0323<\/p>\n\n\n\n<p>\u2022 SWIFT: BBVAESMMXXX<\/p>\n\n\n\n<p>\u2022 Bank Name: BBVA<\/p>\n\n\n\n<p><strong>Certification<\/strong><\/p>\n\n\n\n<p>The Tradum\u00e0tica Summer School: Translation Technologies is a teaching programme by the Departament de Traducci\u00f3 i d&#8217;Interpretaci\u00f3 d&#8217;Estudis de l&#8217;\u00c0sia Oriental at UAB. The coordinators of the school will issue online certificates of attendance written in English with their signature and the stamp of the Department.<\/p>\n\n\n\n<p><strong>Benefits and discounts<\/strong><br>Attendants of the Summer School will get access to discounts on software and other benefits. Specifically:<\/p>\n\n\n\n<p>\u2015 Student discount by Kilgray, according to which memoQ is offered <strong>at \u20ac99<\/strong> (around 85% of discount on the original price; more&nbsp;<a href=\"https:\/\/www.memoq.com\/services\/academic-program-students\" target=\"_blank\" rel=\"noopener\">information<\/a>).<br>\u2015 Academic Program by ApSIC Xbench available during the first month after the Summer School, according to which Xbench is offered <strong>at \u20ac99<\/strong> for two years (50% of the original price).<\/p>\n\n\n\n<p>*The price is for the three-week courses. Note that availability is <strong>limited to 30 students<\/strong>&nbsp;and early registration is <strong>recommended<\/strong>.<\/p>\n\n\n\n<p><style class=\"darkreader darkreader--cors\" media=\"screen\" type=\"text\/css\">#mc_embed_signup form {text-align:center; padding:10px 0 10px 0;}<br \/>\n.mc-field-group { display: inline-block; }<br \/>\n#mc_embed_signup input.email {font-family:\"Open Sans\",\"Helvetica Neue\",Arial,Helvetica,Verdana,sans-serif; font-size: 15px; border: 1px solid #ABB0B2;  -webkit-border-radius: 3px; -moz-border-radius: 3px; border-radius: 3px; color: #343434; background-color: #fff; box-sizing:border-box; height:32px; padding: 0px 0.4em; display: inline-block; margin: 0; width:350px; vertical-align:top;}<br \/>\n#mc_embed_signup label {display:block; font-size:16px; padding-bottom:10px; font-weight:bold;}<br \/>\n#mc_embed_signup .clear {display: inline-block;}<br \/>\n#mc_embed_signup .button {font-size: 13px; border: none; -webkit-border-radius: 3px; -moz-border-radius: 3px; border-radius: 3px; letter-spacing: .03em; color: #fff; background-color: #aaa; box-sizing:border-box; height:32px; line-height:32px; padding:0 18px; display: inline-block; margin: 0; transition: all 0.23s ease-in-out 0s;}<br \/>\n#mc_embed_signup .button:hover {background-color:#777; cursor:pointer;}<br \/>\n#mc_embed_signup div#mce-responses {float:left; top:-1.4em; padding:0em .5em 0em .5em; overflow:hidden; width:90%;margin: 0 5%; clear: both;}<br \/>\n#mc_embed_signup div.response {margin:1em 0; padding:1em .5em .5em 0; font-weight:bold; float:left; top:-1.5em; z-index:1; width:80%;}<br \/>\n#mc_embed_signup #mce-error-response {display:none;}<br \/>\n#mc_embed_signup #mce-success-response {color:#529214; display:none;}<br \/>\n#mc_embed_signup label.error {display:block; float:none; width:auto; margin-left:1.05em; text-align:left; padding:.5em 0;}<br \/>\n@media (max-width: 768px) {<br \/>\n    #mc_embed_signup input.email {width:100%; margin-bottom:5px;}<br \/>\n    #mc_embed_signup .clear {display: block; width: 100% }<br \/>\n    #mc_embed_signup .button {width: 100%; margin:0; }<br \/>\n}<br \/>\n<\/style> <style class=\"darkreader darkreader--sync\" media=\"screen\" type=\"text\/css\">\n<\/style> <style type=\"text\/css\">#mc_embed_signup{background:#fff; clear:left; font:14px Helvetica,Arial,sans-serif; width:100%;}<br \/>\n\t\/* Add your own Mailchimp form style overrides in your site stylesheet or in this style block.<br \/>\n\t   We recommend moving this block and the preceding CSS link to the HEAD of your HTML file. *\/<br \/>\n<\/style> <style class=\"darkreader darkreader--sync\" media=\"screen\" type=\"text\/css\">\n<\/style> <style type=\"text\/css\">#mc-embedded-subscribe-form input[type=checkbox]{display: inline; width: auto;margin-right: 10px;}<br \/>\n\t#mergeRow-gdpr {margin-top: 20px;}<br \/>\n\t#mergeRow-gdpr fieldset label {font-weight: normal;}<br \/>\n\t#mc-embedded-subscribe-form .mc_fieldset{border:none;min-height: 0px;padding-bottom:0px;}<br \/>\n<\/style> <style class=\"darkreader darkreader--sync\" media=\"screen\" type=\"text\/css\">\n<\/style><\/p>\n\n\n\n<div id=\"mc_embed_signup\"><form id=\"mc-embedded-subscribe-form\" class=\"validate\" action=\"https:\/\/tradumatica.us17.list-manage.com\/subscribe\/post?u=1dc1f701e6dc17cf5fa8cc44d&amp;id=0694ef654a\" method=\"post\" name=\"mc-embedded-subscribe-form\" novalidate=\"\" target=\"_blank\">\n<div id=\"mc_embed_signup_scroll\"><label for=\"mce-EMAIL\">Would you like to receive updates about our summer school?<\/label> <input id=\"mce-EMAIL\" class=\"email\" name=\"EMAIL\" required=\"\" type=\"email\" value=\"\" placeholder=\"email address\"> <!-- real people should not fill this in and expect good things - do not remove this or risk form bot signups-->\n<p>&nbsp;<\/p>\n<div style=\"position: absolute; left: -5000px;\" aria-hidden=\"true\"><input tabindex=\"-1\" name=\"b_1dc1f701e6dc17cf5fa8cc44d_0694ef654a\" type=\"text\" value=\"\"><\/div>\n<div class=\"clear\"><input id=\"mc-embedded-subscribe\" class=\"button\" style=\"background-color: green; --darkreader-inline-bgcolor: #008000;\" name=\"subscribe\" type=\"submit\" value=\"Send\" data-darkreader-inline-bgcolor=\"\"><\/div>\n<\/div>\n<\/form><\/div>\n","protected":false},"excerpt":{"rendered":"<p>Price* Super Early Bird: 500\u20ac until 1\/3\/2021 Early Bird: 600\u20ac until 1\/4\/2021 Full Price: 700\u20ac until 7\/6\/2021 All payments shall be transferred to the following account. Please write &#8220;Tradumatica Summer School 2021 &#8211; Name and Surname&#8221; [where &#8220;Name and Surname&#8221; accounts for your own details] in reason of transfer section. Fill out the registration form [&hellip;]<\/p>\n","protected":false},"author":20,"featured_media":0,"parent":0,"menu_order":0,"comment_status":"closed","ping_status":"closed","template":"","meta":{"footnotes":""},"class_list":["post-97","page","type-page","status-publish","hentry"],"_links":{"self":[{"href":"https:\/\/webs.uab.cat\/tradumaticasummerschool\/wp-json\/wp\/v2\/pages\/97","targetHints":{"allow":["GET"]}}],"collection":[{"href":"https:\/\/webs.uab.cat\/tradumaticasummerschool\/wp-json\/wp\/v2\/pages"}],"about":[{"href":"https:\/\/webs.uab.cat\/tradumaticasummerschool\/wp-json\/wp\/v2\/types\/page"}],"author":[{"embeddable":true,"href":"https:\/\/webs.uab.cat\/tradumaticasummerschool\/wp-json\/wp\/v2\/users\/20"}],"replies":[{"embeddable":true,"href":"https:\/\/webs.uab.cat\/tradumaticasummerschool\/wp-json\/wp\/v2\/comments?post=97"}],"version-history":[{"count":1,"href":"https:\/\/webs.uab.cat\/tradumaticasummerschool\/wp-json\/wp\/v2\/pages\/97\/revisions"}],"predecessor-version":[{"id":142,"href":"https:\/\/webs.uab.cat\/tradumaticasummerschool\/wp-json\/wp\/v2\/pages\/97\/revisions\/142"}],"wp:attachment":[{"href":"https:\/\/webs.uab.cat\/tradumaticasummerschool\/wp-json\/wp\/v2\/media?parent=97"}],"curies":[{"name":"wp","href":"https:\/\/api.w.org\/{rel}","templated":true}]}}