{"id":158,"date":"2009-06-18T13:06:54","date_gmt":"2009-06-18T11:06:54","guid":{"rendered":"https:\/\/webs.uab.cat\/trafil\/research-team\/"},"modified":"2009-06-18T13:06:54","modified_gmt":"2009-06-18T11:06:54","slug":"research-team","status":"publish","type":"page","link":"https:\/\/webs.uab.cat\/trafil\/en\/research-team\/","title":{"rendered":"Research Team"},"content":{"rendered":"<p>Nicole Mart\u00ednez-Melis, Ph.D.&nbsp; &#8211; <a href=\"mailto:Nicole.Martinez@uab.cat\">Nicole.Martinez@uab.cat<\/a><br \/> Departament de Traducci\u00f3 i d&#8217;Interpretaci\u00f3<\/p>\n<p>Mariana Orozco Jutor\u00e1n, Ph.D. &#8211;&nbsp; <a href=\"mailto:Mariana.Orozco@uab.cat%0b\">Mariana.Orozco@uab.cat<br \/> <\/a>Departament de Traducci\u00f3 i d&#8217;Interpretaci\u00f3<\/p>\n<p>Anna Gil Bardaj\u00ed, Ph.D. &#8211; <a href=\"mailto:Anna.Gil.Bardaji@uab.cat\">Anna.Gil.Bardaji@uab.cat<\/a><br \/> Departament de Traducci\u00f3 i d&#8217;Interpretaci\u00f3<\/p>\n<p>Laia Villegas Torras &#8211; <a href=\"mailto:laiavillegas@yahoo.es\">laiavillegas@yahoo.es<\/a><br \/> Universitat Pompeu Fabra<\/p>\n<p>Ramon Prats de Al\u00f2s-Moner, Ph.D. &#8211;&nbsp; <a href=\"mailto:ramon.prats@upf.edu\">ramon.prats@upf.edu<\/a>&nbsp;&nbsp;&nbsp;&nbsp;&nbsp;&nbsp;&nbsp;&nbsp;&nbsp;&nbsp;&nbsp;&nbsp;&nbsp;&nbsp;&nbsp;&nbsp;&nbsp;&nbsp;&nbsp;&nbsp;&nbsp;&nbsp;&nbsp;&nbsp;&nbsp;&nbsp;&nbsp;&nbsp;&nbsp;&nbsp;&nbsp;&nbsp;&nbsp;&nbsp;&nbsp;&nbsp;&nbsp;&nbsp;&nbsp;&nbsp;&nbsp;&nbsp;&nbsp;&nbsp;&nbsp;&nbsp;&nbsp;&nbsp;&nbsp;&nbsp;&nbsp;&nbsp;&nbsp;&nbsp;&nbsp;&nbsp;&nbsp;&nbsp;&nbsp;&nbsp; <br \/> Universitat Pompeu Fabra<\/p>\n<p>Juan Arnau Navarro, Ph.D. &#8211;&nbsp; <a href=\"mailto:arnaujuan@gmail.com\"><span style=\"text-decoration: underline;\">juan.arnau@uv.es<\/span><\/a><a href=\"mailto:mariana.orozco@uab.cat\"><br \/> <\/a>CSIC &#8211; Universitat de Val\u00e8ncia<\/p>\n<p>\u00d2scar Pujol, Ph.D.- <a href=\"mailto:oscar.pujol@gmail.com\">oscar.pujol@gmail.com<\/a><br \/> Director Instituto Cervantes (Delhi)<\/p>\n<p>Herminia Roura i Bonet- <a href=\"mailto:hrourab@copc.es\">hrourab@copc.es<\/a><br \/> translator and interpreter from French to Spanish<br \/>especialized in Buddhist philosophy<\/p>\n<p>Montse Castell\u00e0 Oliv\u00e9\u2013 <a href=\"mailto:montsecastella@teleline.es\">montsecastella@teleline.es<\/a><br \/>translator from English to Spanish and Catalan<br \/> especialized in Buddhist philosophy<\/p>\n<p>Basili Llorca i Mart\u00ednez- <a href=\"mailto:basili.llorca@gmail.com\">basili.llorca@gmail.com<\/a><br \/> authority in meditation and Buddhist philosophy<br \/> translator and interpreter from English to Spanish<br \/> especialized in Buddhist philosophy<\/p>\n","protected":false},"excerpt":{"rendered":"<p>Nicole Mart\u00ednez-Melis, Ph.D.&nbsp; &#8211; Nicole.Martinez@uab.cat Departament de Traducci\u00f3 i d&#8217;Interpretaci\u00f3 Mariana Orozco Jutor\u00e1n, Ph.D. &#8211;&nbsp; Mariana.Orozco@uab.cat Departament de Traducci\u00f3 i d&#8217;Interpretaci\u00f3 Anna Gil Bardaj\u00ed, Ph.D. &#8211; Anna.Gil.Bardaji@uab.cat Departament de Traducci\u00f3 i d&#8217;Interpretaci\u00f3 Laia Villegas Torras &#8211; laiavillegas@yahoo.es Universitat Pompeu Fabra Ramon Prats de Al\u00f2s-Moner, Ph.D. &#8211;&nbsp; ramon.prats@upf.edu&nbsp;&nbsp;&nbsp;&nbsp;&nbsp;&nbsp;&nbsp;&nbsp;&nbsp;&nbsp;&nbsp;&nbsp;&nbsp;&nbsp;&nbsp;&nbsp;&nbsp;&nbsp;&nbsp;&nbsp;&nbsp;&nbsp;&nbsp;&nbsp;&nbsp;&nbsp;&nbsp;&nbsp;&nbsp;&nbsp;&nbsp;&nbsp;&nbsp;&nbsp;&nbsp;&nbsp;&nbsp;&nbsp;&nbsp;&nbsp;&nbsp;&nbsp;&nbsp;&nbsp;&nbsp;&nbsp;&nbsp;&nbsp;&nbsp;&nbsp;&nbsp;&nbsp;&nbsp;&nbsp;&nbsp;&nbsp;&nbsp;&nbsp;&nbsp;&nbsp; Universitat Pompeu Fabra Juan Arnau Navarro, Ph.D. &#8211;&nbsp; [&hellip;]<\/p>\n","protected":false},"author":20,"featured_media":0,"parent":0,"menu_order":0,"comment_status":"closed","ping_status":"closed","template":"","meta":{"footnotes":""},"class_list":["post-158","page","type-page","status-publish","hentry"],"_links":{"self":[{"href":"https:\/\/webs.uab.cat\/trafil\/en\/wp-json\/wp\/v2\/pages\/158","targetHints":{"allow":["GET"]}}],"collection":[{"href":"https:\/\/webs.uab.cat\/trafil\/en\/wp-json\/wp\/v2\/pages"}],"about":[{"href":"https:\/\/webs.uab.cat\/trafil\/en\/wp-json\/wp\/v2\/types\/page"}],"author":[{"embeddable":true,"href":"https:\/\/webs.uab.cat\/trafil\/en\/wp-json\/wp\/v2\/users\/20"}],"replies":[{"embeddable":true,"href":"https:\/\/webs.uab.cat\/trafil\/en\/wp-json\/wp\/v2\/comments?post=158"}],"version-history":[{"count":0,"href":"https:\/\/webs.uab.cat\/trafil\/en\/wp-json\/wp\/v2\/pages\/158\/revisions"}],"wp:attachment":[{"href":"https:\/\/webs.uab.cat\/trafil\/en\/wp-json\/wp\/v2\/media?parent=158"}],"curies":[{"name":"wp","href":"https:\/\/api.w.org\/{rel}","templated":true}]}}