{"id":203,"date":"2009-09-16T16:55:13","date_gmt":"2009-09-16T14:55:13","guid":{"rendered":"https:\/\/webs.uab.cat\/trafil\/bibliographical-sources\/"},"modified":"2009-09-16T16:55:13","modified_gmt":"2009-09-16T14:55:13","slug":"bibliographical-sources","status":"publish","type":"page","link":"https:\/\/webs.uab.cat\/trafil\/en\/bibliographical-sources\/","title":{"rendered":"Bibliographical sources"},"content":{"rendered":"<p><em><strong>Electronic dictionaries (Tibetan\/English) <\/strong><\/em><br \/><em>The Illuminator Tibetan-English Electronic Dictionary<\/em> de Tony Duff (Padma Karpo Translation Committee) Version 4.55 (2003)<br \/><em>Tibetan-English Dictionary of Buddhist Culture<\/em><em>.<\/em> Rangjung Yeshe Publications.<\/p>\n<p><em><strong>Online dictionaries <\/strong><\/em><\/p>\n<p><strong>Tibetan\/English<\/strong><br \/><em>The Online Tibetan to English Dictionary and Translation Tool <\/em><br \/><a href=\"http:\/\/www.thdl.org\/reference\/translation-tool.html\">http:\/\/www.thdl.org\/reference\/translation-tool.html<\/a><br \/>The Rangjung Yeshe Tibetan-English Dharma Dictionary.<br \/><a href=\"http:\/\/www.nitartha.org\/dictionary_search04.html\">http:\/\/www.nitartha.org\/dictionary_search04.html<\/a><\/p>\n<p><strong><strong>Sanskrit\/English<\/strong><\/strong><br \/><em>Cologne Digital Sanskrit Lexicon <\/em><br \/><a href=\"http:\/\/webapps.uni-koeln.de\/tamil\/\">http:\/\/webapps.uni-koeln.de\/tamil\/<\/a><br \/><em>Monnier Williams<\/em><br \/><a href=\"http:\/\/lexica.indica-et-buddhica.org\/dict\/lexica\">http:\/\/lexica.indica-et-buddhica.org\/dict\/lexica<\/a><\/p>\n<p><strong>Sanskrit\/Tibetan, English<\/strong><br \/><em>Mahaviutpatti<\/em> (b\u00fasqueda a partir del s\u00e1nscrito)<br \/><a href=\"http:\/\/lexica.indica-et-buddhica.org\/dict\/lexica\">http:\/\/lexica.indica-et-buddhica.org\/dict\/lexica<br \/><\/a><br \/><em><strong>Paper dictionary<\/strong><\/em><strong><em> (Sanskrit\/Catalan)<br \/><\/em><\/strong><em>Diccionari s\u00e1nscrit-catal\u00e0<\/em> de \u00d2scar Pujol Riembau. Barcelona: Enciclop\u00e8dia&nbsp; catalana. (2005)<\/p>\n<p><em><strong>Encyclopedic dictionary <\/strong><\/em><br \/><span lang=\"af\" xml:lang=\"af\"><span lang=\"af\" xml:lang=\"af\">Cornu, P. (2002)&nbsp;<em>Dictionnaire encyclop\u00e9dique du bouddhisme<\/em>. Paris: \u00c9ditions du Seuil<br \/><\/span><\/span><br \/><em><strong>Manuals on Tibetan language<\/strong><\/em><br \/>Wilson, Joe Brandford (1998) <em>Translating Buddhism from Tibetan<\/em>. New York: Snow Lion Publications<br \/>Preston, Craig (2003) <em>How to Read Classical Tibetan<\/em>. New York: Snow Lion Publications<br \/>Tournadre, N. &amp; Sangda Dorjee (2003) <em>Manuel de tib\u00e9tain standard.<\/em> Paris: L\u2019Asiath\u00e8que (2e \u00e9dition revue, corrig\u00e9e et augment\u00e9e)<\/p>\n","protected":false},"excerpt":{"rendered":"<p>Electronic dictionaries (Tibetan\/English) The Illuminator Tibetan-English Electronic Dictionary de Tony Duff (Padma Karpo Translation Committee) Version 4.55 (2003)Tibetan-English Dictionary of Buddhist Culture. Rangjung Yeshe Publications. Online dictionaries Tibetan\/EnglishThe Online Tibetan to English Dictionary and Translation Tool http:\/\/www.thdl.org\/reference\/translation-tool.htmlThe Rangjung Yeshe Tibetan-English Dharma Dictionary.http:\/\/www.nitartha.org\/dictionary_search04.html Sanskrit\/EnglishCologne Digital Sanskrit Lexicon http:\/\/webapps.uni-koeln.de\/tamil\/Monnier Williamshttp:\/\/lexica.indica-et-buddhica.org\/dict\/lexica Sanskrit\/Tibetan, EnglishMahaviutpatti (b\u00fasqueda a partir del s\u00e1nscrito)http:\/\/lexica.indica-et-buddhica.org\/dict\/lexicaPaper [&hellip;]<\/p>\n","protected":false},"author":20,"featured_media":0,"parent":0,"menu_order":0,"comment_status":"closed","ping_status":"closed","template":"","meta":{"footnotes":""},"class_list":["post-203","page","type-page","status-publish","hentry"],"_links":{"self":[{"href":"https:\/\/webs.uab.cat\/trafil\/en\/wp-json\/wp\/v2\/pages\/203","targetHints":{"allow":["GET"]}}],"collection":[{"href":"https:\/\/webs.uab.cat\/trafil\/en\/wp-json\/wp\/v2\/pages"}],"about":[{"href":"https:\/\/webs.uab.cat\/trafil\/en\/wp-json\/wp\/v2\/types\/page"}],"author":[{"embeddable":true,"href":"https:\/\/webs.uab.cat\/trafil\/en\/wp-json\/wp\/v2\/users\/20"}],"replies":[{"embeddable":true,"href":"https:\/\/webs.uab.cat\/trafil\/en\/wp-json\/wp\/v2\/comments?post=203"}],"version-history":[{"count":0,"href":"https:\/\/webs.uab.cat\/trafil\/en\/wp-json\/wp\/v2\/pages\/203\/revisions"}],"wp:attachment":[{"href":"https:\/\/webs.uab.cat\/trafil\/en\/wp-json\/wp\/v2\/media?parent=203"}],"curies":[{"name":"wp","href":"https:\/\/api.w.org\/{rel}","templated":true}]}}