{"id":156,"date":"2009-06-18T13:03:04","date_gmt":"2009-06-18T11:03:04","guid":{"rendered":"https:\/\/webs.uab.cat\/trafil\/miembros\/"},"modified":"2009-06-18T13:03:04","modified_gmt":"2009-06-18T11:03:04","slug":"miembros","status":"publish","type":"page","link":"https:\/\/webs.uab.cat\/trafil\/es\/miembros\/","title":{"rendered":"Miembros"},"content":{"rendered":"<p>Dra Nicole Mart\u00ednez-Melis &#8211; <a href=\"mailto:Nicole.Martinez@uab.cat\">Nicole.Martinez@uab.cat<\/a><br \/> Departament de Traducci\u00f3 i d&#8217;Interpretaci\u00f3<\/p>\n<p>Dra Mariana Orozco Jutor\u00e1n &#8211;&nbsp; <a href=\"mailto:Mariana.Orozco@uab.cat%0b\">Mariana.Orozco@uab.cat<br \/> <\/a>Departament de Traducci\u00f3 i d&#8217;Interpretaci\u00f3<\/p>\n<p>Dra Anna Gil Bardaj\u00ed &#8211; <a href=\"mailto:Anna.Gil.Bardaji@uab.cat\">Anna.Gil.Bardaji@uab.cat<\/a><br \/> Departament de Traducci\u00f3 i d&#8217;Interpretaci\u00f3<\/p>\n<p>Laia Villegas Torras &#8211; <a href=\"mailto:laiavillegas@yahoo.es\">laiavillegas@yahoo.es<\/a><br \/> Universitat Pompeu Fabra<\/p>\n<p>Dr Ramon Prats de Al\u00f2s-Moner &#8211;&nbsp; <a href=\"mailto:ramon.prats@upf.edu\">ramon.prats@upf.edu<\/a>&nbsp;&nbsp;&nbsp;&nbsp;&nbsp;&nbsp;&nbsp;&nbsp;&nbsp;&nbsp;&nbsp;&nbsp;&nbsp;&nbsp;&nbsp;&nbsp;&nbsp;&nbsp;&nbsp;&nbsp;&nbsp;&nbsp;&nbsp;&nbsp;&nbsp;&nbsp;&nbsp;&nbsp;&nbsp;&nbsp;&nbsp;&nbsp;&nbsp;&nbsp;&nbsp;&nbsp;&nbsp;&nbsp;&nbsp;&nbsp;&nbsp;&nbsp;&nbsp;&nbsp;&nbsp;&nbsp;&nbsp;&nbsp;&nbsp;&nbsp;&nbsp;&nbsp;&nbsp;&nbsp;&nbsp;&nbsp;&nbsp;&nbsp;&nbsp;&nbsp; <br \/> Universitat Pompeu Fabra<\/p>\n<p>Dr Juan Arnau Navarro &#8211;&nbsp; <a href=\"mailto:arnaujuan@gmail.com\"><span style=\"text-decoration: underline;\">juan.arnau@uv.es<\/span><\/a><a href=\"mailto:mariana.orozco@uab.cat\"><br \/> <\/a>CSIC &#8211; Universitat de Val\u00e8ncia<\/p>\n<p>Dr \u00d2scar Pujol &#8211; <a href=\"mailto:oscar.pujol@gmail.com\">oscar.pujol@gmail.com<\/a><br \/>Director Instituto Cervantes (Delhi)<\/p>\n<p>Herminia Roura i Bonet- <a href=\"mailto:hrourab@copc.es\">hrourab@copc.es<\/a><br \/>traductora e int\u00e9rprete del franc\u00e9s e ingl\u00e9s al castellano<br \/> especializada en budismo<\/p>\n<p>Montse Castell\u00e0 Oliv\u00e9\u2013 <a href=\"mailto:montsecastella@teleline.es\">montsecastella@teleline.es<\/a><br \/>traductora del ingl\u00e8s al catal\u00e1n y castellano<br \/> especializada en budismo<\/p>\n<p>Basili Llorca i Mart\u00ednez- <a href=\"mailto:basili.llorca@gmail.com\">basili.llorca@gmail.com<\/a><br \/> profesor de meditaci\u00f3n i filosof\u00eda budista<br \/> traductor e int\u00e9rprete del ingl\u00e9s al catal\u00e1n y castellano<br \/> especializado en budismo<\/p>\n","protected":false},"excerpt":{"rendered":"<p>Dra Nicole Mart\u00ednez-Melis &#8211; Nicole.Martinez@uab.cat Departament de Traducci\u00f3 i d&#8217;Interpretaci\u00f3 Dra Mariana Orozco Jutor\u00e1n &#8211;&nbsp; Mariana.Orozco@uab.cat Departament de Traducci\u00f3 i d&#8217;Interpretaci\u00f3 Dra Anna Gil Bardaj\u00ed &#8211; Anna.Gil.Bardaji@uab.cat Departament de Traducci\u00f3 i d&#8217;Interpretaci\u00f3 Laia Villegas Torras &#8211; laiavillegas@yahoo.es Universitat Pompeu Fabra Dr Ramon Prats de Al\u00f2s-Moner &#8211;&nbsp; ramon.prats@upf.edu&nbsp;&nbsp;&nbsp;&nbsp;&nbsp;&nbsp;&nbsp;&nbsp;&nbsp;&nbsp;&nbsp;&nbsp;&nbsp;&nbsp;&nbsp;&nbsp;&nbsp;&nbsp;&nbsp;&nbsp;&nbsp;&nbsp;&nbsp;&nbsp;&nbsp;&nbsp;&nbsp;&nbsp;&nbsp;&nbsp;&nbsp;&nbsp;&nbsp;&nbsp;&nbsp;&nbsp;&nbsp;&nbsp;&nbsp;&nbsp;&nbsp;&nbsp;&nbsp;&nbsp;&nbsp;&nbsp;&nbsp;&nbsp;&nbsp;&nbsp;&nbsp;&nbsp;&nbsp;&nbsp;&nbsp;&nbsp;&nbsp;&nbsp;&nbsp;&nbsp; Universitat Pompeu Fabra Dr Juan Arnau Navarro &#8211;&nbsp; [&hellip;]<\/p>\n","protected":false},"author":20,"featured_media":0,"parent":0,"menu_order":0,"comment_status":"closed","ping_status":"closed","template":"","meta":{"footnotes":""},"class_list":["post-156","page","type-page","status-publish","hentry"],"_links":{"self":[{"href":"https:\/\/webs.uab.cat\/trafil\/es\/wp-json\/wp\/v2\/pages\/156","targetHints":{"allow":["GET"]}}],"collection":[{"href":"https:\/\/webs.uab.cat\/trafil\/es\/wp-json\/wp\/v2\/pages"}],"about":[{"href":"https:\/\/webs.uab.cat\/trafil\/es\/wp-json\/wp\/v2\/types\/page"}],"author":[{"embeddable":true,"href":"https:\/\/webs.uab.cat\/trafil\/es\/wp-json\/wp\/v2\/users\/20"}],"replies":[{"embeddable":true,"href":"https:\/\/webs.uab.cat\/trafil\/es\/wp-json\/wp\/v2\/comments?post=156"}],"version-history":[{"count":0,"href":"https:\/\/webs.uab.cat\/trafil\/es\/wp-json\/wp\/v2\/pages\/156\/revisions"}],"wp:attachment":[{"href":"https:\/\/webs.uab.cat\/trafil\/es\/wp-json\/wp\/v2\/media?parent=156"}],"curies":[{"name":"wp","href":"https:\/\/api.w.org\/{rel}","templated":true}]}}