{"id":162,"date":"2009-06-18T13:14:12","date_gmt":"2009-06-18T11:14:12","guid":{"rendered":"https:\/\/webs.uab.cat\/trafil\/los-autores\/"},"modified":"2009-06-18T13:14:12","modified_gmt":"2009-06-18T11:14:12","slug":"los-autores","status":"publish","type":"page","link":"https:\/\/webs.uab.cat\/trafil\/es\/los-autores\/","title":{"rendered":"Los autores"},"content":{"rendered":"<p>Montse Castell\u00e0 Oliv\u00e9<br \/>Anna Gil Bardaj\u00ed<br \/>Basili Llorca i Mart\u00ednez<br \/>Nicole Mart\u00ednez-Melis<br \/>Mariana Orozco Jutor\u00e1n<br \/>Herminia Roura i Bonet<\/p>\n<p><strong>Asesoramiento:<\/strong><br \/>Pilar Sanchez-Gij\u00f3n (gesti\u00f3n terminol\u00f3gica) <br \/>Bartolom\u00e9 Mesa-Lao (gesti\u00f3n terminol\u00f3gica)<br \/>Ramon Prats de Al\u00f2s-Moner (tibet\u00e0)<br \/>\u00d2scar Pujol i Riambau (s\u00e0nscrit)<\/p>\n<p><strong>Agradecimientos:<\/strong><br \/>Alfonso Taboada, Gueshe Jampel, Gueshe Lamsang, Lama Jinpa Gyamtso, Laureano Ramirez, Mar\u00eda Jes\u00fas Herv\u00e1s, Miguel Requena, Nerea Basurto, Ngawang Topgyal, Ringu Tulku Rimpoch\u00e9, Fundaci\u00f3 Casa del Tibet de Barcelona.<\/p>\n","protected":false},"excerpt":{"rendered":"<p>Montse Castell\u00e0 Oliv\u00e9Anna Gil Bardaj\u00edBasili Llorca i Mart\u00ednezNicole Mart\u00ednez-MelisMariana Orozco Jutor\u00e1nHerminia Roura i Bonet Asesoramiento:Pilar Sanchez-Gij\u00f3n (gesti\u00f3n terminol\u00f3gica) Bartolom\u00e9 Mesa-Lao (gesti\u00f3n terminol\u00f3gica)Ramon Prats de Al\u00f2s-Moner (tibet\u00e0)\u00d2scar Pujol i Riambau (s\u00e0nscrit) Agradecimientos:Alfonso Taboada, Gueshe Jampel, Gueshe Lamsang, Lama Jinpa Gyamtso, Laureano Ramirez, Mar\u00eda Jes\u00fas Herv\u00e1s, Miguel Requena, Nerea Basurto, Ngawang Topgyal, Ringu Tulku Rimpoch\u00e9, Fundaci\u00f3 Casa [&hellip;]<\/p>\n","protected":false},"author":20,"featured_media":0,"parent":0,"menu_order":0,"comment_status":"closed","ping_status":"closed","template":"","meta":{"footnotes":""},"class_list":["post-162","page","type-page","status-publish","hentry"],"_links":{"self":[{"href":"https:\/\/webs.uab.cat\/trafil\/es\/wp-json\/wp\/v2\/pages\/162","targetHints":{"allow":["GET"]}}],"collection":[{"href":"https:\/\/webs.uab.cat\/trafil\/es\/wp-json\/wp\/v2\/pages"}],"about":[{"href":"https:\/\/webs.uab.cat\/trafil\/es\/wp-json\/wp\/v2\/types\/page"}],"author":[{"embeddable":true,"href":"https:\/\/webs.uab.cat\/trafil\/es\/wp-json\/wp\/v2\/users\/20"}],"replies":[{"embeddable":true,"href":"https:\/\/webs.uab.cat\/trafil\/es\/wp-json\/wp\/v2\/comments?post=162"}],"version-history":[{"count":0,"href":"https:\/\/webs.uab.cat\/trafil\/es\/wp-json\/wp\/v2\/pages\/162\/revisions"}],"wp:attachment":[{"href":"https:\/\/webs.uab.cat\/trafil\/es\/wp-json\/wp\/v2\/media?parent=162"}],"curies":[{"name":"wp","href":"https:\/\/api.w.org\/{rel}","templated":true}]}}