{"id":195,"date":"2009-09-16T15:36:17","date_gmt":"2009-09-16T13:36:17","guid":{"rendered":"https:\/\/webs.uab.cat\/trafil\/opciones-metodologicas\/"},"modified":"2009-09-16T15:36:17","modified_gmt":"2009-09-16T13:36:17","slug":"opciones-metodologicas","status":"publish","type":"page","link":"https:\/\/webs.uab.cat\/trafil\/es\/opciones-metodologicas\/","title":{"rendered":"Opciones metodol\u00f3gicas"},"content":{"rendered":"<p>Partimos del hecho de que el budismo es una corriente de pensamiento que ha influenciado a numerosas culturas a lo largo de su historia. Sin embargo, su expansi\u00f3n no ha impedido la continuidad de sus valores, que no se han visto distorsionados por la diversidad cultural con la que ha ido entrando en contacto. Este hecho favorece la traducci\u00f3n de sus conceptos a las diferentes lenguas. Consideramos que la mejor manera de facilitar la transmisi\u00f3n y la comprensi\u00f3n de la tradici\u00f3n budista en Occidente es tener en cuenta su extraordinaria versatilidad a la hora de adaptarse a las diferentes culturas.<\/p>\n<p>Con este criterio, descartamos tanto el etnocentrismo como el exotismo y traducimos la terminolog\u00eda siguiendo lo que denominamos una opci\u00f3n metodol\u00f3gica de transculturaci\u00f3n. Consiste en un ir y venir entre los conceptos y los t\u00e9rminos de las dos lenguas\/culturas en contacto, para decidir qu\u00e9 t\u00e9cnica de traducci\u00f3n es la m\u00e1s apropiada en cada caso. Lo que buscamos es un equilibrio, m\u00e1s all\u00e1 de lo cultural, para comunicar la esencia del mensaje.<\/p>\n<p>&nbsp;<\/p>\n","protected":false},"excerpt":{"rendered":"<p>Partimos del hecho de que el budismo es una corriente de pensamiento que ha influenciado a numerosas culturas a lo largo de su historia. Sin embargo, su expansi\u00f3n no ha impedido la continuidad de sus valores, que no se han visto distorsionados por la diversidad cultural con la que ha ido entrando en contacto. Este [&hellip;]<\/p>\n","protected":false},"author":20,"featured_media":0,"parent":0,"menu_order":0,"comment_status":"closed","ping_status":"closed","template":"","meta":{"footnotes":""},"class_list":["post-195","page","type-page","status-publish","hentry"],"_links":{"self":[{"href":"https:\/\/webs.uab.cat\/trafil\/es\/wp-json\/wp\/v2\/pages\/195","targetHints":{"allow":["GET"]}}],"collection":[{"href":"https:\/\/webs.uab.cat\/trafil\/es\/wp-json\/wp\/v2\/pages"}],"about":[{"href":"https:\/\/webs.uab.cat\/trafil\/es\/wp-json\/wp\/v2\/types\/page"}],"author":[{"embeddable":true,"href":"https:\/\/webs.uab.cat\/trafil\/es\/wp-json\/wp\/v2\/users\/20"}],"replies":[{"embeddable":true,"href":"https:\/\/webs.uab.cat\/trafil\/es\/wp-json\/wp\/v2\/comments?post=195"}],"version-history":[{"count":0,"href":"https:\/\/webs.uab.cat\/trafil\/es\/wp-json\/wp\/v2\/pages\/195\/revisions"}],"wp:attachment":[{"href":"https:\/\/webs.uab.cat\/trafil\/es\/wp-json\/wp\/v2\/media?parent=195"}],"curies":[{"name":"wp","href":"https:\/\/api.w.org\/{rel}","templated":true}]}}