{"id":155,"date":"2009-06-16T10:47:24","date_gmt":"2009-06-16T08:47:24","guid":{"rendered":"https:\/\/webs.uab.cat\/trafil\/inici-2\/"},"modified":"2023-03-27T09:15:36","modified_gmt":"2023-03-27T07:15:36","slug":"inici-2","status":"publish","type":"page","link":"https:\/\/webs.uab.cat\/trafil\/fr\/","title":{"rendered":"Traduire et rendre plus accessibles des philosophies lointaines"},"content":{"rendered":"<div class=\"wp-block-image\">\n<figure class=\"alignleft\"><img decoding=\"async\" src=\"http:\/\/grupsderecerca.uab.cat\/trafil\/sites\/grupsderecerca.uab.cat.trafil\/files\/images\/wt9-450-trafil-index.jpg\" alt=\"TRAFIL\" title=\"TRAFIL\"\/><\/figure>\n<\/div>\n\n\n<p><em><strong>Les r\u00e9sultats pr\u00e9sent\u00e9s ici, et notamment la banque de donn\u00e9es terminologique, correspondent \u00e0 une recherche conduite par le groupe TRAFIL jusqu&rsquo;en 2012.<\/strong><\/em><\/p>\n\n\n\n<p>Le groupe de recherche pluridisciplinaire TRAFIL a pour mission de rendre plus accessibles et plus compr\u00e9hensibles les diff\u00e9rentes langues et cultures qui interviennent dans le processus de traduction des philosophies lointaines, en particulier les philosophies originaires de l\u2019Inde ancienne.<\/p>\n\n\n\n<p>Le travail de recherche qui repose sur une approche traductologique, terminologique et transculturelle comprend&nbsp;<\/p>\n\n\n\n<p>&#8211; un travail de terminologie sur la philosophie bouddhiste dont l\u2019objectif est la cr\u00e9ation d\u2019une banque de donn\u00e9es terminologique et de connaissance multilingue (MARPA term) con\u00e7ue comme une aide \u00e0 la traduction,<\/p>\n\n\n\n<p>&#8211; une \u00e9tude traductologique de versions en diff\u00e9rentes langues de textes philosophiques de l\u2019Inde ancienne afin d\u2019examiner la d\u00e9marche suivie lors du transfert culturel, et ce \u00e0 travers l\u2019analyse des options m\u00e9thodologiques et des techniques de traductions utilis\u00e9es,<\/p>\n\n\n\n<p>&#8211; la traduction en espagnol et en catalan de textes classiques et d\u2019essais sur les philosophies de l\u2019Inde ancienne en \u00e9vitant tout ethnocentrisme ou multiculturalisme et en misant sur la transculturalit\u00e9.<\/p>\n","protected":false},"excerpt":{"rendered":"<p>Les r\u00e9sultats pr\u00e9sent\u00e9s ici, et notamment la banque de donn\u00e9es terminologique, correspondent \u00e0 une recherche conduite par le groupe TRAFIL jusqu&rsquo;en 2012. Le groupe de recherche pluridisciplinaire TRAFIL a pour mission de rendre plus accessibles et plus compr\u00e9hensibles les diff\u00e9rentes langues et cultures qui interviennent dans le processus de traduction des philosophies lointaines, en particulier [&hellip;]<\/p>\n","protected":false},"author":20,"featured_media":0,"parent":0,"menu_order":0,"comment_status":"closed","ping_status":"closed","template":"","meta":{"footnotes":""},"class_list":["post-155","page","type-page","status-publish","hentry"],"_links":{"self":[{"href":"https:\/\/webs.uab.cat\/trafil\/fr\/wp-json\/wp\/v2\/pages\/155","targetHints":{"allow":["GET"]}}],"collection":[{"href":"https:\/\/webs.uab.cat\/trafil\/fr\/wp-json\/wp\/v2\/pages"}],"about":[{"href":"https:\/\/webs.uab.cat\/trafil\/fr\/wp-json\/wp\/v2\/types\/page"}],"author":[{"embeddable":true,"href":"https:\/\/webs.uab.cat\/trafil\/fr\/wp-json\/wp\/v2\/users\/20"}],"replies":[{"embeddable":true,"href":"https:\/\/webs.uab.cat\/trafil\/fr\/wp-json\/wp\/v2\/comments?post=155"}],"version-history":[{"count":1,"href":"https:\/\/webs.uab.cat\/trafil\/fr\/wp-json\/wp\/v2\/pages\/155\/revisions"}],"predecessor-version":[{"id":419,"href":"https:\/\/webs.uab.cat\/trafil\/fr\/wp-json\/wp\/v2\/pages\/155\/revisions\/419"}],"wp:attachment":[{"href":"https:\/\/webs.uab.cat\/trafil\/fr\/wp-json\/wp\/v2\/media?parent=155"}],"curies":[{"name":"wp","href":"https:\/\/api.w.org\/{rel}","templated":true}]}}