{"id":133,"date":"2009-05-25T13:54:03","date_gmt":"2009-05-25T11:54:03","guid":{"rendered":"https:\/\/webs.uab.cat\/trafil\/introduccio\/"},"modified":"2009-05-25T13:54:03","modified_gmt":"2009-05-25T11:54:03","slug":"introduccio","status":"publish","type":"page","link":"https:\/\/webs.uab.cat\/trafil\/introduccio\/","title":{"rendered":"Introducci\u00f3"},"content":{"rendered":"<p><img loading=\"lazy\" decoding=\"async\" alt=\"MarpaTerm\" height=\"45\" src=\"http:\/\/grupsderecerca.uab.cat\/trafil\/sites\/grupsderecerca.uab.cat.trafil\/files\/images\/loguito-rojo.jpg\" style=\"vertical-align: top;\" width=\"113\" \/><\/p>\n<p>La nostra base de dades terminol\u00f2gica i de coneixement multiling\u00fce est\u00e0 concebuda com una ajuda a la traducci\u00f3 (cap al castell\u00e0 i el catal\u00e0) de textos relacionats amb la tradici\u00f3 budista tibetana redactats en tibet\u00e0, angl\u00e8s o franc\u00e8s.<\/p>\n<table border=\"0\" width=\"948\">\n<tbody>\n<tr>\n<td colspan=\"2\">Es tracta d&#8217;un treball descriptiu i prescriptiu:<\/td>\n<\/tr>\n<tr>\n<td width=\"16\">&nbsp;<\/td>\n<td width=\"922\">&#8211; <em>descriptiu<\/em> perqu\u00e8 parteix de textos, glossaris, enciclop\u00e8dies i diccionaris existents en tibet\u00e0, angl\u00e8s, franc\u00e8s i s\u00e0nscrit;<\/td>\n<\/tr>\n<tr>\n<td>&nbsp;<\/td>\n<td>&#8211;&nbsp;<em>prescriptiu<\/em> perqu\u00e8 el seu objectiu principal \u00e9s realitzar propostes, a partir de criteris raonats, per tal de normalitzar l&#8217;\u00fas de la terminologia en castell\u00e0 i catal\u00e0 en l&#8217;\u00e0mbit del budisme tibet\u00e0.<\/td>\n<\/tr>\n<\/tbody>\n<\/table>\n<p>A trav\u00e9s de la navegaci\u00f3 conceptual, aquesta base de dades pret\u00e9n tamb\u00e9 ser una base de coneixement les informacions del qual poden ser \u00fatils al traductor aix\u00ed com a qualsevol persona interessada en el tema, ja sigui per motius acad\u00e8mics o personals.<\/p>\n","protected":false},"excerpt":{"rendered":"<p>La nostra base de dades terminol\u00f2gica i de coneixement multiling\u00fce est\u00e0 concebuda com una ajuda a la traducci\u00f3 (cap al castell\u00e0 i el catal\u00e0) de textos relacionats amb la tradici\u00f3 budista tibetana redactats en tibet\u00e0, angl\u00e8s o franc\u00e8s. Es tracta d&#8217;un treball descriptiu i prescriptiu: &nbsp; &#8211; descriptiu perqu\u00e8 parteix de textos, glossaris, enciclop\u00e8dies i [&hellip;]<\/p>\n","protected":false},"author":20,"featured_media":0,"parent":0,"menu_order":0,"comment_status":"closed","ping_status":"closed","template":"","meta":{"footnotes":""},"class_list":["post-133","page","type-page","status-publish","hentry"],"_links":{"self":[{"href":"https:\/\/webs.uab.cat\/trafil\/wp-json\/wp\/v2\/pages\/133","targetHints":{"allow":["GET"]}}],"collection":[{"href":"https:\/\/webs.uab.cat\/trafil\/wp-json\/wp\/v2\/pages"}],"about":[{"href":"https:\/\/webs.uab.cat\/trafil\/wp-json\/wp\/v2\/types\/page"}],"author":[{"embeddable":true,"href":"https:\/\/webs.uab.cat\/trafil\/wp-json\/wp\/v2\/users\/20"}],"replies":[{"embeddable":true,"href":"https:\/\/webs.uab.cat\/trafil\/wp-json\/wp\/v2\/comments?post=133"}],"version-history":[{"count":0,"href":"https:\/\/webs.uab.cat\/trafil\/wp-json\/wp\/v2\/pages\/133\/revisions"}],"wp:attachment":[{"href":"https:\/\/webs.uab.cat\/trafil\/wp-json\/wp\/v2\/media?parent=133"}],"curies":[{"name":"wp","href":"https:\/\/api.w.org\/{rel}","templated":true}]}}