{"id":142,"date":"2009-06-15T16:52:49","date_gmt":"2009-06-15T14:52:49","guid":{"rendered":"https:\/\/webs.uab.cat\/trafil\/els-autors\/"},"modified":"2009-06-15T16:52:49","modified_gmt":"2009-06-15T14:52:49","slug":"els-autors","status":"publish","type":"page","link":"https:\/\/webs.uab.cat\/trafil\/els-autors\/","title":{"rendered":"Els autors"},"content":{"rendered":"<p>Montse Castell\u00e0 Oliv\u00e9<br \/> Anna Gil Bardaj\u00ed<br \/> Basili Llorca i Mart\u00ednez<br \/> Nicole Mart\u00ednez-Melis<br \/> Mariana Orozco Jutor\u00e1n<br \/> Herminia Roura i Bonet<\/p>\n<p><strong>Assessorament:<\/strong><br \/>Pilar Sanchez-Gij\u00f3n (gesti\u00f3 terminol\u00f2gica)<br \/>Bartolom\u00e9 Mesa-Lao (gesti\u00f3 terminol\u00f2gica)<br \/>Ramon Prats de Al\u00f2s-Moner (tibet\u00e0)<em><br \/> <\/em>\u00d2scar Pujol i Riambau (s\u00e0nscrit)<\/p>\n<p><strong>Agra\u00efments:<\/strong><br \/>Alfonso Taboada, Gueshe Jampel, Gueshe Lamsang, Lama Jinpa Gyamtso, Laureano Ramirez, Mar\u00eda Jes\u00fas Herv\u00e1s, Miguel Requena, Nerea Basurto, Ngawang Topgyal, Ringu Tulku Rimpoch\u00e9, Fundaci\u00f3 Casa del Tibet de Barcelona.<\/p>\n","protected":false},"excerpt":{"rendered":"<p>Montse Castell\u00e0 Oliv\u00e9 Anna Gil Bardaj\u00ed Basili Llorca i Mart\u00ednez Nicole Mart\u00ednez-Melis Mariana Orozco Jutor\u00e1n Herminia Roura i Bonet Assessorament:Pilar Sanchez-Gij\u00f3n (gesti\u00f3 terminol\u00f2gica)Bartolom\u00e9 Mesa-Lao (gesti\u00f3 terminol\u00f2gica)Ramon Prats de Al\u00f2s-Moner (tibet\u00e0) \u00d2scar Pujol i Riambau (s\u00e0nscrit) Agra\u00efments:Alfonso Taboada, Gueshe Jampel, Gueshe Lamsang, Lama Jinpa Gyamtso, Laureano Ramirez, Mar\u00eda Jes\u00fas Herv\u00e1s, Miguel Requena, Nerea Basurto, Ngawang Topgyal, [&hellip;]<\/p>\n","protected":false},"author":20,"featured_media":0,"parent":0,"menu_order":0,"comment_status":"closed","ping_status":"closed","template":"","meta":{"footnotes":""},"class_list":["post-142","page","type-page","status-publish","hentry"],"_links":{"self":[{"href":"https:\/\/webs.uab.cat\/trafil\/wp-json\/wp\/v2\/pages\/142","targetHints":{"allow":["GET"]}}],"collection":[{"href":"https:\/\/webs.uab.cat\/trafil\/wp-json\/wp\/v2\/pages"}],"about":[{"href":"https:\/\/webs.uab.cat\/trafil\/wp-json\/wp\/v2\/types\/page"}],"author":[{"embeddable":true,"href":"https:\/\/webs.uab.cat\/trafil\/wp-json\/wp\/v2\/users\/20"}],"replies":[{"embeddable":true,"href":"https:\/\/webs.uab.cat\/trafil\/wp-json\/wp\/v2\/comments?post=142"}],"version-history":[{"count":0,"href":"https:\/\/webs.uab.cat\/trafil\/wp-json\/wp\/v2\/pages\/142\/revisions"}],"wp:attachment":[{"href":"https:\/\/webs.uab.cat\/trafil\/wp-json\/wp\/v2\/media?parent=142"}],"curies":[{"name":"wp","href":"https:\/\/api.w.org\/{rel}","templated":true}]}}