{"id":146,"date":"2009-06-17T10:33:13","date_gmt":"2009-06-17T08:33:13","guid":{"rendered":"https:\/\/webs.uab.cat\/trafil\/organitzacio-rd\/"},"modified":"2023-03-27T09:07:24","modified_gmt":"2023-03-27T07:07:24","slug":"organitzacio-rd","status":"publish","type":"page","link":"https:\/\/webs.uab.cat\/trafil\/organitzacio-rd\/","title":{"rendered":"Organitzaci\u00f3 (R+D)"},"content":{"rendered":"\n<p><strong>Mariana Orozco Jutor\u00e1n<\/strong><br>\u201cI Seminario internacional de investigaci\u00f3n avanzada en traducci\u00f3n de textos sobre filosof\u00eda budista\u201d (Universitat Aut\u00f2noma de Barcelona,14-18 diciembre 2009<\/p>\n\n\n\n<p><strong>Nicole Mart\u00ednez-Melis y Mariana Orozco<\/strong><em><a href=\" http:\/\/grupsderecerca.uab.cat\/trafil\/sites\/grupsderecerca.uab.cat.trafil\/files\/informe_jornada.pdf\"><br><\/a><\/em><a href=\"https:\/\/webs.uab.cat\/trafil\/wp-content\/uploads\/sites\/402\/2016\/11\/informe_jornada.pdf\" data-type=\"attachment\" data-id=\"147\">I\u00aa Jornada sobre la traducci\u00f3n del budismo tibetano: la situaci\u00f3n en Espa\u00f1a<\/a> <br>Departament de Traducci\u00f3 i d\u2019Interpretaci\u00f3 (Facultat de Traducci\u00f3 i d\u2019Interpretaci\u00f3, Universitat Aut\u00f2noma de Barcelona) 3 de febrero 2006<\/p>\n\n\n\n<p><strong>Mariana Orozco<\/strong><br>Coordinaci\u00f3n del m\u00f3dulo \u201cTraducci\u00f3n especializada\u201d de la especialidad \u201cTraducci\u00f3n y Mediaci\u00f3n Intercultural\u201d del M\u00e1ster Oficial \u201cTraducci\u00f3n, Interpretaci\u00f3n y Estudios Interculturales\u201d, (Facultat de Traducci\u00f3 i d\u2019Interpretaci\u00f3, Universitat Aut\u00f2noma de Barcelona) (cursos 2006-07, 2007-08, 2008-09).<\/p>\n\n\n\n<p><strong>Laia Villegas<\/strong><br>Coordinaci\u00f3n de los estudios del Centre d\u2019Estudis de la Llengua S\u00e0nscrita DEVAVANI, desde 2007.<br>Coordinaci\u00f3n de cursos, Casa Asia, Departament de Programes Educatius, 2005.<\/p>\n","protected":false},"excerpt":{"rendered":"<p>Mariana Orozco Jutor\u00e1n\u201cI Seminario internacional de investigaci\u00f3n avanzada en traducci\u00f3n de textos sobre filosof\u00eda budista\u201d (Universitat Aut\u00f2noma de Barcelona,14-18 diciembre 2009 Nicole Mart\u00ednez-Melis y Mariana OrozcoI\u00aa Jornada sobre la traducci\u00f3n del budismo tibetano: la situaci\u00f3n en Espa\u00f1a Departament de Traducci\u00f3 i d\u2019Interpretaci\u00f3 (Facultat de Traducci\u00f3 i d\u2019Interpretaci\u00f3, Universitat Aut\u00f2noma de Barcelona) 3 de febrero 2006 [&hellip;]<\/p>\n","protected":false},"author":20,"featured_media":0,"parent":0,"menu_order":0,"comment_status":"closed","ping_status":"closed","template":"","meta":{"footnotes":""},"class_list":["post-146","page","type-page","status-publish","hentry"],"_links":{"self":[{"href":"https:\/\/webs.uab.cat\/trafil\/wp-json\/wp\/v2\/pages\/146","targetHints":{"allow":["GET"]}}],"collection":[{"href":"https:\/\/webs.uab.cat\/trafil\/wp-json\/wp\/v2\/pages"}],"about":[{"href":"https:\/\/webs.uab.cat\/trafil\/wp-json\/wp\/v2\/types\/page"}],"author":[{"embeddable":true,"href":"https:\/\/webs.uab.cat\/trafil\/wp-json\/wp\/v2\/users\/20"}],"replies":[{"embeddable":true,"href":"https:\/\/webs.uab.cat\/trafil\/wp-json\/wp\/v2\/comments?post=146"}],"version-history":[{"count":1,"href":"https:\/\/webs.uab.cat\/trafil\/wp-json\/wp\/v2\/pages\/146\/revisions"}],"predecessor-version":[{"id":411,"href":"https:\/\/webs.uab.cat\/trafil\/wp-json\/wp\/v2\/pages\/146\/revisions\/411"}],"wp:attachment":[{"href":"https:\/\/webs.uab.cat\/trafil\/wp-json\/wp\/v2\/media?parent=146"}],"curies":[{"name":"wp","href":"https:\/\/api.w.org\/{rel}","templated":true}]}}