{"id":152,"date":"2009-06-17T10:56:16","date_gmt":"2009-06-17T08:56:16","guid":{"rendered":"https:\/\/webs.uab.cat\/trafil\/direccio-de-tesis\/"},"modified":"2009-06-17T10:56:16","modified_gmt":"2009-06-17T08:56:16","slug":"direccio-de-tesis","status":"publish","type":"page","link":"https:\/\/webs.uab.cat\/trafil\/direccio-de-tesis\/","title":{"rendered":"Direcci\u00f3 de tesis"},"content":{"rendered":"<p><strong>Nicole Mart\u00ednez-Melis<\/strong><br \/>\u201cEl Sutra del coraz\u00f3n: estudio comparativo de las opciones metodol\u00f3gicas de traducci\u00f3n en versiones al chino\u201d, al ingl\u00e9s y al castellano, de Huiwen Tsai, Universitat Aut\u00f2noma de Barcelona, 2011.&nbsp;<\/p>\n<p><strong>Oscar Pujol co-direcci\u00f3n con Amador Vega <\/strong><br \/>\u201cEstudio antropol\u00f3gico y textual de los procesos de transmisi\u00f3n y recepci\u00f3n del yoga en Occidente\u201d, de Laia Villegas, inscrita en la Universitat Pompeu i Fabra<\/p>\n<p><strong>Ramon Prats co-direcci\u00f3n con Matthew Kapstein<\/strong><br \/>\u201cLa sistematitzaci\u00f3 filos\u00f2fica de la tradici\u00f3 Rdzogs chen a trav\u00e9s de l&#8217;obra de Rong zom Pandita, en el proc\u00e9s de formaci\u00f3 de l&#8217;escola Rnying ma del buddhisme tibet\u00e0\u201d de Ferran Mestanza, inscrita en la Universitat Pompeu Fabra i la \u00c9cole Pratique des Hautes \u00c9tudes (Paris).<\/p>\n<p>&nbsp;<\/p>\n","protected":false},"excerpt":{"rendered":"<p>Nicole Mart\u00ednez-Melis\u201cEl Sutra del coraz\u00f3n: estudio comparativo de las opciones metodol\u00f3gicas de traducci\u00f3n en versiones al chino\u201d, al ingl\u00e9s y al castellano, de Huiwen Tsai, Universitat Aut\u00f2noma de Barcelona, 2011.&nbsp; Oscar Pujol co-direcci\u00f3n con Amador Vega \u201cEstudio antropol\u00f3gico y textual de los procesos de transmisi\u00f3n y recepci\u00f3n del yoga en Occidente\u201d, de Laia Villegas, inscrita [&hellip;]<\/p>\n","protected":false},"author":20,"featured_media":0,"parent":0,"menu_order":0,"comment_status":"closed","ping_status":"closed","template":"","meta":{"footnotes":""},"class_list":["post-152","page","type-page","status-publish","hentry"],"_links":{"self":[{"href":"https:\/\/webs.uab.cat\/trafil\/wp-json\/wp\/v2\/pages\/152","targetHints":{"allow":["GET"]}}],"collection":[{"href":"https:\/\/webs.uab.cat\/trafil\/wp-json\/wp\/v2\/pages"}],"about":[{"href":"https:\/\/webs.uab.cat\/trafil\/wp-json\/wp\/v2\/types\/page"}],"author":[{"embeddable":true,"href":"https:\/\/webs.uab.cat\/trafil\/wp-json\/wp\/v2\/users\/20"}],"replies":[{"embeddable":true,"href":"https:\/\/webs.uab.cat\/trafil\/wp-json\/wp\/v2\/comments?post=152"}],"version-history":[{"count":0,"href":"https:\/\/webs.uab.cat\/trafil\/wp-json\/wp\/v2\/pages\/152\/revisions"}],"wp:attachment":[{"href":"https:\/\/webs.uab.cat\/trafil\/wp-json\/wp\/v2\/media?parent=152"}],"curies":[{"name":"wp","href":"https:\/\/api.w.org\/{rel}","templated":true}]}}