{"id":62,"date":"2023-09-04T18:14:10","date_gmt":"2023-09-04T16:14:10","guid":{"rendered":"https:\/\/webs.uab.cat\/transdem\/?page_id=62"},"modified":"2025-10-09T16:23:27","modified_gmt":"2025-10-09T14:23:27","slug":"projects-events","status":"publish","type":"page","link":"https:\/\/webs.uab.cat\/transdem\/projects-events\/","title":{"rendered":"Projects"},"content":{"rendered":"\n<h2 class=\"wp-block-heading alignwide has-text-align-left has-negre-eben-color has-blanc-coco-background-color has-text-color has-background\"><strong>TransDeM simultaneously works in different research areas. In this page you can see the on-going and finished projects<\/strong>:<\/h2>\n\n\n\n<div class=\"wp-block-columns alignwide are-vertically-aligned-center has-gris-pubilla-background-color has-background is-layout-flex wp-container-core-columns-is-layout-9d6595d7 wp-block-columns-is-layout-flex\">\n<div class=\"wp-block-column is-vertically-aligned-center is-layout-flow wp-block-column-is-layout-flow\" style=\"flex-basis:70%\"><div class=\"wp-block-image\">\n<figure class=\"alignright size-full\"><img loading=\"lazy\" decoding=\"async\" width=\"644\" height=\"728\" src=\"https:\/\/webs.uab.cat\/transdem\/wp-content\/uploads\/sites\/467\/2025\/10\/Citrest-logo-2.png\" alt=\"\" class=\"wp-image-1046\" srcset=\"https:\/\/webs.uab.cat\/transdem\/wp-content\/uploads\/sites\/467\/2025\/10\/Citrest-logo-2.png 644w, https:\/\/webs.uab.cat\/transdem\/wp-content\/uploads\/sites\/467\/2025\/10\/Citrest-logo-2-265x300.png 265w\" sizes=\"auto, (max-width: 644px) 100vw, 644px\" \/><\/figure>\n<\/div><\/div>\n\n\n\n<div class=\"wp-block-column is-vertically-aligned-center is-layout-flow wp-block-column-is-layout-flow\" style=\"flex-basis:66.66%\">\n<h2 class=\"wp-block-heading has-text-align-left\">Citizenship as Restitution (<a href=\"https:\/\/citrest.es\/\">CITREST<\/a>) (2024-2028) <em>Ongoing<\/em><\/h2>\n\n\n\n<p class=\"has-text-align-left\">Principal Investigator: <strong> Reinhard Schweitzer<\/strong><\/p>\n\n\n\n<p class=\"has-text-align-left\">Funded by the Spanish Ministry of Science, Innovation and Universities, the European Union, and the Spanish State Research Agency.<\/p>\n\n\n\n<p>The project investigates the cases of Austria and Spain, significantly advancing existing empirical knowledge about, and theoretical understanding of, a very timely issue of high social and political relevance: The use that more and more EU member states are recently making of citizenship as a form of restitution.<\/p>\n<\/div>\n<\/div>\n\n\n\n<div class=\"wp-block-group\"><div class=\"wp-block-group__inner-container is-layout-constrained wp-block-group-is-layout-constrained\">\n<div class=\"wp-block-columns are-vertically-aligned-center has-blanc-coco-background-color has-background is-layout-flex wp-container-core-columns-is-layout-9d6595d7 wp-block-columns-is-layout-flex\">\n<div class=\"wp-block-column is-layout-flow wp-block-column-is-layout-flow\"><\/div>\n\n\n\n<div class=\"wp-block-column is-layout-flow wp-block-column-is-layout-flow\"><\/div>\n<\/div>\n<\/div><\/div>\n\n\n\n<div class=\"wp-block-columns alignwide are-vertically-aligned-center has-blanc-coco-background-color has-background is-layout-flex wp-container-core-columns-is-layout-9d6595d7 wp-block-columns-is-layout-flex\">\n<div class=\"wp-block-column is-vertically-aligned-center is-layout-flow wp-block-column-is-layout-flow\" style=\"flex-basis:70%\">\n<h2 class=\"wp-block-heading has-text-align-left has-negre-eben-color has-text-color\">Business and Politics. How NGEU funds shape EU support (<a href=\"https:\/\/webs.uab.cat\/eubusiness\/home-page\/\">EUBUSINESS<\/a>)\u00a0(2024 &#8211; 2028) <em>Ongoing<\/em><\/h2>\n\n\n\n<p class=\"has-text-align-left\">Principal Investigator:<strong> Irina Ciornei<\/strong> &amp; Manuel Hidalgo-Perez<\/p>\n\n\n\n<p class=\"has-text-align-left\">Funded by the Spanish Research Agency.<\/p>\n<\/div>\n\n\n\n<div class=\"wp-block-column is-vertically-aligned-center is-layout-flow wp-block-column-is-layout-flow\" style=\"flex-basis:66.66%\"><div class=\"wp-block-image\">\n<figure class=\"aligncenter size-medium\"><img loading=\"lazy\" decoding=\"async\" width=\"300\" height=\"248\" src=\"https:\/\/webs.uab.cat\/transdem\/wp-content\/uploads\/sites\/467\/2023\/11\/Screenshot-2023-11-07-at-22.49.22-300x248.png\" alt=\"\" class=\"wp-image-605\" srcset=\"https:\/\/webs.uab.cat\/transdem\/wp-content\/uploads\/sites\/467\/2023\/11\/Screenshot-2023-11-07-at-22.49.22-300x248.png 300w, https:\/\/webs.uab.cat\/transdem\/wp-content\/uploads\/sites\/467\/2023\/11\/Screenshot-2023-11-07-at-22.49.22.png 521w\" sizes=\"auto, (max-width: 300px) 100vw, 300px\" \/><\/figure>\n<\/div><\/div>\n<\/div>\n\n\n\n<div class=\"wp-block-columns alignwide are-vertically-aligned-center has-gris-pubilla-background-color has-background is-layout-flex wp-container-core-columns-is-layout-9d6595d7 wp-block-columns-is-layout-flex\">\n<div class=\"wp-block-column is-vertically-aligned-center is-layout-flow wp-block-column-is-layout-flow\" style=\"flex-basis:70%\"><div class=\"wp-block-image\">\n<figure class=\"aligncenter size-full is-resized\"><img loading=\"lazy\" decoding=\"async\" width=\"767\" height=\"645\" src=\"https:\/\/webs.uab.cat\/transdem\/wp-content\/uploads\/sites\/467\/2023\/12\/11.png\" alt=\"\" class=\"wp-image-771\" style=\"aspect-ratio:1.1978947368421053;width:418px;height:auto\" srcset=\"https:\/\/webs.uab.cat\/transdem\/wp-content\/uploads\/sites\/467\/2023\/12\/11.png 767w, https:\/\/webs.uab.cat\/transdem\/wp-content\/uploads\/sites\/467\/2023\/12\/11-300x252.png 300w\" sizes=\"auto, (max-width: 767px) 100vw, 767px\" \/><\/figure>\n<\/div><\/div>\n\n\n\n<div class=\"wp-block-column is-vertically-aligned-center is-layout-flow wp-block-column-is-layout-flow\" style=\"flex-basis:66.66%\">\n<h2 class=\"wp-block-heading has-text-align-left\"><a href=\"https:\/\/migrademo.eu\">Migrademo Project<\/a> (2019-2024) <em>Recently completed<\/em><\/h2>\n\n\n\n<p class=\"has-text-align-left\">Principal Investigator: <strong>Eva \u00d8stergaard-Nielsen<\/strong>.<\/p>\n\n\n\n<p class=\"has-text-align-left\">MIGRADEMO&nbsp;is a European Research Council (ERC) funded project which examines the impact of migration on democratic participation and processes in countries of origin. It is hosted by the Department of Political Science at the&nbsp;Universitat&nbsp;Aut\u00f2noma&nbsp;de Barcelona.<\/p>\n\n\n\n<p>The MIGRADEMO research shifts the attention from the focus on what happens when migrants arrive in countries of settlement to the&nbsp;impact on countries of origin. Comparing the content, scope and&nbsp;processes of democratic diffusion will contribute to our knowledge of the conditions under which migration can influence democratic practices. <\/p>\n<\/div>\n<\/div>\n\n\n\n<div class=\"wp-block-columns alignwide are-vertically-aligned-center has-blanc-coco-background-color has-background is-layout-flex wp-container-core-columns-is-layout-9d6595d7 wp-block-columns-is-layout-flex\">\n<div class=\"wp-block-column is-vertically-aligned-center is-layout-flow wp-block-column-is-layout-flow\" style=\"flex-basis:70%\">\n<h2 class=\"wp-block-heading has-text-align-left has-negre-eben-color has-text-color\">Mechanisms of Protest Voting: A Proposal of Analyses to Integrate Elections, Parties, and Voters&nbsp;(2022 &#8211; 2024) <em>Recently completed<\/em><\/h2>\n\n\n\n<p class=\"has-text-align-left\">Principal Investigator:<strong> Stefano Camatarri<\/strong> &amp; Airo Hino.<\/p>\n\n\n\n<p class=\"has-text-align-left\">Funded by the Japanese Society for the Promotion of Science (JSPS).<\/p>\n<\/div>\n\n\n\n<div class=\"wp-block-column is-vertically-aligned-center is-layout-flow wp-block-column-is-layout-flow\" style=\"flex-basis:66.66%\"><div class=\"wp-block-image\">\n<figure class=\"aligncenter size-full is-resized\"><img loading=\"lazy\" decoding=\"async\" width=\"508\" height=\"473\" src=\"https:\/\/webs.uab.cat\/transdem\/wp-content\/uploads\/sites\/467\/2023\/12\/12-4.png\" alt=\"\" class=\"wp-image-785\" style=\"width:239px;height:221px\" srcset=\"https:\/\/webs.uab.cat\/transdem\/wp-content\/uploads\/sites\/467\/2023\/12\/12-4.png 508w, https:\/\/webs.uab.cat\/transdem\/wp-content\/uploads\/sites\/467\/2023\/12\/12-4-300x279.png 300w\" sizes=\"auto, (max-width: 508px) 100vw, 508px\" \/><\/figure>\n<\/div><\/div>\n<\/div>\n\n\n\n<div class=\"wp-block-columns alignwide are-vertically-aligned-center has-gris-pubilla-background-color has-background is-layout-flex wp-container-core-columns-is-layout-9d6595d7 wp-block-columns-is-layout-flex\">\n<div class=\"wp-block-column is-vertically-aligned-center is-layout-flow wp-block-column-is-layout-flow\" style=\"flex-basis:70%\"><div class=\"wp-block-image\">\n<figure class=\"aligncenter size-full is-resized\"><img loading=\"lazy\" decoding=\"async\" width=\"816\" height=\"540\" src=\"https:\/\/webs.uab.cat\/transdem\/wp-content\/uploads\/sites\/467\/2023\/12\/11-2.png\" alt=\"\" class=\"wp-image-786\" style=\"width:444px;height:293px\" srcset=\"https:\/\/webs.uab.cat\/transdem\/wp-content\/uploads\/sites\/467\/2023\/12\/11-2.png 816w, https:\/\/webs.uab.cat\/transdem\/wp-content\/uploads\/sites\/467\/2023\/12\/11-2-300x199.png 300w, https:\/\/webs.uab.cat\/transdem\/wp-content\/uploads\/sites\/467\/2023\/12\/11-2-768x508.png 768w\" sizes=\"auto, (max-width: 816px) 100vw, 816px\" \/><\/figure>\n<\/div><\/div>\n\n\n\n<div class=\"wp-block-column is-vertically-aligned-center is-layout-flow wp-block-column-is-layout-flow\" style=\"flex-basis:66.66%\">\n<h2 class=\"wp-block-heading\">Unpacking the relationship between protest motivations, election outcomes and party characteristics in established democracies (2020 &#8211; 2022) <em>Completed<\/em><\/h2>\n\n\n\n<p>Principal Investigator: <strong>Stefano Camatarri<\/strong>.<\/p>\n\n\n\n<p>Funded by French-speaking Community of Belgium (Special Research Fund).<\/p>\n<\/div>\n<\/div>\n\n\n\n<div class=\"wp-block-columns alignwide are-vertically-aligned-center has-blanc-coco-background-color has-background is-layout-flex wp-container-core-columns-is-layout-9d6595d7 wp-block-columns-is-layout-flex\">\n<div class=\"wp-block-column is-vertically-aligned-center is-layout-flow wp-block-column-is-layout-flow\" style=\"flex-basis:70%\">\n<h2 class=\"wp-block-heading has-negre-eben-color has-text-color\">Religion&nbsp;&nbsp;&nbsp;&nbsp;and&nbsp;&nbsp;&nbsp;&nbsp;&nbsp;morality&nbsp;&nbsp;&nbsp;&nbsp;policy \u2013 An analysis of&nbsp;&nbsp;the&nbsp;&nbsp;influence&nbsp;&nbsp;of religious groups during the implementation stage&nbsp;(2017-2022) <em>Completed<\/em><\/h2>\n\n\n\n<p>Principal Investigator: <strong>Irina Ciornei<\/strong> &amp; Christian Joppke.<\/p>\n\n\n\n<p>Funded by Swiss National Science Foundation.<\/p>\n<\/div>\n\n\n\n<div class=\"wp-block-column is-vertically-aligned-center is-layout-flow wp-block-column-is-layout-flow\" style=\"flex-basis:66.66%\"><div class=\"wp-block-image\">\n<figure class=\"aligncenter size-full is-resized\"><img loading=\"lazy\" decoding=\"async\" width=\"435\" height=\"323\" src=\"https:\/\/webs.uab.cat\/transdem\/wp-content\/uploads\/sites\/467\/2023\/11\/Screenshot-2023-11-23-at-15.56.15.png\" alt=\"\" class=\"wp-image-685\" style=\"width:380px;height:282px\" srcset=\"https:\/\/webs.uab.cat\/transdem\/wp-content\/uploads\/sites\/467\/2023\/11\/Screenshot-2023-11-23-at-15.56.15.png 435w, https:\/\/webs.uab.cat\/transdem\/wp-content\/uploads\/sites\/467\/2023\/11\/Screenshot-2023-11-23-at-15.56.15-300x223.png 300w\" sizes=\"auto, (max-width: 435px) 100vw, 435px\" \/><\/figure>\n<\/div><\/div>\n<\/div>\n\n\n\n<div class=\"wp-block-columns alignwide has-gris-pubilla-background-color has-background is-layout-flex wp-container-core-columns-is-layout-9d6595d7 wp-block-columns-is-layout-flex\">\n<div class=\"wp-block-column is-vertically-aligned-center is-layout-flow wp-block-column-is-layout-flow\" style=\"flex-basis:70%\"><div class=\"wp-block-image\">\n<figure class=\"aligncenter size-full is-resized\"><img loading=\"lazy\" decoding=\"async\" width=\"866\" height=\"637\" src=\"https:\/\/webs.uab.cat\/transdem\/wp-content\/uploads\/sites\/467\/2023\/12\/8.png\" alt=\"\" class=\"wp-image-787\" style=\"width:405px;height:297px\" srcset=\"https:\/\/webs.uab.cat\/transdem\/wp-content\/uploads\/sites\/467\/2023\/12\/8.png 866w, https:\/\/webs.uab.cat\/transdem\/wp-content\/uploads\/sites\/467\/2023\/12\/8-300x221.png 300w, https:\/\/webs.uab.cat\/transdem\/wp-content\/uploads\/sites\/467\/2023\/12\/8-768x565.png 768w\" sizes=\"auto, (max-width: 866px) 100vw, 866px\" \/><\/figure>\n<\/div><\/div>\n\n\n\n<div class=\"wp-block-column is-vertically-aligned-center is-layout-flow wp-block-column-is-layout-flow\" style=\"flex-basis:66.66%\">\n<h2 class=\"wp-block-heading\">Challenger Parties and Mechanisms of Protest Voting (2019 &#8211; 2020) <em>Completed<\/em><\/h2>\n\n\n\n<p>Principal Investigator: <strong>Stefano Camatarri <\/strong>&amp; Airo Hino.<\/p>\n\n\n\n<p>Funded by Japanese Society for the Promotion of Science (JSPS).<\/p>\n<\/div>\n<\/div>\n\n\n\n<div class=\"wp-block-columns alignwide are-vertically-aligned-center has-blanc-coco-background-color has-background is-layout-flex wp-container-core-columns-is-layout-9d6595d7 wp-block-columns-is-layout-flex\">\n<div class=\"wp-block-column is-vertically-aligned-center is-layout-flow wp-block-column-is-layout-flow\" style=\"flex-basis:70%\">\n<h2 class=\"wp-block-heading has-negre-eben-color has-text-color\"><a href=\"https:\/\/www.socialeu-project.eu\">SOCIALEU-European social policy and eurosceptic challenges<\/a>&nbsp;(2019-2021) <em>Completed<\/em><\/h2>\n\n\n\n<p>Principal Investigator:<strong> Irina Ciornei<\/strong>.<\/p>\n\n\n\n<p>SOCIALEU is funded by the Horizon 2020 Framework Programme of the European Union under Marie Sk\u0142odowska-Curie Actions.<\/p>\n\n\n\n<p>The SOCIALEU project investigates the role of a redistributive EU social policy in fostering citizen support for the Union. In particular, the project analyses the agenda-setting on social rights at the supranational level and subsequently inquires whether the provision of social benefits by EU institutions increases support for European integration and has the potential to turn populist party voters towards mainstream political parties.<\/p>\n<\/div>\n\n\n\n<div class=\"wp-block-column is-vertically-aligned-center is-layout-flow wp-block-column-is-layout-flow\" style=\"flex-basis:66.66%\"><div class=\"wp-block-image\">\n<figure class=\"aligncenter size-full is-resized\"><img loading=\"lazy\" decoding=\"async\" width=\"523\" height=\"455\" src=\"https:\/\/webs.uab.cat\/transdem\/wp-content\/uploads\/sites\/467\/2023\/11\/Screenshot-2023-11-23-at-16.11.07.png\" alt=\"\" class=\"wp-image-691\" style=\"width:334px;height:290px\" srcset=\"https:\/\/webs.uab.cat\/transdem\/wp-content\/uploads\/sites\/467\/2023\/11\/Screenshot-2023-11-23-at-16.11.07.png 523w, https:\/\/webs.uab.cat\/transdem\/wp-content\/uploads\/sites\/467\/2023\/11\/Screenshot-2023-11-23-at-16.11.07-300x261.png 300w\" sizes=\"auto, (max-width: 523px) 100vw, 523px\" \/><\/figure>\n<\/div><\/div>\n<\/div>\n\n\n\n<div class=\"wp-block-columns alignwide are-vertically-aligned-center has-gris-pubilla-background-color has-background is-layout-flex wp-container-core-columns-is-layout-9d6595d7 wp-block-columns-is-layout-flex\">\n<div class=\"wp-block-column is-vertically-aligned-center is-layout-flow wp-block-column-is-layout-flow\" style=\"flex-basis:70%\"><div class=\"wp-block-image\">\n<figure class=\"aligncenter size-full is-resized\"><img loading=\"lazy\" decoding=\"async\" width=\"727\" height=\"534\" src=\"https:\/\/webs.uab.cat\/transdem\/wp-content\/uploads\/sites\/467\/2023\/12\/10-1.png\" alt=\"\" class=\"wp-image-788\" style=\"width:446px;height:326px\" srcset=\"https:\/\/webs.uab.cat\/transdem\/wp-content\/uploads\/sites\/467\/2023\/12\/10-1.png 727w, https:\/\/webs.uab.cat\/transdem\/wp-content\/uploads\/sites\/467\/2023\/12\/10-1-300x220.png 300w\" sizes=\"auto, (max-width: 727px) 100vw, 727px\" \/><\/figure>\n<\/div><\/div>\n\n\n\n<div class=\"wp-block-column is-vertically-aligned-center is-layout-flow wp-block-column-is-layout-flow\" style=\"flex-basis:66.66%\">\n<h2 class=\"wp-block-heading\"><a href=\"https:\/\/ddd.uab.cat\/record\/249690\">Cooperation Policies for Peace: Comparative Analysis of Catalan and Valencian Public Policies<\/a> (2015-2019) <em>Completed<\/em><\/h2>\n\n\n\n<p>Principal Investigator: <strong>M\u00edriam Acebillo Baque<\/strong> &amp; Cecilie Barbeito Thonon.<\/p>\n\n\n\n<p>Original name: <em>Pol\u00edtiques de Cooperaci\u00f3 per a la Pau: An\u00e0lisi Comparada de les Pol\u00edtiques P\u00fabliques Catalanes i Valencianes<\/em>.<\/p>\n\n\n\n<p>This research aims to understand how public policy has responded to this degradation of security by analysing what we call peace cooperation. The methodology used is comparative policy. Thus analysing, two municipal policy contexts (Barcelona and Valencia) and two regional contexts (Catalonia and Valencia) are studied.<\/p>\n<\/div>\n<\/div>\n\n\n\n<p><\/p>\n\n\n\n<p><\/p>\n\n\n\n<p><\/p>\n","protected":false},"excerpt":{"rendered":"<p>TransDeM simultaneously works in different research areas. In this page you can see the on-going and finished projects: Citizenship as Restitution (CITREST) (2024-2028) Ongoing Principal Investigator: Reinhard Schweitzer Funded by the Spanish Ministry of Science, Innovation and Universities, the European Union, and the Spanish State Research Agency. The project investigates the cases of Austria and [&hellip;]<\/p>\n","protected":false},"author":2726,"featured_media":0,"parent":0,"menu_order":0,"comment_status":"closed","ping_status":"closed","template":"","meta":{"footnotes":""},"class_list":["post-62","page","type-page","status-publish","hentry"],"_links":{"self":[{"href":"https:\/\/webs.uab.cat\/transdem\/wp-json\/wp\/v2\/pages\/62","targetHints":{"allow":["GET"]}}],"collection":[{"href":"https:\/\/webs.uab.cat\/transdem\/wp-json\/wp\/v2\/pages"}],"about":[{"href":"https:\/\/webs.uab.cat\/transdem\/wp-json\/wp\/v2\/types\/page"}],"author":[{"embeddable":true,"href":"https:\/\/webs.uab.cat\/transdem\/wp-json\/wp\/v2\/users\/2726"}],"replies":[{"embeddable":true,"href":"https:\/\/webs.uab.cat\/transdem\/wp-json\/wp\/v2\/comments?post=62"}],"version-history":[{"count":99,"href":"https:\/\/webs.uab.cat\/transdem\/wp-json\/wp\/v2\/pages\/62\/revisions"}],"predecessor-version":[{"id":1073,"href":"https:\/\/webs.uab.cat\/transdem\/wp-json\/wp\/v2\/pages\/62\/revisions\/1073"}],"wp:attachment":[{"href":"https:\/\/webs.uab.cat\/transdem\/wp-json\/wp\/v2\/media?parent=62"}],"curies":[{"name":"wp","href":"https:\/\/api.w.org\/{rel}","templated":true}]}}