{"id":741,"date":"2023-11-24T15:58:22","date_gmt":"2023-11-24T13:58:22","guid":{"rendered":"https:\/\/webs.uab.cat\/transdem\/?page_id=741"},"modified":"2025-04-29T14:38:34","modified_gmt":"2025-04-29T12:38:34","slug":"papers","status":"publish","type":"page","link":"https:\/\/webs.uab.cat\/transdem\/papers\/","title":{"rendered":"Working Papers"},"content":{"rendered":"\n<h2 class=\"wp-block-heading\">2025<\/h2>\n\n\n\n<ul class=\"wp-block-list\">\n<li>Gallina, Marta, <a href=\"https:\/\/scholar.google.com\/citations?user=XUUWebgAAAAJ&amp;hl=it\">Stefano Camatarri<\/a>, and Lewis Luartz. 2025. \u201cPopulist Voting Beyond Western Borders? Populist Attitudes and Electoral Behaviour in East Asia.\u201d <a href=\"http:\/\/hdl.handle.net\/2078.1\/295981\">http:\/\/hdl.handle.net\/2078.1\/295981<\/a>.<\/li>\n<\/ul>\n\n\n\n<h2 class=\"wp-block-heading\">2024<\/h2>\n\n\n\n<ul class=\"wp-block-list\">\n<li><a href=\"https:\/\/scholar.google.co.uk\/citations?user=-R3FGYsAAAAJ&amp;hl=en\" target=\"_blank\" rel=\"noreferrer noopener\">Bortun, Vladimir<\/a>,&nbsp;<a href=\"https:\/\/www.linkedin.com\/in\/ahmed-kadiri-487b25254\/\" target=\"_blank\" rel=\"noreferrer noopener\">Ahmed Kadiri<\/a>,&nbsp;<a href=\"https:\/\/www.researchgate.net\/profile\/Deniz-Pelek\" target=\"_blank\" rel=\"noreferrer noopener\">Deniz Pelek<\/a>&nbsp;and&nbsp;<a href=\"https:\/\/scholar.google.es\/citations?user=6lbonTAAAAAJ&amp;hl=en\" target=\"_blank\" rel=\"noreferrer noopener\">Eva \u00d8stergaard-Nielsen<\/a>. 2024. \u201cReturnees in homeland parliaments, political socialization and interparliamentarian collaboration.\u201d<\/li>\n\n\n\n<li><a href=\"https:\/\/scholar.google.es\/citations?user=XUUWebgAAAAJ&amp;hl=ca\" target=\"_blank\" rel=\"noreferrer noopener\">Camatarri, Stefano<\/a>,&nbsp;<a href=\"https:\/\/www.linkedin.com\/in\/ahmed-kadiri-487b25254\/\" target=\"_blank\" rel=\"noreferrer noopener\">Ahmed Kadiri<\/a>&nbsp;and&nbsp;<a href=\"https:\/\/scholar.google.es\/citations?user=6lbonTAAAAAJ&amp;hl=en\" target=\"_blank\" rel=\"noreferrer noopener\">Eva \u00d8stergaard-Nielsen<\/a>. 2024. \u201cMigration and electoral integrity: the impact of remittances on vote-buying in Morocco.\u201d<\/li>\n\n\n\n<li><a href=\"https:\/\/scholar.google.com.ar\/citations?user=U0cNrBsAAAAJ&amp;hl=es\">Ciornei, Irina<\/a>. &#8220;European solidarity and social class. An uneasy alliance&#8221;.<\/li>\n\n\n\n<li><a href=\"https:\/\/scholar.google.com.ar\/citations?user=U0cNrBsAAAAJ&amp;hl=es\">Ciornei, Irina<\/a>. &#8220;Supranational redistribution and EU support&#8221;<\/li>\n\n\n\n<li><a href=\"https:\/\/scholar.google.com\/citations?user=K0-bKz4AAAAJ&amp;hl=pt-BR\">Faustini Torres, Luisa<\/a> and G\u00fclce \u015eafak \u00d6zdemir. &#8220;Transnational Political Trajectories of Migrants: An Intersectional Perspective&#8221;<\/li>\n\n\n\n<li>Gallina, Marta, Lewis Luartz and <a href=\"https:\/\/scholar.google.es\/citations?user=XUUWebgAAAAJ&amp;hl=es\">Stefano Camatarri<\/a>. &#8220;Are they populist after all? The impact of populist attitudes on party preferences in Taiwan and Hong Kong&#8221;<\/li>\n\n\n\n<li><a href=\"https:\/\/scholar.google.es\/citations?user=rVb23iAAAAAJ&amp;hl=en\" target=\"_blank\" rel=\"noreferrer noopener\">Go, Laurence.<\/a>,&nbsp;<a href=\"https:\/\/scholar.google.es\/citations?user=6lbonTAAAAAJ&amp;hl=en\" target=\"_blank\" rel=\"noreferrer noopener\">Eva \u00d8stergaard-Nielsen<\/a>&nbsp;and&nbsp;<a href=\"https:\/\/scholar.google.es\/citations?user=BD3dT_oAAAAJ&amp;hl=ca\" target=\"_blank\" rel=\"noreferrer noopener\">Nicolas Fliess<\/a>. 2024.&nbsp;\u201cPolitical Interdependence: Evidence from Migrant Voted Turnout in 1,267 Elections Worldwide\u201d.&nbsp;<a href=\"https:\/\/webs.uab.cat\/transdem\/wp-content\/uploads\/sites\/467\/2023\/11\/PolInt_GOF.pdf\">https:\/\/webs.uab.cat\/transdem\/wp-content\/uploads\/sites\/467\/2023\/11\/PolInt_GOF.pdf<\/a><\/li>\n\n\n\n<li><a href=\"https:\/\/www.linkedin.com\/in\/ahmed-kadiri-487b25254\/\" target=\"_blank\" rel=\"noreferrer noopener\">Kadiri, Ahmed<\/a>. 2024. \u201cMigration as a strategy, returnee engagement in civil society in Morocco.\u201d<\/li>\n\n\n\n<li><a href=\"https:\/\/www.linkedin.com\/in\/ahmed-kadiri-487b25254\/\">Kadiri, Ahmed<\/a>&nbsp;and&nbsp;<a href=\"https:\/\/www.linkedin.com\/in\/hanane-el-baraka-30072a143\/?originalSubdomain=cn\" target=\"_blank\" rel=\"noreferrer noopener\">Hanane El Baraka<\/a>. 2024. \u201cI returned only to find myself missing many things. The nexus of financial remittances, social stuatus and political engagement.\u201d<\/li>\n\n\n\n<li><a href=\"https:\/\/scholar.google.es\/citations?user=6lbonTAAAAAJ&amp;hl=en\" target=\"_blank\" rel=\"noreferrer noopener\">\u00d8stergaard-Nielsen, Eva<\/a>,&nbsp;<a href=\"https:\/\/scholar.google.es\/citations?user=rVb23iAAAAAJ&amp;hl=en\" target=\"_blank\" rel=\"noreferrer noopener\">Laurence Go<\/a>&nbsp;and&nbsp;<a href=\"https:\/\/scholar.google.es\/citations?user=BD3dT_oAAAAJ&amp;hl=ca\" target=\"_blank\" rel=\"noreferrer noopener\">Nicolas Fliess<\/a>. 2024. \u201cAbsence make the vote grow farther? Emigrant vs domestic support for democracy across 180 homeland elections.\u201d<\/li>\n\n\n\n<li><a href=\"https:\/\/scholar.google.es\/citations?user=6lbonTAAAAAJ&amp;hl=en\" target=\"_blank\" rel=\"noreferrer noopener\">\u00d8stergaard-Nielsen, Eva<\/a>&nbsp;and&nbsp;<a href=\"https:\/\/scholar.google.es\/citations?user=XUUWebgAAAAJ&amp;hl=ca\" target=\"_blank\" rel=\"noreferrer noopener\">Stefano Camatarri<\/a>. \u201cMigration and Political Change: opportunities and challenges for countries of origin.\u201d<\/li>\n\n\n\n<li><a href=\"https:\/\/scholar.google.es\/citations?user=6lbonTAAAAAJ&amp;hl=en\" target=\"_blank\" rel=\"noreferrer noopener\">\u00d8stergaard-Nielsen, Eva<\/a>,&nbsp;<a href=\"https:\/\/scholar.google.es\/citations?user=XUUWebgAAAAJ&amp;hl=ca\" target=\"_blank\" rel=\"noreferrer noopener\">Stefano Camatarri<\/a>,&nbsp;<a href=\"https:\/\/scholar.google.co.uk\/citations?user=-R3FGYsAAAAJ&amp;hl=en\" target=\"_blank\" rel=\"noreferrer noopener\">Vladimir&nbsp;Bortun<\/a>,&nbsp;<a href=\"https:\/\/www.researchgate.net\/profile\/Deniz-Pelek\" target=\"_blank\" rel=\"noreferrer noopener\">Deniz&nbsp;Pelek<\/a>&nbsp;and&nbsp;<a href=\"https:\/\/www.linkedin.com\/in\/ahmed-kadiri-487b25254\/\" target=\"_blank\" rel=\"noreferrer noopener\">Ahmed Kadiri<\/a>. 2024. \u201cMoney or Ideas? Unpacking the role of financial and social remittances in democratic diffusion.\u201d<\/li>\n\n\n\n<li><a href=\"https:\/\/scholar.google.com\/citations?user=3LqS9ZkAAAAJ&amp;hl=tr&amp;oi=sra\">Pelek, Deniz<\/a> and G\u00f6zde Orhan. &#8220;Tar\u0131m Sorununa Bug\u00fcnden Bakmak: G\u00fcncel Tart\u0131\u015fmalar, Yeni Perspektifler in&nbsp;Toplumsal Yap\u0131 &#8211; T\u00fcrkiye&#8217;de E\u015fitsizlik, Tahakk\u00fcm, De\u011fi\u015fim&#8221;<\/li>\n\n\n\n<li><a href=\"https:\/\/scholar.google.com\/citations?user=3LqS9ZkAAAAJ&amp;hl=tr&amp;oi=sra\">Pelek, Deniz<\/a>. &#8220;Mevsimlik Tar\u0131m \u0130\u015f\u00e7ili\u011finin Yeni \u00d6r\u00fcnt\u00fcleri: Etnik \u0130\u015f Piyasas\u0131 ve K\u0131r Gettolar\u0131 \u00dczerine Bir \u0130nceleme in&nbsp;<em>21.<\/em>&#8220;<\/li>\n\n\n\n<li><a href=\"https:\/\/www.researchgate.net\/profile\/Deniz-Pelek\" target=\"_blank\" rel=\"noreferrer noopener\">Pelek, Deniz<\/a>,&nbsp;<a href=\"https:\/\/scholar.google.co.uk\/citations?user=-R3FGYsAAAAJ&amp;hl=en\" target=\"_blank\" rel=\"noreferrer noopener\">Vladimir Bortun<\/a>&nbsp;and&nbsp;<a href=\"https:\/\/www.linkedin.com\/in\/ahmed-kadiri-487b25254\/\" target=\"_blank\" rel=\"noreferrer noopener\">Ahmed Kadiri<\/a>. 2024. \u201cReturnees\u2019 impact on civil society organizations: comparative analysis of the role of ongoing transnational links.\u201d<\/li>\n<\/ul>\n\n\n\n<h2 class=\"wp-block-heading\">2022<\/h2>\n\n\n\n<ul class=\"wp-block-list\">\n<li><a href=\"https:\/\/scholar.google.co.uk\/citations?user=-R3FGYsAAAAJ&amp;hl=en\" target=\"_blank\" rel=\"noreferrer noopener\">Bortun, Vladmir<\/a>,&nbsp;<a href=\"https:\/\/www.researchgate.net\/profile\/Deniz-Pelek\" target=\"_blank\" rel=\"noreferrer noopener\">Deniz Pelek<\/a>&nbsp;and&nbsp;<a href=\"https:\/\/scholar.google.es\/citations?user=6lbonTAAAAAJ&amp;hl=en\" target=\"_blank\" rel=\"noreferrer noopener\">Eva&nbsp;\u00d8stergaard-Nielsen<\/a>. 2022. \u201cPolitical elites, migration and democratic diffusion: Returnee MPs\u2019 attitudes to gender in Romania and Turkey.\u201d<\/li>\n<\/ul>\n\n\n\n<p><\/p>\n","protected":false},"excerpt":{"rendered":"<p>2025 2024 2022<\/p>\n","protected":false},"author":2726,"featured_media":0,"parent":0,"menu_order":0,"comment_status":"closed","ping_status":"closed","template":"","meta":{"footnotes":""},"class_list":["post-741","page","type-page","status-publish","hentry"],"_links":{"self":[{"href":"https:\/\/webs.uab.cat\/transdem\/wp-json\/wp\/v2\/pages\/741","targetHints":{"allow":["GET"]}}],"collection":[{"href":"https:\/\/webs.uab.cat\/transdem\/wp-json\/wp\/v2\/pages"}],"about":[{"href":"https:\/\/webs.uab.cat\/transdem\/wp-json\/wp\/v2\/types\/page"}],"author":[{"embeddable":true,"href":"https:\/\/webs.uab.cat\/transdem\/wp-json\/wp\/v2\/users\/2726"}],"replies":[{"embeddable":true,"href":"https:\/\/webs.uab.cat\/transdem\/wp-json\/wp\/v2\/comments?post=741"}],"version-history":[{"count":20,"href":"https:\/\/webs.uab.cat\/transdem\/wp-json\/wp\/v2\/pages\/741\/revisions"}],"predecessor-version":[{"id":1024,"href":"https:\/\/webs.uab.cat\/transdem\/wp-json\/wp\/v2\/pages\/741\/revisions\/1024"}],"wp:attachment":[{"href":"https:\/\/webs.uab.cat\/transdem\/wp-json\/wp\/v2\/media?parent=741"}],"curies":[{"name":"wp","href":"https:\/\/api.w.org\/{rel}","templated":true}]}}