{"id":969,"date":"2025-04-11T17:06:32","date_gmt":"2025-04-11T15:06:32","guid":{"rendered":"https:\/\/webs.uab.cat\/transdem\/?page_id=969"},"modified":"2025-04-24T09:50:07","modified_gmt":"2025-04-24T07:50:07","slug":"broader-dissemination","status":"publish","type":"page","link":"https:\/\/webs.uab.cat\/transdem\/broader-dissemination\/","title":{"rendered":"Policy briefs and broader dissemination"},"content":{"rendered":"\n<h2 class=\"wp-block-heading\">2025<\/h2>\n\n\n\n<ul class=\"wp-block-list\">\n<li>TransDeM-UAB. (2025). Bolstering autocracy, Hindering democracy: EU migration Externalization policies in Morocco.&nbsp;<em>Divulga UAB &#8211; University Research Dissemination Magazine<\/em>.&nbsp;<a href=\"https:\/\/www.uab.cat\/web\/news-detail\/bolstering-autocracy-hindering-democracy-eu-migration-externalization-policies-in-morocco-1345680342044.html?noticiaid=1345946286306\">https:\/\/www.uab.cat\/web\/news-detail\/bolstering-autocracy-hindering-democracy-eu-migration-externalization-policies-in-morocco-1345680342044.html?noticiaid=1345946286306<\/a>. Also available in Spanish and Catalan.<\/li>\n\n\n\n<li>TransDeM-UAB. (2025). Why do autocracies allow their citizens abroad to vote?&nbsp;<em>Divulga UAB &#8211; University Research Dissemination Magazine<\/em>.&nbsp;<a href=\"https:\/\/www.uab.cat\/web\/news-detail\/why-do-autocracies-allow-their-citizens-abroad-to-vote-1345680342044.html?noticiaid=1345944941915\">https:\/\/www.uab.cat\/web\/news-detail\/why-do-autocracies-allow-their-citizens-abroad-to-vote-1345680342044.html?noticiaid=1345944941915<\/a>. Also available in Spanish and Catalan.<\/li>\n\n\n\n<li>TransDeM-UAB. (2025). Migrant-Led political change at the local level: the transformative case of Bor\u0219a, Romania.&nbsp;<em>Divulga UAB &#8211; University Research Dissemination Magazine<\/em>.&nbsp;<a href=\"https:\/\/www.uab.cat\/web\/news-detail\/migrant-led-political-change-at-the-local-level-the-transformative-case-of-bor-x0219-a-romania-1345680342044.html?noticiaid=1345941394898\">https:\/\/www.uab.cat\/web\/news-detail\/migrant-led-political-change-at-the-local-level-the-transformative-case-of-bor-x0219-a-romania-1345680342044.html?noticiaid=1345941394898<\/a>. Also available in Spanish and Catalan.<\/li>\n\n\n\n<li>TransDeM-UAB. (2025). Multidimensional Vulnerability in Research Ethics: Lessons from the COVID-19 Pandemic.&nbsp;<em>Divulga UAB &#8211; University Research Dissemination Magazine<\/em>.&nbsp;<a href=\"https:\/\/www.uab.cat\/web\/news-detail\/multidimensional-vulnerability-in-research-ethics-lessons-from-the-covid-19-pandemic-1345680342044.html?noticiaid=1345941229450\">https:\/\/www.uab.cat\/web\/news-detail\/multidimensional-vulnerability-in-research-ethics-lessons-from-the-covid-19-pandemic-1345680342044.html?noticiaid=1345941229450<\/a>. Also available in Spanish and Catalan.<\/li>\n<\/ul>\n\n\n\n<h2 class=\"wp-block-heading\">2023<\/h2>\n\n\n\n<ul class=\"wp-block-list\">\n<li><a href=\"https:\/\/scholar.google.es\/citations?user=prE3xO4AAAAJ&amp;hl=ca\">Acebillo-Baqu\u00e9, M\u00edriam<\/a>, Alejandra Boni, Diana Velasco, and Jordi Molas-Gallart. 2023. \u201cAgendes compartides de la RIS3CAT: reptes i oportunitats des de la perspectiva de les entitats participants. Informe d\u2019investigaci\u00f3.\u201d Generalitat de Catalunya. Accessed April 23, 2025. <a href=\"https:\/\/record.bibliotecadigital.gencat.cat\/bitstream\/handle\/20.500.14345\/1138\/24-agendes-compartides-ris3cat-reptes-oportunitats-participants.pdf?sequence=1\">https:\/\/record.bibliotecadigital.gencat.cat\/bitstream\/handle\/20.500.14345\/1138\/24-agendes-compartides-ris3cat-reptes-oportunitats-participants.pdf?sequence=1<\/a>.<\/li>\n\n\n\n<li>Boni, Sandra, Diana Velasco, Jordi Molas, and <a href=\"https:\/\/scholar.google.es\/citations?user=prE3xO4AAAAJ&amp;hl=ca\">M\u00edriam Acebillo<\/a>. 2022. \u201c\u00cdtaca, projecte de pol\u00edtica d\u2019innovaci\u00f3 transformativa i agendes compartides.\u201d Generalitat de Catalunya. Accessed April 23, 2025.&nbsp;<a href=\"https:\/\/record.bibliotecadigital.gencat.cat\/bitstream\/handle\/20.500.14345\/1143\/ris3cat-2030-itaca.pdf?sequence=1\">https:\/\/record.bibliotecadigital.gencat.cat\/bitstream\/handle\/20.500.14345\/1143\/ris3cat-2030-itaca.pdf?sequence=1<\/a>.<\/li>\n<\/ul>\n\n\n\n<h2 class=\"wp-block-heading\">2022<\/h2>\n\n\n\n<ul class=\"wp-block-list\">\n<li><a href=\"https:\/\/scholar.google.es\/citations?user=prE3xO4AAAAJ&amp;hl=ca\">Acebillo-Baqu\u00e9, M\u00edriam<\/a>, Carlos Delcl\u00f3s, Lara Maesterpieri, and Alejandra Pe\u00f1a L\u00f3pez. 2022. \u201cInseguretat econ\u00f2mica i desigualtats entre la joventut catalana\u202f: una an\u00e0lisi basada en la perspectiva de la interseccionalitat.\u201d Generalitat de Catalunya, Departament de Drets Socials 2022. Accessed April 23, 2025. <a href=\"https:\/\/ddd.uab.cat\/pub\/llibres\/2022\/269379\/Estudis_41_Interseccionalitat.pdf\">https:\/\/ddd.uab.cat\/pub\/llibres\/2022\/269379\/Estudis_41_Interseccionalitat.pdf<\/a>.<\/li>\n\n\n\n<li>Rato, Manuel, Joseph MacPhee, and <a href=\"https:\/\/scholar.google.com\/citations?user=U0cNrBsAAAAJ&amp;hl=es\">Irina Ciornei<\/a>. 2023. \u201cExploring the nexus between Supranational Redistribution and European Solidarity.\u201d Institut Barcelona Estudis Internacionals. Accessed April 22, 2025. <a href=\"https:\/\/www.ibei.org\/policy-brief-exploring-the-nexus-between-supranational-redistribution-and-european-solidarity_335544.pdf\">https:\/\/www.ibei.org\/policy-brief-exploring-the-nexus-between-supranational-redistribution-and-european-solidarity_335544.pdf<\/a>.<\/li>\n<\/ul>\n\n\n\n<h2 class=\"wp-block-heading\">2021<\/h2>\n\n\n\n<ul class=\"wp-block-list\">\n<li><a href=\"https:\/\/scholar.google.es\/citations?user=prE3xO4AAAAJ&amp;hl=ca\">Acebillo-Baqu\u00e9, M\u00edriam<\/a>, and Cecile Barbeito Thonon. 2021. \u201cPol\u00edtiques De Cooperaci\u00f3 per a La Pau. An\u00e0lisi Comparada De Les Pol\u00edtiques P\u00fabliques Catalanes I Valencianes (2009-2019).\u201d Universitat Aut\u00f2noma de Barcelona. Accessed April 24, 2025. https:\/\/ddd.uab.cat\/record\/249690.<\/li>\n<\/ul>\n\n\n\n<p><\/p>\n","protected":false},"excerpt":{"rendered":"<p>2025 2023 2022 2021<\/p>\n","protected":false},"author":2890,"featured_media":0,"parent":0,"menu_order":0,"comment_status":"closed","ping_status":"closed","template":"","meta":{"footnotes":""},"class_list":["post-969","page","type-page","status-publish","hentry"],"_links":{"self":[{"href":"https:\/\/webs.uab.cat\/transdem\/wp-json\/wp\/v2\/pages\/969","targetHints":{"allow":["GET"]}}],"collection":[{"href":"https:\/\/webs.uab.cat\/transdem\/wp-json\/wp\/v2\/pages"}],"about":[{"href":"https:\/\/webs.uab.cat\/transdem\/wp-json\/wp\/v2\/types\/page"}],"author":[{"embeddable":true,"href":"https:\/\/webs.uab.cat\/transdem\/wp-json\/wp\/v2\/users\/2890"}],"replies":[{"embeddable":true,"href":"https:\/\/webs.uab.cat\/transdem\/wp-json\/wp\/v2\/comments?post=969"}],"version-history":[{"count":13,"href":"https:\/\/webs.uab.cat\/transdem\/wp-json\/wp\/v2\/pages\/969\/revisions"}],"predecessor-version":[{"id":1009,"href":"https:\/\/webs.uab.cat\/transdem\/wp-json\/wp\/v2\/pages\/969\/revisions\/1009"}],"wp:attachment":[{"href":"https:\/\/webs.uab.cat\/transdem\/wp-json\/wp\/v2\/media?parent=969"}],"curies":[{"name":"wp","href":"https:\/\/api.w.org\/{rel}","templated":true}]}}