{"id":17,"date":"2023-09-12T13:08:04","date_gmt":"2023-09-12T11:08:04","guid":{"rendered":"https:\/\/webs.uab.cat\/transequi\/?page_id=17"},"modified":"2024-01-09T12:47:03","modified_gmt":"2024-01-09T10:47:03","slug":"equip-de-recerca","status":"publish","type":"page","link":"https:\/\/webs.uab.cat\/transequi\/equip-de-recerca\/","title":{"rendered":"Equip de recerca"},"content":{"rendered":"\n<h2 class=\"wp-block-heading\">Dr. Samuel Nel\u00b7lo Deakin<\/h2>\n\n\n\n<p>El Dr. Nel\u00b7lo Deakin \u00e9s investigador postdoctoral al Grup d\u2019Estudis de Mobilitat, Transports i Territori (GEMOTT), al Departament de Geografia de la UAB. La seva experi\u00e8ncia investigadora combina la investigaci\u00f3 qualitativa i quantitativa en temes de mobilitat urbana des d\u2019una perspectiva sociogeogr\u00e0fica. Entre d&#8217;altres temes, seva recerca se centra en examinar les transformacions recents de l&#8217;espai viari a Barcelona. Del 2020 al 2022, va treballar com a investigador a l\u2019\u00e0rea de mobilitat de l\u2019Institut d\u2019Estudis Metropolitans i Regionals de Barcelona (IERMB). El 2020, va defensar el seu doctorat sabre el ciclisme urb\u00e0 a la Universitat d\u2019Amsterdam.<\/p>\n\n\n\n<h2 class=\"wp-block-heading\">Dra. Zeynep Akinci<\/h2>\n\n\n\n<p>Zeynep Akinci va estudiar disseny urb\u00e0, teoria arquitect\u00f2nica i ecologia urbana. En la seva tesi doctoral en geografia urbana va explorar els impactes del disseny urb\u00e0 en les activitats a l&#8217;aire lliure per a les poblacions envellides . A m\u00e9s de centrar-se en els estudis urbans, tamb\u00e9 t\u00e9 un gran inter\u00e8s en la pol\u00edtica de l&#8217;aigua i els estudis de desenvolupament. Amb m\u00e9s de nou anys d&#8217;experi\u00e8ncia com a arquitecta paisatgista i dissenyadora urbana, Zeynep combina la seva traject\u00f2ria acad\u00e8mica i els seus coneixements professionals per abordar els reptes del disseny urb\u00e0 quotidi\u00e0.<\/p>\n\n\n\n<h2 class=\"wp-block-heading\">Dr. Xavi Delcl\u00f2s Ali\u00f3<\/h2>\n\n\n\n<p>El Dr. Xavier Delcl\u00f3s Ali\u00f3 \u00e9s investigador  Ramon y Cajal a a la Universitat Rovira i Virgili de Tarragona. Ge\u00f2graf interessat en com promoure ciutats sostenibles i saludables, ha desenvolupat la seva activitat investigadora a la Universitat de Calif\u00f2rnia a Berkeley (EEEUU), a la Universitat Aut\u00f2noma de Barcelona, Dinamarca, Corea del Sud i Llatinoam\u00e8rica, i ha participat en m\u00e9s de 20 projectes competitius internacionals. La seva investigaci\u00f3 t\u00e9 implicacions rellevants per a la pol\u00edtica p\u00fablica en l&#8217;\u00e0mbit de la planificaci\u00f3 urbana, del transport i de la salut p\u00fablica.<\/p>\n\n\n\n<h2 class=\"wp-block-heading\">Luca Liebscht<\/h2>\n\n\n\n<p>El Luca Liebscht estudia el m\u00e0ster de mobilitat urbana a la Universitat Polit\u00e8cnica de Catalunya, i disposa d&#8217;un m\u00e0ster en geoinformaci\u00f3 i un grau en gesti\u00f3 de ciutats intel\u00b7ligents i sostenibles. T\u00e9 experi\u00e8ncia en la gesti\u00f3 i l&#8217;an\u00e0lisi de dades alfanum\u00e8riques, el desenvolupament de geoaplicacions i la gesti\u00f3 de projectes. El seu rol al projecte \u00e9s donar suport a l&#8217;an\u00e0lisi quantitativa de les dades municipals sobre contaminaci\u00f3, tr\u00e0nsit, soroll i accidentalitat.<\/p>\n\n\n\n<h2 class=\"wp-block-heading\">Candela Sancho Vallv\u00e9<\/h2>\n\n\n\n<p>La Candela Sancho \u00e9s estudiant de Sociologia i Estad\u00edstica a la Universitat Aut\u00f2noma de Barcelona. El seu paper en el projecte \u00e9s donar suport en l&#8217;an\u00e0lisi i l&#8217;obtenci\u00f3 de dades tant quantitatives com qualitatives, combinant habilitats anal\u00edtiques i coneixements en recerca social.&nbsp;<\/p>\n","protected":false},"excerpt":{"rendered":"<p>Dr. Samuel Nel\u00b7lo Deakin El Dr. Nel\u00b7lo Deakin \u00e9s investigador postdoctoral al Grup d\u2019Estudis de Mobilitat, Transports i Territori (GEMOTT), al Departament de Geografia de la UAB. La seva experi\u00e8ncia investigadora combina la investigaci\u00f3 qualitativa i quantitativa en temes de mobilitat urbana des d\u2019una perspectiva sociogeogr\u00e0fica. Entre d&#8217;altres temes, seva recerca se centra en examinar [&hellip;]<\/p>\n","protected":false},"author":2754,"featured_media":0,"parent":0,"menu_order":0,"comment_status":"closed","ping_status":"closed","template":"","meta":{"footnotes":""},"class_list":["post-17","page","type-page","status-publish","hentry"],"_links":{"self":[{"href":"https:\/\/webs.uab.cat\/transequi\/wp-json\/wp\/v2\/pages\/17","targetHints":{"allow":["GET"]}}],"collection":[{"href":"https:\/\/webs.uab.cat\/transequi\/wp-json\/wp\/v2\/pages"}],"about":[{"href":"https:\/\/webs.uab.cat\/transequi\/wp-json\/wp\/v2\/types\/page"}],"author":[{"embeddable":true,"href":"https:\/\/webs.uab.cat\/transequi\/wp-json\/wp\/v2\/users\/2754"}],"replies":[{"embeddable":true,"href":"https:\/\/webs.uab.cat\/transequi\/wp-json\/wp\/v2\/comments?post=17"}],"version-history":[{"count":8,"href":"https:\/\/webs.uab.cat\/transequi\/wp-json\/wp\/v2\/pages\/17\/revisions"}],"predecessor-version":[{"id":199,"href":"https:\/\/webs.uab.cat\/transequi\/wp-json\/wp\/v2\/pages\/17\/revisions\/199"}],"wp:attachment":[{"href":"https:\/\/webs.uab.cat\/transequi\/wp-json\/wp\/v2\/media?parent=17"}],"curies":[{"name":"wp","href":"https:\/\/api.w.org\/{rel}","templated":true}]}}