{"id":1904,"date":"2015-01-16T12:26:22","date_gmt":"2015-01-16T10:26:22","guid":{"rendered":"https:\/\/webs.uab.cat\/transmedia\/members\/"},"modified":"2025-06-30T17:07:10","modified_gmt":"2025-06-30T15:07:10","slug":"members","status":"publish","type":"page","link":"https:\/\/webs.uab.cat\/transmedia\/ca\/members\/","title":{"rendered":"Membres"},"content":{"rendered":"\n<p class=\"has-normal-font-size\">TransMedia Catalonia \u00e9s un grup de recerca interdisciplinari de la Universitat Aut\u00f2noma de Barcelona (UAB). Altres membres s\u00f3n:<\/p>\n\n\n\n<p><\/p>\n\n\n\n<ul class=\"wp-block-list\">\n<li class=\"has-large-font-size\"><a href=\"https:\/\/webs.uab.cat\/transmedia\/ca\/senior\/\" target=\"_blank\" rel=\"noreferrer noopener\"><strong>Investigadors s\u00e8niors<\/strong><\/a><\/li>\n\n\n\n<li class=\"has-large-font-size\"><a href=\"https:\/\/webs.uab.cat\/transmedia\/ca\/postdoctoral-researchers-2\/\" target=\"_blank\" rel=\"noreferrer noopener\"><strong>Investigadors p<u>ostdoctorals<\/u><\/strong><\/a><\/li>\n\n\n\n<li class=\"has-large-font-size\"><a href=\"https:\/\/webs.uab.cat\/transmedia\/ca\/predoctoral\/\" data-type=\"link\" data-id=\"https:\/\/webs.uab.cat\/transmedia\/predoctoral\/\" target=\"_blank\" rel=\"noreferrer noopener\"><strong>Investigadors p<u>redoctorals<\/u><\/strong><\/a><\/li>\n\n\n\n<li class=\"has-large-font-size\"><a href=\"https:\/\/webs.uab.cat\/transmedia\/ca\/technical\/\" data-type=\"link\" data-id=\"https:\/\/webs.uab.cat\/transmedia\/technical\/\" target=\"_blank\" rel=\"noreferrer noopener\"><strong>T\u00e8cnics de suport a la recerca<\/strong><\/a><\/li>\n\n\n\n<li class=\"has-large-font-size\"><a href=\"https:\/\/webs.uab.cat\/transmedia\/ca\/external\/\" data-type=\"link\" data-id=\"https:\/\/webs.uab.cat\/transmedia\/external\/\" target=\"_blank\" rel=\"noreferrer noopener\"><strong>Col\u00b7laboradors externs<\/strong><\/a><\/li>\n\n\n\n<li class=\"has-large-font-size\"><a href=\"https:\/\/webs.uab.cat\/transmedia\/ca\/former\/\" target=\"_blank\" rel=\"noreferrer noopener\"><strong>Antics membres<\/strong><\/a><\/li>\n\n\n\n<li class=\"has-large-font-size\"><a href=\"https:\/\/webs.uab.cat\/transmedia\/ca\/visiting\/\" data-type=\"link\" data-id=\"https:\/\/webs.uab.cat\/transmedia\/visiting\/\" target=\"_blank\" rel=\"noreferrer noopener\"><strong>Investigadors visitants<\/strong><\/a><\/li>\n<\/ul>\n","protected":false},"excerpt":{"rendered":"<p>TransMedia Catalonia \u00e9s un grup de recerca interdisciplinari de la Universitat Aut\u00f2noma de Barcelona (UAB). Altres membres s\u00f3n:<\/p>\n","protected":false},"author":20,"featured_media":0,"parent":0,"menu_order":0,"comment_status":"closed","ping_status":"closed","template":"","meta":{"footnotes":""},"class_list":["post-1904","page","type-page","status-publish","hentry"],"_links":{"self":[{"href":"https:\/\/webs.uab.cat\/transmedia\/ca\/wp-json\/wp\/v2\/pages\/1904","targetHints":{"allow":["GET"]}}],"collection":[{"href":"https:\/\/webs.uab.cat\/transmedia\/ca\/wp-json\/wp\/v2\/pages"}],"about":[{"href":"https:\/\/webs.uab.cat\/transmedia\/ca\/wp-json\/wp\/v2\/types\/page"}],"author":[{"embeddable":true,"href":"https:\/\/webs.uab.cat\/transmedia\/ca\/wp-json\/wp\/v2\/users\/20"}],"replies":[{"embeddable":true,"href":"https:\/\/webs.uab.cat\/transmedia\/ca\/wp-json\/wp\/v2\/comments?post=1904"}],"version-history":[{"count":11,"href":"https:\/\/webs.uab.cat\/transmedia\/ca\/wp-json\/wp\/v2\/pages\/1904\/revisions"}],"predecessor-version":[{"id":2648,"href":"https:\/\/webs.uab.cat\/transmedia\/ca\/wp-json\/wp\/v2\/pages\/1904\/revisions\/2648"}],"wp:attachment":[{"href":"https:\/\/webs.uab.cat\/transmedia\/ca\/wp-json\/wp\/v2\/media?parent=1904"}],"curies":[{"name":"wp","href":"https:\/\/api.w.org\/{rel}","templated":true}]}}