{"id":1924,"date":"2010-01-21T13:44:24","date_gmt":"2010-01-21T11:44:24","guid":{"rendered":"https:\/\/webs.uab.cat\/transmedia\/research\/"},"modified":"2024-11-08T13:00:08","modified_gmt":"2024-11-08T11:00:08","slug":"research","status":"publish","type":"page","link":"https:\/\/webs.uab.cat\/transmedia\/ca\/research\/","title":{"rendered":"Recerca"},"content":{"rendered":"\n<p>La l\u00ednia principal de recerca del grup TransMedia Catalonia \u00e9s <strong>l\u2019accessibilitat als mitjans de comunicaci\u00f3. <\/strong>Aquesta l\u00ednia aborda l\u2019accessibilitat des de diverses perspectives (psicol\u00f2gica, comunicativa, ling\u00fc\u00edstica, etc.) i en diversos idiomes i entorns culturals. Principalment, ens centrem en l\u2019audiodescripci\u00f3 i la subtitulaci\u00f3, tot i que tamb\u00e9 s\u2019estan desenvolupant nous serveis d\u2019accessibilitat emergents i nous enfocaments en els modes tradicionals de transfer\u00e8ncia audiovisual. Els reptes que plantegen les noves plataformes i entorns, les possibilitats que obren els nous mitjans i la implementaci\u00f3 de diverses tecnologies per millorar l\u2019acc\u00e9s a contingut accessible multiling\u00fce s\u00f3n al centre de les nostres activitats de recerca, que abracen projectes te\u00f2rics, descriptius, experimentals i tecnol\u00f2gics.<\/p>\n\n\n\n<p>En el per\u00edode 2022-2025, ens centrem principalment en:<\/p>\n\n\n\n<ol class=\"wp-block-list\">\n<li>mitjans immersius,<\/li>\n\n\n\n<li>aspectes auditius en accessibilitat,<\/li>\n\n\n\n<li>llenguatge f\u00e0cil d\u2019entendre en contingut audiovisual,<\/li>\n\n\n\n<li>tecnologies <em>blockchain<\/em> en els serveis d\u2019accessibilitat,<\/li>\n\n\n\n<li>aspectes d\u2019accessibilitat en relaci\u00f3 amb el Pacte Verd Europeu: sostenibilitat i \u00e8tica,<\/li>\n\n\n\n<li>videojocs i<\/li>\n\n\n\n<li>intel\u00b7lig\u00e8ncia artificial (IA) i serveis d\u2019accessibilitat habilitats per IA.<\/li>\n<\/ol>\n\n\n\n<p>Tot aix\u00f2 es dur\u00e0 a terme fent servir diverses metodologies experimentals, des de q\u00fcestionaris, grups focals, entrevistes fins a proves de seguiment ocular (<em>eye-tracking<\/em>) i mesures del ritme card\u00edac i l&#8217;activitat electrod\u00e8rmica.<\/p>\n\n\n\n<p>A m\u00e9s, TransMedia Catalonia t\u00e9 com a objectius:<\/p>\n\n\n\n<ol class=\"wp-block-list\">\n<li>Transferir el coneixement de la recerca a la societat alhora que es crea consci\u00e8ncia sobre l\u2019accessibilitat.<\/li>\n\n\n\n<li>Transferir el coneixement de la recerca a l\u2019\u00e0mbit educatiu.<\/li>\n<\/ol>\n","protected":false},"excerpt":{"rendered":"<p>La l\u00ednia principal de recerca del grup TransMedia Catalonia \u00e9s l\u2019accessibilitat als mitjans de comunicaci\u00f3. Aquesta l\u00ednia aborda l\u2019accessibilitat des de diverses perspectives (psicol\u00f2gica, comunicativa, ling\u00fc\u00edstica, etc.) i en diversos idiomes i entorns culturals. Principalment, ens centrem en l\u2019audiodescripci\u00f3 i la subtitulaci\u00f3, tot i que tamb\u00e9 s\u2019estan desenvolupant nous serveis d\u2019accessibilitat emergents i nous enfocaments [&hellip;]<\/p>\n","protected":false},"author":20,"featured_media":0,"parent":0,"menu_order":0,"comment_status":"closed","ping_status":"closed","template":"","meta":{"footnotes":""},"class_list":["post-1924","page","type-page","status-publish","hentry"],"_links":{"self":[{"href":"https:\/\/webs.uab.cat\/transmedia\/ca\/wp-json\/wp\/v2\/pages\/1924","targetHints":{"allow":["GET"]}}],"collection":[{"href":"https:\/\/webs.uab.cat\/transmedia\/ca\/wp-json\/wp\/v2\/pages"}],"about":[{"href":"https:\/\/webs.uab.cat\/transmedia\/ca\/wp-json\/wp\/v2\/types\/page"}],"author":[{"embeddable":true,"href":"https:\/\/webs.uab.cat\/transmedia\/ca\/wp-json\/wp\/v2\/users\/20"}],"replies":[{"embeddable":true,"href":"https:\/\/webs.uab.cat\/transmedia\/ca\/wp-json\/wp\/v2\/comments?post=1924"}],"version-history":[{"count":6,"href":"https:\/\/webs.uab.cat\/transmedia\/ca\/wp-json\/wp\/v2\/pages\/1924\/revisions"}],"predecessor-version":[{"id":2239,"href":"https:\/\/webs.uab.cat\/transmedia\/ca\/wp-json\/wp\/v2\/pages\/1924\/revisions\/2239"}],"wp:attachment":[{"href":"https:\/\/webs.uab.cat\/transmedia\/ca\/wp-json\/wp\/v2\/media?parent=1924"}],"curies":[{"name":"wp","href":"https:\/\/api.w.org\/{rel}","templated":true}]}}