{"id":1976,"date":"2017-09-13T09:31:34","date_gmt":"2017-09-13T07:31:34","guid":{"rendered":"https:\/\/webs.uab.cat\/transmedia\/publications\/"},"modified":"2024-11-12T09:17:56","modified_gmt":"2024-11-12T07:17:56","slug":"publications","status":"publish","type":"page","link":"https:\/\/webs.uab.cat\/transmedia\/ca\/publications\/","title":{"rendered":"Publicacions"},"content":{"rendered":"\n<p>Les publicacions d\u2019acc\u00e9s obert dels membres de TransMedia Catalonia estan disponibles al repositori de la UAB (DDD). Fes clic al logotip seg\u00fcent per consultar-les:<\/p>\n\n\n<div class=\"wp-block-image\">\n<figure class=\"aligncenter\"><a href=\"https:\/\/ddd.uab.cat\/collection\/transmedia\" target=\"_blank\" rel=\"noopener\"><img loading=\"lazy\" decoding=\"async\" width=\"177\" height=\"85\" src=\"https:\/\/webs.uab.cat\/transmedia\/wp-content\/uploads\/sites\/282\/2017\/09\/imgres_0.jpg\" alt=\"logo DDD\" class=\"wp-image-1486\" \/><\/a><\/figure>\n<\/div>\n\n\n<p>Al DDD, les nostres publicacions estan classificades segons la seva tipologia i es poden consultar en els enlla\u00e7os seg\u00fcents:<\/p>\n\n\n\n<ul class=\"wp-block-list\">\n<li><u><strong><a role=\"link\" href=\"https:\/\/ddd.uab.cat\/search?cc=artpub&amp;p=TRANSMEDIAUAB+&amp;ln=en\" target=\"_blank\" rel=\"noopener\">Articles<\/a><\/strong><\/u><\/li>\n\n\n\n<li><u><strong><a role=\"link\" href=\"https:\/\/ddd.uab.cat\/search?cc=llicol&amp;p=TRANSMEDIAUAB+&amp;ln=en\" target=\"_blank\" rel=\"noopener\">Llibres i cap\u00edtols de llibres<\/a><\/strong><\/u><\/li>\n\n\n\n<li><u><strong><a role=\"link\" href=\"https:\/\/ddd.uab.cat\/search?cc=tesis&amp;p=TRANSMEDIAUAB+&amp;ln=en\" target=\"_blank\" rel=\"noopener\">Tesis doctorals<\/a><\/strong><\/u><\/li>\n\n\n\n<li><u><strong><a role=\"link\" href=\"https:\/\/ddd.uab.cat\/search?cc=jorcon&amp;p=TRANSMEDIAUAB+&amp;ln=en\" target=\"_blank\" rel=\"noopener\">Pon\u00e8ncies en congressos<\/a><\/strong><\/u><\/li>\n\n\n\n<li><u><strong><a role=\"link\" href=\"https:\/\/ddd.uab.cat\/search?cc=recdoc&amp;p=TRANSMEDIAUAB+&amp;ln=en\" target=\"_blank\" rel=\"noopener\">Recursos did\u00e0ctics<\/a><\/strong><\/u><\/li>\n\n\n\n<li><u><strong><a role=\"link\" href=\"https:\/\/ddd.uab.cat\/search?cc=videos&amp;p=TRANSMEDIAUAB+&amp;ln=en\" target=\"_blank\" rel=\"noopener\">V\u00eddeos<\/a><\/strong><\/u><\/li>\n<\/ul>\n\n\n\n<p>Tamb\u00e9 pots consultar les <strong><u><a href=\"\/\/webs.uab.cat\/transmedia\/ca\/members\/\" data-type=\"page\" data-id=\"182\" target=\"_blank\" rel=\"noreferrer noopener\">p\u00e0gines web dels membres del grup<\/a><\/u><\/strong>, on trobar\u00e0s m\u00e9s informaci\u00f3 sobre publicacions.<\/p>\n\n\n\n<p><\/p>\n","protected":false},"excerpt":{"rendered":"<p>Les publicacions d\u2019acc\u00e9s obert dels membres de TransMedia Catalonia estan disponibles al repositori de la UAB (DDD). Fes clic al logotip seg\u00fcent per consultar-les: Al DDD, les nostres publicacions estan classificades segons la seva tipologia i es poden consultar en els enlla\u00e7os seg\u00fcents: Tamb\u00e9 pots consultar les p\u00e0gines web dels membres del grup, on trobar\u00e0s [&hellip;]<\/p>\n","protected":false},"author":20,"featured_media":0,"parent":0,"menu_order":0,"comment_status":"closed","ping_status":"closed","template":"","meta":{"footnotes":""},"class_list":["post-1976","page","type-page","status-publish","hentry"],"_links":{"self":[{"href":"https:\/\/webs.uab.cat\/transmedia\/ca\/wp-json\/wp\/v2\/pages\/1976","targetHints":{"allow":["GET"]}}],"collection":[{"href":"https:\/\/webs.uab.cat\/transmedia\/ca\/wp-json\/wp\/v2\/pages"}],"about":[{"href":"https:\/\/webs.uab.cat\/transmedia\/ca\/wp-json\/wp\/v2\/types\/page"}],"author":[{"embeddable":true,"href":"https:\/\/webs.uab.cat\/transmedia\/ca\/wp-json\/wp\/v2\/users\/20"}],"replies":[{"embeddable":true,"href":"https:\/\/webs.uab.cat\/transmedia\/ca\/wp-json\/wp\/v2\/comments?post=1976"}],"version-history":[{"count":3,"href":"https:\/\/webs.uab.cat\/transmedia\/ca\/wp-json\/wp\/v2\/pages\/1976\/revisions"}],"predecessor-version":[{"id":2257,"href":"https:\/\/webs.uab.cat\/transmedia\/ca\/wp-json\/wp\/v2\/pages\/1976\/revisions\/2257"}],"wp:attachment":[{"href":"https:\/\/webs.uab.cat\/transmedia\/ca\/wp-json\/wp\/v2\/media?parent=1976"}],"curies":[{"name":"wp","href":"https:\/\/api.w.org\/{rel}","templated":true}]}}