{"id":1985,"date":"2021-02-22T14:22:14","date_gmt":"2021-02-22T12:22:14","guid":{"rendered":"https:\/\/webs.uab.cat\/transmedia\/training\/"},"modified":"2025-06-13T12:15:13","modified_gmt":"2025-06-13T10:15:13","slug":"training","status":"publish","type":"page","link":"https:\/\/webs.uab.cat\/transmedia\/ca\/training\/","title":{"rendered":"Formaci\u00f3"},"content":{"rendered":"\n<p>Els membres del grup de recerca TransMedia Catalonia imparteixen, promouen o dirigeixen cursos en diferents nivells.<\/p>\n\n\n\n<h2 class=\"wp-block-heading\">Microcredencials 2025-2026<\/h2>\n\n\n\n<p>TransMedia Catalonia promou quatre micredencials <strong>en l\u00ednia<\/strong> per al curs 2025-2026, en catal\u00e0. Inscripci\u00f3 oberta.<\/p>\n\n\n\n<ul class=\"wp-block-list\">\n<li><a href=\"https:\/\/www.uab.cat\/web\/postgrau\/microcredencial-en-accessibilitat-a-la-comunicacio-i-a-la-informacio\/informacio-general-1201094877538.html\/param1-5130_ca\/\">Accessibilitat a la comunicaci\u00f3 i la informaci\u00f3<\/a> (2 ECTS, 15\/09\/2025-15\/11\/2025, 90 euros).<\/li>\n\n\n\n<li><a href=\"https:\/\/www.uab.cat\/web\/postgrau\/microcredencial-en-documents-i-comunicacio-digital-accessibles\/informacio-general-1201094877538.html\/param1-5131_ca\/\">Documents i comunicaci\u00f3 digital accessible<\/a> (2 ECTS, 27\/10\/2025-09\/01\/2026, 90 euros).<\/li>\n\n\n\n<li><a href=\"https:\/\/www.uab.cat\/web\/postgrau\/microcredencial-en-disseny-accessible-maquetacio-digital-i-ux\/ui-en-web\/informacio-general-1201094877538.html\/param1-5097_ca\/\">Disseny accessible: maquetaci\u00f3 digital i UX\/UI en web<\/a> (2 ECTS, 12\/01\/2026-15\/03\/2026, 90 euros).<\/li>\n\n\n\n<li><a href=\"https:\/\/www.uab.cat\/web\/postgrau\/microcredencial-en-escrivim-per-a-tothom-de-la-lectura-facil-a-la-comunicacio-clara\/informacio-general-1201094877538.html\/param1-5132_ca\/\">Escrivim per a tothom: de la lectura f\u00e0cil a la comunicaci\u00f3 clara<\/a> (2 ECTS, 12\/01\/2026-15\/03\/2026, 90 euros).<\/li>\n<\/ul>\n\n\n\n<h2 class=\"wp-block-heading\">Formaci\u00f3 a mida<\/h2>\n\n\n\n<p>Si t\u2019interessa una formaci\u00f3 a mida, no dubtis a posar-te en contacte amb el grup de recerca. Podem dissenyar un curs que s\u2019ajusti a les teves necessitats.<\/p>\n\n\n\n<h2 class=\"wp-block-heading\">Graus i m\u00e0sters<\/h2>\n\n\n\n<p>Els membres del grup de recerca TransMedia Catalonia participen en els programes de grau i m\u00e0ster seg\u00fcents:<\/p>\n\n\n\n<ul class=\"wp-block-list\">\n<li><a style=\"font-size: revert;, Helvetica, sans-serif;letter-spacing: 0.05rem\" href=\"https:\/\/www.uab.cat\/web\/estudiar\/l-oferta-de-masters-oficials\/informacio-general\/traduccio-audiovisual-1096480139517.html?param1=1345695508608\" target=\"_blank\" rel=\"noopener\">M\u00e0ster en Traducci\u00f3 Audiovisual <\/a><span style=\"font-size: revert;, Helvetica, sans-serif;letter-spacing: 0.05rem\">(presencial i en l\u00ednia), UAB.<\/span><\/li>\n\n\n\n<li><a style=\"font-size: revert;, Helvetica, sans-serif;letter-spacing: 0.05rem\" href=\"https:\/\/www.uab.cat\/web\/estudiar\/llistat-de-graus\/informacio-general\/x-1216708251447.html?param1=1228291018508\" target=\"_blank\" rel=\"noopener\">Grau en Traducci\u00f3 i Interpretaci\u00f3<\/a><span style=\"font-size: revert;, Helvetica, sans-serif;letter-spacing: 0.05rem\">,&nbsp;UAB.<\/span><\/li>\n<\/ul>\n\n\n\n<h2 class=\"wp-block-heading\">Recursos educatius<\/h2>\n\n\n\n<ul class=\"wp-block-list\">\n<li><a style=\"font-size: revert;, Helvetica, sans-serif;letter-spacing: 0.05rem\" href=\"https:\/\/transmediacatalonia.uab.cat\/signem\/\" target=\"_blank\" rel=\"noopener\">SIGNEM<\/a>, recurs educatiu gratu\u00eft sobre la llengua de signes catalana.<\/li>\n\n\n\n<li><a style=\"font-size: revert;, Helvetica, sans-serif;letter-spacing: 0.05rem\" href=\"https:\/\/transmediacatalonia.uab.cat\/easit\" target=\"_blank\" rel=\"noopener\">Plataforma EASIT<\/a>, recurs educatiu gratu\u00eft sobre llenguatge f\u00e0cil.<\/li>\n\n\n\n<li><a href=\"https:\/\/academy.koena.net\/\" data-type=\"link\" data-id=\"https:\/\/academy.koena.net\/\" target=\"_blank\" rel=\"noreferrer noopener\">Projecte IMPACT<\/a>, programa educatiu gratu\u00eft per a la formaci\u00f3 de mediadors en accessibilitat digital.<\/li>\n\n\n\n<li><a href=\"https:\/\/idea.erasmus.ac-creteil.fr\/\" data-type=\"link\" data-id=\"https:\/\/idea.erasmus.ac-creteil.fr\/\" target=\"_blank\" rel=\"noreferrer noopener\">Projecte IDEA<\/a>, recurs educatiu gratu\u00eft sobre com crear materials accessibles per a formacions en l\u00ednia.<\/li>\n\n\n\n<li><a href=\"https:\/\/youngarchers.eu\/\">YoungArcHers<\/a>, recursos educatius gratu\u00efts sobre com promoure la inclusi\u00f3 i l\u2019accessibilitat en el patrimoni arquitect\u00f2nic.<\/li>\n<\/ul>\n\n\n\n<h2 class=\"wp-block-heading\">Cursos d\u2019especialitzaci\u00f3<\/h2>\n\n\n\n<p>A TransMedia Catalonia hem ofert diversos cursos d\u2019especialitzaci\u00f3 anteriorment. Si t\u2019interessa alguna cosa similar, posa\u2019t en contacte amb nosaltres, ja que podem organitzar formacions personalitzades per a empreses i organitzacions.<\/p>\n\n\n\n<ul class=\"wp-block-list\">\n<li>Curs en Accessibilitat Digital: documents, webs i xarxes socials accessibles. En catal\u00e0, 2022-2023.<\/li>\n\n\n\n<li>Course in Accessibility Management and Promotion: Accessible Services, Information and Communication. En angl\u00e8s, 2021-2022.<\/li>\n\n\n\n<li>Curs en Gesti\u00f3 i promoci\u00f3 de l&#8217;accessibilitat: serveis, informaci\u00f3 i comunicaci\u00f3 accessibles. En catal\u00e0, 2021-2022.<\/li>\n\n\n\n<li>Course in Accessible Digital Communication: Easy-to-Understand Language. En angl\u00e8s, catal\u00e0 i castell\u00e0, 2021-2022.<\/li>\n<\/ul>\n\n\n\n<h2 class=\"wp-block-heading\">MOOC<\/h2>\n\n\n\n<ul class=\"wp-block-list\">\n<li>Com a resultat del projecte ACT, TransMedia Catalonia va crear el seg\u00fcent MOOC, disponible a Coursera: <a style=\"font-size: revert;, Helvetica, sans-serif;letter-spacing: 0.05rem\" href=\"https:\/\/www.coursera.org\/learn\/accessibility-scenic-arts\" target=\"_blank\" rel=\"noopener\">Accessibility to the scenic arts<\/a> (en angl\u00e8s)<\/li>\n\n\n\n<li>Com a resultat del projecte <a href=\"https:\/\/webs.uab.cat\/hbb4all\/\" target=\"_blank\" rel=\"noreferrer noopener\">HBB4ALL<\/a>, TransMedia Catalonia va crear el seg\u00fcent MOOC, disponible aqu\u00ed: <a href=\"https:\/\/webs.uab.cat\/hbb4all\/mooc\/\" target=\"_blank\" rel=\"noreferrer noopener\">Digital Accessibility<\/a> (en angl\u00e8s).<\/li>\n<\/ul>\n\n\n\n<h2 class=\"wp-block-heading\">Formaci\u00f3 predoctoral<\/h2>\n\n\n\n<p>Els membres de TransMedia Catalonia participen activament en la supervisi\u00f3 de&nbsp;<a href=\"https:\/\/webs.uab.cat\/transmedia\/ca\/theses\/\" data-type=\"page\" data-id=\"291\" target=\"_blank\" rel=\"noreferrer noopener\"><u><strong>tesis doctorals<\/strong><\/u><\/a> en el <a href=\"https:\/\/pagines.uab.cat\/doctorat-traduccio\/\" target=\"_blank\" rel=\"noopener\"><u><strong>Programa de Doctorat en Traducci\u00f3 i Estudis Interculturals<\/strong><\/u><\/a>. Si vols comen\u00e7ar un doctorat en accessibilitat als mitjans o en \u00e0rees afins, no dubtis a posar-te en contacte amb el nostre equip.<\/p>\n","protected":false},"excerpt":{"rendered":"<p>Els membres del grup de recerca TransMedia Catalonia imparteixen, promouen o dirigeixen cursos en diferents nivells. Microcredencials 2025-2026 TransMedia Catalonia promou quatre micredencials en l\u00ednia per al curs 2025-2026, en catal\u00e0. Inscripci\u00f3 oberta. Formaci\u00f3 a mida Si t\u2019interessa una formaci\u00f3 a mida, no dubtis a posar-te en contacte amb el grup de recerca. Podem dissenyar [&hellip;]<\/p>\n","protected":false},"author":20,"featured_media":0,"parent":0,"menu_order":0,"comment_status":"closed","ping_status":"closed","template":"","meta":{"footnotes":""},"class_list":["post-1985","page","type-page","status-publish","hentry"],"_links":{"self":[{"href":"https:\/\/webs.uab.cat\/transmedia\/ca\/wp-json\/wp\/v2\/pages\/1985","targetHints":{"allow":["GET"]}}],"collection":[{"href":"https:\/\/webs.uab.cat\/transmedia\/ca\/wp-json\/wp\/v2\/pages"}],"about":[{"href":"https:\/\/webs.uab.cat\/transmedia\/ca\/wp-json\/wp\/v2\/types\/page"}],"author":[{"embeddable":true,"href":"https:\/\/webs.uab.cat\/transmedia\/ca\/wp-json\/wp\/v2\/users\/20"}],"replies":[{"embeddable":true,"href":"https:\/\/webs.uab.cat\/transmedia\/ca\/wp-json\/wp\/v2\/comments?post=1985"}],"version-history":[{"count":8,"href":"https:\/\/webs.uab.cat\/transmedia\/ca\/wp-json\/wp\/v2\/pages\/1985\/revisions"}],"predecessor-version":[{"id":2641,"href":"https:\/\/webs.uab.cat\/transmedia\/ca\/wp-json\/wp\/v2\/pages\/1985\/revisions\/2641"}],"wp:attachment":[{"href":"https:\/\/webs.uab.cat\/transmedia\/ca\/wp-json\/wp\/v2\/media?parent=1985"}],"curies":[{"name":"wp","href":"https:\/\/api.w.org\/{rel}","templated":true}]}}