{"id":2027,"date":"2010-01-21T14:06:47","date_gmt":"2010-01-21T12:06:47","guid":{"rendered":"https:\/\/webs.uab.cat\/transmedia\/services\/"},"modified":"2024-11-08T13:19:33","modified_gmt":"2024-11-08T11:19:33","slug":"services","status":"publish","type":"page","link":"https:\/\/webs.uab.cat\/transmedia\/ca\/services\/","title":{"rendered":"Serveis"},"content":{"rendered":"\n<p>TransMedia Catalonia s&#8217;encarrega de gestionar el <strong>LAB-TTAV<\/strong> (Laboratori de Tecnologies per a la Traducci\u00f3 Audiovisual), un laboratori de transfer\u00e8ncia de coneixement que ofereix diversos serveis en l&#8217;\u00e0mbit de la traducci\u00f3 audiovisual i de l&#8217;accessibilitat als mitjans de comunicaci\u00f3, partint de les nostres activitats de recerca i transfer\u00e8ncia.<\/p>\n\n\n\n<p>Fes clic en el logotip a continuaci\u00f3 per a consultar aquests serveis:<\/p>\n\n\n<div class=\"wp-block-image is-resized\">\n<figure class=\"aligncenter\"><a href=\"http:\/\/webs.uab.cat\/labttav\/\" target=\"_blank\" rel=\"noreferrer noopener\"><img loading=\"lazy\" decoding=\"async\" width=\"600\" height=\"600\" src=\"https:\/\/webs.uab.cat\/transmedia\/wp-content\/uploads\/sites\/282\/2010\/01\/logo-lab-ttav_petit.jpg\" alt=\"logo LAB-TTAV\" class=\"wp-image-1458\" style=\"width:268px;height:auto\" srcset=\"https:\/\/webs.uab.cat\/transmedia\/wp-content\/uploads\/sites\/282\/2010\/01\/logo-lab-ttav_petit.jpg 600w, https:\/\/webs.uab.cat\/transmedia\/wp-content\/uploads\/sites\/282\/2010\/01\/logo-lab-ttav_petit-300x300.jpg 300w, https:\/\/webs.uab.cat\/transmedia\/wp-content\/uploads\/sites\/282\/2010\/01\/logo-lab-ttav_petit-150x150.jpg 150w\" sizes=\"auto, (max-width: 600px) 100vw, 600px\" \/><\/a><\/figure>\n<\/div>\n\n\n<p><\/p>\n\n\n\n<p>Com a complement de les nostres iniciatives orientades a serveis tenim la <strong>Media Accessibility Platform (MAP)<\/strong>, un ecosistema digital avan\u00e7at que es troba a l&#8217;avantguarda de la defensa global de l\u2019accessibilitat. Durant gaireb\u00e9 una d\u00e8cada, MAP ha evolucionat gr\u00e0cies a la col\u00b7laboraci\u00f3 d\u2019experts, educadors, investigadors i professionals d\u2019arreu del m\u00f3n, tots compromesos amb la promoci\u00f3 de l\u2019accessibilitat en els mitjans de comunicaci\u00f3.<\/p>\n\n\n\n<p>Gr\u00e0cies a la recerca i les seves contribucions, MAP \u00e9s l&#8217;\u00fanic repositori en aquest camp, amb m\u00e9s de 2.000 entrades: publicacions, projectes, formaci\u00f3, legislaci\u00f3, est\u00e0ndards i recomanacions.<\/p>\n\n\n\n<p>MAP tamb\u00e9 inclou un sistema innovador per calcular l&#8217;accessibilitat d\u2019un pa\u00eds, l\u2019\u00cdndex d\u2019Accessibilitat als Mitjans.<\/p>\n\n\n\n<p>Fes clic en el logotip a continuaci\u00f3 per explorar aquest repositori:<\/p>\n\n\n\n<figure class=\"wp-block-image size-large\"><a href=\"https:\/\/mapaccess.uab.cat\/\" target=\"_blank\" rel=\"noreferrer noopener\"><img loading=\"lazy\" decoding=\"async\" width=\"1024\" height=\"449\" src=\"https:\/\/webs.uab.cat\/transmedia\/wp-content\/uploads\/sites\/282\/2024\/03\/01MAPlogoDEF_COLOR-1-1024x449.png\" alt=\"\" class=\"wp-image-1462\" srcset=\"https:\/\/webs.uab.cat\/transmedia\/wp-content\/uploads\/sites\/282\/2024\/03\/01MAPlogoDEF_COLOR-1-1024x449.png 1024w, https:\/\/webs.uab.cat\/transmedia\/wp-content\/uploads\/sites\/282\/2024\/03\/01MAPlogoDEF_COLOR-1-300x132.png 300w, https:\/\/webs.uab.cat\/transmedia\/wp-content\/uploads\/sites\/282\/2024\/03\/01MAPlogoDEF_COLOR-1-768x337.png 768w, https:\/\/webs.uab.cat\/transmedia\/wp-content\/uploads\/sites\/282\/2024\/03\/01MAPlogoDEF_COLOR-1-1536x674.png 1536w, https:\/\/webs.uab.cat\/transmedia\/wp-content\/uploads\/sites\/282\/2024\/03\/01MAPlogoDEF_COLOR-1-2048x899.png 2048w, https:\/\/webs.uab.cat\/transmedia\/wp-content\/uploads\/sites\/282\/2024\/03\/01MAPlogoDEF_COLOR-1-1200x527.png 1200w, https:\/\/webs.uab.cat\/transmedia\/wp-content\/uploads\/sites\/282\/2024\/03\/01MAPlogoDEF_COLOR-1-1980x869.png 1980w\" sizes=\"auto, (max-width: 1024px) 100vw, 1024px\" \/><\/a><\/figure>\n","protected":false},"excerpt":{"rendered":"<p>TransMedia Catalonia s&#8217;encarrega de gestionar el LAB-TTAV (Laboratori de Tecnologies per a la Traducci\u00f3 Audiovisual), un laboratori de transfer\u00e8ncia de coneixement que ofereix diversos serveis en l&#8217;\u00e0mbit de la traducci\u00f3 audiovisual i de l&#8217;accessibilitat als mitjans de comunicaci\u00f3, partint de les nostres activitats de recerca i transfer\u00e8ncia. Fes clic en el logotip a continuaci\u00f3 per [&hellip;]<\/p>\n","protected":false},"author":20,"featured_media":0,"parent":0,"menu_order":0,"comment_status":"closed","ping_status":"closed","template":"","meta":{"footnotes":""},"class_list":["post-2027","page","type-page","status-publish","hentry"],"_links":{"self":[{"href":"https:\/\/webs.uab.cat\/transmedia\/ca\/wp-json\/wp\/v2\/pages\/2027","targetHints":{"allow":["GET"]}}],"collection":[{"href":"https:\/\/webs.uab.cat\/transmedia\/ca\/wp-json\/wp\/v2\/pages"}],"about":[{"href":"https:\/\/webs.uab.cat\/transmedia\/ca\/wp-json\/wp\/v2\/types\/page"}],"author":[{"embeddable":true,"href":"https:\/\/webs.uab.cat\/transmedia\/ca\/wp-json\/wp\/v2\/users\/20"}],"replies":[{"embeddable":true,"href":"https:\/\/webs.uab.cat\/transmedia\/ca\/wp-json\/wp\/v2\/comments?post=2027"}],"version-history":[{"count":4,"href":"https:\/\/webs.uab.cat\/transmedia\/ca\/wp-json\/wp\/v2\/pages\/2027\/revisions"}],"predecessor-version":[{"id":2250,"href":"https:\/\/webs.uab.cat\/transmedia\/ca\/wp-json\/wp\/v2\/pages\/2027\/revisions\/2250"}],"wp:attachment":[{"href":"https:\/\/webs.uab.cat\/transmedia\/ca\/wp-json\/wp\/v2\/media?parent=2027"}],"curies":[{"name":"wp","href":"https:\/\/api.w.org\/{rel}","templated":true}]}}