{"id":2076,"date":"2019-02-12T14:13:10","date_gmt":"2019-02-12T12:13:10","guid":{"rendered":"https:\/\/webs.uab.cat\/transmedia\/technical\/"},"modified":"2025-01-20T10:45:59","modified_gmt":"2025-01-20T08:45:59","slug":"technical","status":"publish","type":"page","link":"https:\/\/webs.uab.cat\/transmedia\/ca\/technical\/","title":{"rendered":"T\u00e8cnics de suport a la recerca"},"content":{"rendered":"\n<p class=\"has-large-font-size\"><\/p>\n\n\n\n<h2 class=\"wp-block-heading\"><strong>Chiara Gunella<\/strong><\/h2>\n\n\n<div class=\"wp-block-image is-resized\">\n<figure class=\"alignleft size-full\"><img loading=\"lazy\" decoding=\"async\" width=\"800\" height=\"800\" src=\"https:\/\/webs.uab.cat\/transmedia\/wp-content\/uploads\/sites\/282\/2025\/01\/1724685190046-2.jpg\" alt=\"\" class=\"wp-image-2328\" style=\"width:355px;height:auto\" srcset=\"https:\/\/webs.uab.cat\/transmedia\/wp-content\/uploads\/sites\/282\/2025\/01\/1724685190046-2.jpg 800w, https:\/\/webs.uab.cat\/transmedia\/wp-content\/uploads\/sites\/282\/2025\/01\/1724685190046-2-300x300.jpg 300w, https:\/\/webs.uab.cat\/transmedia\/wp-content\/uploads\/sites\/282\/2025\/01\/1724685190046-2-150x150.jpg 150w, https:\/\/webs.uab.cat\/transmedia\/wp-content\/uploads\/sites\/282\/2025\/01\/1724685190046-2-768x768.jpg 768w\" sizes=\"auto, (max-width: 800px) 100vw, 800px\" \/><\/figure>\n<\/div>\n\n\n<p>Chiara Gunella t\u00e9 un grau en Antropologia, Religions i Civilitzacions Orientals i un m\u00e0ster en Migraci\u00f3 i Relacions Interculturals (EMMIR). Actualment, est\u00e0 acabant un doctorat en Antropologia a la Universitat de Barcelona. Est\u00e0 especialitzada en metodologies qualitatives participatives, aix\u00ed com en l\u2019exploraci\u00f3 de les necessitats de diferents comunitats, especialment en l\u2019\u00e0mbit social, art\u00edstic i pol\u00edtic, amb un enfocament particular en grups marginats.<\/p>\n\n\n\n<p>Com a membre de Transmedia Catalonia, la Chiara col\u00b7labora en diversos projectes: <strong><a href=\"https:\/\/alfie-project.eu\/\">ALFIE<\/a><\/strong>, que busca desenvolupar sistemes d\u2019intel\u00b7lig\u00e8ncia artificial accessibles, fiables i imparcials; <strong><a href=\"https:\/\/mosaic-media.eu\/\">MOSAIC<\/a><\/strong>, que t\u00e9 com a objectiu crear un hub multiling\u00fce i multimodal basat en IA per al mercat europeu de continguts medi\u00e0tics; <strong>SPICE<\/strong>, que promou espais p\u00fablics sostenibles a trav\u00e9s de la participaci\u00f3 inclusiva de les comunitats; i <strong><a href=\"https:\/\/clear-climate.com\/\">ClearClimate<\/a><\/strong>, enfocat a garantir que la comunicaci\u00f3 sobre el clima sigui accessible.<\/p>\n\n\n\n<p>Altres projectes en qu\u00e8 la Chiara ha treballat com a investigadora i responsable de divulgaci\u00f3 s\u00f3n: <strong><a href=\"https:\/\/www.green-scent.eu\/\">GreenSCENT<\/a><\/strong>, centrat en fer m\u00e9s accessible l\u2019educaci\u00f3 ambiental; <strong><a href=\"https:\/\/so-close.eu\/\">So-Close<\/a><\/strong>, que va utilitzar eines art\u00edstiques per connectar la migraci\u00f3 hist\u00f2rica i l\u2019actual; <strong><a href=\"https:\/\/mile-project.eu\/\">MILE<\/a><\/strong>, que va desenvolupar estrat\u00e8gies per incloure persones migrants en la presa de decisions pol\u00edtiques; i <strong><a href=\"https:\/\/www.hello-europe.eu\/\">Hello Europe<\/a><\/strong>, dedicat a donar suport a emprenedors migrants d\u2019arreu del m\u00f3n.<\/p>\n\n\n\n<p><strong> <a href=\"mailto:chiara.gunella@uab.cat\" target=\"_blank\" rel=\"noreferrer noopener\">chiara.gunella@uab.cat<\/a><\/strong><\/p>\n\n\n\n<p>&nbsp;&nbsp;<\/p>\n\n\n\n<p class=\"has-large-font-size\"><\/p>\n\n\n\n<h2 class=\"wp-block-heading\"><strong>Abel Cobos Alc\u00e1zar<\/strong><\/h2>\n\n\n<div class=\"wp-block-image\">\n<figure class=\"alignleft size-large is-resized\"><img loading=\"lazy\" decoding=\"async\" width=\"907\" height=\"1024\" src=\"https:\/\/webs.uab.cat\/transmedia\/wp-content\/uploads\/sites\/282\/2024\/02\/abel_perfil-907x1024.jpg\" alt=\"A profile picture of Abel Cobos.\" class=\"wp-image-1874\" style=\"width:306px;height:auto\" srcset=\"https:\/\/webs.uab.cat\/transmedia\/wp-content\/uploads\/sites\/282\/2024\/02\/abel_perfil-907x1024.jpg 907w, https:\/\/webs.uab.cat\/transmedia\/wp-content\/uploads\/sites\/282\/2024\/02\/abel_perfil-266x300.jpg 266w, https:\/\/webs.uab.cat\/transmedia\/wp-content\/uploads\/sites\/282\/2024\/02\/abel_perfil-768x867.jpg 768w, https:\/\/webs.uab.cat\/transmedia\/wp-content\/uploads\/sites\/282\/2024\/02\/abel_perfil.jpg 1120w\" sizes=\"auto, (max-width: 907px) 100vw, 907px\" \/><\/figure>\n<\/div>\n\n\n<p><strong>Abel Cobos<\/strong> t\u00e9 una llicenciatura en Periodisme i una altra en Humanitats, ambdues de la Universitat Pompeu Fabra de Barcelona. Tamb\u00e9 t\u00e9 un m\u00e0ster en Comunicaci\u00f3 Pol\u00edtica i Social per Blanquerna, de la Universitat Ramon Llull.<\/p>\n\n\n\n<p>Abel forma part de la Xarxa AccessCat, la Xarxa d&#8217;Innovaci\u00f3 en Accessibilitat de Catalunya, on treballa com a especialista en comunicaci\u00f3 i \u00e9s membre tant del Consell com del Comit\u00e8 Executiu de la xarxa.<\/p>\n\n\n\n<p><strong><a href=\"mailto:abel.cobos@uab.cat\" target=\"_blank\" rel=\"noreferrer noopener\">abel.cobos@uab.cat<\/a><\/strong><\/p>\n\n\n\n<p><\/p>\n\n\n\n<p><\/p>\n\n\n\n<p class=\"has-large-font-size\"><\/p>\n\n\n\n<h2 class=\"wp-block-heading\"><strong>Carme Pratdesaba Orri<\/strong><\/h2>\n\n\n<div class=\"wp-block-image\">\n<figure class=\"alignleft size-full is-resized\"><img loading=\"lazy\" decoding=\"async\" width=\"426\" height=\"398\" src=\"https:\/\/webs.uab.cat\/transmedia\/wp-content\/uploads\/sites\/282\/2024\/02\/Foto_Carme-Pratdesaba.png\" alt=\"\" class=\"wp-image-1876\" style=\"width:293px;height:auto\" srcset=\"https:\/\/webs.uab.cat\/transmedia\/wp-content\/uploads\/sites\/282\/2024\/02\/Foto_Carme-Pratdesaba.png 426w, https:\/\/webs.uab.cat\/transmedia\/wp-content\/uploads\/sites\/282\/2024\/02\/Foto_Carme-Pratdesaba-300x280.png 300w\" sizes=\"auto, (max-width: 426px) 100vw, 426px\" \/><\/figure>\n<\/div>\n\n\n<p><strong>Carme Pratdesaba<\/strong> t\u00e9 una llicenciatura en Traducci\u00f3 i Interpretaci\u00f3 per la Universitat Aut\u00f2noma de Barcelona i un m\u00e0ster en Lexicografia per la Universitat Pompeu Fabra (Barcelona).<\/p>\n\n\n\n<p>Carme \u00e9s la promotora de la Xarxa AccessCat, la Xarxa d&#8217;Innovaci\u00f3 en Accessibilitat de Catalunya, liderada per la investigadora principal de TransMedia Catalonia, Anna Matamala. Carme tamb\u00e9 \u00e9s membre tant del Consell com del Comit\u00e8 Executiu de la xarxa.<\/p>\n\n\n\n<p><a href=\"mailto:Carme.Pratdesaba@uab.cat\" target=\"_blank\" rel=\"noreferrer noopener\"><strong>Carme.Pratdesaba@uab.cat<\/strong><\/a><\/p>\n","protected":false},"excerpt":{"rendered":"<p>Chiara Gunella Chiara Gunella t\u00e9 un grau en Antropologia, Religions i Civilitzacions Orientals i un m\u00e0ster en Migraci\u00f3 i Relacions Interculturals (EMMIR). Actualment, est\u00e0 acabant un doctorat en Antropologia a la Universitat de Barcelona. Est\u00e0 especialitzada en metodologies qualitatives participatives, aix\u00ed com en l\u2019exploraci\u00f3 de les necessitats de diferents comunitats, especialment en l\u2019\u00e0mbit social, art\u00edstic [&hellip;]<\/p>\n","protected":false},"author":20,"featured_media":0,"parent":0,"menu_order":0,"comment_status":"closed","ping_status":"closed","template":"","meta":{"footnotes":""},"class_list":["post-2076","page","type-page","status-publish","hentry"],"_links":{"self":[{"href":"https:\/\/webs.uab.cat\/transmedia\/ca\/wp-json\/wp\/v2\/pages\/2076","targetHints":{"allow":["GET"]}}],"collection":[{"href":"https:\/\/webs.uab.cat\/transmedia\/ca\/wp-json\/wp\/v2\/pages"}],"about":[{"href":"https:\/\/webs.uab.cat\/transmedia\/ca\/wp-json\/wp\/v2\/types\/page"}],"author":[{"embeddable":true,"href":"https:\/\/webs.uab.cat\/transmedia\/ca\/wp-json\/wp\/v2\/users\/20"}],"replies":[{"embeddable":true,"href":"https:\/\/webs.uab.cat\/transmedia\/ca\/wp-json\/wp\/v2\/comments?post=2076"}],"version-history":[{"count":6,"href":"https:\/\/webs.uab.cat\/transmedia\/ca\/wp-json\/wp\/v2\/pages\/2076\/revisions"}],"predecessor-version":[{"id":2333,"href":"https:\/\/webs.uab.cat\/transmedia\/ca\/wp-json\/wp\/v2\/pages\/2076\/revisions\/2333"}],"wp:attachment":[{"href":"https:\/\/webs.uab.cat\/transmedia\/ca\/wp-json\/wp\/v2\/media?parent=2076"}],"curies":[{"name":"wp","href":"https:\/\/api.w.org\/{rel}","templated":true}]}}