{"id":1925,"date":"2010-01-21T13:44:24","date_gmt":"2010-01-21T11:44:24","guid":{"rendered":"https:\/\/webs.uab.cat\/transmedia\/research\/"},"modified":"2024-10-09T15:05:13","modified_gmt":"2024-10-09T13:05:13","slug":"research","status":"publish","type":"page","link":"https:\/\/webs.uab.cat\/transmedia\/es\/research\/","title":{"rendered":"Investigaci\u00f3n"},"content":{"rendered":"\n<p>La l\u00ednea principal de investigaci\u00f3n del grupo TransMedia Catalonia es la <strong>accesibilidad a los medios de comunicaci\u00f3n<\/strong>. Esta l\u00ednea aborda la accesibilidad desde varias perspectivas (psicol\u00f3gica, comunicativa, ling\u00fc\u00edstica, etc.) y en m\u00faltiples idiomas y entornos culturales. Principalmente nos centramos en la audiodescripci\u00f3n y la subtitulaci\u00f3n, aunque tambi\u00e9n se est\u00e1n desarrollando nuevos servicios de accesibilidad emergentes y nuevos enfoques en los modos tradicionales de transferencia audiovisual. Los retos que plantean las nuevas plataformas y entornos, las posibilidades que abren los nuevos medios, y la implementaci\u00f3n de diversas tecnolog\u00edas para mejorar el acceso a contenido accesible multiling\u00fce est\u00e1n en el centro de nuestras actividades de investigaci\u00f3n, que abarcan proyectos te\u00f3ricos, descriptivos, experimentales y tecnol\u00f3gicos.<\/p>\n\n\n\n<p>En el per\u00edodo 2022-2025, nos centraremos principalmente en:<\/p>\n\n\n\n<ol class=\"wp-block-list\">\n<li>medios inmersivos,<\/li>\n\n\n\n<li>aspectos auditivos en accesibilidad,<\/li>\n\n\n\n<li>lenguaje f\u00e1cil de entender en contenido audiovisual,<\/li>\n\n\n\n<li>tecnolog\u00edas blockchain en los servicios de accesibilidad,<\/li>\n\n\n\n<li>tecnolog\u00edas blockchain en los servicios de accesibilidad,<\/li>\n\n\n\n<li>aspectos de accesibilidad en relaci\u00f3n con el Pacto Verde Europeo: sostenibilidad y \u00e9tica,<\/li>\n\n\n\n<li>videojuegos y<\/li>\n\n\n\n<li>inteligencia artificial (IA) y servicios de accesibilidad habilitados por IA.<\/li>\n<\/ol>\n\n\n\n<p>Todo esto se llevar\u00e1 a cabo utilizando diversas metodolog\u00edas experimentales, desde cuestionarios, grupos focales, entrevistas hasta pruebas de seguimiento ocular (eye-tracking) y medidas de ritmo card\u00edaco y actividad electrodermal.<\/p>\n\n\n\n<p>Adem\u00e1s, TransMedia Catalonia tiene como objetivo:<\/p>\n\n\n\n<ol class=\"wp-block-list\">\n<li>Transferir el conocimiento de la investigaci\u00f3n a la sociedad al tiempo que se crea conciencia sobre la accesibilidad.<\/li>\n\n\n\n<li>Transferir el conocimiento de la investigaci\u00f3n al \u00e1mbito educativo.<\/li>\n<\/ol>\n\n\n\n<p><\/p>\n","protected":false},"excerpt":{"rendered":"<p>La l\u00ednea principal de investigaci\u00f3n del grupo TransMedia Catalonia es la accesibilidad a los medios de comunicaci\u00f3n. Esta l\u00ednea aborda la accesibilidad desde varias perspectivas (psicol\u00f3gica, comunicativa, ling\u00fc\u00edstica, etc.) y en m\u00faltiples idiomas y entornos culturales. Principalmente nos centramos en la audiodescripci\u00f3n y la subtitulaci\u00f3n, aunque tambi\u00e9n se est\u00e1n desarrollando nuevos servicios de accesibilidad emergentes [&hellip;]<\/p>\n","protected":false},"author":20,"featured_media":0,"parent":0,"menu_order":0,"comment_status":"closed","ping_status":"closed","template":"","meta":{"footnotes":""},"class_list":["post-1925","page","type-page","status-publish","hentry"],"_links":{"self":[{"href":"https:\/\/webs.uab.cat\/transmedia\/es\/wp-json\/wp\/v2\/pages\/1925","targetHints":{"allow":["GET"]}}],"collection":[{"href":"https:\/\/webs.uab.cat\/transmedia\/es\/wp-json\/wp\/v2\/pages"}],"about":[{"href":"https:\/\/webs.uab.cat\/transmedia\/es\/wp-json\/wp\/v2\/types\/page"}],"author":[{"embeddable":true,"href":"https:\/\/webs.uab.cat\/transmedia\/es\/wp-json\/wp\/v2\/users\/20"}],"replies":[{"embeddable":true,"href":"https:\/\/webs.uab.cat\/transmedia\/es\/wp-json\/wp\/v2\/comments?post=1925"}],"version-history":[{"count":4,"href":"https:\/\/webs.uab.cat\/transmedia\/es\/wp-json\/wp\/v2\/pages\/1925\/revisions"}],"predecessor-version":[{"id":1941,"href":"https:\/\/webs.uab.cat\/transmedia\/es\/wp-json\/wp\/v2\/pages\/1925\/revisions\/1941"}],"wp:attachment":[{"href":"https:\/\/webs.uab.cat\/transmedia\/es\/wp-json\/wp\/v2\/media?parent=1925"}],"curies":[{"name":"wp","href":"https:\/\/api.w.org\/{rel}","templated":true}]}}