{"id":2028,"date":"2010-01-21T14:06:47","date_gmt":"2010-01-21T12:06:47","guid":{"rendered":"https:\/\/webs.uab.cat\/transmedia\/services\/"},"modified":"2024-10-18T11:29:49","modified_gmt":"2024-10-18T09:29:49","slug":"services","status":"publish","type":"page","link":"https:\/\/webs.uab.cat\/transmedia\/es\/services\/","title":{"rendered":"Servicios"},"content":{"rendered":"\n<p>TransMedia Catalonia se encarga de gestionar el <strong>LAB-TTAV<\/strong> (Laboratori de Tecnologies per a la Traducci\u00f3 Audiovisual), un laboratorio de transferencia de conocimiento que ofrece diversos servicios en el \u00e1mbito de la traducci\u00f3n audiovisual y de la accesibilidad a los medios de comunicaci\u00f3n partiendo de nuestras actividades de investigaci\u00f3n y transferencia.<\/p>\n\n\n\n<p>Haz clic en el logo a continuaci\u00f3n para consultar estos servicios:<\/p>\n\n\n<div class=\"wp-block-image is-resized\">\n<figure class=\"aligncenter\"><a href=\"http:\/\/webs.uab.cat\/labttav\/\" target=\"_blank\" rel=\"noreferrer noopener\"><img loading=\"lazy\" decoding=\"async\" width=\"600\" height=\"600\" src=\"https:\/\/webs.uab.cat\/transmedia\/wp-content\/uploads\/sites\/282\/2010\/01\/logo-lab-ttav_petit.jpg\" alt=\"logo LAB-TTAV\" class=\"wp-image-1459\" style=\"width:268px;height:auto\" srcset=\"https:\/\/webs.uab.cat\/transmedia\/wp-content\/uploads\/sites\/282\/2010\/01\/logo-lab-ttav_petit.jpg 600w, https:\/\/webs.uab.cat\/transmedia\/wp-content\/uploads\/sites\/282\/2010\/01\/logo-lab-ttav_petit-300x300.jpg 300w, https:\/\/webs.uab.cat\/transmedia\/wp-content\/uploads\/sites\/282\/2010\/01\/logo-lab-ttav_petit-150x150.jpg 150w\" sizes=\"auto, (max-width: 600px) 100vw, 600px\" \/><\/a><\/figure>\n<\/div>\n\n\n<p><\/p>\n\n\n\n<p>Adem\u00e1s de ofrecer diversos servicios de traducci\u00f3n y accesibilidad, contamos con la plataforma <strong>Media Accessibility Platform (MAP)<\/strong>, un ecosistema digital avanzado que est\u00e1 a la cabeza de la promoci\u00f3n de la accesibilidad a nivel internacional. Durante casi una d\u00e9cada, MAP ha ido evolucionado gracias a la colaboraci\u00f3n de expertos, educadores, investigadores y profesionales de todo el mundo, comprometidos con la promoci\u00f3n de la accesibilidad en los medios de comunicaci\u00f3n.<\/p>\n\n\n\n<p>Gracias a la investigaci\u00f3n y a las aportaciones, MAP es el \u00f1unico repositorio en este campo y contiene m\u00e1s de 2.000 entradas entre las que se encuentran publicaciones, proyectos, formaci\u00f3n, legislaci\u00f3n, normas y recomendaciones.<\/p>\n\n\n\n<p>MAP tambi\u00e9n cuenta con un innovador sistema que permite calcular la accesibilidad de un pa\u00eds, el \u00cdndice de Accesibilidad en los Medios (en ingl\u00e9s, Media Accessibility Index).<\/p>\n\n\n\n<p>Haz clic en el logo a continuaci\u00f3n para acceder a la plataforma:<\/p>\n\n\n\n<figure class=\"wp-block-image size-large\"><a href=\"https:\/\/mapaccess.uab.cat\/\" target=\"_blank\" rel=\"noreferrer noopener\"><img loading=\"lazy\" decoding=\"async\" width=\"1024\" height=\"449\" src=\"https:\/\/webs.uab.cat\/transmedia\/wp-content\/uploads\/sites\/282\/2024\/03\/01MAPlogoDEF_COLOR-1-1024x449.png\" alt=\"\" class=\"wp-image-1463\" srcset=\"https:\/\/webs.uab.cat\/transmedia\/wp-content\/uploads\/sites\/282\/2024\/03\/01MAPlogoDEF_COLOR-1-1024x449.png 1024w, https:\/\/webs.uab.cat\/transmedia\/wp-content\/uploads\/sites\/282\/2024\/03\/01MAPlogoDEF_COLOR-1-300x132.png 300w, https:\/\/webs.uab.cat\/transmedia\/wp-content\/uploads\/sites\/282\/2024\/03\/01MAPlogoDEF_COLOR-1-768x337.png 768w, https:\/\/webs.uab.cat\/transmedia\/wp-content\/uploads\/sites\/282\/2024\/03\/01MAPlogoDEF_COLOR-1-1536x674.png 1536w, https:\/\/webs.uab.cat\/transmedia\/wp-content\/uploads\/sites\/282\/2024\/03\/01MAPlogoDEF_COLOR-1-2048x899.png 2048w, https:\/\/webs.uab.cat\/transmedia\/wp-content\/uploads\/sites\/282\/2024\/03\/01MAPlogoDEF_COLOR-1-1200x527.png 1200w, https:\/\/webs.uab.cat\/transmedia\/wp-content\/uploads\/sites\/282\/2024\/03\/01MAPlogoDEF_COLOR-1-1980x869.png 1980w\" sizes=\"auto, (max-width: 1024px) 100vw, 1024px\" \/><\/a><\/figure>\n","protected":false},"excerpt":{"rendered":"<p>TransMedia Catalonia se encarga de gestionar el LAB-TTAV (Laboratori de Tecnologies per a la Traducci\u00f3 Audiovisual), un laboratorio de transferencia de conocimiento que ofrece diversos servicios en el \u00e1mbito de la traducci\u00f3n audiovisual y de la accesibilidad a los medios de comunicaci\u00f3n partiendo de nuestras actividades de investigaci\u00f3n y transferencia. Haz clic en el logo [&hellip;]<\/p>\n","protected":false},"author":20,"featured_media":0,"parent":0,"menu_order":0,"comment_status":"closed","ping_status":"closed","template":"","meta":{"footnotes":""},"class_list":["post-2028","page","type-page","status-publish","hentry"],"_links":{"self":[{"href":"https:\/\/webs.uab.cat\/transmedia\/es\/wp-json\/wp\/v2\/pages\/2028","targetHints":{"allow":["GET"]}}],"collection":[{"href":"https:\/\/webs.uab.cat\/transmedia\/es\/wp-json\/wp\/v2\/pages"}],"about":[{"href":"https:\/\/webs.uab.cat\/transmedia\/es\/wp-json\/wp\/v2\/types\/page"}],"author":[{"embeddable":true,"href":"https:\/\/webs.uab.cat\/transmedia\/es\/wp-json\/wp\/v2\/users\/20"}],"replies":[{"embeddable":true,"href":"https:\/\/webs.uab.cat\/transmedia\/es\/wp-json\/wp\/v2\/comments?post=2028"}],"version-history":[{"count":2,"href":"https:\/\/webs.uab.cat\/transmedia\/es\/wp-json\/wp\/v2\/pages\/2028\/revisions"}],"predecessor-version":[{"id":2032,"href":"https:\/\/webs.uab.cat\/transmedia\/es\/wp-json\/wp\/v2\/pages\/2028\/revisions\/2032"}],"wp:attachment":[{"href":"https:\/\/webs.uab.cat\/transmedia\/es\/wp-json\/wp\/v2\/media?parent=2028"}],"curies":[{"name":"wp","href":"https:\/\/api.w.org\/{rel}","templated":true}]}}