{"id":132,"date":"2014-06-12T18:27:09","date_gmt":"2014-06-12T16:27:09","guid":{"rendered":"https:\/\/webs.uab.cat\/transmedia\/events\/"},"modified":"2026-03-09T09:07:56","modified_gmt":"2026-03-09T07:07:56","slug":"events","status":"publish","type":"page","link":"https:\/\/webs.uab.cat\/transmedia\/events\/","title":{"rendered":"Events"},"content":{"rendered":"\n<p>TransMedia Catalonia organises and participates as an associate partner in several conferences on audiovisual translation and media accessibility.<\/p>\n\n\n\n<h2 class=\"wp-block-heading\">Upcoming Events<\/h2>\n\n\n\n<p><strong>Organised by Transmedia Catalonia members<\/strong><\/p>\n\n\n\n<ul class=\"wp-block-list\">\n<li>ARSAD 2027. More information in 2026.<\/li>\n\n\n\n<li>Fun for All 2027. More information in 2026.<\/li>\n<\/ul>\n\n\n\n<p><strong>With Transmedia Catalonia as associate partner<\/strong><\/p>\n\n\n\n<ul class=\"wp-block-list\">\n<li><strong><a href=\"https:\/\/webs.uab.cat\/transmedia\/wp-admin\/post.php?post=2764&amp;action=edit\">GAAD 2026<\/a><\/strong> (The Accessibility Paradox: Navigating the Intersection of the EU AI Act and the EU Accessibility Act).<\/li>\n\n\n\n<li><strong>GDA 2026<\/strong> (Green Digital Accessibility). University of Novi Sad, Serbia. <\/li>\n\n\n\n<li><strong>17th International Conference on Live Subtitling and Speech-To-Text Interpreting (ICoLS). <\/strong>More information in 2026.<\/li>\n<\/ul>\n\n\n\n<h2 class=\"wp-block-heading\">Previous Events<\/h2>\n\n\n\n<p><strong>Organised by Transmedia Catalonia members<\/strong><\/p>\n\n\n\n<ol class=\"wp-block-list\">\n<li><strong><a href=\"https:\/\/webs.uab.cat\/livesubtitling\/\" data-type=\"link\" data-id=\"https:\/\/webs.uab.cat\/livesubtitling\/\" target=\"_blank\" rel=\"noreferrer noopener\">16th International Conference on Live Subtitling and Speech-To-Text Interpreting (ICoLS).<\/a> <\/strong>Leeds, July 4, 2025.<\/li>\n\n\n\n<li><strong><a href=\"https:\/\/english.swps.pl\/we-the-university\/our-news-and-events\/conferences-and-seminars\/34359-green-digital-accessibility-international-conference-2025#organizator\" target=\"_blank\" rel=\"noreferrer noopener\">GDA 2025<\/a><\/strong> (Green Digital Accessibility). SWPS University, Warsaw, September 8-9 2025.<\/li>\n\n\n\n<li><strong><a href=\"https:\/\/webs.uab.cat\/transmedia\/gaad-2025\/\" data-type=\"link\" data-id=\"https:\/\/webs.uab.cat\/transmedia\/gaad-2025\/\" target=\"_blank\" rel=\"noreferrer noopener\">GAAD 2025<\/a> <\/strong>(Global Accessibility Awareness Day), 15 May 2025.<\/li>\n\n\n\n<li><a href=\"https:\/\/webs.uab.cat\/arsad\/\" target=\"_blank\" rel=\"noreferrer noopener\"><strong>ARSAD 2025<\/strong><\/a> (Advanced Research Seminar on Audio Description), 20-21 March 2025.<\/li>\n\n\n\n<li><strong><a href=\"https:\/\/webs.uab.cat\/videogamesaccess\/\" data-type=\"link\" data-id=\"https:\/\/webs.uab.cat\/videogamesaccess\/\">FUN FOR ALL<\/a><\/strong>, 30-31 January 2025<\/li>\n\n\n\n<li><a href=\"https:\/\/webs.uab.cat\/gda\/\"><strong>GDA 2024<\/strong><\/a> (Green Digital Accessibility Conference), 2-3 December 2024<\/li>\n\n\n\n<li><strong><a href=\"https:\/\/webs.uab.cat\/transmedia\/gaad-2024\/\" data-type=\"link\" data-id=\"https:\/\/webs.uab.cat\/transmedia\/gaad-2024\/\" target=\"_blank\" rel=\"noreferrer noopener\">GAAD 2024 <\/a><\/strong>(Global Accessibility Awareness Day), 16 May 2024.<\/li>\n\n\n\n<li><a href=\"https:\/\/webs.uab.cat\/transmedia\/education-day-2024\/\"><strong>\u201cSmart and Accessible Tools for Education for Sustainable Development\u201d<\/strong>, <\/a>24 January 2024, Education day, 13.00-14.30.<\/li>\n\n\n\n<li><a href=\"https:\/\/webs.uab.cat\/gda\/gda-2023\/\" target=\"_blank\" rel=\"noreferrer noopener\"><strong>GDA 2023 <\/strong><\/a>(Green Digital Accessibility), 30 November 2023 &#8211; 1 December 2023.<\/li>\n\n\n\n<li><a href=\"https:\/\/webs.uab.cat\/transmedia\/setmana-de-la-ciencia\/\"><strong>Setmana de la Ci\u00e8ncia<\/strong><\/a>, 13 November 2023.<\/li>\n\n\n\n<li><a rel=\"noreferrer noopener\" href=\"https:\/\/webs.uab.cat\/transmedia\/greenweek2023\/\" target=\"_blank\"><strong>Green Week 2023<\/strong><\/a>, 7June 2023.<\/li>\n\n\n\n<li><u><strong><a rel=\"noopener\" href=\"https:\/\/webs.uab.cat\/livesubtitling\/\" target=\"_blank\">8th&nbsp;International Symposium Live Subtitling<\/a><\/strong><\/u>, 19 April 2023.<\/li>\n\n\n\n<li><a href=\"https:\/\/webs.uab.cat\/arsad\/arsad2023\/\" data-type=\"link\" data-id=\"https:\/\/webs.uab.cat\/arsad\/arsad2023\/\" target=\"_blank\" rel=\"noreferrer noopener\"><u><strong>ARSAD 2023<\/strong><\/u><\/a>&nbsp;(Advanced Research Seminar on Audio description),  20-21 April 2023.<\/li>\n\n\n\n<li><a rel=\"noreferrer noopener\" href=\"https:\/\/webs.uab.cat\/videogamesaccess\/\" target=\"_blank\"><u><strong>FUN FOR ALL<\/strong><\/u><\/a>, 2-3 February 2023.<\/li>\n\n\n\n<li><a rel=\"noreferrer noopener\" href=\"https:\/\/webs.uab.cat\/transmedia\/gda\/\" target=\"_blank\"><strong>GDA&nbsp;2022<\/strong>&nbsp;<\/a>(Green Digital Accessibility), 2&nbsp;December&nbsp;2022.&nbsp;<\/li>\n\n\n\n<li><strong><u><a rel=\"noreferrer noopener\" href=\"https:\/\/webs.uab.cat\/transmedia\/greenweek\/\" data-type=\"page\" data-id=\"362\" target=\"_blank\">EU GREEN WEEK<\/a>,<\/u> <\/strong>participatory event in Barcelona,<strong>&nbsp;<\/strong>30 May 2022.<\/li>\n\n\n\n<li><u><strong><a rel=\"noreferrer noopener\" href=\"https:\/\/webs.uab.cat\/transmedia\/born-accessible\" target=\"_blank\">BORN ACCESSIBLE<\/a>.<\/strong><\/u> An event on digital accessibility&nbsp;in the European Parliament.&nbsp;<\/li>\n\n\n\n<li><strong><u><a rel=\"noreferrer noopener\" href=\"https:\/\/webs.uab.cat\/transmedia\/la-caixa\/\" data-type=\"page\" data-id=\"311\" target=\"_blank\">ATRAC<\/a><\/u><\/strong>,&nbsp;Fundaci\u00f3 la Caixa &#8211; Projectes de Reflexi\u00f3&nbsp;al Palau Macaya 2020-2021,&nbsp;October 1st&nbsp;2020, November 19th 2020, May 15th 2021 and June 6th 2021.<\/li>\n\n\n\n<li><strong><u><a rel=\"noreferrer noopener\" href=\"https:\/\/webs.uab.cat\/media4all9\/\" target=\"_blank\">MEDIA FOR ALL<\/a><\/u>,<\/strong> 27, 28 and 29 January 2021.<\/li>\n\n\n\n<li><strong><a href=\"https:\/\/webs.uab.cat\/arsad\/arsad2021\/\" data-type=\"link\" data-id=\"https:\/\/webs.uab.cat\/arsad\/arsad2021\/\" target=\"_blank\" rel=\"noreferrer noopener\"><span style=\"text-decoration: underline\"><u>ARSAD<\/u> 2021<\/span><\/a><\/strong> (Advanced Research Seminar in Audio Description), 26-27 January 2021 (online).<\/li>\n\n\n\n<li><u><strong><a href=\"https:\/\/lead-me-cost.eu\/events\/winterschool2020\/\">LEAD ME Winter Training School Barcelona 2020<\/a><\/strong><\/u>: Communication for all, 23-26 November 2020.<\/li>\n\n\n\n<li><u><strong><a rel=\"noreferrer noopener\" href=\"https:\/\/webs.uab.cat\/livesubtitling\/\" target=\"_blank\">7th International Symposium Live Subtitling<\/a><\/strong><\/u>, 5-6 November 2020.<\/li>\n\n\n\n<li><strong><u><a rel=\"noreferrer noopener\" href=\"https:\/\/webs.uab.cat\/act\/actunlimited-2-symposium\/\" target=\"_blank\">6th International Symposium on Accessibility and Live Subtitling&nbsp;&#8211; Milan 2018<\/a><\/u><\/strong><\/li>\n\n\n\n<li><a rel=\"noreferrer noopener\" href=\"https:\/\/webs.uab.cat\/act\/actunlimited-2-symposium\" target=\"_blank\"><strong><u>ACT\/Unlimited! 2 Symposium 2018<\/u><\/strong><\/a><\/li>\n\n\n\n<li><a rel=\"noreferrer noopener\" href=\"https:\/\/webs.uab.cat\/umaq\/umaq-conference\" target=\"_blank\"><strong><u>UMAQ<\/u><\/strong><\/a> 2018<\/li>\n\n\n\n<li><a role=\"link\" rel=\"noopener\" href=\"https:\/\/mapaccess.uab.cat\/news\/media-accessibility-platform-international-conference\" target=\"_blank\"><strong><u>MAPIC<\/u><\/strong><\/a><strong>&nbsp;<\/strong>2017. <a role=\"link\" rel=\"noopener\" href=\"https:\/\/www.mapaccess.org\/mapic-video\" target=\"_blank\"><strong><u>Video<\/u><\/strong><\/a>.<\/li>\n\n\n\n<li><a href=\"https:\/\/webs.uab.cat\/arsad\/past-seminars\" target=\"_blank\" rel=\"noreferrer noopener\"><strong><u>ARSAD<\/u><\/strong><\/a> 2007, 2009, 2011, 2013, 2015,&nbsp;2017, and 2019.<\/li>\n\n\n\n<li><a rel=\"noreferrer noopener\" href=\"https:\/\/webs.uab.cat\/seminaricamilleri\/\" target=\"_blank\"><strong><u>IV Seminar on Andrea Camilleri&#8217;s Work<\/u><\/strong><\/a><u>&nbsp;<\/u>(download the<strong> <u><a role=\"link\" rel=\"noopener\" href=\"https:\/\/webs.uab.cat\/transmedia\/wp-content\/uploads\/sites\/282\/2017\/04\/2017-camilleri.pdf\" target=\"_blank\">leaflet<\/a><\/u><\/strong>)<\/li>\n\n\n\n<li><a role=\"link\" rel=\"noopener\" href=\"https:\/\/www.hbb4all.eu\/publications\/hbb4all-workshop-2015\/\" target=\"_blank\"><strong><u>HBB4ALL Workshop<\/u><\/strong><\/a>, Barcelona: 18\/03\/2015.<\/li>\n\n\n\n<li><a rel=\"noreferrer noopener\" href=\"https:\/\/webs.uab.cat\/videogamesaccess\/\" target=\"_blank\"><strong><u>International Conference on Translation and Accessibility in Games and Virtual Worlds<\/u><\/strong><\/a>. Fun for All. 2010, 2014, 2016 and 2018. 2020, cancelled.<\/li>\n\n\n\n<li><strong><u><a rel=\"noreferrer noopener\" href=\"https:\/\/webs.uab.cat\/livesubtitling\/live-subtitling-2013\/\" target=\"_blank\">4th International Symposium on Live Subtitling<\/a><\/u><\/strong>. Barcelona, 2013.<\/li>\n\n\n\n<li>II Jornadas sobre did\u00e1ctica online de traducci\u00f3n audiovisual y accesibilidad a los medios de comunicaci\u00f3n. UAB, 22\/06\/2010.<\/li>\n\n\n\n<li>Seminar on Eye-Tracking and Audiovisual Translation. UAB, 2008 and 2010.<\/li>\n\n\n\n<li>Jornada CEPACC. UAB, 21\/04\/2006.<\/li>\n<\/ol>\n\n\n\n<p><strong>With Transmedia Catalonia as associate partner or with TransMedia Catalonia member as a collaborator <\/strong><\/p>\n\n\n\n<ol class=\"wp-block-list\">\n<li><a href=\"https:\/\/www.mediaforall.eu\/\" target=\"_blank\" rel=\"noreferrer noopener\"><strong><u>Media for All<\/u><\/strong><\/a>. 2005 Barcelona, 2007 Leiria, 2009 Antwerp, 2011 London, 2013 Dubrovnik, 2015 Australia, 2017 Qatar (cancelled), 2019 Stockholm, 2023 Antwerp, 2025 Hong Kong.<\/li>\n\n\n\n<li><strong><u>The Translation and Reception of Multilingual Films<\/u><\/strong>.<strong>&nbsp;<\/strong>Organised by EMMA &#8211; University of Montpellier 3 and CAIAC &#8211; Universitat Aut\u00f2noma de Barcelona.&nbsp;Montpellier, 15-16\/06\/12.<\/li>\n\n\n\n<li><u><a href=\"https:\/\/cambum.net\/Inclusive_ARVR\/\" target=\"_blank\" rel=\"noreferrer noopener\"><strong>CHI 2021<\/strong><\/a>,<\/u> Adaptive Accessible AR\/VR Systems,&nbsp;8-13 May 2021.<\/li>\n\n\n\n<li><a href=\"https:\/\/webs.uab.cat\/transmedia\/mobileweek\" target=\"_blank\" rel=\"noreferrer noopener\"><u><strong>Mobile Week Matar\u00f3<\/strong><\/u>,<\/a> Organised by TecnoCampus Matar\u00f3 &#8211; Universitat Pompeu Fabra, 7\/7\/21<\/li>\n<\/ol>\n\n\n\n<h2 class=\"wp-block-heading\"><strong>Internal Events<\/strong><\/h2>\n\n\n\n<ul class=\"wp-block-list\">\n<li><strong><a href=\"https:\/\/webs.uab.cat\/transmedia\/tim\/\">TIM (TransMedia International Meeting)<\/a><\/strong><\/li>\n\n\n\n<li><strong><a href=\"https:\/\/webs.uab.cat\/transmedia\/events\/training-activities\/\" target=\"_blank\" rel=\"noreferrer noopener\">TransMedia training activities (internal)<\/a><\/strong><\/li>\n<\/ul>\n\n\n\n<p><\/p>\n\n\n\n<p>&nbsp;<\/p>\n","protected":false},"excerpt":{"rendered":"<p>TransMedia Catalonia organises and participates as an associate partner in several conferences on audiovisual translation and media accessibility. Upcoming Events Organised by Transmedia Catalonia members With Transmedia Catalonia as associate partner Previous Events Organised by Transmedia Catalonia members With Transmedia Catalonia as associate partner or with TransMedia Catalonia member as a collaborator Internal Events &nbsp;<\/p>\n","protected":false},"author":20,"featured_media":0,"parent":0,"menu_order":0,"comment_status":"closed","ping_status":"closed","template":"","meta":{"footnotes":""},"class_list":["post-132","page","type-page","status-publish","hentry"],"_links":{"self":[{"href":"https:\/\/webs.uab.cat\/transmedia\/wp-json\/wp\/v2\/pages\/132","targetHints":{"allow":["GET"]}}],"collection":[{"href":"https:\/\/webs.uab.cat\/transmedia\/wp-json\/wp\/v2\/pages"}],"about":[{"href":"https:\/\/webs.uab.cat\/transmedia\/wp-json\/wp\/v2\/types\/page"}],"author":[{"embeddable":true,"href":"https:\/\/webs.uab.cat\/transmedia\/wp-json\/wp\/v2\/users\/20"}],"replies":[{"embeddable":true,"href":"https:\/\/webs.uab.cat\/transmedia\/wp-json\/wp\/v2\/comments?post=132"}],"version-history":[{"count":35,"href":"https:\/\/webs.uab.cat\/transmedia\/wp-json\/wp\/v2\/pages\/132\/revisions"}],"predecessor-version":[{"id":2767,"href":"https:\/\/webs.uab.cat\/transmedia\/wp-json\/wp\/v2\/pages\/132\/revisions\/2767"}],"wp:attachment":[{"href":"https:\/\/webs.uab.cat\/transmedia\/wp-json\/wp\/v2\/media?parent=132"}],"curies":[{"name":"wp","href":"https:\/\/api.w.org\/{rel}","templated":true}]}}