{"id":284,"date":"2019-02-12T14:12:12","date_gmt":"2019-02-12T12:12:12","guid":{"rendered":"https:\/\/webs.uab.cat\/transmedia\/predoctoral\/"},"modified":"2025-01-29T11:44:34","modified_gmt":"2025-01-29T09:44:34","slug":"predoctoral","status":"publish","type":"page","link":"https:\/\/webs.uab.cat\/transmedia\/predoctoral\/","title":{"rendered":"Predoctoral researchers"},"content":{"rendered":"\n<p class=\"has-large-font-size\"><\/p>\n\n\n\n<h2 class=\"wp-block-heading\"><strong>Mariona Gonz\u00e1lez Sord\u00e9<\/strong><\/h2>\n\n\n<div class=\"wp-block-image is-resized\">\n<figure class=\"alignleft size-full\"><img loading=\"lazy\" decoding=\"async\" width=\"629\" height=\"600\" src=\"https:\/\/webs.uab.cat\/transmedia\/wp-content\/uploads\/sites\/282\/2022\/04\/foto.jpeg\" alt=\"Mariona Gonz\u00e1lez Sord\u00e9\" class=\"wp-image-350\" style=\"width:334px;height:auto\" srcset=\"https:\/\/webs.uab.cat\/transmedia\/wp-content\/uploads\/sites\/282\/2022\/04\/foto.jpeg 629w, https:\/\/webs.uab.cat\/transmedia\/wp-content\/uploads\/sites\/282\/2022\/04\/foto-300x286.jpeg 300w\" sizes=\"auto, (max-width: 629px) 100vw, 629px\" \/><\/figure>\n<\/div>\n\n\n<p><strong>Mariona Gonz\u00e1lez Sord\u00e9<\/strong> holds a BA in Translation and Interpreting from the Pompeu Fabra University (UPF), a BA in Applied Languages from the same university, and a MA in Audiovisual Translation from the Autonomous University of Barcelona (UAB).<\/p>\n\n\n\n<p>Before joining UAB, she worked as a subtitler and as a translation project coordinator.<\/p>\n\n\n\n<p>She is currently a PhD student at the UAB, working on Easy Language and media accessibility. Her research is backed up by a scholarship linked to the Mediaverse project.<\/p>\n\n\n\n<p><strong><a href=\"mailto:mariona.gonzalez@uab.cat\" target=\"_blank\" rel=\"noreferrer noopener\">mariona.gonzalez@uab.cat<\/a><\/strong><\/p>\n\n\n\n<p class=\"has-large-font-size\"><\/p>\n\n\n\n<h2 class=\"wp-block-heading\"><strong>Marina Pujadas Farreras<\/strong><\/h2>\n\n\n<div class=\"wp-block-image is-resized\">\n<figure class=\"alignleft size-full\"><img loading=\"lazy\" decoding=\"async\" width=\"486\" height=\"600\" src=\"https:\/\/webs.uab.cat\/transmedia\/wp-content\/uploads\/sites\/282\/2022\/04\/captura_de_pantalla_67.png\" alt=\"Marina Pujadas Farreras\" class=\"wp-image-348\" style=\"width:343px;height:auto\" srcset=\"https:\/\/webs.uab.cat\/transmedia\/wp-content\/uploads\/sites\/282\/2022\/04\/captura_de_pantalla_67.png 486w, https:\/\/webs.uab.cat\/transmedia\/wp-content\/uploads\/sites\/282\/2022\/04\/captura_de_pantalla_67-243x300.png 243w\" sizes=\"auto, (max-width: 486px) 100vw, 486px\" \/><\/figure>\n<\/div>\n\n\n<p><strong>Marina Pujadas Farreras<\/strong> is a predoctoral researcher in the Department of Translation, Interpreting and East Asian Studies at the Universitat Aut\u00f2noma de Barcelona (UAB).<\/p>\n\n\n\n<p>She holds a BA in Translation and Interpreting from the UAB and a MA in Audiovisual Translation from this same university.<\/p>\n\n\n\n<p>She has been awarded a PhD grant by the Catalan Government, which will allow her to pursue her research interest in media accessibility.<\/p>\n\n\n\n<p><a href=\"mailto:marina.pujadas@autonoma.cat\" target=\"_blank\" rel=\"noreferrer noopener\"><strong>marina.pujadas@uab.cat<\/strong><\/a><\/p>\n\n\n\n<p><\/p>\n\n\n\n<p><\/p>\n\n\n\n<p><\/p>\n\n\n\n<p><\/p>\n\n\n\n<p class=\"has-large-font-size\"><\/p>\n\n\n\n<h2 class=\"wp-block-heading\"><strong>Miguel \u00c1ngel Oliza Zamora<\/strong><\/h2>\n\n\n<div class=\"wp-block-image is-resized\">\n<figure class=\"alignleft size-full\"><img loading=\"lazy\" decoding=\"async\" width=\"718\" height=\"600\" src=\"https:\/\/webs.uab.cat\/transmedia\/wp-content\/uploads\/sites\/282\/2022\/04\/picture.jpg\" alt=\"\" class=\"wp-image-352\" style=\"width:356px;height:auto\" srcset=\"https:\/\/webs.uab.cat\/transmedia\/wp-content\/uploads\/sites\/282\/2022\/04\/picture.jpg 718w, https:\/\/webs.uab.cat\/transmedia\/wp-content\/uploads\/sites\/282\/2022\/04\/picture-300x251.jpg 300w\" sizes=\"auto, (max-width: 718px) 100vw, 718px\" \/><\/figure>\n<\/div>\n\n\n<p><strong>Miguel \u00c1ngel Oliva Zamora<\/strong> holds a BA in Translation and Interpreting from the University of Granada (UGR) and an MA in Audiovisual Translation from the Barcelona Autonomous University (UAB).<\/p>\n\n\n\n<p>Thanks to the PhD grant he has been awarded with, he is now able to research videogame accessibility and the implementation of easy-to-understand languages.<\/p>\n\n\n\n<p>Before joining the research team in UAB, he was working as project manager and copywriter in SEAT for the online applications of the vehicles&#8217; radio from 2019 to 2022.<\/p>\n\n\n\n<p><strong><a href=\"mailto:miguelangel.oliva@autonoma.cat\" target=\"_blank\" rel=\"noreferrer noopener\">miguelangel.oliva@uab.cat<\/a><\/strong><\/p>\n\n\n\n<h2 class=\"wp-block-heading\"><strong>Mario Cuitavi Mart\u00edn<\/strong><\/h2>\n\n\n<div class=\"wp-block-image is-resized\">\n<figure class=\"alignleft size-full\"><img loading=\"lazy\" decoding=\"async\" width=\"359\" height=\"347\" src=\"https:\/\/webs.uab.cat\/transmedia\/wp-content\/uploads\/sites\/282\/2024\/12\/mario.jpg\" alt=\"\" class=\"wp-image-2288\" style=\"width:356px;height:auto\" srcset=\"https:\/\/webs.uab.cat\/transmedia\/wp-content\/uploads\/sites\/282\/2024\/12\/mario.jpg 359w, https:\/\/webs.uab.cat\/transmedia\/wp-content\/uploads\/sites\/282\/2024\/12\/mario-300x290.jpg 300w\" sizes=\"auto, (max-width: 359px) 100vw, 359px\" \/><\/figure>\n<\/div>\n\n\n<p><strong>Mario Cuitavi Mart\u00edn <\/strong>holds a BA in Translation and Interlinguistic Mediation from the University of Val\u00e8ncia (UV), where he also studied a master\u2019s degree in Creative and Humanistic Translation.<\/p>\n\n\n\n<p>He is currently a predoctoral researcher at the Department of Translation and Interpreting and East Asian Studies at the Universitat Aut\u00f2noma de Barcelona (UAB), and works on easy language in the media. His research is linked to the ENACT (Easy-to-understand News for Collaborative Transformation) project.<\/p>\n\n\n\n<p>Before joining UAB, he worked as a translator and subtitler for the Audio &amp; Podcast Unit at the European Parliament as a Schuman trainee.<\/p>\n\n\n\n<p><a href=\"mailto:Mario.Cuitavi@uab.cat\"><strong>Mario.Cuitavi@uab.cat<\/strong><\/a><\/p>\n","protected":false},"excerpt":{"rendered":"<p>Mariona Gonz\u00e1lez Sord\u00e9 Mariona Gonz\u00e1lez Sord\u00e9 holds a BA in Translation and Interpreting from the Pompeu Fabra University (UPF), a BA in Applied Languages from the same university, and a MA in Audiovisual Translation from the Autonomous University of Barcelona (UAB). Before joining UAB, she worked as a subtitler and as a translation project coordinator. [&hellip;]<\/p>\n","protected":false},"author":20,"featured_media":0,"parent":0,"menu_order":0,"comment_status":"closed","ping_status":"closed","template":"","meta":{"footnotes":""},"class_list":["post-284","page","type-page","status-publish","hentry"],"_links":{"self":[{"href":"https:\/\/webs.uab.cat\/transmedia\/wp-json\/wp\/v2\/pages\/284","targetHints":{"allow":["GET"]}}],"collection":[{"href":"https:\/\/webs.uab.cat\/transmedia\/wp-json\/wp\/v2\/pages"}],"about":[{"href":"https:\/\/webs.uab.cat\/transmedia\/wp-json\/wp\/v2\/types\/page"}],"author":[{"embeddable":true,"href":"https:\/\/webs.uab.cat\/transmedia\/wp-json\/wp\/v2\/users\/20"}],"replies":[{"embeddable":true,"href":"https:\/\/webs.uab.cat\/transmedia\/wp-json\/wp\/v2\/comments?post=284"}],"version-history":[{"count":8,"href":"https:\/\/webs.uab.cat\/transmedia\/wp-json\/wp\/v2\/pages\/284\/revisions"}],"predecessor-version":[{"id":2348,"href":"https:\/\/webs.uab.cat\/transmedia\/wp-json\/wp\/v2\/pages\/284\/revisions\/2348"}],"wp:attachment":[{"href":"https:\/\/webs.uab.cat\/transmedia\/wp-json\/wp\/v2\/media?parent=284"}],"curies":[{"name":"wp","href":"https:\/\/api.w.org\/{rel}","templated":true}]}}