{"id":287,"date":"2019-02-12T14:15:00","date_gmt":"2019-02-12T12:15:00","guid":{"rendered":"https:\/\/webs.uab.cat\/transmedia\/former\/"},"modified":"2025-03-25T10:59:14","modified_gmt":"2025-03-25T08:59:14","slug":"former","status":"publish","type":"page","link":"https:\/\/webs.uab.cat\/transmedia\/former\/","title":{"rendered":"Former members"},"content":{"rendered":"\n<p class=\"has-large-font-size\">Former members of&nbsp;TransMedia are:<\/p>\n\n\n<ul>\n<li>Agnieszka Walczak<\/li>\n<li>Alba Serra<\/li>\n<li>Alicia Rodr\u00edguez<\/li>\n<li>Andreu Oliver<\/li>\n<li>Anna Fern\u00e1ndez-Torn\u00e9<\/li>\n<li>Anna Maszerowska<\/li>\n<li>Anna Serrano Ratera<\/li>\n<li>Anna Vilar\u00f3<\/li>\n<li>Anita Fidyka<\/li>\n<li>Antonio R\u00edos<\/li>\n<li>Bel\u00e9n Agull\u00f3 Garc\u00eda<\/li>\n<li>Benyamin Ahmadnia<\/li>\n<li>Blanca Arias-Badia<\/li>\n<li>Carla Ortiz-Boix<\/li>\n<li>Daniel Segura Gim\u00e9nez<\/li>\n<li>Gonzalo Iturregui-Gallardo<\/li>\n<li>H\u00e9ctor Delgado<\/li>\n<li>Helena Casas-Tost<\/li>\n<li>Irene Hermosa-Ram\u00edrez<\/li>\n<li>Irene Tor Carroggio<\/li>\n<li>Iris Cristina Permuy H\u00e9rcules de Sol\u00e1s<\/li>\n<li>Jara Duro<\/li>\n<li>Javier Serrano<\/li>\n<li>Joan Bestard<\/li>\n<li>Joaquim Cantalozella<\/li>\n<li>Joaquim Llisterri<\/li>\n<li>Juan Francisco Sang\u00fcesa<\/li>\n<li>Juan Mart\u00ednez<\/li>\n<li>Judit Castell\u00e0<\/li>\n<li>Liudmila Navtanovich<\/li>\n<li>M\u00aa Eugenia Larreina-Morales<\/li>\n<li>Mar\u00eda T. Soto-Sanfiel<\/li>\n<li>Marta Bosch i Baliarda<\/li>\n<li>Marta Negre<\/li>\n<li>Olivia Gerber-Mor\u00f3n<\/li>\n<li>Oriol L\u00f3pez<\/li>\n<li>Paula Igareda<\/li>\n<li>Sara Rovira-Esteva<\/li>\n<li>Saray G\u00f3mez Mart\u00edn<\/li>\n<li>Susannah Fraser<\/li>\n<li>V\u00edctor Garc\u00eda Melero<\/li>\n<li>Yuchen Liu<\/li>\n<\/ul>","protected":false},"excerpt":{"rendered":"<p>Former members of&nbsp;TransMedia are: Agnieszka Walczak Alba Serra Alicia Rodr\u00edguez Andreu Oliver Anna Fern\u00e1ndez-Torn\u00e9 Anna Maszerowska Anna Serrano Ratera Anna Vilar\u00f3 Anita Fidyka Antonio R\u00edos Bel\u00e9n Agull\u00f3 Garc\u00eda Benyamin Ahmadnia Blanca Arias-Badia Carla Ortiz-Boix Daniel Segura Gim\u00e9nez Gonzalo Iturregui-Gallardo H\u00e9ctor Delgado Helena Casas-Tost Irene Hermosa-Ram\u00edrez Irene Tor Carroggio Iris Cristina Permuy H\u00e9rcules de Sol\u00e1s Jara [&hellip;]<\/p>\n","protected":false},"author":20,"featured_media":0,"parent":0,"menu_order":0,"comment_status":"closed","ping_status":"closed","template":"","meta":{"footnotes":""},"class_list":["post-287","page","type-page","status-publish","hentry"],"_links":{"self":[{"href":"https:\/\/webs.uab.cat\/transmedia\/wp-json\/wp\/v2\/pages\/287","targetHints":{"allow":["GET"]}}],"collection":[{"href":"https:\/\/webs.uab.cat\/transmedia\/wp-json\/wp\/v2\/pages"}],"about":[{"href":"https:\/\/webs.uab.cat\/transmedia\/wp-json\/wp\/v2\/types\/page"}],"author":[{"embeddable":true,"href":"https:\/\/webs.uab.cat\/transmedia\/wp-json\/wp\/v2\/users\/20"}],"replies":[{"embeddable":true,"href":"https:\/\/webs.uab.cat\/transmedia\/wp-json\/wp\/v2\/comments?post=287"}],"version-history":[{"count":7,"href":"https:\/\/webs.uab.cat\/transmedia\/wp-json\/wp\/v2\/pages\/287\/revisions"}],"predecessor-version":[{"id":2487,"href":"https:\/\/webs.uab.cat\/transmedia\/wp-json\/wp\/v2\/pages\/287\/revisions\/2487"}],"wp:attachment":[{"href":"https:\/\/webs.uab.cat\/transmedia\/wp-json\/wp\/v2\/media?parent=287"}],"curies":[{"name":"wp","href":"https:\/\/api.w.org\/{rel}","templated":true}]}}