{"id":291,"date":"2019-04-11T10:03:31","date_gmt":"2019-04-11T08:03:31","guid":{"rendered":"https:\/\/webs.uab.cat\/transmedia\/theses\/"},"modified":"2024-10-18T11:51:12","modified_gmt":"2024-10-18T09:51:12","slug":"theses","status":"publish","type":"page","link":"https:\/\/webs.uab.cat\/transmedia\/theses\/","title":{"rendered":"Theses"},"content":{"rendered":"\n<h2 class=\"wp-block-heading\">PhD theses supervised by TMC members<\/h2>\n\n\n\n<ol class=\"wp-block-list\">\n<li>17\/06\/2024| <strong>M\u00aa Eugenia Larreina-Morales<\/strong>. <em>La accesibilidad a los videojuegos: Estado actual y potencial de la audiodescripci\u00f3n para mejorar la experiencia de las personas con discapacidad visual. <\/em>Supervised by Dr Carme Mangiron<\/li>\n\n\n\n<li>13\/12\/2023| <strong>Marta Brescia-Zapata<\/strong>. <em><a href=\"https:\/\/www.tesisenred.net\/handle\/10803\/691299#page=7\" data-type=\"link\" data-id=\"https:\/\/www.tesisenred.net\/handle\/10803\/691299#page=7\" target=\"_blank\" rel=\"noreferrer noopener\">Accessible VR 360\u00ba subtitles. The impact of subtitles on the reception of immersive content using eye tracking and questionnaire data.<\/a> <\/em>Supervised by Dr Pilar Orero and Dr Chris Hughes<\/li>\n\n\n\n<li>20\/12\/2022| <strong>Irene Hermosa-Ram\u00edrez.<\/strong> <em><a href=\"https:\/\/www.tesisenred.net\/handle\/10803\/688542\" data-type=\"URL\" data-id=\"https:\/\/www.tesisenred.net\/handle\/10803\/688542\">La audio<\/a><a href=\"https:\/\/www.tesisenred.net\/handle\/10803\/688542\" data-type=\"URL\" data-id=\"https:\/\/www.tesisenred.net\/handle\/10803\/688542\" target=\"_blank\" rel=\"noreferrer noopener\">de<\/a><a href=\"https:\/\/www.tesisenred.net\/handle\/10803\/688542\" data-type=\"URL\" data-id=\"https:\/\/www.tesisenred.net\/handle\/10803\/688542\">scripci\u00f3n para \u00f3pera en Espa\u00f1a: estudio desde la ling\u00fc\u00edstica de corpus y la semi\u00f3tica.<\/a><strong>&nbsp;<\/strong><\/em>Supervised by Dr Miquel Edo.<\/li>\n\n\n\n<li>07\/09\/2021| <strong>Anita Fidyka<\/strong>.<strong>&nbsp;<\/strong><a href=\"https:\/\/www.tdx.cat\/bitstream\/10803\/674067\/1\/anfi1de1.pdf\" data-type=\"URL\" data-id=\"https:\/\/www.tdx.cat\/bitstream\/10803\/674067\/1\/anfi1de1.pdf\" target=\"_blank\" rel=\"noreferrer noopener\"><em>360\u00ba content made accessible: A user-centered study on audio description<\/em>.<\/a>&nbsp;Supervised by Dr Anna Matamala.<\/li>\n\n\n\n<li>19\/07\/2021| <strong>Daniel Segura Gim\u00e9nez<\/strong>.&nbsp;<i><a href=\"https:\/\/www.tdx.cat\/bitstream\/handle\/10803\/673688\/dsg1de1.pdf?sequence=1&amp;isAllowed=y\" data-type=\"URL\" data-id=\"https:\/\/www.tdx.cat\/bitstream\/handle\/10803\/673688\/dsg1de1.pdf?sequence=1&amp;isAllowed=y\" target=\"_blank\" rel=\"noreferrer noopener\">La traducci\u00f3n por crowdsourcing en lengua de signos catalana: un estudio de recepci\u00f3n.<\/a>&nbsp;<\/i>Supervised by Dr Helena Casas-Tost and Dr Sara Rovira-Esteva.<\/li>\n\n\n\n<li>22\/01\/2021 | <strong>Marta Bosch-Baliarda<\/strong>.&nbsp;<i><a href=\"https:\/\/www.tdx.cat\/handle\/10803\/671581\" data-type=\"URL\" data-id=\"https:\/\/www.tdx.cat\/handle\/10803\/671581\" target=\"_blank\" rel=\"noreferrer noopener\">La re<\/a><a href=\"https:\/\/www.tdx.cat\/handle\/10803\/671581\" data-type=\"URL\" data-id=\"https:\/\/www.tdx.cat\/handle\/10803\/671581\">cepci\u00f3 de continguts televisius interpretats a la llengua de signes: l\u2019efecte dels par\u00e0metres formals en l\u2019accessibilitat als mitjans audiovisuals.<\/a><\/i>&nbsp;Supervised by Dr Pilar Orero and Dr Olga Soler Vilageliu.<\/li>\n\n\n\n<li>15\/09\/2020&nbsp; |&nbsp;<strong>Roc\u00edo Bernab\u00e9 Caro<\/strong>. <a href=\"https:\/\/www.tdx.cat\/bitstream\/handle\/10803\/670406\/rbc1de1.pdf?sequence=1&amp;isAllowed=y\" target=\"_blank\" rel=\"noopener\"><i>Easy audiovisual content for all<\/i>.&nbsp;<\/a>Supervised by Dr Pilar Orero and Dr&nbsp;Estel\u00b7la Oncins.<\/li>\n\n\n\n<li>20\/07\/2020&nbsp; |&nbsp;<strong>Irene Tor-Carroggio<\/strong>.&nbsp;<a href=\"https:\/\/www.tdx.cat\/handle\/10803\/670901#page=1\" target=\"_blank\" rel=\"noopener\"><em>Audio description in China: past, present, future<\/em><\/a>.&nbsp;Supervised by Dr Helena Casas and Dr Sara Rovira-Esteva.<\/li>\n\n\n\n<li>05\/07\/2020&nbsp; |&nbsp;<strong>Bel\u00e9n Agull\u00f3 Garcia<\/strong>.&nbsp;<a href=\"https:\/\/www.tdx.cat\/bitstream\/handle\/10803\/670322\/bag1de1.pdf?sequence=1&amp;isAllowed=y\" target=\"_blank\" rel=\"noopener\"><em>Subtitling in immersive media: A user-centered study<\/em>.&nbsp;<\/a>Supervised by Dr Anna Matamala and Dr Jos\u00e9 Ram\u00f3n Calvo-Ferrer.<\/li>\n\n\n\n<li>26\/07\/2019 | <strong>Joan Bestard<\/strong>. <em><u><a role=\"link\" href=\"https:\/\/www.tdx.cat\/handle\/10803\/667972#page=1\" target=\"_blank\" rel=\"noopener\">Pol\u00edtiques d&#8217;accessibilitat cultural a Catalunya.<\/a><\/u>&nbsp;<\/em>Supervised by Dr&nbsp;Pilar Orero.<\/li>\n\n\n\n<li>08\/04\/2019 | <strong>Gonzalo Iturregui-Gallardo<\/strong>. <a role=\"link\" href=\"https:\/\/www.tdx.cat\/handle\/10803\/667158\" target=\"_blank\" rel=\"noopener\"><em><u>Audio subtitling: Voicing strategies and their effect on emotional activation<\/u>.<\/em><\/a> Supervised by Dr&nbsp;Anna Matamala.<\/li>\n\n\n\n<li>05\/11\/2018 | <strong>Olivia Gerber Mor\u00f3n<\/strong>.<u> <a role=\"link\" href=\"https:\/\/www.tesisenred.net\/handle\/10803\/665461\" target=\"_blank\" rel=\"noopener\"><em>Subtitle segmentation quality across screens<\/em><\/a>. <\/u>Supervised by Dr Pilar Orero and Dr Judit Castell\u00e0.<\/li>\n\n\n\n<li>22\/12\/2017 |&nbsp;<strong>Benyamin Ahmadniaye Bosari<\/strong>.&nbsp;<u><a role=\"link\" href=\"https:\/\/www.tesisenred.net\/handle\/10803\/461204\" target=\"_blank\" rel=\"noopener\"><em>Reliable training scenarios for dealing with minimal parallel-resource language pairs<\/em><\/a><\/u><strong><u><a role=\"link\" href=\"https:\/\/www.tesisenred.net\/handle\/10803\/461204\" target=\"_blank\" rel=\"noopener\"><em> in <\/em><\/a><\/u><\/strong><u><a role=\"link\" href=\"https:\/\/www.tesisenred.net\/handle\/10803\/461204\" target=\"_blank\" rel=\"noopener\"><em>statistical machine translation<\/em><\/a><\/u>.&nbsp;Supervised by Dr Javier Serrano.<\/li>\n\n\n\n<li>24\/11\/2017 | <strong>Alicia Rodr\u00edguez<\/strong>. <u><em><a role=\"link\" href=\"https:\/\/www.tesisenred.net\/handle\/10803\/459247\" target=\"_blank\" rel=\"noopener\">Audiodescripci\u00f3n y propuesta de estandarizaci\u00f3n de volumen de audio: hacia una producci\u00f3n sistematizada<\/a><\/em><\/u>. Supervised by Dr Pilar Orero.<\/li>\n\n\n\n<li>05\/04\/2017 | <strong>Andreu Oliver<\/strong>.&nbsp;<u><a role=\"link\" href=\"https:\/\/www.tesisenred.net\/handle\/10803\/405246\" target=\"_blank\" rel=\"noopener\"><em>Attention and Dual Coding Theory: an Interaction Model Using Subtitles as a Paradigm<\/em><\/a><\/u>. Supervised by Dr Olga Soler Vilageliu.<\/li>\n\n\n\n<li>15\/03\/2017 | <strong>Agnieszka Walzak<\/strong>. <u><em><a role=\"link\" href=\"https:\/\/www.tesisenred.net\/handle\/10803\/402401\" target=\"_blank\" rel=\"noopener\">Immersion in audio description. The impact of style and vocal delivery on users&#8217; experience<\/a><\/em>\u200b<\/u>. Supervised by Dr Pilar Orero.<\/li>\n\n\n\n<li>09\/01\/2017 | <strong>Aikaterina Tsousi<\/strong>. <u><em><a role=\"link\" href=\"https:\/\/www.tdx.cat\/handle\/10803\/400472\" target=\"_blank\" rel=\"noopener\">Sound effect labelling in subtitling for the deaf and hard-ofhearing: an experimental study on audience reception<\/a><\/em><\/u>. Supervised by Dr Pilar Orero and Dr&nbsp;Maria Teresa Soto Sanfiel.<\/li>\n\n\n\n<li>21\/11\/2016 | <strong>Carla Ortiz-Boix<\/strong>. <a role=\"link\" href=\"https:\/\/ddd.uab.cat\/record\/174939\" target=\"_blank\" rel=\"noopener\"><em><u>Implementing machine translation and post-editing to the translation of wildlife documentary films to be voiced-over and off-screen dubbed. A study on effort and qualit<\/u>y<\/em><\/a>. Supervised by Dr Anna Matamala.<\/li>\n\n\n\n<li>06\/09\/2016 | <strong>Anna Fern\u00e1ndez-Torn\u00e9<\/strong>. <em><a role=\"link\" href=\"https:\/\/ddd.uab.cat\/record\/168526\" target=\"_blank\" rel=\"noopener\"><u>Audio description and technologies. Study on the semi-automatisation of the translation and voicing of audio descriptions<\/u><\/a>.<\/em> Supervised by Dr Anna Matamala.<\/li>\n\n\n\n<li>07\/07\/2016 | <strong>Alba Serra-Vilella<\/strong>.&nbsp;<a role=\"link\" href=\"https:\/\/www.tesisenred.net\/handle\/10803\/387230\" target=\"_blank\" rel=\"noopener\"><em><u>La traducci\u00f3 de llibres japonesos a Espanya (1900-2014) i el paper dels paratextos en la creaci\u00f3 de l&#8217;alteritat<\/u><\/em><\/a>. Supervised by Dr Sara Rovira-Esteva.&nbsp;<\/li>\n\n\n\n<li>01\/07\/2016 | <strong>Katarzyna Sepielak<\/strong>.&nbsp;<em><a role=\"link\" href=\"https:\/\/ddd.uab.cat\/record\/168471\" target=\"_blank\" rel=\"noopener\"><u>Voice-over in multilingual fiction movies in Poland. Translation and synchronization techniques, content comprehension and language identification<\/u><\/a>. <\/em>Supervised by Dr Anna Matamala and Dr Agnieszka Szarkowska.<\/li>\n\n\n\n<li>18\/09\/2015 | <strong>H\u00e9ctor Delgado<\/strong>.&nbsp;<em><a role=\"link\" href=\"https:\/\/www.tesisenred.net\/handle\/10803\/309290\" target=\"_blank\" rel=\"noopener\"><u>Fast cross-session speaker diarization<\/u><\/a><\/em>.&nbsp;Supervised by Dr Javier Serrano and Dr Xavier Anguera.<\/li>\n\n\n\n<li>29\/06\/2015 | <strong>Laetitia Muller<\/strong>. <a role=\"link\" href=\"https:\/\/ddd.uab.cat\/record\/133485\" target=\"_blank\" rel=\"noopener\"><em><u>A user-centred study of the norms for subtitling for the deaf and hard-of-hearing on french television<\/u><\/em><\/a><strong>. <\/strong>Supervised by Dr Pilar Orero and Dr Pablo Romero.<\/li>\n\n\n\n<li>19\/12\/2014 | <strong>Nazaret Fresno<\/strong>.&nbsp;<a role=\"link\" href=\"https:\/\/ddd.uab.cat\/record\/129083\" target=\"_blank\" rel=\"noopener\"><em><u>La (re)construcci\u00f3n de los personajes f\u00edlmicos en la audiodescripci\u00f3n. Efectos de la cantidad de informaci\u00f3n y de su segmentaci\u00f3n en el recuerdo de los receptores<\/u><\/em><\/a><strong>. <\/strong>Supervised by Dr Anna Matamala.<\/li>\n\n\n\n<li>17\/11\/2014 | <strong>Anna Maszerowska<\/strong>. <em><a role=\"link\" href=\"https:\/\/ddd.uab.cat\/record\/129133\" target=\"_blank\" rel=\"noopener\"><u>The verbalizations of the effects of light and contrast in audio description<\/u><\/a><\/em>. Supervised by Dr Pilar Orero.<\/li>\n\n\n\n<li>03\/02\/2014 | <strong>Estel\u00b7la Oncins<\/strong>. <a role=\"link\" href=\"https:\/\/ddd.uab.cat\/record\/127043\" target=\"_blank\" rel=\"noopener\"><em><u>Accessibility for the scenic arts<\/u><\/em><\/a><strong>.<\/strong> Supervised by Dr Pilar Orero and Dr Javier Serrano.<\/li>\n\n\n\n<li>23\/09\/2013 | <strong>Joel Snyder<\/strong>. <a role=\"link\" href=\"https:\/\/ddd.uab.cat\/record\/115360\" target=\"_blank\" rel=\"noopener\"><em><u>Audio description: seeing with the mind&#8217;s eye. A comprehensive training manual and guide to the history and applications of audio description<\/u><\/em><\/a>. Supervised by Dr Pilar Orero.<\/li>\n\n\n\n<li>09\/09\/2013 | <strong>Yi-Chen Wang<\/strong>. <a role=\"link\" href=\"https:\/\/ddd.uab.cat\/record\/115355\" target=\"_blank\" rel=\"noopener\"><em><u>Los marcadores conversacionales en el subtitulado del espa\u00f1ol al chino: an\u00e1lisis de &#8220;La mala educaci\u00f3n&#8221; y &#8220;Volver&#8221; de Pedro Almod\u00f3var&#8221;<\/u><\/em><\/a><strong><a role=\"link\" href=\"https:\/\/ddd.uab.cat\/record\/115355\" target=\"_blank\" rel=\"noopener\"><em>.<\/em><\/a><\/strong> Supervised by Dr Anna Matamala and Dr Sara Rovira.<\/li>\n\n\n\n<li>18\/04\/2013 | <strong>Crist\u00f3bal Cabeza-C\u00e1ceres<\/strong>.&nbsp;<em><a role=\"link\" href=\"https:\/\/ddd.uab.cat\/record\/111648\" target=\"_blank\" rel=\"noopener\"><u>Audiodescripci\u00f3 i recepci\u00f3. Efecte de la velocitat de narraci\u00f3, l&#8217;entonaci\u00f3 i l&#8217;explicitaci\u00f3 en la comprensi\u00f3 f\u00edlmica<\/u><\/a><\/em><strong><em>.<\/em> <\/strong>Supervised by Dr Anna Matamala.<\/li>\n\n\n\n<li>03\/12\/2012 |<strong> Ver\u00f3nica Arn\u00e1iz-Uzquiza<\/strong>.<strong>&nbsp;<\/strong><a role=\"link\" href=\"https:\/\/ddd.uab.cat\/record\/114298\" target=\"_blank\" rel=\"noopener\"><em><u>Subtitling for the deaf and the hard-of-hearing: some parameters and their evaluation<\/u><\/em><\/a><strong>. <\/strong>Supervised by Dr Pilar Orero and Dr Paula Igareda.<\/li>\n\n\n\n<li>18\/10\/2012 | <strong>Minia Porteiro Fresco<\/strong>. <u><em><a role=\"link\" rel=\"noopener\" href=\"https:\/\/ddd.uab.cat\/record\/107595\" target=\"_blank\">El subtitulado como herramienta complementaria en la rehabilitaci\u00f3n logop\u00e9dica de patolog\u00edas ling\u00fc\u00edsticas<\/a><\/em>. <\/u>Supervised by Dr Pilar Orero and Dr Pablo Romero.<\/li>\n<\/ol>\n","protected":false},"excerpt":{"rendered":"<p>PhD theses supervised by TMC members<\/p>\n","protected":false},"author":20,"featured_media":0,"parent":0,"menu_order":0,"comment_status":"closed","ping_status":"closed","template":"","meta":{"footnotes":""},"class_list":["post-291","page","type-page","status-publish","hentry"],"_links":{"self":[{"href":"https:\/\/webs.uab.cat\/transmedia\/wp-json\/wp\/v2\/pages\/291","targetHints":{"allow":["GET"]}}],"collection":[{"href":"https:\/\/webs.uab.cat\/transmedia\/wp-json\/wp\/v2\/pages"}],"about":[{"href":"https:\/\/webs.uab.cat\/transmedia\/wp-json\/wp\/v2\/types\/page"}],"author":[{"embeddable":true,"href":"https:\/\/webs.uab.cat\/transmedia\/wp-json\/wp\/v2\/users\/20"}],"replies":[{"embeddable":true,"href":"https:\/\/webs.uab.cat\/transmedia\/wp-json\/wp\/v2\/comments?post=291"}],"version-history":[{"count":7,"href":"https:\/\/webs.uab.cat\/transmedia\/wp-json\/wp\/v2\/pages\/291\/revisions"}],"predecessor-version":[{"id":1310,"href":"https:\/\/webs.uab.cat\/transmedia\/wp-json\/wp\/v2\/pages\/291\/revisions\/1310"}],"wp:attachment":[{"href":"https:\/\/webs.uab.cat\/transmedia\/wp-json\/wp\/v2\/media?parent=291"}],"curies":[{"name":"wp","href":"https:\/\/api.w.org\/{rel}","templated":true}]}}