{"id":312,"date":"2021-02-22T14:22:14","date_gmt":"2021-02-22T12:22:14","guid":{"rendered":"https:\/\/webs.uab.cat\/transmedia\/training\/"},"modified":"2025-06-13T12:14:34","modified_gmt":"2025-06-13T10:14:34","slug":"training","status":"publish","type":"page","link":"https:\/\/webs.uab.cat\/transmedia\/training\/","title":{"rendered":"Training"},"content":{"rendered":"\n<p>TransMedia Catalonia members teach, promote or lead courses at different levels.<\/p>\n\n\n\n<h2 class=\"wp-block-heading\">Microcredencials 2025-2026<\/h2>\n\n\n\n<p>TransMedia Catalonia leads four online microcredencials for the 2025-2026 academic year, in Catalan. Registration is now open. <\/p>\n\n\n\n<ul class=\"wp-block-list\">\n<li><a href=\"https:\/\/www.uab.cat\/web\/postgrau\/microcredencial-en-accessibilitat-a-la-comunicacio-i-a-la-informacio\/informacio-general-1201094877538.html\/param1-5130_ca\/\">Accessibilitat a la comunicaci\u00f3 i la informaci\u00f3<\/a> (2 ECTS, 15\/09\/2025-15\/11\/2025, 90 euros).<\/li>\n\n\n\n<li><a href=\"https:\/\/www.uab.cat\/web\/postgrau\/microcredencial-en-documents-i-comunicacio-digital-accessibles\/informacio-general-1201094877538.html\/param1-5131_ca\/\">Documents i comunicaci\u00f3 digital accessible<\/a> (2 ECTS, 27\/10\/2025-09\/01\/2026, 90 euros).<\/li>\n\n\n\n<li><a href=\"https:\/\/www.uab.cat\/web\/postgrau\/microcredencial-en-disseny-accessible-maquetacio-digital-i-ux\/ui-en-web\/informacio-general-1201094877538.html\/param1-5097_ca\/\">Disseny accessible: maquetaci\u00f3 digital i UX\/UI en web<\/a> (2 ECTS, 12\/01\/2026-15\/03\/2026, 90 euros).<\/li>\n\n\n\n<li><a href=\"https:\/\/www.uab.cat\/web\/postgrau\/microcredencial-en-escrivim-per-a-tothom-de-la-lectura-facil-a-la-comunicacio-clara\/informacio-general-1201094877538.html\/param1-5132_ca\/\">Escrivim per a tothom: de la lectura f\u00e0cil a la comunicaci\u00f3 clara<\/a> (2 ECTS, 12\/01\/2026-15\/03\/2026, 90 euros).<\/li>\n<\/ul>\n\n\n\n<h2 class=\"wp-block-heading\">Ad hoc training<\/h2>\n\n\n\n<p>If you are interested in an ad-hoc training, please contact us. We can create a course adapted to your needs.<\/p>\n\n\n\n<h2 class=\"wp-block-heading\">BA and MA programmes<\/h2>\n\n\n\n<p>TransMedia Catalonia members participate in BA and MA programmes such as the following ones:<\/p>\n\n\n\n<ul class=\"wp-block-list\">\n<li><a style=\"font-size: revert;, Helvetica, sans-serif;letter-spacing: 0.05rem\" href=\"https:\/\/www.uab.cat\/web\/estudiar\/l-oferta-de-masters-oficials\/informacio-general\/traduccio-audiovisual-1096480139517.html?param1=1345695508608\" target=\"_blank\" rel=\"noopener\">MA in Audiovisual Translation <\/a><span style=\"font-size: revert;, Helvetica, sans-serif;letter-spacing: 0.05rem\">(face-to-face and online programme), UAB.<\/span> <\/li>\n\n\n\n<li> <a style=\"font-size: revert;, Helvetica, sans-serif;letter-spacing: 0.05rem\" href=\"https:\/\/www.uab.cat\/web\/estudiar\/llistat-de-graus\/informacio-general\/x-1216708251447.html?param1=1228291018508\" target=\"_blank\" rel=\"noopener\">BA in Translation and Interpreting<\/a><span style=\"font-size: revert;, Helvetica, sans-serif;letter-spacing: 0.05rem\">,&nbsp;UAB.<\/span> <\/li>\n<\/ul>\n\n\n\n<h2 class=\"wp-block-heading\">Educational resources<\/h2>\n\n\n\n<ul class=\"wp-block-list\">\n<li> <a style=\"font-size: revert;, Helvetica, sans-serif;letter-spacing: 0.05rem\" href=\"https:\/\/transmediacatalonia.uab.cat\/signem\/\" target=\"_blank\" rel=\"noopener\">SIGNEM<\/a>, free educational resource on Catalan Sign Language.<\/li>\n\n\n\n<li> <a style=\"font-size: revert;, Helvetica, sans-serif;letter-spacing: 0.05rem\" href=\"https:\/\/transmediacatalonia.uab.cat\/easit\" target=\"_blank\" rel=\"noopener\">EASIT platform<\/a>, free educational resource on Easy-to-Understand Language. <\/li>\n\n\n\n<li><a href=\"https:\/\/academy.koena.net\/\" data-type=\"link\" data-id=\"https:\/\/academy.koena.net\/\" target=\"_blank\" rel=\"noreferrer noopener\">IMPACT project<\/a>, free educational program on training mediators in digital accessibility.<\/li>\n\n\n\n<li><a href=\"https:\/\/idea.erasmus.ac-creteil.fr\/\" data-type=\"link\" data-id=\"https:\/\/idea.erasmus.ac-creteil.fr\/\" target=\"_blank\" rel=\"noreferrer noopener\">IDEA project<\/a>, free educational resource on how to create accessible materials for online training<\/li>\n\n\n\n<li><a href=\"https:\/\/youngarchers.eu\/\">YoungArcHers<\/a>, free educational resources on how to promote inclusion and accessibility in architectural heritage.<\/li>\n<\/ul>\n\n\n\n<h2 class=\"wp-block-heading\">Specialisation courses<\/h2>\n\n\n\n<p>TransMedia Catalonia has promoted different specialisation courses in the past. Please contact us if you are interested in a similar course, as we can organise ad hoc training for companies and organisations.<\/p>\n\n\n\n<ul class=\"wp-block-list\">\n<li>Curs en Accessibilitat Digital: documents, webs i xarxes socials accessibles. In Catalan, 2022-2023.<\/li>\n\n\n\n<li>Course in Accessibility Management and Promotion: Accessible Services, Information and Communication. In English, 2021-2022.<\/li>\n\n\n\n<li> Curs en&nbsp;Gesti\u00f3 i promoci\u00f3 de l&#8217;accessibilitat: serveis, informaci\u00f3 i comunicaci\u00f3 accessibles. In Catalana, 2021-2022.<\/li>\n\n\n\n<li>Course in<a href=\"http:\/\/grupsderecerca.uab.cat\/transmedia\/course-accessible-communication\" target=\"_blank\" rel=\"noopener\"> <\/a>Accessible Digital Communication: Easy-to-Understand Language&nbsp;In English, Catalan, and Spanish. 2021-2022. <\/li>\n<\/ul>\n\n\n\n<h2 class=\"wp-block-heading\">MOOC<\/h2>\n\n\n\n<ul class=\"wp-block-list\">\n<li>As a result of the ACT project, TMC created the following MOOC, available in Coursera: <a style=\"font-size: revert;, Helvetica, sans-serif;letter-spacing: 0.05rem\" href=\"https:\/\/www.coursera.org\/learn\/accessibility-scenic-arts\" target=\"_blank\" rel=\"noopener\">Accessibility to the scenic arts<\/a><\/li>\n\n\n\n<li>As a result of the <a href=\"https:\/\/webs.uab.cat\/hbb4all\/\" target=\"_blank\" rel=\"noreferrer noopener\">HBB4ALL<\/a>&nbsp;project, TMC created the following MOOC, available here: <a href=\"https:\/\/webs.uab.cat\/hbb4all\/mooc\/\" target=\"_blank\" rel=\"noreferrer noopener\">Digital Accessibility<\/a><\/li>\n<\/ul>\n\n\n\n<h2 class=\"wp-block-heading\">PhD training<\/h2>\n\n\n\n<p>TransMedia Catalonia members are actively involved in supervising&nbsp;<a href=\"https:\/\/webs.uab.cat\/transmedia\/theses\/\" data-type=\"page\" data-id=\"291\" target=\"_blank\" rel=\"noreferrer noopener\"><u><strong>PhD theses<\/strong><\/u><\/a> at the <a href=\"https:\/\/pagines.uab.cat\/doctorat-traduccio\/\" target=\"_blank\" rel=\"noopener\"><u><strong>PhD in Translation and Intercultural studies<\/strong><\/u><\/a>. If you are interested in predoctoral studies in Media Accessibility and related fields, please contact us.<\/p>\n","protected":false},"excerpt":{"rendered":"<p>TransMedia Catalonia members teach, promote or lead courses at different levels. Microcredencials 2025-2026 TransMedia Catalonia leads four online microcredencials for the 2025-2026 academic year, in Catalan. Registration is now open. Ad hoc training If you are interested in an ad-hoc training, please contact us. We can create a course adapted to your needs. BA and [&hellip;]<\/p>\n","protected":false},"author":20,"featured_media":0,"parent":0,"menu_order":0,"comment_status":"closed","ping_status":"closed","template":"","meta":{"footnotes":""},"class_list":["post-312","page","type-page","status-publish","hentry"],"_links":{"self":[{"href":"https:\/\/webs.uab.cat\/transmedia\/wp-json\/wp\/v2\/pages\/312","targetHints":{"allow":["GET"]}}],"collection":[{"href":"https:\/\/webs.uab.cat\/transmedia\/wp-json\/wp\/v2\/pages"}],"about":[{"href":"https:\/\/webs.uab.cat\/transmedia\/wp-json\/wp\/v2\/types\/page"}],"author":[{"embeddable":true,"href":"https:\/\/webs.uab.cat\/transmedia\/wp-json\/wp\/v2\/users\/20"}],"replies":[{"embeddable":true,"href":"https:\/\/webs.uab.cat\/transmedia\/wp-json\/wp\/v2\/comments?post=312"}],"version-history":[{"count":23,"href":"https:\/\/webs.uab.cat\/transmedia\/wp-json\/wp\/v2\/pages\/312\/revisions"}],"predecessor-version":[{"id":2639,"href":"https:\/\/webs.uab.cat\/transmedia\/wp-json\/wp\/v2\/pages\/312\/revisions\/2639"}],"wp:attachment":[{"href":"https:\/\/webs.uab.cat\/transmedia\/wp-json\/wp\/v2\/media?parent=312"}],"curies":[{"name":"wp","href":"https:\/\/api.w.org\/{rel}","templated":true}]}}