{"id":330,"date":"2021-04-17T12:56:41","date_gmt":"2021-04-17T10:56:41","guid":{"rendered":"https:\/\/webs.uab.cat\/transmedia\/curs-accessibilitat\/"},"modified":"2021-04-17T12:56:41","modified_gmt":"2021-04-17T10:56:41","slug":"curs-accessibilitat","status":"publish","type":"page","link":"https:\/\/webs.uab.cat\/transmedia\/curs-accessibilitat\/","title":{"rendered":"Curs de gesti\u00f3 i promoci\u00f3 de l&#8217;accessibilitat"},"content":{"rendered":"<p>Aquest&nbsp;<strong>curs d&#8217;especialitzaci\u00f3<\/strong>&nbsp;(que ofereix la segona edici\u00f3 el curs 2022-2023) aborda la gesti\u00f3 de l&#8217;accessibilitat des d&#8217;una perspectiva \u00e0mplia, amb un \u00e8mfasi en l&#8217;accessibilitat a la comunicaci\u00f3 i informaci\u00f3.<\/p>\n<p>El curs ofereix una introducci\u00f3 a conceptes clau com diversitat, accessibilitat i disseny universal.<\/p>\n<p>Va adre\u00e7at a professionals, creatius i gestors del sector p\u00fablic i privat (cultura, educaci\u00f3, ajuntaments, etc.) que volen incorporar l&#8217;accessibilitat al seu entorn de treball.<\/p>\n<p>Els v\u00eddeos en angl\u00e8s creats per al curs s&#8217;ofereixen subtitulats en catal\u00e0 i les confer\u00e8ncies i doc\u00e8ncia tamb\u00e9 es fan en catal\u00e0.<\/p>\n<ul>\n<\/ul>\n<h2><span style=\"font-size:16px;\"><strong>Caracter\u00edstiques del curs<\/strong><\/span><\/h2>\n<ul>\n<li>Inici: 26 de setembre de 2021. En l\u00ednia. 12 setmanes (6 ECTS)<\/li>\n<li>Places: 50. Orientaci\u00f3 professional.<\/li>\n<li>Preu: 420 \u20ac.<\/li>\n<li>Contingut:\n<ul>\n<li>Unitat 1 (2 setmanes). Models i conceptes clau en accessibilitat.<\/li>\n<li>Unitat 2 (2 setmanes). Usuaris, serveis, escenaris.<\/li>\n<li>Unitat 3 (2 setmanes). Legislaci\u00f3.<\/li>\n<li>Unitat 4 (2 setmanes). Est\u00e0ndards i recomanacions.<\/li>\n<li>Unitat 5 (2 setmanes). Tecnologia.<\/li>\n<li>Unitat 6 (2 setmanes). Gesti\u00f3 i promoci\u00f3 de l&#8217;accessibilitat: estudis de cas.<\/li>\n<\/ul>\n<\/li>\n<\/ul>\n<h2><span style=\"font-size:16px;\"><b>Com us hi podeu inscriure?<\/b><\/span><\/h2>\n<ul>\n<li>Trobareu tota la informaci\u00f3 al&nbsp;<a href=\"https:\/\/www.uab.cat\/web\/postgrau\/curs-en-gestio-i-promocio-de-l-accessibilitat-serveis-informacio-i-comunicacio-accessibles\/informacio-general-1201094877538.html\/param1-4514_ca\/\" target=\"_blank\" rel=\"noopener\"><u><strong>web del curs<\/strong><\/u><\/a>. Aquest web explica com sol\u00b7licitar l&#8217;admissi\u00f3 i com matricular-se.<\/li>\n<\/ul>\n<h2><span style=\"font-size:16px;\"><b>FORMADORS<\/b><\/span><\/h2>\n<table align=\"left\" border=\"0\" cellpadding=\"1\" cellspacing=\"1\" width=\"100%\">\n<tbody>\n<tr>\n<td style=\"width: 374px;\" width=\"200\"><img loading=\"lazy\" decoding=\"async\" class=\" size-full wp-image-313\" alt=\"Estel\u00b7la Oncins\" height=\"235\" src=\"https:\/\/webs.uab.cat\/transmedia\/wp-content\/uploads\/sites\/282\/2021\/02\/estella.jpg\" width=\"180\" srcset=\"https:\/\/webs.uab.cat\/transmedia\/wp-content\/uploads\/sites\/282\/2021\/02\/estella.jpg 326w, https:\/\/webs.uab.cat\/transmedia\/wp-content\/uploads\/sites\/282\/2021\/02\/estella-230x300.jpg 230w\" sizes=\"auto, (max-width: 180px) 100vw, 180px\" \/><\/td>\n<td style=\"width: 1149px;\">\n<p class=\"rtejustify\"><strong>Estel\u00b7la Oncins, dinamitzadora del curs<\/strong><\/p>\n<p class=\"rtejustify\">Estella Oncins t\u00e9 un doctorat en Accessibilitat i Intel\u00b7lig\u00e8ncia Ambiental de la UAB. \u00c9s membre de TransMedia Catalonia. Ofereix des de fa anys serveis d&#8217;accessibilitat per a esdeveniments en directe com a traductora aut\u00f2noma, subtituladora, sobretituladora i &#8220;respeaker&#8221;. Ha treballat per a empreses de televisi\u00f3 espanyoles, congressos i ha fet audiodescripcions per al Gran Teatre del Liceu. Les seves l\u00ednies d&#8217;investigaci\u00f3 s\u00f3n la traducci\u00f3 audiovisual, l&#8217;accessibilitat als mitjans i l&#8217;accessibilitat digital, com tamb\u00e9 les ind\u00fastries creatives. Forma part de l&#8217;Education and Outreach Working Group (EOWG) del W3C\/WAI. Participa en els projectes LTA, IMPACT i IDE@, com tamb\u00e9 en els projecte HELIOS i MEDIAVERSE, del programa H2020.<\/p>\n<\/td>\n<\/tr>\n<tr>\n<td style=\"width: 374px;\" width=\"200\"><img loading=\"lazy\" decoding=\"async\" class=\" size-full wp-image-326\" alt=\"Am\u00e8lia Garc\u00eda Al\u00e9s\" height=\"235\" src=\"https:\/\/webs.uab.cat\/transmedia\/wp-content\/uploads\/sites\/282\/2021\/04\/garciaales.jpeg\" width=\"180\" \/><\/td>\n<td style=\"width: 1149px;\">\n<p class=\"rtejustify\"><strong>Am\u00e8lia Garc\u00eda Al\u00e9s, conferenciant. \u00c0rea de Promoci\u00f3 de l&#8217;Accessibilitat i de Supressi\u00f3 de Barreres, Generalitat de Catalunya<\/strong><\/p>\n<p class=\"rtejustify\">Arquitecta llicenciada en la UPC de Barcelona l&#8217;any 1998. Fins l&#8217;any 2009 va treballar en l&#8217;empresa privada en la redacci\u00f3 i direcci\u00f3 d&#8217;obra, tant p\u00fablica com a privada, en l&#8217;\u00e0mbit de l&#8217;edificaci\u00f3 i l&#8217;urbanisme. Durant els anys 2009 i 2010 va treballar en l&#8217;Ajuntament de Castelldefels en el Departament de Medi ambient en l&#8217;\u00e0mbit de la mobilitat, desenvolupant el Pla de Mobilitat Municipal. L&#8217;any 2011 ingressa en la Generalitat de Catalunya en un primer moment adscrita al Departament d&#8217;Ensenyament fins l&#8217;any 2016 en que passa a formar part com a t\u00e8cnica especialista en accessibilitat de l&#8217;\u00c0rea de Promoci\u00f3 de l&#8217;Accessibilitat i de Supressi\u00f3 de Barreres de la Direcci\u00f3 General d&#8217;Igualtat del Departament de Treball, Afers Socials i Fam\u00edlies.<\/p>\n<\/td>\n<\/tr>\n<tr>\n<td style=\"width: 374px;\" width=\"200\"><img loading=\"lazy\" decoding=\"async\" class=\" size-full wp-image-327\" alt=\"S\u00f2nia Gainza\" height=\"235\" src=\"https:\/\/webs.uab.cat\/transmedia\/wp-content\/uploads\/sites\/282\/2021\/04\/sonia.jpg\" width=\"180\" \/><\/td>\n<td style=\"width: 1149px;\">\n<p class=\"rtejustify\"><strong>S\u00f2nia Gainza, conferenciant. APROPA Cultura.<\/strong><\/p>\n<p class=\"rtejustify\">Llicenciada i M\u00e0ster en gesti\u00f3 i direcci\u00f3 d&#8217;empreses. Estudis de cant i piano. Experi\u00e8ncia professional als sectors de la distribuci\u00f3, l&#8217;educaci\u00f3, el social i el cultural. Des de fa 17 anys a l&#8217;Auditori de Barcelona on es va incorporar com a responsable de M\u00e0rqueting. Al 2010 va fundar Apropa Cultura, una Xarxa en l&#8217;actualitat amb m\u00e9s de 125 programadors de Catalunya que facilita l&#8217;acc\u00e9s a la cultura a col\u00b7lectius en risc d&#8217;exclusi\u00f3 social.&nbsp; Aprenent de la vida, i motivada pel poder de les arts per millorar el benestar de les persones i pel gran potencial del treball en Xarxa.<\/p>\n<\/td>\n<\/tr>\n<tr>\n<td style=\"width: 374px;\" width=\"200\"><img loading=\"lazy\" decoding=\"async\" class=\" size-full wp-image-328\" alt=\"Joan Bestard\" height=\"235\" src=\"https:\/\/webs.uab.cat\/transmedia\/wp-content\/uploads\/sites\/282\/2021\/04\/joanbestard-foto.jpeg\" width=\"180\" \/><\/td>\n<td style=\"width: 1149px;\">\n<p class=\"rtejustify\"><strong>Joan Bestard, conferenciant. ACPA (Associaci\u00f3 Catalana per a la Promoci\u00f3 de l&#8217;Accessibilitat).<\/strong><\/p>\n<p class=\"rtejustify\">Joan Josep Bestard Bou \u00e9s analista d&#8217;anotacions de Siri a Apple. \u00c9s doctor en Traducci\u00f3 i Estudis Interculturals per la Universitat Aut\u00f2noma de Barcelona, t\u00e9 un m\u00e0ster en Mitjans, Comunicaci\u00f3 i Cultura (UAB) i \u00e9s graduat en Estudis Literaris per la Universitat de Barcelona. La seva recerca s&#8217;ha centrat en l&#8217;accessibilitat als mitjans i en les pol\u00edtiques culturals. Participa en diverses entitats del tercer sector relacionades amb l&#8217;accessibilitat i la discapacitat visual: \u00e9s president de l&#8217;Associaci\u00f3 Catalana per la Promoci\u00f3 de l&#8217;Accessibilitat, president de l&#8217;Asociaci\u00f3n de Atrofia del Nervio \u00d3ptico de Leber i secretari d&#8217;Acci\u00f3n Visi\u00f3n Espa\u00f1a.<\/p>\n<\/td>\n<\/tr>\n<tr>\n<td style=\"width: 374px;\" width=\"200\"><img loading=\"lazy\" decoding=\"async\" class=\" size-full wp-image-329\" alt=\"M\u00f2nica Sur\u00eds\" height=\"235\" src=\"https:\/\/webs.uab.cat\/transmedia\/wp-content\/uploads\/sites\/282\/2021\/04\/suris.jpeg\" width=\"180\" \/><\/td>\n<td style=\"width: 1149px;\">\n<p class=\"rtejustify\"><strong>M\u00f2nica Sur\u00eds, conferenciant. Access Lab.<\/strong><\/p>\n<p class=\"rtejustify\">Diplomada en Turisme i RRPP i llicenciada en Humanitats per la UPF, porta en el m\u00f3n de l&#8217;accessibilitat cultural i comunicativa des del 2005. Conven\u00e7uda que accessibilitat i innovaci\u00f3 han d&#8217;anar de la m\u00e0 ha treballat, entre d&#8217;altres, amb Museus com el Cau Ferrat, Fundacions com la Mir\u00f3, Parcs de la Diputaci\u00f3 de Barcelona, Ferrocarrils de la Generalitat de Catalunya, realitzant tot tipus de projectes, formacions i activitats. Tamb\u00e9 ha sigut ponent en confer\u00e8ncies internacionals com: <i>Art Beyond Sight<\/i> al Metropolitan Museum (NYC), <i>Blind &amp; Visually Impaired Public<\/i> del R\u00e9seau Art Nouveau-Network (Riga) o <i>Seminar on Audiodescription for the Arts<\/i> a la Universitat de Roehampton (Londres).<\/p>\n<\/td>\n<\/tr>\n<tr>\n<td style=\"width: 374px;\" width=\"200\"><img decoding=\"async\" class=\" size-full wp-image-316\" alt=\"Anna Matamala\" src=\"https:\/\/webs.uab.cat\/transmedia\/wp-content\/uploads\/sites\/282\/2021\/02\/anna-2.jpg\" width=\"180\" srcset=\"https:\/\/webs.uab.cat\/transmedia\/wp-content\/uploads\/sites\/282\/2021\/02\/anna-2.jpg 326w, https:\/\/webs.uab.cat\/transmedia\/wp-content\/uploads\/sites\/282\/2021\/02\/anna-2-230x300.jpg 230w\" sizes=\"(max-width: 326px) 100vw, 326px\" \/><\/td>\n<td style=\"width: 1149px;\">\n<p class=\"rtejustify\"><strong>Anna Matamala, directora del curs<\/strong><\/p>\n<p class=\"rtejustify\">Professora titular a la Universitat Aut\u00f2noma de Barcelona. Investigadora principal de TransMedia Catalonia. Ha participat i liderat diversos projectes en l&#8217;\u00e0mbit de la traducci\u00f3 audiovisual i l&#8217;accessibilitat. Ha liderat el&nbsp;projecte&nbsp;<a href=\"https:\/\/pagines.uab.cat\/easit\" target=\"_blank\" rel=\"noopener\">EASIT<\/a>, sobre el llenguatge f\u00e0cil de comprendre en entorns audiovisuals. Participa en tasques d&#8217;estandarditzaci\u00f3. M\u00e9s informaci\u00f3 al <a href=\"https:\/\/gent.uab.cat\/amatamala\" target=\"_blank\" rel=\"noopener\"><u><strong>web<\/strong><\/u><\/a>.<\/p>\n<\/td>\n<\/tr>\n<\/tbody>\n<\/table>\n<p>&nbsp;<\/p>\n","protected":false},"excerpt":{"rendered":"<p>Aquest&nbsp;curs d&#8217;especialitzaci\u00f3&nbsp;(que ofereix la segona edici\u00f3 el curs 2022-2023) aborda la gesti\u00f3 de l&#8217;accessibilitat des d&#8217;una perspectiva \u00e0mplia, amb un \u00e8mfasi en l&#8217;accessibilitat a la comunicaci\u00f3 i informaci\u00f3. El curs ofereix una introducci\u00f3 a conceptes clau com diversitat, accessibilitat i disseny universal. Va adre\u00e7at a professionals, creatius i gestors del sector p\u00fablic i privat (cultura, [&hellip;]<\/p>\n","protected":false},"author":20,"featured_media":313,"parent":0,"menu_order":0,"comment_status":"closed","ping_status":"closed","template":"","meta":{"footnotes":""},"class_list":["post-330","page","type-page","status-publish","has-post-thumbnail","hentry"],"_links":{"self":[{"href":"https:\/\/webs.uab.cat\/transmedia\/wp-json\/wp\/v2\/pages\/330","targetHints":{"allow":["GET"]}}],"collection":[{"href":"https:\/\/webs.uab.cat\/transmedia\/wp-json\/wp\/v2\/pages"}],"about":[{"href":"https:\/\/webs.uab.cat\/transmedia\/wp-json\/wp\/v2\/types\/page"}],"author":[{"embeddable":true,"href":"https:\/\/webs.uab.cat\/transmedia\/wp-json\/wp\/v2\/users\/20"}],"replies":[{"embeddable":true,"href":"https:\/\/webs.uab.cat\/transmedia\/wp-json\/wp\/v2\/comments?post=330"}],"version-history":[{"count":0,"href":"https:\/\/webs.uab.cat\/transmedia\/wp-json\/wp\/v2\/pages\/330\/revisions"}],"wp:featuredmedia":[{"embeddable":true,"href":"https:\/\/webs.uab.cat\/transmedia\/wp-json\/wp\/v2\/media\/313"}],"wp:attachment":[{"href":"https:\/\/webs.uab.cat\/transmedia\/wp-json\/wp\/v2\/media?parent=330"}],"curies":[{"name":"wp","href":"https:\/\/api.w.org\/{rel}","templated":true}]}}