{"id":765,"date":"2023-03-15T10:36:25","date_gmt":"2023-03-15T08:36:25","guid":{"rendered":"https:\/\/webs.uab.cat\/transmedia\/?page_id=765"},"modified":"2023-03-15T10:47:03","modified_gmt":"2023-03-15T08:47:03","slug":"accessibilitatweb","status":"publish","type":"page","link":"https:\/\/webs.uab.cat\/transmedia\/accessibilitatweb\/","title":{"rendered":"Curs en Accessibilitat Digital: documents, webs i xarxes socials accessibles"},"content":{"rendered":"\n<p>Aquest&nbsp;<strong>curs d&#8217;especialitzaci\u00f3<\/strong>&nbsp;t\u00e9 com a objectiu presentar els principis b\u00e0sics de l\u2019accessibilitat digital i inclou tant l\u2019accessibilitat web com l\u2019accessibilitat de documentaci\u00f3 digital, xarxes socials i altres interf\u00edcies d\u2019usuari.<\/p>\n\n\n\n<p>El curs adopta un enfocament pr\u00e0ctic en qu\u00e8 els estudiants aprenen a avaluar l\u2019accessibilitat dels webs mitjan\u00e7ant l\u2019\u00fas de diverses eines. Tamb\u00e9 aprenen a a crear documents accessibles i a avaluar l\u2019accessibilitat de documents digitals en diversos formats (pdf, Word, Powerpoint, epub, etc.). El curs aborda l\u2019accessibilitat dels continguts a les xarxes socials i tracta de l\u2019accessibilitat d\u2019interf\u00edcies diverses (per exemple, en continguts m\u00f2bils).<br>&nbsp;<\/p>\n\n\n\n<p class=\"has-normal-font-size\"><strong>Caracter\u00edstiques del curs<\/strong><\/p>\n\n\n\n<ul class=\"wp-block-list\"><li>Inici del curs: 11 d&#8217;abril de 2023. 12 setmanes (6 cr\u00e8dits ECTS)<\/li><li>Places: 50. Orientaci\u00f3 professional.<\/li><li>Preu: 420 \u20ac.<\/li><li>Temes:<ul><li>Unitat 1 (2 setmanes). Introducci\u00f3 a l&#8217;accessibilitat digital: usuaris, legislaci\u00f3 i normes.\u00a0<\/li><li>Unitat 2 (2 setmanes). Accessibilitat web:\u00a0creaci\u00f3.<\/li><li>Unitat 3 (2 setmanes). Accessibilitat web: avaluaci\u00f3.<\/li><li>Unitat 4 (2 setmanes). Accessibilitat en dispositius m\u00f2bils: xarxes sociales i interf\u00edcies d&#8217;usuari.<\/li><li>Unitat 5 (2 setmanes). Documents digitals: presentacions i processadors de textos.\u00a0<\/li><li>Unitat 6 (2 setmanes). Documents digitals: altres formats (epub, pdf, etc.).<\/li><\/ul><\/li><li>Llengua: catal\u00e0.\u00a0<br><br><\/li><\/ul>\n\n\n\n<p class=\"has-normal-font-size\"><strong>Com us hi podeu inscriure?<\/strong><\/p>\n\n\n\n<ul class=\"wp-block-list\"><li>Trobareu tota la informaci\u00f3 al&nbsp;<a rel=\"noreferrer noopener\" href=\"https:\/\/www.uab.cat\/web\/postgrau\/curs-en-accessibilitat-digital-documents-webs-i-xarxes-socials-accessibles\/informacio-general-1201094877538.html\/param1-4644_ca\/\" target=\"_blank\"><u><strong>web del curs<\/strong><\/u><\/a>. Aquest web explica com sol\u00b7licitar l&#8217;admissi\u00f3 i com matricular-se.<br><\/li><\/ul>\n\n\n\n<p><\/p>\n\n\n\n<p class=\"has-normal-font-size\"><br><strong>FORMADORS<\/strong><\/p>\n\n\n\n<figure class=\"wp-block-table\" style=\"font-size:16px\"><table><tbody><tr><td><img decoding=\"async\" src=\"https:\/\/webs.uab.cat\/transmedia\/wp-content\/uploads\/sites\/282\/2022\/04\/estella.png\" alt=\"Estel\u00b7la Oncins\" style=\"width: 1800px\"> &nbsp;<\/td><td><strong>Estel\u00b7la Oncins, dinamitzadora del curs<\/strong> Estella Oncins t\u00e9 un doctorat en Accessibilitat i Intel\u00b7lig\u00e8ncia Ambiental de la UAB. \u00c9s membre de TransMedia Catalonia. Ofereix des de fa anys serveis d&#8217;accessibilitat per a esdeveniments en directe com a traductora aut\u00f2noma, subtituladora, sobretituladora i &#8220;respeaker&#8221;. Ha treballat per a empreses de televisi\u00f3 espanyoles, congressos i ha fet audiodescripcions per al Gran Teatre del Liceu. Les seves l\u00ednies d&#8217;investigaci\u00f3 s\u00f3n la traducci\u00f3 audiovisual, l&#8217;accessibilitat als mitjans i l&#8217;accessibilitat digital, com tamb\u00e9 les ind\u00fastries creatives. Forma part de l&#8217;Education and Outreach Working Group (EOWG) del W3C\/WAI. Participa en els projectes LTA, IMPACT i IDE@, com tamb\u00e9 en els projecte HELIOS i MEDIAVERSE, del programa H2020.<br><\/td><\/tr><tr><td><img decoding=\"async\" src=\"https:\/\/webs.uab.cat\/transmedia\/wp-content\/uploads\/sites\/282\/2022\/04\/barea.jpg\" alt=\"Guadalupe Barea\" width=\"180\"> &nbsp;<\/td><td><strong>Guadalupe Barea<\/strong> Doctorada en Qu\u00edmica computacional. Treballa des del 2015 en l\u2019accessibilitat web, a partir del 2018 formant part de la&nbsp;La Unitat Responsable d&#8217;Accessibilitat (URA)&nbsp;de la UAB integrada en l\u2019\u00c0rea de Comunicaci\u00f3 i promoci\u00f3. Formadora en accessibilitat d\u2019editors web i de les eines institucionals de la UAB per a la millora de l\u2019accessibilitat.<\/td><\/tr><tr><td><img decoding=\"async\" src=\"https:\/\/webs.uab.cat\/transmedia\/wp-content\/uploads\/sites\/282\/2022\/04\/matamala-anna-2.jpg\" alt=\"Anna Matamala\" width=\"180\"><\/td><td><strong>Anna Matamala, directora del curs<\/strong> Professora titular a la Universitat Aut\u00f2noma de Barcelona. Investigadora principal de TransMedia Catalonia. Ha participat i liderat diversos projectes en l&#8217;\u00e0mbit de la traducci\u00f3 audiovisual i l&#8217;accessibilitat. Ha liderat el&nbsp;projecte&nbsp;<a href=\"https:\/\/pagines.uab.cat\/easit\" target=\"_blank\" rel=\"noreferrer noopener\">EASIT<\/a>, sobre el llenguatge f\u00e0cil de comprendre en entorns audiovisuals. Participa en tasques d&#8217;estandarditzaci\u00f3. M\u00e9s informaci\u00f3 al <a href=\"https:\/\/gent.uab.cat\/amatamala\" target=\"_blank\" rel=\"noreferrer noopener\"><u><strong>web<\/strong><\/u><\/a>.<\/td><\/tr><\/tbody><\/table><\/figure>\n","protected":false},"excerpt":{"rendered":"<p>Aquest&nbsp;curs d&#8217;especialitzaci\u00f3&nbsp;t\u00e9 com a objectiu presentar els principis b\u00e0sics de l\u2019accessibilitat digital i inclou tant l\u2019accessibilitat web com l\u2019accessibilitat de documentaci\u00f3 digital, xarxes socials i altres interf\u00edcies d\u2019usuari. El curs adopta un enfocament pr\u00e0ctic en qu\u00e8 els estudiants aprenen a avaluar l\u2019accessibilitat dels webs mitjan\u00e7ant l\u2019\u00fas de diverses eines. Tamb\u00e9 aprenen a a crear documents [&hellip;]<\/p>\n","protected":false},"author":103,"featured_media":0,"parent":0,"menu_order":0,"comment_status":"closed","ping_status":"closed","template":"","meta":{"footnotes":""},"class_list":["post-765","page","type-page","status-publish","hentry"],"_links":{"self":[{"href":"https:\/\/webs.uab.cat\/transmedia\/wp-json\/wp\/v2\/pages\/765","targetHints":{"allow":["GET"]}}],"collection":[{"href":"https:\/\/webs.uab.cat\/transmedia\/wp-json\/wp\/v2\/pages"}],"about":[{"href":"https:\/\/webs.uab.cat\/transmedia\/wp-json\/wp\/v2\/types\/page"}],"author":[{"embeddable":true,"href":"https:\/\/webs.uab.cat\/transmedia\/wp-json\/wp\/v2\/users\/103"}],"replies":[{"embeddable":true,"href":"https:\/\/webs.uab.cat\/transmedia\/wp-json\/wp\/v2\/comments?post=765"}],"version-history":[{"count":13,"href":"https:\/\/webs.uab.cat\/transmedia\/wp-json\/wp\/v2\/pages\/765\/revisions"}],"predecessor-version":[{"id":781,"href":"https:\/\/webs.uab.cat\/transmedia\/wp-json\/wp\/v2\/pages\/765\/revisions\/781"}],"wp:attachment":[{"href":"https:\/\/webs.uab.cat\/transmedia\/wp-json\/wp\/v2\/media?parent=765"}],"curies":[{"name":"wp","href":"https:\/\/api.w.org\/{rel}","templated":true}]}}