{"id":11,"date":"2019-02-14T11:54:52","date_gmt":"2019-02-14T09:54:52","guid":{"rendered":"https:\/\/blogs-prv.uab.cat\/transparencia\/?page_id=10"},"modified":"2022-11-15T11:06:54","modified_gmt":"2022-11-15T09:06:54","slug":"que-es","status":"publish","type":"page","link":"https:\/\/webs.uab.cat\/transparencia\/que-es\/","title":{"rendered":"Qu\u00e8 \u00e9s?"},"content":{"rendered":"\n<p>La UAB ha creat el <a href=\"https:\/\/www.uab.cat\/transparencia\/\">Portal de Transpar\u00e8ncia<\/a> que d\u00f3na compliment als requisits de publicitat activa marcats per la Llei 19\/2014, de 29 de desembre, de transpar\u00e8ncia, acc\u00e9s a la informaci\u00f3 p\u00fablica i bon govern, i informa la comunitat i la societat de les actuacions i dels resultats obtinguts per la Universitat.<\/p>\n\n\n\n<p>La UAB pret\u00e9n oferir un clar i f\u00e0cil acc\u00e9s a la informaci\u00f3 que considera de rellev\u00e0ncia en la seva gesti\u00f3, amb l\u2019objectiu de facilitar que la societat comprengui quins s\u00f3n els recursos dels quals disposa i l&#8217;\u00fas que se&#8217;ls d\u00f3na.<\/p>\n\n\n\n<p>Amb la mateixa filosofia, es crea aquest espai de &#8220;<a href=\"https:\/\/blogs.uab.cat\/transparencia\/\"><strong>Transpar\u00e8ncia: Preguntes m\u00e9s freq\u00fcents<\/strong><\/a>&#8221; per tal de donar suport a les unitats directives responsables dels diferents \u00e0mbits d&#8217;informaci\u00f3 p\u00fablica, la xarxa d&#8217;interlocutors responsables de la informaci\u00f3 p\u00fablica atribu\u00efda per la unitat directiva corresponent, les unitats directives que col\u00b7laboraran en la publicaci\u00f3 i activa i resoluci\u00f3 de peticions de dret d&#8217;acc\u00e9s, a les i els administradors de centre responsables de la informaci\u00f3 de car\u00e0cter territorial, aix\u00ed com a conscienciar i informar a la comunitat universit\u00e0ria en:<\/p>\n\n\n\n<ul class=\"wp-block-list\"><li>Con\u00e8ixer les obligacions que implica la legislaci\u00f3 de transpar\u00e8ncia i d&#8217;acc\u00e9s a la informaci\u00f3 p\u00fablica<\/li><li>Identificar quina informaci\u00f3 s&#8217;ha de fer p\u00fablica i com fer-ho<\/li><li>Con\u00e8ixer els elements essencials a tenir en compte en la ponderaci\u00f3 dels diferents drets i interessos en joc<\/li><li>Aprendre com s&#8217;ha d&#8217;atendre una sol\u00b7licitud d&#8217;acc\u00e9s a la informaci\u00f3 p\u00fablica<\/li><li>Con\u00e8ixer els mecanismes de garantia de la transpar\u00e8ncia<\/li><\/ul>\n\n\n\n<h2 class=\"wp-block-heading\">Qu\u00e8 ofereix aquest web?<\/h2>\n\n\n\n<p>T\u00e9 com a objectiu proporcionar-vos informaci\u00f3 sobre els criteris a seguir per complir amb els deures de publicitat activa i del dret d&#8217;acc\u00e9s a la informaci\u00f3 p\u00fablica a la Universitat Aut\u00f2noma de Barcelona, i oferir-vos atenci\u00f3 personalitzada que respongui a les necessitats derivades del compliment de les vostres responsabilitats i obligacions legals&nbsp;en les tasques que porteu a terme a la universitat.<\/p>\n\n\n\n<p>El suport \u00e9s ofert per diferents \u00e0mbits de la universitat :<\/p>\n\n\n\n<ul class=\"wp-block-list\"><li>Organitzaci\u00f3 institucional: Ger\u00e8ncia<\/li><li>Doc\u00e8ncia: Viceger\u00e8ncia d\u2019Ordenaci\u00f3 Acad\u00e8mica<\/li><li>Recerca i Transfer\u00e8ncia: Viceger\u00e8ncia de Recerca<\/li><li>Recursos humans: Viceger\u00e8ncia de Persones<\/li><li>Informaci\u00f3 econ\u00f2mica: Viceger\u00e8ncia d\u2019Economia<\/li><li>Contractaci\u00f3 p\u00fablica: Viceger\u00e8ncia d\u2019Economia<\/li><li>Bon govern i participaci\u00f3: Gabinet del Rectorat<\/li><li>Dret d\u2019acc\u00e9s a la informaci\u00f3 p\u00fablica: Ger\u00e8ncia<\/li><\/ul>\n\n\n\n<h2 class=\"wp-block-heading\">A qui s&#8217;adre\u00e7a?<\/h2>\n\n\n\n<p>Als membres de la comunitat universit\u00e0ria de la UAB, preferentment als responsables d&#8217;unitats directives, la xarxa d&#8217;interlocutors responsables de la informaci\u00f3 p\u00fablica atribu\u00efda per la unitat directiva corresponent, les i els administradors de centre responsables de la informaci\u00f3 de car\u00e0cter territorial, aix\u00ed com al personal docent i investigador i investigadors en formaci\u00f3 (PDI) i\u00a0 al personal d&#8217;administraci\u00f3 i serveis (PAS) de la UAB.<\/p>\n\n\n\n<h2 class=\"wp-block-heading\">Com trobar la informaci\u00f3?<\/h2>\n\n\n\n<p>Per cercar informaci\u00f3 de diferents tem\u00e0tiques relacionades amb la publicitat activa i el dret d&#8217;acc\u00e9s a la informaci\u00f3 p\u00fablica, teniu 3 maneres de fer-ho:<\/p>\n\n\n\n<ul class=\"wp-block-list\"><li style=\"text-align: justify;\">Podeu comen\u00e7ar per cercar, en catal\u00e0, les paraules que defineixen la vostra pregunta directament a la casella de cerca.<\/li><\/ul>\n\n\n\n<ul class=\"wp-block-list\"><li style=\"text-align: justify;\">Tamb\u00e9 podeu navegar per les carpetes tem\u00e0tiques de la p\u00e0gina principal.<\/li><\/ul>\n","protected":false},"excerpt":{"rendered":"<p>La UAB ha creat el Portal de Transpar\u00e8ncia que d\u00f3na compliment als requisits de publicitat activa marcats per la Llei 19\/2014, de 29 de desembre, de transpar\u00e8ncia, acc\u00e9s a la informaci\u00f3 p\u00fablica i bon govern, i informa la comunitat i la societat de les actuacions i dels resultats obtinguts per la Universitat. La UAB pret\u00e9n [&hellip;]<\/p>\n","protected":false},"author":1729,"featured_media":0,"parent":0,"menu_order":0,"comment_status":"closed","ping_status":"closed","template":"","meta":{"footnotes":""},"class_list":["post-11","page","type-page","status-publish","hentry"],"_links":{"self":[{"href":"https:\/\/webs.uab.cat\/transparencia\/wp-json\/wp\/v2\/pages\/11","targetHints":{"allow":["GET"]}}],"collection":[{"href":"https:\/\/webs.uab.cat\/transparencia\/wp-json\/wp\/v2\/pages"}],"about":[{"href":"https:\/\/webs.uab.cat\/transparencia\/wp-json\/wp\/v2\/types\/page"}],"author":[{"embeddable":true,"href":"https:\/\/webs.uab.cat\/transparencia\/wp-json\/wp\/v2\/users\/1729"}],"replies":[{"embeddable":true,"href":"https:\/\/webs.uab.cat\/transparencia\/wp-json\/wp\/v2\/comments?post=11"}],"version-history":[{"count":1,"href":"https:\/\/webs.uab.cat\/transparencia\/wp-json\/wp\/v2\/pages\/11\/revisions"}],"predecessor-version":[{"id":433,"href":"https:\/\/webs.uab.cat\/transparencia\/wp-json\/wp\/v2\/pages\/11\/revisions\/433"}],"wp:attachment":[{"href":"https:\/\/webs.uab.cat\/transparencia\/wp-json\/wp\/v2\/media?parent=11"}],"curies":[{"name":"wp","href":"https:\/\/api.w.org\/{rel}","templated":true}]}}