{"id":249,"date":"2019-02-14T11:46:26","date_gmt":"2019-02-14T09:46:26","guid":{"rendered":"https:\/\/blogs-prv.uab.cat\/transparencia\/?page_id=4"},"modified":"2019-02-14T11:46:26","modified_gmt":"2019-02-14T09:46:26","slug":"avis-legal","status":"publish","type":"page","link":"https:\/\/webs.uab.cat\/transparencia\/avis-legal\/","title":{"rendered":"Av\u00eds legal"},"content":{"rendered":"<p>Els dominis d&#8217;internet uab.cat i uab.es s\u00f3n de titularitat de la Universitat Aut\u00f2noma de Barcelona (Campus de la UAB, 08193 Bellaterra (Cerdanyola del Vall\u00e8s) Tel.: 93 581 11 11) (CIF Q-0818002-H).<\/p>\n<p>Tots els continguts propis, tret que s&#8217;indiqui de forma expressa per a casos particulars o que siguin de tercers que n&#8217;hagin autoritzat l&#8217;\u00fas, es poden utilitzar en base a la llic\u00e8ncia <a href=\"http:\/\/creativecommons.org\/licenses\/by\/3.0\/es\/deed.ca\">Creative Commons<\/a> de Reconeixement \u2013 No Comercial. Es permet la reproducci\u00f3 total o parcial, la distribuci\u00f3, la comunicaci\u00f3 p\u00fablica de l&#8217;obra i la creaci\u00f3 d&#8217;obres derivades, sempre que no sigui amb finalitats comercials, i sempre que es reconegui l&#8217;autoria de l&#8217;obra original. <a href=\"http:\/\/creativecommons.org\/licenses\/by-nc\/3.0\/es\/\" target=\"_blank\" rel=\"noopener noreferrer\"><img loading=\"lazy\" decoding=\"async\" class=\"alignnone wp-image-96 size-full\" src=\"https:\/\/blogs-prv.uab.cat\/propint\/files\/2015\/07\/ccbync.png\" alt=\"ccbync\" width=\"80\" height=\"15\" \/><\/a><\/p>\n<p>Els dissenys i logotips que identifiquen la Universitat poden ser utilitzats \u00fanicament per identificar activitats pr\u00f2pies de la Universitat o d\u2019altres iniciatives que tinguin el seu suport expl\u00edcit.<\/p>\n<p>La Universitat Aut\u00f2noma de Barcelona es reserva la possibilitat de fer normatives espec\u00edfiques per a alguns continguts, que prevaldran sobre aquest av\u00eds legal.<\/p>\n<p>En el cas de les dades personals, vegeu la <a href=\"https:\/\/www.uab.cat\/web\/coneix-la-uab\/itineraris\/proteccio-de-dades-1345668257177.html\">Pol\u00edtica de protecci\u00f3 de dades<\/a> de la UAB.<\/p>\n<p>La Universitat Aut\u00f2noma de Barcelona tracta les dades personals que resulten adequades, pertinents i no excessives per al compliment de la finalitat d&#8217;atendre correctament i en relaci\u00f3 a l&#8217;exercici de les funcions que li s\u00f3n pr\u00f2pies.<\/p>\n","protected":false},"excerpt":{"rendered":"<p>Els dominis d&#8217;internet uab.cat i uab.es s\u00f3n de titularitat de la Universitat Aut\u00f2noma de Barcelona (Campus de la UAB, 08193 Bellaterra (Cerdanyola del Vall\u00e8s) Tel.: 93 581 11 11) (CIF Q-0818002-H). Tots els continguts propis, tret que s&#8217;indiqui de forma expressa per a casos particulars o que siguin de tercers que n&#8217;hagin autoritzat l&#8217;\u00fas, es [&hellip;]<\/p>\n","protected":false},"author":1729,"featured_media":0,"parent":0,"menu_order":0,"comment_status":"closed","ping_status":"closed","template":"","meta":{"footnotes":""},"class_list":["post-249","page","type-page","status-publish","hentry"],"_links":{"self":[{"href":"https:\/\/webs.uab.cat\/transparencia\/wp-json\/wp\/v2\/pages\/249","targetHints":{"allow":["GET"]}}],"collection":[{"href":"https:\/\/webs.uab.cat\/transparencia\/wp-json\/wp\/v2\/pages"}],"about":[{"href":"https:\/\/webs.uab.cat\/transparencia\/wp-json\/wp\/v2\/types\/page"}],"author":[{"embeddable":true,"href":"https:\/\/webs.uab.cat\/transparencia\/wp-json\/wp\/v2\/users\/1729"}],"replies":[{"embeddable":true,"href":"https:\/\/webs.uab.cat\/transparencia\/wp-json\/wp\/v2\/comments?post=249"}],"version-history":[{"count":0,"href":"https:\/\/webs.uab.cat\/transparencia\/wp-json\/wp\/v2\/pages\/249\/revisions"}],"wp:attachment":[{"href":"https:\/\/webs.uab.cat\/transparencia\/wp-json\/wp\/v2\/media?parent=249"}],"curies":[{"name":"wp","href":"https:\/\/api.w.org\/{rel}","templated":true}]}}