{"id":102,"date":"2025-11-28T13:44:14","date_gmt":"2025-11-28T11:44:14","guid":{"rendered":"https:\/\/webs.uab.cat\/transvec\/?page_id=102"},"modified":"2025-12-11T15:10:59","modified_gmt":"2025-12-11T13:10:59","slug":"manuel-ignacio-gracia","status":"publish","type":"page","link":"https:\/\/webs.uab.cat\/transvec\/equipo-investigador\/transvec-2\/manuel-ignacio-gracia\/","title":{"rendered":"Manuel Gracia"},"content":{"rendered":"\n<h2 class=\"wp-block-heading has-groc-caputxina-color has-text-color has-large-font-size\"><strong>MANUEL IGNACIO GRACIA SANTOS<\/strong><\/h2>\n\n\n\n<div class=\"wp-block-columns is-layout-flex wp-container-core-columns-is-layout-9d6595d7 wp-block-columns-is-layout-flex\">\n<div class=\"wp-block-column is-vertically-aligned-center is-layout-flow wp-block-column-is-layout-flow\" style=\"flex-basis:66.66%\">\n<p class=\"has-small-font-size\">Doctor en Econom\u00eda y M\u00e1ster en Econom\u00eda Internacional y Desarrollo, es profesor Ayudante Doctor en el departamento de Econom\u00eda Aplicada, Estructura e Historia de la Universidad Complutense de Madrid. Es investigador adscrito al <a href=\"https:\/\/produccioncientifica.ucm.es\/unidades\/5225\/investigadores\">Instituto Complutense de Estudios Internacionales<\/a>, y miembro del <a href=\"https:\/\/www.ucm.es\/grupo-charles-babbage\/\">grupo de investigaci\u00f3n Charles Babbage<\/a>. Es tambi\u00e9n investigador principal en el <a href=\"https:\/\/www.realinstitutoelcano.org\/biografias\/manuel-gracia\/\">Real Instituto Elcano<\/a>, donde coordina el <a href=\"https:\/\/www.globalpresence.realinstitutoelcano.org\/es?years=2024\">\u00cdndice Elcano de Presencia Global<\/a>.<\/p>\n<\/div>\n\n\n\n<div class=\"wp-block-column is-vertically-aligned-center is-layout-flow wp-block-column-is-layout-flow\" style=\"flex-basis:33.33%\">\n<figure class=\"wp-block-image size-full\"><img loading=\"lazy\" decoding=\"async\" width=\"450\" height=\"450\" src=\"https:\/\/webs.uab.cat\/transvec\/wp-content\/uploads\/sites\/687\/2025\/12\/MANUEL-IGNACIO-1.png\" alt=\"\" class=\"wp-image-279\" srcset=\"https:\/\/webs.uab.cat\/transvec\/wp-content\/uploads\/sites\/687\/2025\/12\/MANUEL-IGNACIO-1.png 450w, https:\/\/webs.uab.cat\/transvec\/wp-content\/uploads\/sites\/687\/2025\/12\/MANUEL-IGNACIO-1-300x300.png 300w, https:\/\/webs.uab.cat\/transvec\/wp-content\/uploads\/sites\/687\/2025\/12\/MANUEL-IGNACIO-1-150x150.png 150w\" sizes=\"auto, (max-width: 450px) 100vw, 450px\" \/><\/figure>\n<\/div>\n<\/div>\n\n\n\n<p class=\"has-small-font-size\">Ha impartido o imparte las asignaturas de Econom\u00eda Mundial, Econom\u00eda Pol\u00edtica Mundial, Econom\u00eda Internacional, Organizaci\u00f3n Econ\u00f3mica Internacional y Macroeconom\u00eda Aplicada. Su Tesis Doctoral (2017), se centr\u00f3 en los procesos de articulaci\u00f3n productiva en la Uni\u00f3n Europea, concretamente en el sector automotriz europeo.<\/p>\n\n\n\n<p class=\"has-groc-caputxina-color has-text-color has-normal-font-size\"><strong>Intereses de investigaci\u00f3n<\/strong><\/p>\n\n\n\n<p class=\"has-small-font-size\">Sus l\u00edneas de investigaci\u00f3n se centran en el an\u00e1lisis del proceso de globalizaci\u00f3n, con especial atenci\u00f3n a su dimensi\u00f3n econ\u00f3mica y en particular a los procesos de fragmentaci\u00f3n productiva internacional y articulaci\u00f3n externa. Ha participado en diversos proyectos de investigaci\u00f3n relacionados con la transici\u00f3n al veh\u00edculo el\u00e9ctrico, la industria automotriz europea, el impacto de la Inversi\u00f3n Extranjera en el desarrollo de Marruecos y Argelia, los procesos de relocalizaci\u00f3n productiva en la Uni\u00f3n Europea, y los determinantes de la productividad y los procesos de restructuraci\u00f3n en la industria espa\u00f1ola de bienes de equipo. Ha coordinado tambi\u00e9n proyectos de cooperaci\u00f3n al desarrollo orientados al desarrollo de sistemas de cajas de ahorro y microcr\u00e9ditos en la regi\u00f3n de Tandjil\u00e9 (Chad).<\/p>\n","protected":false},"excerpt":{"rendered":"<p>MANUEL IGNACIO GRACIA SANTOS Doctor en Econom\u00eda y M\u00e1ster en Econom\u00eda Internacional y Desarrollo, es profesor Ayudante Doctor en el departamento de Econom\u00eda Aplicada, Estructura e Historia de la Universidad Complutense de Madrid. Es investigador adscrito al Instituto Complutense de Estudios Internacionales, y miembro del grupo de investigaci\u00f3n Charles Babbage. Es tambi\u00e9n investigador principal en [&hellip;]<\/p>\n","protected":false},"author":2648,"featured_media":0,"parent":26,"menu_order":5,"comment_status":"closed","ping_status":"closed","template":"","meta":{"footnotes":""},"class_list":["post-102","page","type-page","status-publish","hentry"],"_links":{"self":[{"href":"https:\/\/webs.uab.cat\/transvec\/wp-json\/wp\/v2\/pages\/102","targetHints":{"allow":["GET"]}}],"collection":[{"href":"https:\/\/webs.uab.cat\/transvec\/wp-json\/wp\/v2\/pages"}],"about":[{"href":"https:\/\/webs.uab.cat\/transvec\/wp-json\/wp\/v2\/types\/page"}],"author":[{"embeddable":true,"href":"https:\/\/webs.uab.cat\/transvec\/wp-json\/wp\/v2\/users\/2648"}],"replies":[{"embeddable":true,"href":"https:\/\/webs.uab.cat\/transvec\/wp-json\/wp\/v2\/comments?post=102"}],"version-history":[{"count":3,"href":"https:\/\/webs.uab.cat\/transvec\/wp-json\/wp\/v2\/pages\/102\/revisions"}],"predecessor-version":[{"id":280,"href":"https:\/\/webs.uab.cat\/transvec\/wp-json\/wp\/v2\/pages\/102\/revisions\/280"}],"up":[{"embeddable":true,"href":"https:\/\/webs.uab.cat\/transvec\/wp-json\/wp\/v2\/pages\/26"}],"wp:attachment":[{"href":"https:\/\/webs.uab.cat\/transvec\/wp-json\/wp\/v2\/media?parent=102"}],"curies":[{"name":"wp","href":"https:\/\/api.w.org\/{rel}","templated":true}]}}