{"id":108,"date":"2025-11-28T14:32:18","date_gmt":"2025-11-28T12:32:18","guid":{"rendered":"https:\/\/webs.uab.cat\/transvec\/?page_id=108"},"modified":"2025-12-10T14:12:49","modified_gmt":"2025-12-10T12:12:49","slug":"moritz-peters","status":"publish","type":"page","link":"https:\/\/webs.uab.cat\/transvec\/equipo-investigador\/transvec-2\/moritz-peters\/","title":{"rendered":"Moritz Peters"},"content":{"rendered":"\n<h2 class=\"wp-block-heading has-groc-caputxina-color has-text-color has-large-font-size\"><strong>MORITZ PETERS<\/strong><\/h2>\n\n\n\n<div class=\"wp-block-columns is-layout-flex wp-container-core-columns-is-layout-9d6595d7 wp-block-columns-is-layout-flex\">\n<div class=\"wp-block-column is-vertically-aligned-center is-layout-flow wp-block-column-is-layout-flow\" style=\"flex-basis:66.66%\">\n<p class=\"has-small-font-size\">Moritz Peters realiz\u00f3 un m\u00e1ster en Econom\u00eda Internacional y Desarrollo por la Universidad Complutense de Madrid. Actualmente cursa el programa de doctorado en esta misma universidad, con una tesis centrada en la fragmentaci\u00f3n productiva internacional de la industria automotriz latinoamericana. <\/p>\n<\/div>\n\n\n\n<div class=\"wp-block-column is-vertically-aligned-center is-layout-flow wp-block-column-is-layout-flow\" style=\"flex-basis:33.33%\">\n<figure class=\"wp-block-image size-full\"><img loading=\"lazy\" decoding=\"async\" width=\"450\" height=\"450\" src=\"https:\/\/webs.uab.cat\/transvec\/wp-content\/uploads\/sites\/687\/2025\/12\/MORITZ-3.png\" alt=\"\" class=\"wp-image-231\" srcset=\"https:\/\/webs.uab.cat\/transvec\/wp-content\/uploads\/sites\/687\/2025\/12\/MORITZ-3.png 450w, https:\/\/webs.uab.cat\/transvec\/wp-content\/uploads\/sites\/687\/2025\/12\/MORITZ-3-300x300.png 300w, https:\/\/webs.uab.cat\/transvec\/wp-content\/uploads\/sites\/687\/2025\/12\/MORITZ-3-150x150.png 150w\" sizes=\"auto, (max-width: 450px) 100vw, 450px\" \/><\/figure>\n<\/div>\n<\/div>\n\n\n\n<p class=\"has-small-font-size\">Ha adquirido experiencia en diversas ocasiones en el sector privado, incluyendo un <a href=\"https:\/\/www.mesamultiactor.cl\/\" target=\"_blank\" rel=\"noreferrer noopener\">proyecto asociado a la extracci\u00f3n sostenible de litio<\/a>, gestionado por la <a href=\"https:\/\/www.giz.de\/en\" target=\"_blank\" rel=\"noreferrer noopener\">Sociedad Alemana de Cooperaci\u00f3n Internacional<\/a> (GIZ). Adem\u00e1s, realiz\u00f3 una estancia en el <a href=\"https:\/\/www.ucm.es\/icei\" target=\"_blank\" rel=\"noreferrer noopener\">Instituto Complutense de Estudios Internacionales<\/a> (ICEI) en el \u00e1rea de redes de producci\u00f3n europeas, la cual culmin\u00f3 en la elaboraci\u00f3n de un working paper sobre la industria automotriz.<\/p>\n\n\n\n<p class=\"has-small-font-size\"><\/p>\n\n\n\n<p class=\"has-groc-caputxina-color has-text-color has-normal-font-size\"><strong>Intereses de investigaci\u00f3n<\/strong><\/p>\n\n\n\n<p class=\"has-small-font-size\">Su inter\u00e9s de investigaci\u00f3n se centra en el desarrollo desigual a escala global a partir de la inserci\u00f3n dependiente en las redes globales de producci\u00f3n. La tesis doctoral se desarrolla en el marco de este proyecto de investigaci\u00f3n y se integra plenamente en sus objetivos, mediante la identificaci\u00f3n y caracterizaci\u00f3n de espacios productivos diferenciados en el proceso de reestructuraci\u00f3n del sector automotriz. Esto es, el an\u00e1lisis de los cambios en la estrategia internacional de fabricantes europeos con inversiones en Brasil y M\u00e9xico permite ampliar el alcance del proyecto.<\/p>\n","protected":false},"excerpt":{"rendered":"<p>MORITZ PETERS Moritz Peters realiz\u00f3 un m\u00e1ster en Econom\u00eda Internacional y Desarrollo por la Universidad Complutense de Madrid. Actualmente cursa el programa de doctorado en esta misma universidad, con una tesis centrada en la fragmentaci\u00f3n productiva internacional de la industria automotriz latinoamericana. Ha adquirido experiencia en diversas ocasiones en el sector privado, incluyendo un proyecto [&hellip;]<\/p>\n","protected":false},"author":2648,"featured_media":0,"parent":26,"menu_order":8,"comment_status":"closed","ping_status":"closed","template":"","meta":{"footnotes":""},"class_list":["post-108","page","type-page","status-publish","hentry"],"_links":{"self":[{"href":"https:\/\/webs.uab.cat\/transvec\/wp-json\/wp\/v2\/pages\/108","targetHints":{"allow":["GET"]}}],"collection":[{"href":"https:\/\/webs.uab.cat\/transvec\/wp-json\/wp\/v2\/pages"}],"about":[{"href":"https:\/\/webs.uab.cat\/transvec\/wp-json\/wp\/v2\/types\/page"}],"author":[{"embeddable":true,"href":"https:\/\/webs.uab.cat\/transvec\/wp-json\/wp\/v2\/users\/2648"}],"replies":[{"embeddable":true,"href":"https:\/\/webs.uab.cat\/transvec\/wp-json\/wp\/v2\/comments?post=108"}],"version-history":[{"count":3,"href":"https:\/\/webs.uab.cat\/transvec\/wp-json\/wp\/v2\/pages\/108\/revisions"}],"predecessor-version":[{"id":234,"href":"https:\/\/webs.uab.cat\/transvec\/wp-json\/wp\/v2\/pages\/108\/revisions\/234"}],"up":[{"embeddable":true,"href":"https:\/\/webs.uab.cat\/transvec\/wp-json\/wp\/v2\/pages\/26"}],"wp:attachment":[{"href":"https:\/\/webs.uab.cat\/transvec\/wp-json\/wp\/v2\/media?parent=108"}],"curies":[{"name":"wp","href":"https:\/\/api.w.org\/{rel}","templated":true}]}}