{"id":22,"date":"2025-11-04T13:14:19","date_gmt":"2025-11-04T11:14:19","guid":{"rendered":"https:\/\/webs.uab.cat\/transvec\/?page_id=22"},"modified":"2025-12-17T12:26:57","modified_gmt":"2025-12-17T10:26:57","slug":"equipo-investigador","status":"publish","type":"page","link":"https:\/\/webs.uab.cat\/transvec\/equipo-investigador\/","title":{"rendered":"EQUIPO INVESTIGADOR"},"content":{"rendered":"\n<div class=\"wp-block-columns is-layout-flex wp-container-core-columns-is-layout-9d6595d7 wp-block-columns-is-layout-flex\">\n<div class=\"wp-block-column is-layout-flow wp-block-column-is-layout-flow\" style=\"flex-basis:66.66%\">\n<h2 class=\"wp-block-heading has-normal-font-size\">Pol\u00edticas y gobernanza para una transici\u00f3n justa al veh\u00edculo el\u00e9ctrico y conectado (TRANSVEC 1)<\/h2>\n\n\n\n<p class=\"has-small-font-size\">Investigador Principal: <strong>\u00d3scar Molina<\/strong><\/p>\n\n\n\n<div class=\"wp-block-buttons is-content-justification-left is-layout-flex wp-container-core-buttons-is-layout-fdcfc74e wp-block-buttons-is-layout-flex\">\n<div class=\"wp-block-button\"><a class=\"wp-block-button__link wp-element-button\" href=\"https:\/\/webs.uab.cat\/transvec\/equipo-investigador\/transvec-1\/\">VER EQUIPO<\/a><\/div>\n<\/div>\n<\/div>\n\n\n\n<div class=\"wp-block-column is-layout-flow wp-block-column-is-layout-flow\" style=\"flex-basis:33.33%\">\n<figure class=\"wp-block-image size-full\"><a href=\"https:\/\/webs.uab.cat\/transvec\/equipo-investigador\/transvec-1\/oscar-molina\/\"><img loading=\"lazy\" decoding=\"async\" width=\"1200\" height=\"1500\" src=\"https:\/\/webs.uab.cat\/transvec\/wp-content\/uploads\/sites\/687\/2025\/12\/OSCAR-5.png\" alt=\"\" class=\"wp-image-291\" srcset=\"https:\/\/webs.uab.cat\/transvec\/wp-content\/uploads\/sites\/687\/2025\/12\/OSCAR-5.png 1200w, https:\/\/webs.uab.cat\/transvec\/wp-content\/uploads\/sites\/687\/2025\/12\/OSCAR-5-240x300.png 240w, https:\/\/webs.uab.cat\/transvec\/wp-content\/uploads\/sites\/687\/2025\/12\/OSCAR-5-819x1024.png 819w, https:\/\/webs.uab.cat\/transvec\/wp-content\/uploads\/sites\/687\/2025\/12\/OSCAR-5-768x960.png 768w\" sizes=\"auto, (max-width: 1200px) 100vw, 1200px\" \/><\/a><\/figure>\n<\/div>\n<\/div>\n\n\n\n<div class=\"wp-block-columns is-layout-flex wp-container-core-columns-is-layout-9d6595d7 wp-block-columns-is-layout-flex\">\n<div class=\"wp-block-column is-layout-flow wp-block-column-is-layout-flow\" style=\"flex-basis:66.66%\">\n<h2 class=\"wp-block-heading has-normal-font-size\"><strong>Reconfiguraci\u00f3n de espacios productivos y estrategias empresariales en el sector automotriz en el contexto de la transici\u00f3n al veh\u00edculo el\u00e9ctrico y conectado \u2013<\/strong> (TRANSVEC2)<\/h2>\n\n\n\n<p class=\"has-small-font-size\">Investigadora Principal: <strong>Mar\u00eda Jos\u00e9 Paz<\/strong><\/p>\n\n\n\n<div class=\"wp-block-buttons is-content-justification-left is-layout-flex wp-container-core-buttons-is-layout-fdcfc74e wp-block-buttons-is-layout-flex\">\n<div class=\"wp-block-button\"><a class=\"wp-block-button__link wp-element-button\" href=\"https:\/\/webs.uab.cat\/transvec\/equipo-investigador\/transvec-2\/\">VER EQUIPO<\/a><\/div>\n<\/div>\n\n\n\n<p class=\"has-small-font-size\"><\/p>\n<\/div>\n\n\n\n<div class=\"wp-block-column is-layout-flow wp-block-column-is-layout-flow\" style=\"flex-basis:33.33%\">\n<figure class=\"wp-block-image size-full\"><a href=\"https:\/\/webs.uab.cat\/transvec\/equipo-investigador\/transvec-2\/maria-jose-paz\/\"><img loading=\"lazy\" decoding=\"async\" width=\"1200\" height=\"1500\" src=\"https:\/\/webs.uab.cat\/transvec\/wp-content\/uploads\/sites\/687\/2025\/12\/M-JOSE-4.png\" alt=\"\" class=\"wp-image-292\" srcset=\"https:\/\/webs.uab.cat\/transvec\/wp-content\/uploads\/sites\/687\/2025\/12\/M-JOSE-4.png 1200w, https:\/\/webs.uab.cat\/transvec\/wp-content\/uploads\/sites\/687\/2025\/12\/M-JOSE-4-240x300.png 240w, https:\/\/webs.uab.cat\/transvec\/wp-content\/uploads\/sites\/687\/2025\/12\/M-JOSE-4-819x1024.png 819w, https:\/\/webs.uab.cat\/transvec\/wp-content\/uploads\/sites\/687\/2025\/12\/M-JOSE-4-768x960.png 768w\" sizes=\"auto, (max-width: 1200px) 100vw, 1200px\" \/><\/a><\/figure>\n<\/div>\n<\/div>\n","protected":false},"excerpt":{"rendered":"<p>Pol\u00edticas y gobernanza para una transici\u00f3n justa al veh\u00edculo el\u00e9ctrico y conectado (TRANSVEC 1) Investigador Principal: \u00d3scar Molina Reconfiguraci\u00f3n de espacios productivos y estrategias empresariales en el sector automotriz en el contexto de la transici\u00f3n al veh\u00edculo el\u00e9ctrico y conectado \u2013 (TRANSVEC2) Investigadora Principal: Mar\u00eda Jos\u00e9 Paz<\/p>\n","protected":false},"author":2648,"featured_media":0,"parent":0,"menu_order":3,"comment_status":"closed","ping_status":"closed","template":"","meta":{"footnotes":""},"class_list":["post-22","page","type-page","status-publish","hentry"],"_links":{"self":[{"href":"https:\/\/webs.uab.cat\/transvec\/wp-json\/wp\/v2\/pages\/22","targetHints":{"allow":["GET"]}}],"collection":[{"href":"https:\/\/webs.uab.cat\/transvec\/wp-json\/wp\/v2\/pages"}],"about":[{"href":"https:\/\/webs.uab.cat\/transvec\/wp-json\/wp\/v2\/types\/page"}],"author":[{"embeddable":true,"href":"https:\/\/webs.uab.cat\/transvec\/wp-json\/wp\/v2\/users\/2648"}],"replies":[{"embeddable":true,"href":"https:\/\/webs.uab.cat\/transvec\/wp-json\/wp\/v2\/comments?post=22"}],"version-history":[{"count":7,"href":"https:\/\/webs.uab.cat\/transvec\/wp-json\/wp\/v2\/pages\/22\/revisions"}],"predecessor-version":[{"id":314,"href":"https:\/\/webs.uab.cat\/transvec\/wp-json\/wp\/v2\/pages\/22\/revisions\/314"}],"wp:attachment":[{"href":"https:\/\/webs.uab.cat\/transvec\/wp-json\/wp\/v2\/media?parent=22"}],"curies":[{"name":"wp","href":"https:\/\/api.w.org\/{rel}","templated":true}]}}