{"id":32,"date":"2025-11-04T13:15:35","date_gmt":"2025-11-04T11:15:35","guid":{"rendered":"https:\/\/webs.uab.cat\/transvec\/?page_id=32"},"modified":"2025-12-19T10:51:11","modified_gmt":"2025-12-19T08:51:11","slug":"actualidad-noticias","status":"publish","type":"page","link":"https:\/\/webs.uab.cat\/transvec\/actualidad-noticias\/","title":{"rendered":"ACTUALIDAD \/ NOT\u00cdCIAS"},"content":{"rendered":"\n<h2 class=\"wp-block-heading\">\ud83d\udcf0 <strong>Noticias<\/strong><\/h2>\n\n\n\n<p class=\"has-small-font-size\">En esta secci\u00f3n difundimos noticias y actualizaciones relevantes relacionadas con el proyecto <strong>TRANSVEC<\/strong>.<\/p>\n\n\n\n<hr class=\"wp-block-separator has-alpha-channel-opacity\" \/>\n\n\n\n<h3 class=\"wp-block-heading\"><strong>\ud83d\udce2 La industria de automoci\u00f3n alerta sobre los riesgos de la transici\u00f3n al veh\u00edculo el\u00e9ctrico<\/strong><\/h3>\n\n\n\n<p class=\"has-small-font-size\"><em>10 de diciembre de 2025<\/em><\/p>\n\n\n\n<p class=\"has-small-font-size\">El presidente de Anfac, Josep Maria Recasens, ha advertido de que el principal reto al que se enfrenta la industria espa\u00f1ola de automoci\u00f3n en la transici\u00f3n al veh\u00edculo el\u00e9ctrico no es la demanda, sino la oferta industrial, ya que gran parte de la cadena de valor depende de la producci\u00f3n en las f\u00e1bricas nacionales. En un contexto de elevada competencia internacional y de incertidumbre regulatoria, el sector considera imprescindible acelerar la transformaci\u00f3n hacia el veh\u00edculo el\u00e9ctrico para mantener su posici\u00f3n en la Uni\u00f3n Europea, proteger el empleo y evitar la p\u00e9rdida de valor a\u00f1adido. En este marco, el Plan Espa\u00f1a Auto 2030 fija como objetivo que en 2035 el 100 % de los veh\u00edculos fabricados en Espa\u00f1a sean el\u00e9ctricos y elevar el valor a\u00f1adido bruto del sector de 85.000 a 120.000 millones de euros, apoy\u00e1ndose en inversiones industriales y en instrumentos como el PERTE del Veh\u00edculo El\u00e9ctrico y Conectado (VEC).<\/p>\n\n\n\n<p class=\"has-small-font-size\"><strong>Fuente:<\/strong><br>Expansi\u00f3n (2025, diciembre 10). <em>\u00abEn 2035, el 100% de los veh\u00edculos fabricados en Espa\u00f1a tendr\u00e1n que ser el\u00e9ctricos\u00bb<\/em>. <a href=\"https:\/\/www.expansion.com\/empresas\/motor\/2025\/12\/10\/69395ac3468aeb6d468b45b6.html\" target=\"_blank\" rel=\"noreferrer noopener\">https:\/\/www.expansion.com\/empresas\/motor\/2025\/12\/10\/69395ac3468aeb6d468b45b6.html<\/a><\/p>\n\n\n\n<hr class=\"wp-block-separator has-alpha-channel-opacity\" \/>\n\n\n\n<h3 class=\"wp-block-heading\"><strong>\ud83d\udce2 El Gobierno refuerza el PERTE del Veh\u00edculo El\u00e9ctrico y Conectado con 580 millones de euros<\/strong><\/h3>\n\n\n\n<p class=\"has-small-font-size\"><em>8 de diciembre de 2025<\/em><\/p>\n\n\n\n<p class=\"has-small-font-size\">El Gobierno ha anunciado un refuerzo de 580 millones de euros del PERTE del Veh\u00edculo El\u00e9ctrico y Conectado (VEC) con el objetivo de acelerar la transformaci\u00f3n de la cadena de valor industrial del sector de la automoci\u00f3n, atraer inversiones estrat\u00e9gicas y reducir la dependencia exterior. La medida busca impulsar una transici\u00f3n basada en la eficiencia energ\u00e9tica, la digitalizaci\u00f3n y la innovaci\u00f3n, mejorar la competitividad internacional de las empresas del sector y contribuir a la creaci\u00f3n y consolidaci\u00f3n de empleo de calidad. Este refuerzo se enmarca en el Plan Espa\u00f1a Auto 2030, una hoja de ruta desarrollada conjuntamente con la industria y los agentes sociales para consolidar a Espa\u00f1a como un polo tecnol\u00f3gico en la fabricaci\u00f3n de veh\u00edculos sostenibles y avanzar hacia una mayor autonom\u00eda estrat\u00e9gica, especialmente en \u00e1mbitos como la producci\u00f3n de bater\u00edas y componentes clave.<\/p>\n\n\n\n<p class=\"has-small-font-size\"><strong>Fuente:<\/strong><br>Ecoticias (2025, diciembre 8). <em>El impulso al veh\u00edculo el\u00e9ctrico conectado crece: Espa\u00f1a refuerza con 580 millones el Perte para liderar la movilidad sostenible<\/em>. <a href=\"https:\/\/www.ecoticias.com\/movilidad-electrica\/perte-vehiculo-electrico-conectado-2\" target=\"_blank\" rel=\"noreferrer noopener\">https:\/\/www.ecoticias.com\/movilidad-electrica\/perte-vehiculo-electrico-conectado-2<\/a><\/p>\n\n\n\n<hr class=\"wp-block-separator has-alpha-channel-opacity\" \/>\n\n\n\n<h3 class=\"wp-block-heading\"><strong>\ud83d\udce2 Presentaci\u00f3n del Plan Espa\u00f1a Auto 2030 para impulsar el veh\u00edculo el\u00e9ctrico<\/strong><\/h3>\n\n\n\n<p class=\"has-small-font-size\"><em>3 de diciembre de 2025<\/em><\/p>\n\n\n\n<p class=\"has-small-font-size\">El presidente del Gobierno, Pedro S\u00e1nchez, ha presentado el Plan Espa\u00f1a Auto 2030, una estrategia para impulsar la oferta y la demanda de veh\u00edculos el\u00e9ctricos y reforzar el desarrollo industrial del veh\u00edculo el\u00e9ctrico y conectado (VEC). El plan incluye el Plan Auto+, con 400 millones de euros en 2026 para ayudas a la compra, un nuevo MOVES Corredores con 300 millones para infraestructuras de recarga y una dotaci\u00f3n adicional de 580 millones de euros al PERTE VEC para acelerar la transici\u00f3n hacia una movilidad sostenible.<\/p>\n\n\n\n<p class=\"has-small-font-size\"><strong>Fuente:<\/strong><br>Presidencia del Gobierno (2025, diciembre 3). <em>Pedro S\u00e1nchez presenta el Plan Espa\u00f1a Auto 2030 para apoyar la oferta y la demanda e impulsar un \u201ccoche el\u00e9ctrico espa\u00f1ol y econ\u00f3mico\u201d<\/em>.<a href=\"https:\/\/www.dsca.gob.es\/es\/comunicacion\/notas-prensa\/gobierno-envia-al-congreso-reforma-leyes-dependencia-discapacidad-mas\"> <\/a><a href=\"https:\/\/www.lamoncloa.gob.es\/presidente\/actividades\/Paginas\/2025\/031225-sanchez-plan-espana-auto-2030.aspx\" target=\"_blank\" rel=\"noreferrer noopener\">https:\/\/www.lamoncloa.gob.es\/presidente\/actividades\/Paginas\/2025\/031225-sanchez-plan-espana-auto-2030.aspx<\/a><\/p>\n\n\n\n<p><\/p>\n","protected":false},"excerpt":{"rendered":"<p>\ud83d\udcf0 Noticias En esta secci\u00f3n difundimos noticias y actualizaciones relevantes relacionadas con el proyecto TRANSVEC. \ud83d\udce2 La industria de automoci\u00f3n alerta sobre los riesgos de la transici\u00f3n al veh\u00edculo el\u00e9ctrico 10 de diciembre de 2025 El presidente de Anfac, Josep Maria Recasens, ha advertido de que el principal reto al que se enfrenta la industria [&hellip;]<\/p>\n","protected":false},"author":2648,"featured_media":0,"parent":0,"menu_order":6,"comment_status":"closed","ping_status":"closed","template":"","meta":{"footnotes":""},"class_list":["post-32","page","type-page","status-publish","hentry"],"_links":{"self":[{"href":"https:\/\/webs.uab.cat\/transvec\/wp-json\/wp\/v2\/pages\/32","targetHints":{"allow":["GET"]}}],"collection":[{"href":"https:\/\/webs.uab.cat\/transvec\/wp-json\/wp\/v2\/pages"}],"about":[{"href":"https:\/\/webs.uab.cat\/transvec\/wp-json\/wp\/v2\/types\/page"}],"author":[{"embeddable":true,"href":"https:\/\/webs.uab.cat\/transvec\/wp-json\/wp\/v2\/users\/2648"}],"replies":[{"embeddable":true,"href":"https:\/\/webs.uab.cat\/transvec\/wp-json\/wp\/v2\/comments?post=32"}],"version-history":[{"count":6,"href":"https:\/\/webs.uab.cat\/transvec\/wp-json\/wp\/v2\/pages\/32\/revisions"}],"predecessor-version":[{"id":317,"href":"https:\/\/webs.uab.cat\/transvec\/wp-json\/wp\/v2\/pages\/32\/revisions\/317"}],"wp:attachment":[{"href":"https:\/\/webs.uab.cat\/transvec\/wp-json\/wp\/v2\/media?parent=32"}],"curies":[{"name":"wp","href":"https:\/\/api.w.org\/{rel}","templated":true}]}}