{"id":7,"date":"2025-11-04T13:04:10","date_gmt":"2025-11-04T11:04:10","guid":{"rendered":"https:\/\/webs.uab.cat\/transvec\/?page_id=7"},"modified":"2025-12-19T10:49:55","modified_gmt":"2025-12-19T08:49:55","slug":"proyecto","status":"publish","type":"page","link":"https:\/\/webs.uab.cat\/transvec\/proyecto\/","title":{"rendered":"PROYECTO"},"content":{"rendered":"\n<h2 class=\"wp-block-heading has-negre-eben-color has-text-color has-link-color wp-elements-b502e4beed1e5229aaa141d45abbb961\">Proyecto TRANSVEC<\/h2>\n\n\n\n<p class=\"has-small-font-size\">El proyecto \u201cReconfiguraci\u00f3n Productiva y Gobernanza en la Transici\u00f3n al Veh\u00edculo El\u00e9ctrico y Conectado (TRANSVEC)\u201d analiza los procesos de transformaci\u00f3n productiva, institucional y laboral asociados al paso hacia el Veh\u00edculo El\u00e9ctrico y Conectado (VEC).<\/p>\n\n\n\n<p>Esta transici\u00f3n implica una reconfiguraci\u00f3n global del sector del autom\u00f3vil, con profundas consecuencias sobre el empleo, la gobernanza y la aparici\u00f3n de nuevas desigualdades territoriales y sociales.<\/p>\n\n\n\n<p class=\"has-small-font-size\">El proyecto parte de la idea de que los modelos productivos no dependen \u00fanicamente de la tecnolog\u00eda, sino tambi\u00e9n de la interacci\u00f3n entre actores, instituciones, pol\u00edticas p\u00fablicas y din\u00e1micas de mercado. Desde esta perspectiva, TRANSVEC busca comprender las caracter\u00edsticas, la gobernanza y el impacto del nuevo modelo productivo del autom\u00f3vil el\u00e9ctrico, e identificar los ejes de desigualdad que emergen en el proceso hacia una transici\u00f3n justa.<\/p>\n\n\n\n<h2 class=\"wp-block-heading has-normal-font-size\"><strong>Estructura del proyecto<\/strong><\/h2>\n\n\n\n<p class=\"has-small-font-size\">TRANSVEC es un proyecto coordinado compuesto por <strong>dos subproyectos complementarios<\/strong>, que abordan la transici\u00f3n al VEC desde distintas perspectivas:<\/p>\n\n\n\n<blockquote class=\"wp-block-quote is-layout-flow wp-block-quote-is-layout-flow\">\n<p class=\"has-small-font-size\"><strong><strong>Pol\u00edticas y gobernanza para una transici\u00f3n justa al veh\u00edculo el\u00e9ctrico y conectado<\/strong><\/strong> <strong>(TRANSVEC1 &#8211; UAB)<\/strong><\/p>\n<\/blockquote>\n\n\n\n<div class=\"wp-block-columns is-layout-flex wp-container-core-columns-is-layout-9d6595d7 wp-block-columns-is-layout-flex\">\n<div class=\"wp-block-column is-vertically-aligned-center is-layout-flow wp-block-column-is-layout-flow\" style=\"flex-basis:33.33%\"><div class=\"wp-block-image\">\n<figure class=\"aligncenter size-full is-resized\"><a href=\"https:\/\/webs.uab.cat\/transvec\/proyecto\/transvec-1\/\"><img loading=\"lazy\" decoding=\"async\" width=\"200\" height=\"200\" src=\"https:\/\/webs.uab.cat\/transvec\/wp-content\/uploads\/sites\/687\/2025\/12\/TRANSVEC-1-1-1.png\" alt=\"\" class=\"wp-image-262\" style=\"width:191px;height:auto\" srcset=\"https:\/\/webs.uab.cat\/transvec\/wp-content\/uploads\/sites\/687\/2025\/12\/TRANSVEC-1-1-1.png 200w, https:\/\/webs.uab.cat\/transvec\/wp-content\/uploads\/sites\/687\/2025\/12\/TRANSVEC-1-1-1-150x150.png 150w\" sizes=\"auto, (max-width: 200px) 100vw, 200px\" \/><\/a><\/figure>\n<\/div><\/div>\n\n\n\n<div class=\"wp-block-column is-layout-flow wp-block-column-is-layout-flow\" style=\"flex-basis:66.66%\">\n<p class=\"has-small-font-size\">Analiza los mecanismos de gobernanza implicados en la transici\u00f3n justa al VEC, con especial atenci\u00f3n a los instrumentos de pol\u00edtica industrial como los <strong>PERTE<\/strong>, las <strong>mesas de automoci\u00f3n<\/strong> y las <strong>alianzas p\u00fablico-privadas<\/strong>. Eval\u00faa los retos de la participaci\u00f3n efectiva de los distintos actores en los procesos de co-gobernanza.<\/p>\n\n\n\n<div class=\"wp-block-buttons is-content-justification-left is-layout-flex wp-container-core-buttons-is-layout-fdcfc74e wp-block-buttons-is-layout-flex\">\n<div class=\"wp-block-button\"><a class=\"wp-block-button__link wp-element-button\" href=\"https:\/\/webs.uab.cat\/transvec\/proyecto\/transvec-1\/\">TRANSVEC 1<\/a><\/div>\n<\/div>\n<\/div>\n<\/div>\n\n\n\n<blockquote class=\"wp-block-quote is-layout-flow wp-block-quote-is-layout-flow\">\n<p class=\"has-small-font-size\"><strong><strong><strong>Reconfiguraci\u00f3n de espacios productivos y estrategias empresariales en el sector automotriz en el contexto de la transici\u00f3n al veh\u00edculo el\u00e9ctrico y conectado<\/strong> (TRANSVEC 2 \u2013 UCM)<\/strong><\/strong><\/p>\n<\/blockquote>\n\n\n\n<div class=\"wp-block-columns is-layout-flex wp-container-core-columns-is-layout-9d6595d7 wp-block-columns-is-layout-flex\">\n<div class=\"wp-block-column is-vertically-aligned-center is-layout-flow wp-block-column-is-layout-flow\" style=\"flex-basis:33.33%\"><div class=\"wp-block-image\">\n<figure class=\"aligncenter size-full is-resized\"><a href=\"https:\/\/webs.uab.cat\/transvec\/proyecto\/transvec-2\/\"><img loading=\"lazy\" decoding=\"async\" width=\"200\" height=\"200\" src=\"https:\/\/webs.uab.cat\/transvec\/wp-content\/uploads\/sites\/687\/2025\/12\/TRANSVEC-2-1-1.png\" alt=\"\" class=\"wp-image-263\" style=\"width:191px;height:auto\" srcset=\"https:\/\/webs.uab.cat\/transvec\/wp-content\/uploads\/sites\/687\/2025\/12\/TRANSVEC-2-1-1.png 200w, https:\/\/webs.uab.cat\/transvec\/wp-content\/uploads\/sites\/687\/2025\/12\/TRANSVEC-2-1-1-150x150.png 150w\" sizes=\"auto, (max-width: 200px) 100vw, 200px\" \/><\/a><\/figure>\n<\/div><\/div>\n\n\n\n<div class=\"wp-block-column is-layout-flow wp-block-column-is-layout-flow\" style=\"flex-basis:66.66%\">\n<p class=\"has-small-font-size\">Estudia los efectos de la transici\u00f3n al VEC sobre las <strong>cadenas globales de valor<\/strong> del sector automotriz, las <strong>estrategias empresariales<\/strong> y las <strong>condiciones laborales<\/strong>, incorporando una <strong>perspectiva de g\u00e9nero<\/strong> y analizando las pol\u00edticas industriales y comerciales de la Uni\u00f3n Europea.<\/p>\n\n\n\n<div class=\"wp-block-buttons is-content-justification-left is-layout-flex wp-container-core-buttons-is-layout-fdcfc74e wp-block-buttons-is-layout-flex\">\n<div class=\"wp-block-button\"><a class=\"wp-block-button__link wp-element-button\" href=\"https:\/\/webs.uab.cat\/transvec\/proyecto\/transvec-2\/\">TRANSVEC 2<\/a><\/div>\n<\/div>\n<\/div>\n<\/div>\n\n\n\n<h2 class=\"wp-block-heading has-normal-font-size\"><strong>Financiaci\u00f3n<\/strong><\/h2>\n\n\n\n<p class=\"has-small-font-size\">El proyecto <strong>TRANSVEC<\/strong> est\u00e1 financiado por la <strong>Agencia Estatal de Investigaci\u00f3n (AEI)<\/strong>, el <strong>Ministerio de Ciencia, Innovaci\u00f3n e Universidades (MICINN)<\/strong> y el <strong>Fondo Europeo de Desarrollo Regional (FEDER)<\/strong>.<\/p>\n\n\n\n<figure class=\"wp-block-image size-full\"><img loading=\"lazy\" decoding=\"async\" width=\"1005\" height=\"200\" src=\"https:\/\/webs.uab.cat\/transvec\/wp-content\/uploads\/sites\/687\/2025\/11\/COFINANCIACION.png\" alt=\"\" class=\"wp-image-11\" srcset=\"https:\/\/webs.uab.cat\/transvec\/wp-content\/uploads\/sites\/687\/2025\/11\/COFINANCIACION.png 1005w, https:\/\/webs.uab.cat\/transvec\/wp-content\/uploads\/sites\/687\/2025\/11\/COFINANCIACION-300x60.png 300w, https:\/\/webs.uab.cat\/transvec\/wp-content\/uploads\/sites\/687\/2025\/11\/COFINANCIACION-768x153.png 768w\" sizes=\"auto, (max-width: 1005px) 100vw, 1005px\" \/><\/figure>\n\n\n\n<p><\/p>\n","protected":false},"excerpt":{"rendered":"<p>Proyecto TRANSVEC El proyecto \u201cReconfiguraci\u00f3n Productiva y Gobernanza en la Transici\u00f3n al Veh\u00edculo El\u00e9ctrico y Conectado (TRANSVEC)\u201d analiza los procesos de transformaci\u00f3n productiva, institucional y laboral asociados al paso hacia el Veh\u00edculo El\u00e9ctrico y Conectado (VEC). Esta transici\u00f3n implica una reconfiguraci\u00f3n global del sector del autom\u00f3vil, con profundas consecuencias sobre el empleo, la gobernanza y [&hellip;]<\/p>\n","protected":false},"author":2648,"featured_media":0,"parent":0,"menu_order":2,"comment_status":"closed","ping_status":"closed","template":"","meta":{"footnotes":""},"class_list":["post-7","page","type-page","status-publish","hentry"],"_links":{"self":[{"href":"https:\/\/webs.uab.cat\/transvec\/wp-json\/wp\/v2\/pages\/7","targetHints":{"allow":["GET"]}}],"collection":[{"href":"https:\/\/webs.uab.cat\/transvec\/wp-json\/wp\/v2\/pages"}],"about":[{"href":"https:\/\/webs.uab.cat\/transvec\/wp-json\/wp\/v2\/types\/page"}],"author":[{"embeddable":true,"href":"https:\/\/webs.uab.cat\/transvec\/wp-json\/wp\/v2\/users\/2648"}],"replies":[{"embeddable":true,"href":"https:\/\/webs.uab.cat\/transvec\/wp-json\/wp\/v2\/comments?post=7"}],"version-history":[{"count":16,"href":"https:\/\/webs.uab.cat\/transvec\/wp-json\/wp\/v2\/pages\/7\/revisions"}],"predecessor-version":[{"id":316,"href":"https:\/\/webs.uab.cat\/transvec\/wp-json\/wp\/v2\/pages\/7\/revisions\/316"}],"wp:attachment":[{"href":"https:\/\/webs.uab.cat\/transvec\/wp-json\/wp\/v2\/media?parent=7"}],"curies":[{"name":"wp","href":"https:\/\/api.w.org\/{rel}","templated":true}]}}