{"id":94,"date":"2025-11-28T13:42:25","date_gmt":"2025-11-28T11:42:25","guid":{"rendered":"https:\/\/webs.uab.cat\/transvec\/?page_id=94"},"modified":"2026-03-25T13:54:16","modified_gmt":"2026-03-25T11:54:16","slug":"sander-junte","status":"publish","type":"page","link":"https:\/\/webs.uab.cat\/transvec\/equipo-investigador\/transvec-1\/sander-junte\/","title":{"rendered":"Sander Junte"},"content":{"rendered":"\n<h2 class=\"wp-block-heading has-verd-tropic-color has-text-color has-large-font-size\"><strong>SANDER JUNTE<\/strong><\/h2>\n\n\n\n<div class=\"wp-block-columns is-layout-flex wp-container-core-columns-is-layout-9d6595d7 wp-block-columns-is-layout-flex\">\n<div class=\"wp-block-column is-layout-flow wp-block-column-is-layout-flow\" style=\"flex-basis:66.66%\">\n<p class=\"has-small-font-size\">Sander Junte es investigador predoctoral del Programa de Sociolog\u00eda en la Universitat Aut\u00f2noma de Barcelona (UAB). Tras completar el m\u00e1ster oficial en la Universidad Complutense de Madrid y adquirir una breve experiencia en investigaci\u00f3n sociol\u00f3gica vinculada a la misma, forma parte desde 2022 del Centro de Estudios Sociol\u00f3gicos sobre la Vida Cotidiana y el Trabajo (QUIT) de la UAB.<\/p>\n<\/div>\n\n\n\n<div class=\"wp-block-column is-layout-flow wp-block-column-is-layout-flow\" style=\"flex-basis:33.33%\">\n<figure class=\"wp-block-image size-full\"><img loading=\"lazy\" decoding=\"async\" width=\"450\" height=\"450\" src=\"https:\/\/webs.uab.cat\/transvec\/wp-content\/uploads\/sites\/687\/2025\/12\/SANDER-2.png\" alt=\"\" class=\"wp-image-185\" srcset=\"https:\/\/webs.uab.cat\/transvec\/wp-content\/uploads\/sites\/687\/2025\/12\/SANDER-2.png 450w, https:\/\/webs.uab.cat\/transvec\/wp-content\/uploads\/sites\/687\/2025\/12\/SANDER-2-300x300.png 300w, https:\/\/webs.uab.cat\/transvec\/wp-content\/uploads\/sites\/687\/2025\/12\/SANDER-2-150x150.png 150w\" sizes=\"auto, (max-width: 450px) 100vw, 450px\" \/><\/figure>\n<\/div>\n<\/div>\n\n\n\n<p class=\"has-small-font-size\">Su tesis, realizada bajo la supervisi\u00f3n de Oscar Molina Romo y prevista para defensa en oto\u00f1o de 2026, se centra en el nuevo modelo productivo de Volkswagen a ra\u00edz de la transici\u00f3n hacia la movilidad el\u00e9ctrica. En particular, demuestra c\u00f3mo la creciente modularizaci\u00f3n de los autom\u00f3viles conlleva distintos riesgos para la representaci\u00f3n sindical, dependiendo de los recursos sindicales disponibles<\/p>\n\n\n\n<p class=\"has-small-font-size\"><\/p>\n\n\n\n<p class=\"has-verd-tropic-color has-text-color has-normal-font-size\"><strong>Intereses de investigaci\u00f3n<\/strong><\/p>\n\n\n\n<p class=\"has-small-font-size\">Sus l\u00edneas de investigaci\u00f3n se enmarcan en la sociolog\u00eda del trabajo y las relaciones laborales. Sus investigaciones previas se han centrado en los riesgos inherentes a la Inteligencia Artificial, tanto para los trabajadores (intensificaci\u00f3n del trabajo) como para la representaci\u00f3n sindical (opacidad e ilegibilidad de los sistemas).<\/p>\n","protected":false},"excerpt":{"rendered":"<p>SANDER JUNTE Sander Junte es investigador predoctoral del Programa de Sociolog\u00eda en la Universitat Aut\u00f2noma de Barcelona (UAB). Tras completar el m\u00e1ster oficial en la Universidad Complutense de Madrid y adquirir una breve experiencia en investigaci\u00f3n sociol\u00f3gica vinculada a la misma, forma parte desde 2022 del Centro de Estudios Sociol\u00f3gicos sobre la Vida Cotidiana y [&hellip;]<\/p>\n","protected":false},"author":2648,"featured_media":0,"parent":24,"menu_order":5,"comment_status":"closed","ping_status":"closed","template":"","meta":{"footnotes":""},"class_list":["post-94","page","type-page","status-publish","hentry"],"_links":{"self":[{"href":"https:\/\/webs.uab.cat\/transvec\/wp-json\/wp\/v2\/pages\/94","targetHints":{"allow":["GET"]}}],"collection":[{"href":"https:\/\/webs.uab.cat\/transvec\/wp-json\/wp\/v2\/pages"}],"about":[{"href":"https:\/\/webs.uab.cat\/transvec\/wp-json\/wp\/v2\/types\/page"}],"author":[{"embeddable":true,"href":"https:\/\/webs.uab.cat\/transvec\/wp-json\/wp\/v2\/users\/2648"}],"replies":[{"embeddable":true,"href":"https:\/\/webs.uab.cat\/transvec\/wp-json\/wp\/v2\/comments?post=94"}],"version-history":[{"count":5,"href":"https:\/\/webs.uab.cat\/transvec\/wp-json\/wp\/v2\/pages\/94\/revisions"}],"predecessor-version":[{"id":346,"href":"https:\/\/webs.uab.cat\/transvec\/wp-json\/wp\/v2\/pages\/94\/revisions\/346"}],"up":[{"embeddable":true,"href":"https:\/\/webs.uab.cat\/transvec\/wp-json\/wp\/v2\/pages\/24"}],"wp:attachment":[{"href":"https:\/\/webs.uab.cat\/transvec\/wp-json\/wp\/v2\/media?parent=94"}],"curies":[{"name":"wp","href":"https:\/\/api.w.org\/{rel}","templated":true}]}}